{"id":8646,"date":"2019-09-24T08:43:01","date_gmt":"2019-09-24T08:43:01","guid":{"rendered":"https:\/\/rcrcconference.org\/about-4\/33rd-international-conference\/at-a-glance\/"},"modified":"2020-08-31T16:05:48","modified_gmt":"2020-08-31T16:05:48","slug":"en-un-coup-doeil","status":"publish","type":"page","link":"https:\/\/rcrcconference.org\/fr\/about-4\/33rd-international-conference\/en-un-coup-doeil\/","title":{"rendered":"XXXIIIe Conf\u00e9rence internationale en un coup doeil"},"content":{"rendered":"<section class=\"banner small\" style=\"background-image: url('https:\/\/rcrcconference.org\/app\/uploads\/2019\/05\/26168569695_0cbfcb3739_o-e1569313053708.jpg');\">\n\t<div class=\"container\">\n\t\t<div class=\"banner__inner\">\n\t\t\t<div class=\"banner__title\">\n\t\t\t\t<h1>XXXIIIe Conf\u00e9rence internationale en un coup d&rsquo;oeil<\/h1>\n\t\t\t<\/div>\n                        \t\t<\/div>\n\t<\/div>\n<\/section>\n\n\n\n<section class=\"wp-block-red-cross-block-red-cross-text-block about\"><div class=\"container\"><div class=\"about__inner\"><div class=\"about__title\"><h3>Fait et chiffres<\/h3><\/div><div class=\"about__content\"><strong><a rel=\"noreferrer noopener\" aria-label=\" Pr\u00e9sentation : aper\u00e7u des r\u00e9sultats de la XXXIIIe Conf\u00e9rence internationale et du Conseil des D\u00e9l\u00e9gu\u00e9s de 2019  (opens in a new tab)\" href=\"https:\/\/rcrcconference.org\/app\/uploads\/2020\/08\/33IC-2019-CoD-Outcomes-and-Next-Steps-FINAL_web-FR.pdf\" target=\"_blank\">Pr\u00e9sentation : aper\u00e7u des r\u00e9sultats de la XXXIII<sup>e<\/sup> Conf\u00e9rence internationale et du Conseil des D\u00e9l\u00e9gu\u00e9s de 2019 <\/a><\/strong><br\/><strong><a rel=\"noreferrer noopener\" aria-label=\"Infographique: XXXIIIe Conf\u00e9rence internationale: Faits et chiffres (opens in a new tab)\" href=\"https:\/\/rcrcconference.org\/app\/uploads\/2020\/03\/33IC-infographic_facts_figures_FR.pdf\" target=\"_blank\">Infographique: XXXIIIe Conf\u00e9rence internationale: Faits et chiffres<\/a><\/strong><\/div><\/div><\/div><\/section>\n\n\n\n<section class=\"wp-block-red-cross-block-red-cross-text-block about\"><div class=\"container\"><div class=\"about__inner\"><div class=\"about__title\"><h3>\u00c0 quoi ressembleront les discussions<\/h3><\/div><div class=\"about__content\">Cette \u00e9dition de la Conf\u00e9rence internationale offrira aux participants l\u2019occasion de d\u00e9battre de ses th\u00e8mes principaux dans les contextes officiels : pl\u00e9ni\u00e8re, commissions et d\u00e9clarations officielles (\u00ab<a href=\"https:\/\/rcrcconference.org\/fr\/about-4\/33rd-international-conference\/for-the-record-voices-from-the-conference\/\" target=\"_blank\" rel=\"noreferrer noopener\" aria-label=\" Echos de la Conf\u00e9rence (opens in a new tab)\"><strong> Echos de la Conf\u00e9rence<\/strong><\/a> \u00bb) ; et pour des \u00e9v\u00e9nements informels, tels que <a href=\"https:\/\/rcrcconference.org\/fr\/about-4\/33rd-international-conference\/side-events-33rd-international-conference\/\" target=\"_blank\" rel=\"noreferrer noopener\" aria-label=\"les manifestations parall\u00e8les (opens in a new tab)\"><strong>les manifestations parall\u00e8les<\/strong><\/a>, la village humanitaire et s\u00e9ances de r\u00e9seautage. Les participants auront \u00e9galement l\u2019occasion d\u2019explorer l\u2019histoire du mouvement de la CRCR \u00e0 travers <a href=\"https:\/\/rcrcconference.org\/fr\/trail\/\" target=\"_blank\" rel=\"noreferrer noopener\" aria-label=\"un sentier humanitaire (opens in a new tab)\"><strong>un sentier humanitaire<\/strong><\/a> dans la ville de Gen\u00e8ve.<\/div><\/div><\/div><\/section>\n\n\n\n<div class=\"wp-block-image\"><figure class=\"aligncenter\"><img loading=\"lazy\" decoding=\"async\" width=\"747\" height=\"1024\" src=\"https:\/\/rcrcconference.org\/app\/uploads\/2019\/09\/33IC_What-is-on-the-agenda_FRENCH-1-747x1024.jpg\" alt=\"\" class=\"wp-image-8676\" srcset=\"https:\/\/rcrcconference.org\/app\/uploads\/2019\/09\/33IC_What-is-on-the-agenda_FRENCH-1-747x1024.jpg 747w, https:\/\/rcrcconference.org\/app\/uploads\/2019\/09\/33IC_What-is-on-the-agenda_FRENCH-1-219x300.jpg 219w, https:\/\/rcrcconference.org\/app\/uploads\/2019\/09\/33IC_What-is-on-the-agenda_FRENCH-1-768x1053.jpg 768w\" sizes=\"(max-width: 747px) 100vw, 747px\" \/><figcaption><em>pour t\u00e9l\u00e9charger l&rsquo;infographie, cliquez <a rel=\"noreferrer noopener\" href=\"https:\/\/rcrcconference.org\/app\/uploads\/2019\/09\/33IC_What-is-on-the-agenda_FRENCH.pdf\" target=\"_blank\">ici<\/a><\/em><\/figcaption><\/figure><\/div>\n\n\n\n<section class=\"wp-block-red-cross-block-red-cross-text-block about\"><div class=\"container\"><div class=\"about__inner\"><div class=\"about__title\"><h3>Quels sont les th\u00e8mes principaux?<\/h3><\/div><div class=\"about__content\">Les trois journ\u00e9es de la Conf\u00e9rence internationale seront chacune consacr\u00e9es \u00e0 un th\u00e8me cl\u00e9 : \u00ab <a href=\"https:\/\/rcrcconference.org\/fr\/about-4\/33rd-international-conference\/le-droit-international-humanitaire-en-tant-quinstrument-de-protection-des-personnes\/\" target=\"_blank\" rel=\"noreferrer noopener\" aria-label=\"droit international humanitaire (opens in a new tab)\"><strong>droit international humanitaire<\/strong><\/a> \u00bb, \u00ab <a href=\"https:\/\/rcrcconference.org\/fr\/about-4\/33rd-international-conference\/evolution-des-vulnerabilites\/\" target=\"_blank\" rel=\"noreferrer noopener\" aria-label=\"l\u2019\u00e9volution des vuln\u00e9rabilit\u00e9s (opens in a new tab)\"><strong>l\u2019\u00e9volution des vuln\u00e9rabilit\u00e9s<\/strong><\/a> \u00bb (avec des sous-th\u00e8mes importants, tels que la sant\u00e9 et la sant\u00e9 mentale, le changement climatique, la transformation num\u00e9rique, les migrations et les d\u00e9placements, et d\u00e9fis urbains) et \u00ab <a href=\"https:\/\/rcrcconference.org\/fr\/about-4\/33rd-international-conference\/la-confiance-dans-laction-humanitaire\/\" target=\"_blank\" rel=\"noreferrer noopener\" aria-label=\"confiance dans l'action humanitaire (opens in a new tab)\"><strong>confiance dans l&rsquo;action humanitaire<\/strong><\/a> \u00bb.<\/div><\/div><\/div><\/section>\n\n\n\n<div class=\"wp-block-image\"><figure class=\"aligncenter\"><img loading=\"lazy\" decoding=\"async\" width=\"1024\" height=\"724\" src=\"https:\/\/rcrcconference.org\/app\/uploads\/2019\/11\/RCC_01_whatscomingup_FRENCH-page-001-1024x724.jpg\" alt=\"\" class=\"wp-image-11306\" srcset=\"https:\/\/rcrcconference.org\/app\/uploads\/2019\/11\/RCC_01_whatscomingup_FRENCH-page-001-1024x724.jpg 1024w, https:\/\/rcrcconference.org\/app\/uploads\/2019\/11\/RCC_01_whatscomingup_FRENCH-page-001-300x212.jpg 300w, https:\/\/rcrcconference.org\/app\/uploads\/2019\/11\/RCC_01_whatscomingup_FRENCH-page-001-768x543.jpg 768w, https:\/\/rcrcconference.org\/app\/uploads\/2019\/11\/RCC_01_whatscomingup_FRENCH-page-001.jpg 1754w\" sizes=\"(max-width: 1024px) 100vw, 1024px\" \/><figcaption> <em>pour t\u00e9l\u00e9charger l&rsquo;infographie, cliquez <a href=\"https:\/\/rcrcconference.org\/app\/uploads\/2019\/11\/RCC_01_whatscomingup_FRENCH.pdf\" target=\"_blank\" rel=\"noreferrer noopener\" aria-label=\"i (opens in a new tab)\">i<\/a><a rel=\"noreferrer noopener\" aria-label=\"ci (opens in a new tab)\" href=\"https:\/\/rcrcconference.org\/app\/uploads\/2019\/11\/RCC_01_whatscomingup_FRENCH.pdf\" target=\"_blank\">ci<\/a><\/em> <\/figcaption><\/figure><\/div>\n\n\n\n<section class=\"wp-block-red-cross-block-red-cross-text-block about\"><div class=\"container\"><div class=\"about__inner\"><div class=\"about__title\"><h3>Quels sont les principaux r\u00e9sultats attendus?<\/h3><\/div><div class=\"about__content\"><a href=\"https:\/\/rcrcconference.org\/fr\/about-4\/33rd-international-conference\/documents\/\" target=\"_blank\" rel=\"noreferrer noopener\" aria-label=\"Les r\u00e9solutions (opens in a new tab)\"><strong>Les r\u00e9solutions<\/strong><\/a> et <a href=\"https:\/\/rcrcconference.org\/fr\/about-4\/pledges\/\" target=\"_blank\" rel=\"noreferrer noopener\" aria-label=\"les engagements (opens in a new tab)\"><strong>les engagements<\/strong><\/a> sont des moyens essentiels par lesquels la Conf\u00e9rence internationale enregistre ses d\u00e9cisions et appelle ses membres \u00e0 agir. Parmi les autres r\u00e9sultats attendus, mentionnons de nouveaux partenariats et des partenariats consolid\u00e9s, une prise de conscience des probl\u00e8mes humanitaires et un plus grand sens de l\u2019unit\u00e9. <\/div><\/div><\/div><\/section>\n\n\n\n<div class=\"wp-block-image\"><figure class=\"aligncenter\"><img loading=\"lazy\" decoding=\"async\" width=\"1024\" height=\"724\" src=\"https:\/\/rcrcconference.org\/app\/uploads\/2019\/11\/RCC_03_mainoutcomes_FINAL_FRENCH-page-001-1024x724.jpg\" alt=\"\" class=\"wp-image-11526\" srcset=\"https:\/\/rcrcconference.org\/app\/uploads\/2019\/11\/RCC_03_mainoutcomes_FINAL_FRENCH-page-001-1024x724.jpg 1024w, https:\/\/rcrcconference.org\/app\/uploads\/2019\/11\/RCC_03_mainoutcomes_FINAL_FRENCH-page-001-300x212.jpg 300w, https:\/\/rcrcconference.org\/app\/uploads\/2019\/11\/RCC_03_mainoutcomes_FINAL_FRENCH-page-001-768x543.jpg 768w, https:\/\/rcrcconference.org\/app\/uploads\/2019\/11\/RCC_03_mainoutcomes_FINAL_FRENCH-page-001.jpg 1754w\" sizes=\"(max-width: 1024px) 100vw, 1024px\" \/><figcaption>  <em>pour t\u00e9l\u00e9charger l&rsquo;infographie, cliquez <a href=\"https:\/\/rcrcconference.org\/app\/uploads\/2019\/11\/RCC_03_mainoutcomes_FINAL_FRENCH.pdf\" target=\"_blank\" rel=\"noreferrer noopener\" aria-label=\"ici (opens in a new tab)\">ici<\/a><\/em>  <\/figcaption><\/figure><\/div>\n\n\n\n<p><\/p>\n","protected":false},"excerpt":{"rendered":"","protected":false},"author":1,"featured_media":0,"parent":504,"menu_order":0,"comment_status":"closed","ping_status":"closed","template":"front-page.php","meta":{"_acf_changed":false,"footnotes":""},"class_list":["post-8646","page","type-page","status-publish","hentry"],"acf":[],"_links":{"self":[{"href":"https:\/\/rcrcconference.org\/fr\/wp-json\/wp\/v2\/pages\/8646"}],"collection":[{"href":"https:\/\/rcrcconference.org\/fr\/wp-json\/wp\/v2\/pages"}],"about":[{"href":"https:\/\/rcrcconference.org\/fr\/wp-json\/wp\/v2\/types\/page"}],"author":[{"embeddable":true,"href":"https:\/\/rcrcconference.org\/fr\/wp-json\/wp\/v2\/users\/1"}],"replies":[{"embeddable":true,"href":"https:\/\/rcrcconference.org\/fr\/wp-json\/wp\/v2\/comments?post=8646"}],"version-history":[{"count":17,"href":"https:\/\/rcrcconference.org\/fr\/wp-json\/wp\/v2\/pages\/8646\/revisions"}],"predecessor-version":[{"id":24268,"href":"https:\/\/rcrcconference.org\/fr\/wp-json\/wp\/v2\/pages\/8646\/revisions\/24268"}],"up":[{"embeddable":true,"href":"https:\/\/rcrcconference.org\/fr\/wp-json\/wp\/v2\/pages\/504"}],"wp:attachment":[{"href":"https:\/\/rcrcconference.org\/fr\/wp-json\/wp\/v2\/media?parent=8646"}],"curies":[{"name":"wp","href":"https:\/\/api.w.org\/{rel}","templated":true}]}}