{"id":4931,"date":"2019-06-03T15:45:54","date_gmt":"2019-06-03T15:45:54","guid":{"rendered":"https:\/\/rcrcconference.org\/home-page\/youth\/"},"modified":"2019-12-06T14:46:33","modified_gmt":"2019-12-06T14:46:33","slug":"youth","status":"publish","type":"page","link":"https:\/\/rcrcconference.org\/fr\/home-page\/youth\/","title":{"rendered":"Jeunesse"},"content":{"rendered":"<section class=\"banner small\" style=\"background-image: url('https:\/\/rcrcconference.org\/app\/uploads\/2019\/05\/23521758455_9f5b59986e_o-1-e1559576081718.jpg');\">\n\t<div class=\"container\">\n\t\t<div class=\"banner__inner\">\n\t\t\t<div class=\"banner__title\">\n\t\t\t\t<h1>La voix de la jeunesse<\/h1>\n\t\t\t<\/div>\n                        \t\t<\/div>\n\t<\/div>\n<\/section>\n\n\n\n<div style=\"height:100px\" aria-hidden=\"true\" class=\"wp-block-spacer\"><\/div>\n\n\n\t<section class=\"banner-article\">\n\t<div class=\"banner-article__pic\">\n\t\t<img decoding=\"async\" src=\"https:\/\/rcrcconference.org\/app\/uploads\/2019\/05\/V-P-SV-E-00260.png\" alt=\"article-pic\">\n\t<\/div>\n\t<div class=\"container\">\n\t\t<div class=\"banner-article__inner\">\n\t\t\t\t\t\t\t<div class=\"banner-article__title\">\n\t\t\t\t\t<h2>La F\u00e9d\u00e9ration internationale et les jeunes<\/h2>\n\t\t\t\t<\/div>\n\t\t\t\t\t\t<div class=\"banner-article__content\">\n\t\t\t\tLes jeunes, qui constituent plus de la moiti\u00e9 des 12 millions de volontaires actifs de la Croix-Rouge et du Croissant-Rouge, sont une ressource et un atout des plus pr\u00e9cieux pour le Mouvement et le fer de lance de notre assistance humanitaire \u00e0 l\u2019\u00e9chelon local.\n\nLa mobilisation de la jeunesse est donc un instrument strat\u00e9gique au service de l\u2019excellence humanitaire de la Croix-Rouge et du Croissant-Rouge ainsi que de la continuit\u00e9, du progr\u00e8s et du renouveau au sein des 192 Soci\u00e9t\u00e9s nationales. Dans un paysage humanitaire qui \u00e9volue rapidement, les jeunes nous aident \u00e0 mieux rep\u00e9rer les pi\u00e8ces manquantes de notre strat\u00e9gie de mobilisation des communaut\u00e9s, \u00e0 faire \u00e9merger des solutions \u00e0 l\u2019\u00e9chelon local et, ainsi, \u00e0 garantir que nos Soci\u00e9t\u00e9s nationales restent des acteurs locaux pertinents avant, pendant et apr\u00e8s les crises humanitaires.\t\t\t<\/div>\n\t\t\t\t\t\t\t\t\t<\/div>\n\t<\/div>\n<\/section>\n\n\n\n<section class=\"wp-block-red-cross-block-red-cross-text-block about\"><div class=\"container\"><div class=\"about__inner\"><div class=\"about__title\"><h3>Le Segment Mobilisation de la jeunesse aux r\u00e9unions de 2019<\/h3><\/div><div class=\"about__content\">Compte tenu des contributions des dirigeants Jeunesse aux pr\u00e9c\u00e9dentes r\u00e9unions statutaires, nous affirmons qu\u2019il est utile, indispensable m\u00eame, de faire participer les jeunes \u00e0 la prise de d\u00e9cisions. En effet, conjugu\u00e9 \u00e0 la coop\u00e9ration interg\u00e9n\u00e9rationnelle, l\u2019investissement que nous consacrons aujourd\u2019hui \u00e0 la formation des dirigeants Jeunesse favorise d\u2019une mani\u00e8re g\u00e9n\u00e9rale le transfert d\u2019exp\u00e9riences, la stabilit\u00e9 et le progr\u00e8s au sein des communaut\u00e9s locales.<br\/> Prenant appui sur les r\u00e9sultats obtenus aux r\u00e9unions statutaires de 2017, auxquelles ont particip\u00e9 170 d\u00e9l\u00e9gu\u00e9s Jeunesse de 121 Soci\u00e9t\u00e9s nationales, notre objectif pour cette ann\u00e9e est qu\u2019au moins 130 Soci\u00e9t\u00e9s nationales comptent un dirigeant Jeunesse dans leur d\u00e9l\u00e9gation aux r\u00e9unions statutaires.<br\/> Les perspectives des jeunes humanitaires sont essentielles dans tous les volets de notre action. Pendant les r\u00e9unions statutaires \u00e0 venir, leurs voix seront particuli\u00e8rement pr\u00e9cieuses dans nos d\u00e9bats sur l\u2019\u00e9galit\u00e9 de genre, l\u2019\u00e9quit\u00e9, le Cadre strat\u00e9gique relatif \u00e0 l\u2019\u00e9ducation, et les tendances nouvelles et \u00e9mergentes qui fa\u00e7onneront \u00e0 l\u2019avenir le paysage humanitaire. L\u2019accroissement de la participation des jeunes d\u00e9l\u00e9gu\u00e9s renforcera la position des Soci\u00e9t\u00e9s nationales en tant que partenaires de choix produisant un impact au niveau local tout en ayant une port\u00e9e mondiale.<br\/>Alors que nous c\u00e9l\u00e9brons le 100e anniversaire de la F\u00e9d\u00e9ration internationale, nous pensons au jeune Henry Dunant qui a eu l\u2019id\u00e9e transformatrice de rassembler des individus pour all\u00e9ger les souffrances humaines o\u00f9 qu\u2019elles se trouvent. \u00c0 l\u2019occasion de l\u2019Assembl\u00e9e g\u00e9n\u00e9rale, nous assisterons \u00e0 la concr\u00e9tisation d\u2019une autre id\u00e9e forte. Fid\u00e8les \u00e0 notre engagement de favoriser le lea-dership des jeunes et la collaboration interg\u00e9n\u00e9rationnelle, nous tiendrons les premi\u00e8res \u00e9lections \u00e0 la Commission de la jeunesse de la F\u00e9d\u00e9ration internationale au cours desquelles les membres seront choisis par leurs pairs, les jeunes dirigeants des Soci\u00e9t\u00e9s nationales.<br\/> En travaillant ensemble avant, pendant et apr\u00e8s les r\u00e9unions de nos plus hautes instances de d\u00e9cision, les d\u00e9l\u00e9gu\u00e9s Jeunesse et les dirigeants pourront mettre en commun leurs motivations et leurs aspirations concernant le renforcement du mandat collectif de la Croix-Rouge et du Croissant-Rouge ainsi que la poursuite des activit\u00e9s humanitaires entreprises avec les gouvernements et d\u2019autres parties prenantes. En associant les jeunes et en les \u00e9coutant au cours des r\u00e9unions statutaires, nous continuerons \u00e0 rapprocher la prise de d\u00e9cision \u00e0 un haut niveau de la r\u00e9alit\u00e9 des communaut\u00e9s aux c\u00f4t\u00e9s desquelles la Croix-Rouge et le Croissant-Rouge s\u2019engagent.<\/div><\/div><\/div><\/section>\n\n\n\n<section class=\"wp-block-red-cross-block-red-cross-text-block about\"><div class=\"container\"><div class=\"about__inner\"><div class=\"about__title\"><h3>Forum de la jeunesse de la F\u00e9d\u00e9ration internationale 2019<\/h3><\/div><div class=\"about__content\">Pour une v\u00e9ritable participation des d\u00e9l\u00e9gu\u00e9s Jeunesse et pour que la voix de la jeunesse soit entendue tout au long des r\u00e9unions statutaires, le Forum de la Jeunesse sera organis\u00e9 les 3 et 4 d\u00e9cembre 2019, juste avant l\u2019Assembl\u00e9e g\u00e9n\u00e9rale.<br\/> Les d\u00e9l\u00e9gu\u00e9s Jeunesse participeront \u00e0 des d\u00e9bats de fond qui porteront sur des questions aussi importantes que la r\u00e9vision des Statuts de la F\u00e9d\u00e9ration internationale, la Strat\u00e9gie 2030, l&rsquo;int\u00e9grit\u00e9 et la redevabilit\u00e9, la Politique relative \u00e0 l&rsquo;\u00e9galit\u00e9 de genre et \u00e0 la diversit\u00e9, l\u2019\u00e9ducation, ou encore l\u2019\u00e9lection de la Commission de la jeunesse. Les jeunes auront ainsi la possibilit\u00e9 d\u2019inventer le Mouvement Croix-Rouge et Croissant-Rouge de demain en r\u00e9fl\u00e9chissant aux r\u00e9alisations auxquelles ils voudraient contribuer.<br\/> Les r\u00e9sultats de ces d\u00e9bats non seulement seront consid\u00e9r\u00e9s comme des interventions et des apports des jeunes aux d\u00e9bats de fond tenus pendant les r\u00e9unions statutaires, mais aussi constitueront une contribution importante \u00e0 la c\u00e9l\u00e9bration du centenaire de la F\u00e9d\u00e9ration internationale. Ce Forum sera aussi pour les responsables Jeunesse l\u2019occasion de discuter de questions qui sont de nature \u00e0 faire progresser l\u2019action du Mouvement et la mobilisation des jeunes \u00e0 l\u2019\u00e9chelon r\u00e9gional. Enfin, divers exemples d\u2019excellence dans la mobilisation de la jeunesse au niveau des Soci\u00e9t\u00e9s nationales seront pr\u00e9sent\u00e9s, et le lancement de la Bo\u00eete \u00e0 outils destin\u00e9e \u00e0 aider les Soci\u00e9t\u00e9s nationales \u00e0 mieux appliquer la Strat\u00e9gie de la F\u00e9d\u00e9ration relative \u00e0 la mobilisation de la jeunesse (2013) sera un autre temps fort du Forum.<\/div><\/div><\/div><\/section>\n\n\n\n<section class=\"wp-block-red-cross-block-red-cross-text-block about\"><div class=\"container\"><div class=\"about__inner\"><div class=\"about__title\"><h3>\u00c9v\u00e8nements cl\u00e9s des r\u00e9unions statutaires<\/h3><\/div><div class=\"about__content\">Apr\u00e8s le Forum de la jeunesse, tous les d\u00e9l\u00e9gu\u00e9s Jeunesse rejoindront leurs d\u00e9l\u00e9gations respectives pour la dur\u00e9e des r\u00e9unions statutaires et contribueront \u00e0 l\u2019obtention des r\u00e9sultats escompt\u00e9s des r\u00e9unions. Outre les exigences statutaires auxquelles les travaux de la jeunesse sont soumis, telles que le rapport bisannuel de la Commission de la jeunesse, des \u00e9v\u00e8nements cl\u00e9s rendront hommage aux jeunes et \u00e0 leur contribution \u00e0 l\u2019action humanitaire et au leadership de la Croix-Rouge et du Croissant-Rouge, \u00e0 savoir :<br\/> &#8211; l\u2019\u00e9lection de la Commission de la jeunesse 2019-2023 de la F\u00e9d\u00e9ration internationale ;<br\/> &#8211; la c\u00e9r\u00e9monie de remise du prix \u00ab Jeunesse en action \u00bb ;<br\/> &#8211; le concours des 100 id\u00e9es. <br\/> Au cours des r\u00e9unions statutaires, des espaces sp\u00e9ciaux seront cr\u00e9\u00e9s pour donner aux jeunes la possibilit\u00e9 de s\u2019exprimer et de contribuer ainsi \u00e0 une prise de d\u00e9cision collective. Comme d\u2019habitude, au moins 15 possibilit\u00e9s d\u2019assumer, entre autres, des fonctions de membres du Comit\u00e9 de r\u00e9daction et de rapporteurs des s\u00e9ances pl\u00e9ni\u00e8res et th\u00e9matiques seront offertes aux responsables Jeunesse. En outre, des r\u00e9unions d\u2019information interg\u00e9n\u00e9rationnelles seront chaque jour l\u2019occasion d\u2019\u00e9changes informels entre les d\u00e9l\u00e9gu\u00e9s Jeunesse et les dirigeants de la F\u00e9d\u00e9ration internationale sur la teneur, les proc\u00e9dures, l\u2019\u00e9tat d\u2019avancement et le suivi des r\u00e9unions statutaires.<br\/><br\/> <em>\u00c0 t\u00e9l\u00e9charger :<\/em> <em><a aria-label=\" (opens in a new tab)\" rel=\"noreferrer noopener\" href=\"https:\/\/rcrcconference.org\/app\/uploads\/2019\/11\/YE-Segment-2019_-v-Nov-19_French.pdf\" target=\"_blank\"><strong>Forum de la jeunesse de la F\u00e9d\u00e9ration internationale<\/strong><\/a><\/em><\/div><\/div><\/div><\/section>\n\n\n\n<hr class=\"wp-block-separator has-text-color has-background has-dark-red-background-color has-dark-red-color\"\/>\n\n\n\n<section class=\"wp-block-red-cross-block-red-cross-text-block about\"><div class=\"container\"><div class=\"about__inner\"><div class=\"about__title\"><h3>La voix de la jeunesse aux r\u00e9unions statutaires de 2017<\/h3><\/div><div class=\"about__content\"> Prenant appui sur l\u2019exp\u00e9rience positive des r\u00e9unions statutaires pr\u00e9c\u00e9dentes, o\u00f9 115 d\u00e9l\u00e9gu\u00e9s Jeunesse de 96 Soci\u00e9t\u00e9s nationales ont fait entendre la voix des jeunes et particip\u00e9 activement \u00e0 la prise de d\u00e9cisions en y apportant des perspectives nouvelles, nous souhaitons qu\u2019au moins 120 responsables Jeunesse assistent aux r\u00e9unions statutaires de 2017 en tant que membres officiels de la d\u00e9l\u00e9gation de leur Soci\u00e9t\u00e9 nationale.<br\/>Nos discussions de fond sur les tendances nouvelles et \u00e9mergentes et les menaces qui p\u00e8sent sur le paysage humanitaire tireront avantage de la participation des jeunes \u00e0 nos r\u00e9unions statutaires. Plus pr\u00e9cis\u00e9ment, les contributions des jeunes nous aideront \u00e0 renforcer la position de nos Soci\u00e9t\u00e9s nationales en tant que partenaires de choix, qui ont un impact au niveau local et une port\u00e9e mondiale dans l\u2019action men\u00e9e face aux crises humanitaires complexes et prolong\u00e9es, de plus en plus nombreuses. Qui plus est, la Politique relative \u00e0 la jeunesse 2017 de la F\u00e9d\u00e9ration internationale ne peut \u00eatre adopt\u00e9e si les jeunes ne sont pas \u00e0 nos c\u00f4t\u00e9s en Turquie. L\u2019adoption de la Charte des volontaires est inscrite \u00e0 l\u2019ordre du jour de notre Assembl\u00e9e g\u00e9n\u00e9rale, ce qui nous impose de veiller \u00e0 ce que les jeunes, qui composent le gros de notre base de volontaires, en soient les acteurs et les t\u00e9moins. Enfin, en tant que repr\u00e9sentants des jeunes de toute la F\u00e9d\u00e9ration, les d\u00e9l\u00e9gu\u00e9s Jeunesse contribueront \u00e0 construire la vision collective de l\u2019excellence humanitaire de la Croix-Rouge et du Croissant-Rouge, qui servira de base \u00e0 l\u2019\u00e9laboration de la Strat\u00e9gie 2030.<br\/>Dans tout l\u2019ordre du jour de l\u2019Assembl\u00e9e g\u00e9n\u00e9rale, des espaces sp\u00e9ciaux seront cr\u00e9\u00e9s pour donner aux jeunes la possibilit\u00e9 de s\u2019exprimer et de contribuer ainsi \u00e0 une prise de d\u00e9cision collective. Comme d\u2019habitude, les responsables Jeunesse auront aussi la possibilit\u00e9 d\u2019assumer des fonctions de membres du bureau de l\u2019Assembl\u00e9e g\u00e9n\u00e9rale, comme celles de membres du Comit\u00e9 de r\u00e9daction et de pr\u00e9sidents et rapporteurs des ateliers. En outre, des r\u00e9unions d\u2019information interg\u00e9n\u00e9rationnelles seront l\u2019occasion d\u2019\u00e9changes informels entre les d\u00e9l\u00e9gu\u00e9s Jeunesse et les dirigeants de la F\u00e9d\u00e9ration internationale sur la teneur, les proc\u00e9dures, l\u2019\u00e9tat d\u2019avancement et le suivi des r\u00e9unions statutaires. <\/div><\/div><\/div><\/section>\n\n\n<section class=\"banner small\" style=\"background-image: url('https:\/\/rcrcconference.org\/app\/uploads\/2019\/06\/Youth-on-the-Move-Awards.jpg');\">\n\t<div class=\"container\">\n\t\t<div class=\"banner__inner\">\n\t\t\t<div class=\"banner__title\">\n\t\t\t\t<h1>Prix 2017 \u2013 Jeunesse en action<\/h1>\n\t\t\t<\/div>\n                            <div class=\"banner__content\">\n                    Prix 2017 \u2013 Jeunesse en action                <\/div>\n                        \t\t<\/div>\n\t<\/div>\n<\/section>\n\n\n<section class=\"timeline-block about\">\n\t<div class=\"container-md\">\n\t\t\t\t\t<ul class=\"timeline\">\n\t\t\t\t\t\t\t\t\t<li>\n\t\t\t\t\t\t<div class=\"timeline__inner\">\n\t\t\t\t\t\t\t\t\t\t\t\t\t\t<div class=\"timeline__title\">\n\t\t\t\t\t\t\t\t<h4>Des jeunes en bonne sant\u00e9 font un monde en bonne sant\u00e9<\/h4>\n\t\t\t\t\t\t\t<\/div>\n\t\t\t\t\t\t\t<div class=\"timeline__content\">\n\t\t\t\t\t\t\t\tLaur\u00e9ate\u00a0: Croix-Rouge du Nicaragua<br>Deuxi\u00e8me prix\u00a0: Soci\u00e9t\u00e9 du Croissant-Rouge du Tadjikistan \t\t\t\t\t\t\t\t\t\t\t\t\t\t\t\t\t<div class=\"icon \"><\/div>\n\t\t\t\t\t\t\t\t\t\t\t\t\t\t\t<\/div>\n\t\t\t\t\t\t<\/div>\n\t\t\t\t\t\t\t\t\t\t\t\t\t\t\t\t\t\t\t\t\t\t\t\t\t\t\t\t\t\t\t<\/li>\n\t\t\t\t\t\t\t\t\t<li>\n\t\t\t\t\t\t<div class=\"timeline__inner\">\n\t\t\t\t\t\t\t\t\t\t\t\t\t\t<div class=\"timeline__title\">\n\t\t\t\t\t\t\t\t<h4>Renforcer des communaut\u00e9s r\u00e9silientes<\/h4>\n\t\t\t\t\t\t\t<\/div>\n\t\t\t\t\t\t\t<div class=\"timeline__content\">\n\t\t\t\t\t\t\t\tLaur\u00e9ate\u00a0: Croix-Rouge n\u00e9o-z\u00e9landaise<br>Deuxi\u00e8me prix\u00a0: Croix-Rouge br\u00e9silienne \t\t\t\t\t\t\t\t\t\t\t\t\t\t\t\t\t<div class=\"icon \"><\/div>\n\t\t\t\t\t\t\t\t\t\t\t\t\t\t\t<\/div>\n\t\t\t\t\t\t<\/div>\n\t\t\t\t\t\t\t\t\t\t\t\t\t\t\t\t\t\t\t\t\t\t\t\t\t\t\t\t\t\t\t<\/li>\n\t\t\t\t\t\t\t\t\t<li>\n\t\t\t\t\t\t<div class=\"timeline__inner\">\n\t\t\t\t\t\t\t\t\t\t\t\t\t\t<div class=\"timeline__title\">\n\t\t\t\t\t\t\t\t<h4>Promouvoir l\u2019int\u00e9gration sociale et une culture de non-violence et de paix<\/h4>\n\t\t\t\t\t\t\t<\/div>\n\t\t\t\t\t\t\t<div class=\"timeline__content\">\n\t\t\t\t\t\t\t\tLaur\u00e9ate\u00a0: Croix-Rouge colombienne<br>Deuxi\u00e8me prix\u00a0: Croix-Rouge finlandaise \t\t\t\t\t\t\t\t\t\t\t\t\t\t\t\t\t<div class=\"icon \"><\/div>\n\t\t\t\t\t\t\t\t\t\t\t\t\t\t\t<\/div>\n\t\t\t\t\t\t<\/div>\n\t\t\t\t\t\t\t\t\t\t\t\t\t\t\t\t\t\t\t\t\t\t\t\t\t\t\t\t\t\t\t<\/li>\n\t\t\t\t\t\t\t\t\t<li>\n\t\t\t\t\t\t<div class=\"timeline__inner\">\n\t\t\t\t\t\t\t\t\t\t\t\t\t\t<div class=\"timeline__title\">\n\t\t\t\t\t\t\t\t<h4>Utilisation de la technologie et innovation<\/h4>\n\t\t\t\t\t\t\t<\/div>\n\t\t\t\t\t\t\t<div class=\"timeline__content\">\n\t\t\t\t\t\t\t\tLaur\u00e9ate\u00a0: Croix-Rouge de la R\u00e9publique de Cor\u00e9e<br>Deuxi\u00e8me prix\u00a0: Croissant-Rouge du Pakistan \t\t\t\t\t\t\t\t\t\t\t\t\t\t\t\t\t<div class=\"icon \"><\/div>\n\t\t\t\t\t\t\t\t\t\t\t\t\t\t\t<\/div>\n\t\t\t\t\t\t<\/div>\n\t\t\t\t\t\t\t\t\t\t\t\t\t\t\t\t\t\t\t\t\t\t\t\t\t\t\t\t\t\t\t<\/li>\n\t\t\t\t\t\t\t<\/ul>\n\t\t\t<\/div>\n<\/section>\n","protected":false},"excerpt":{"rendered":"","protected":false},"author":1,"featured_media":963,"parent":241,"menu_order":0,"comment_status":"closed","ping_status":"closed","template":"front-page.php","meta":{"_acf_changed":false,"footnotes":""},"class_list":["post-4931","page","type-page","status-publish","has-post-thumbnail","hentry"],"acf":[],"_links":{"self":[{"href":"https:\/\/rcrcconference.org\/fr\/wp-json\/wp\/v2\/pages\/4931"}],"collection":[{"href":"https:\/\/rcrcconference.org\/fr\/wp-json\/wp\/v2\/pages"}],"about":[{"href":"https:\/\/rcrcconference.org\/fr\/wp-json\/wp\/v2\/types\/page"}],"author":[{"embeddable":true,"href":"https:\/\/rcrcconference.org\/fr\/wp-json\/wp\/v2\/users\/1"}],"replies":[{"embeddable":true,"href":"https:\/\/rcrcconference.org\/fr\/wp-json\/wp\/v2\/comments?post=4931"}],"version-history":[{"count":10,"href":"https:\/\/rcrcconference.org\/fr\/wp-json\/wp\/v2\/pages\/4931\/revisions"}],"predecessor-version":[{"id":13560,"href":"https:\/\/rcrcconference.org\/fr\/wp-json\/wp\/v2\/pages\/4931\/revisions\/13560"}],"up":[{"embeddable":true,"href":"https:\/\/rcrcconference.org\/fr\/wp-json\/wp\/v2\/pages\/241"}],"wp:featuredmedia":[{"embeddable":true,"href":"https:\/\/rcrcconference.org\/fr\/wp-json\/wp\/v2\/media\/963"}],"wp:attachment":[{"href":"https:\/\/rcrcconference.org\/fr\/wp-json\/wp\/v2\/media?parent=4931"}],"curies":[{"name":"wp","href":"https:\/\/api.w.org\/{rel}","templated":true}]}}