{"id":3949,"date":"2019-05-12T21:22:19","date_gmt":"2019-05-12T21:22:19","guid":{"rendered":"https:\/\/rcrcconference.org\/home-page\/about-2\/2019-council-of-delegates\/"},"modified":"2020-02-25T10:12:54","modified_gmt":"2020-02-25T10:12:54","slug":"2019-council-of-delegates","status":"publish","type":"page","link":"https:\/\/rcrcconference.org\/fr\/about-2\/2019-council-of-delegates\/","title":{"rendered":"Conseil des D\u00e9l\u00e9gu\u00e9s de 2019"},"content":{"rendered":"<section class=\"banner\" style=\"background-image: url('https:\/\/rcrcconference.org\/app\/uploads\/2019\/05\/28704055483_fb0ce28082_o.jpg');\">\n\t<div class=\"container\">\n\t\t<div class=\"banner__inner\">\n\t\t\t<span class=\"banner__subtitle\">8 d\u00e9cembre 2019 \u00e0 Gen\u00e8ve<\/span>\n\t\t\t<div class=\"banner__title\">\n\t\t\t\t<h1>Conseil des D\u00e9l\u00e9gu\u00e9s de 2019<\/h1>\n\t\t\t<\/div>\n\t\t\t\t\t<\/div>\n\t<\/div>\n<\/section>\n\n\n<section class=\"quick-links\">\n    <div class=\"container\">\n        <div class=\"quick-links__inner\">\n            <div class=\"quick-links__title\">\n                \n                                    <div class=\"slider-btn-wrap\">\n                        <a href=\"#\" class=\"slider-btn prev\"><\/a>\n                        <a href=\"#\" class=\"slider-btn next\"><\/a>\n                    <\/div>\n                                            <\/div>\n            <ul class=\"quick-links__slider\">\n                                            <li class=\"quick-links-item hover\">\n                                <div class=\"quick-links-item__info\">\n                                    <div class=\"quick-links-item__title\">\n                                        <h4>Documents<\/h4>\n                                    <\/div>\n                                                                    <\/div>\n                                                                    <div class=\"quick-links-item__button\">\n                                        <a href=\"https:\/\/rcrcconference.org\/fr\/about-2\/2019-council-of-delegates\/documents-of-council-of-delegates\/\"\n                                             class=\"button\">Go to the page<\/a>\n                                    <\/div>\n                                                            <\/li>\n                                                    <li class=\"quick-links-item hover\">\n                                <div class=\"quick-links-item__info\">\n                                    <div class=\"quick-links-item__title\">\n                                        <h4>Th\u00e8mes<\/h4>\n                                    <\/div>\n                                                                    <\/div>\n                                                                    <div class=\"quick-links-item__button\">\n                                        <a href=\"https:\/\/rcrcconference.org\/fr\/about-2\/2019-council-of-delegates\/themes-of-council-of-delegates-2019\/\"\n                                             class=\"button\">Go to the page<\/a>\n                                    <\/div>\n                                                            <\/li>\n                                    <\/ul>\n        <\/div>\n    <\/div>\n<\/section>\n\n\n\n<div class=\"wp-block-image\"><figure class=\"aligncenter size-full is-resized\"><a href=\"https:\/\/rcrcconference.org\/app\/uploads\/2019\/12\/ConferenceGuide_27-Nov-CLEAN-FR.pdf\" target=\"_blank\" rel=\"noreferrer noopener\"><img loading=\"lazy\" decoding=\"async\" src=\"https:\/\/rcrcconference.org\/app\/uploads\/2019\/12\/conference-guide-FR.jpg\" alt=\"\" class=\"wp-image-13347\" width=\"577\" height=\"96\" srcset=\"https:\/\/rcrcconference.org\/app\/uploads\/2019\/12\/conference-guide-FR.jpg 1200w, https:\/\/rcrcconference.org\/app\/uploads\/2019\/12\/conference-guide-FR-300x50.jpg 300w, https:\/\/rcrcconference.org\/app\/uploads\/2019\/12\/conference-guide-FR-1024x171.jpg 1024w, https:\/\/rcrcconference.org\/app\/uploads\/2019\/12\/conference-guide-FR-768x128.jpg 768w\" sizes=\"(max-width: 577px) 100vw, 577px\" \/><\/a><\/figure><\/div>\n\n\n\n<p><\/p>\n\n\n\n<div style=\"height:100px\" aria-hidden=\"true\" class=\"wp-block-spacer\"><\/div>\n\n\n\t<section class=\"pledges-banner-wrap\">\n\t<div class=\"container\">\n\t\t<div class=\"pledges-banner\">\n\t\t\t<div class=\"pledges-banner__pic\">\n\t\t\t\t<img decoding=\"async\" src=\"https:\/\/rcrcconference.org\/app\/uploads\/2019\/05\/22316501652_c4c32b1a2c_o.jpg\" alt=\"article-pic\">\n\t\t\t<\/div>\n\t\t\t<div class=\"pledges-banner__content\">\n\t\t\t\t<div class=\"pledges-banner__content-inner\">\n\t\t\t\t\tLe Conseil des D\u00e9l\u00e9gu\u00e9s de 2019 s\u2019est tenu le 8 d\u00e9cembre. Il avait pour objectif g\u00e9n\u00e9ral de renforcer l\u2019efficacit\u00e9 de l\u2019action humanitaire du Mouvement et de d\u00e9finir une position forte, commune \u00e0 l\u2019ensemble du Mouvement, sur les th\u00e8mes cl\u00e9s en vue de la XXXIII<sup>e<\/sup> Conf\u00e9rence internationale de la Croix-Rouge et du Croissant\u2011Rouge, qui a d\u00e9but\u00e9 le 9 d\u00e9cembre. Entre autres t\u00e2ches, le Conseil des D\u00e9l\u00e9gu\u00e9s a adopt\u00e9 l\u2019ordre du jour provisoire de la Conf\u00e9rence et propos\u00e9 des candidat-e-s aux postes de responsables de la Conf\u00e9rence.\n<br>\n<br>\nLes th\u00e8mes trait\u00e9s au Conseil des D\u00e9l\u00e9gu\u00e9s de 2019 ont \u00e9t\u00e9 regroup\u00e9s en deux grands domaines : redevabilit\u00e9 et int\u00e9grit\u00e9, et r\u00e9pondre aux besoins et aux vuln\u00e9rabilit\u00e9s. Ils correspondent \u00e0 des aspects essentiels du travail du Mouvement qui appellent une action et ont un impact consid\u00e9rable sur la vie des personnes et des communaut\u00e9s sur le terrain.\t\t\t\t<\/div>\n\t\t\t<\/div>\n\t\t<\/div>\n\t<\/div>\n<\/section>\n","protected":false},"excerpt":{"rendered":"","protected":false},"author":1,"featured_media":1898,"parent":2032,"menu_order":0,"comment_status":"closed","ping_status":"closed","template":"front-page.php","meta":{"_acf_changed":false,"footnotes":""},"class_list":["post-3949","page","type-page","status-publish","has-post-thumbnail","hentry"],"acf":[],"_links":{"self":[{"href":"https:\/\/rcrcconference.org\/fr\/wp-json\/wp\/v2\/pages\/3949"}],"collection":[{"href":"https:\/\/rcrcconference.org\/fr\/wp-json\/wp\/v2\/pages"}],"about":[{"href":"https:\/\/rcrcconference.org\/fr\/wp-json\/wp\/v2\/types\/page"}],"author":[{"embeddable":true,"href":"https:\/\/rcrcconference.org\/fr\/wp-json\/wp\/v2\/users\/1"}],"replies":[{"embeddable":true,"href":"https:\/\/rcrcconference.org\/fr\/wp-json\/wp\/v2\/comments?post=3949"}],"version-history":[{"count":13,"href":"https:\/\/rcrcconference.org\/fr\/wp-json\/wp\/v2\/pages\/3949\/revisions"}],"predecessor-version":[{"id":15536,"href":"https:\/\/rcrcconference.org\/fr\/wp-json\/wp\/v2\/pages\/3949\/revisions\/15536"}],"up":[{"embeddable":true,"href":"https:\/\/rcrcconference.org\/fr\/wp-json\/wp\/v2\/pages\/2032"}],"wp:featuredmedia":[{"embeddable":true,"href":"https:\/\/rcrcconference.org\/fr\/wp-json\/wp\/v2\/media\/1898"}],"wp:attachment":[{"href":"https:\/\/rcrcconference.org\/fr\/wp-json\/wp\/v2\/media?parent=3949"}],"curies":[{"name":"wp","href":"https:\/\/api.w.org\/{rel}","templated":true}]}}