{"id":36370,"date":"2026-03-31T11:46:31","date_gmt":"2026-03-31T11:46:31","guid":{"rendered":"https:\/\/rcrcconference.org\/?page_id=36370"},"modified":"2026-04-07T13:27:45","modified_gmt":"2026-04-07T13:27:45","slug":"un-mouvement-engage-pour-des-evenements-plus-ecoresponsables","status":"publish","type":"page","link":"https:\/\/rcrcconference.org\/fr\/un-mouvement-engage-pour-des-evenements-plus-ecoresponsables\/","title":{"rendered":"Un Mouvement engag\u00e9 pour des \u00e9v\u00e8nements plus \u00e9coresponsables"},"content":{"rendered":"\n<div style=\"height:55px\" aria-hidden=\"true\" class=\"wp-block-spacer\"><\/div>\n\n\n\n<p>Le Mouvement international de la Croix-Rouge et du Croissant Rouge se mobilise depuis des dizaines d\u2019ann\u00e9es pour faire face aux risques climatiques et environnementaux et \u00e0 leur \u00e9volution. Notre engagement en faveur du renforcement de la durabilit\u00e9 environnementale ne date donc pas d\u2019hier, mais s\u2019inscrit dans le prolongement de notre responsabilit\u00e9 commune de r\u00e9duire notre empreinte \u00e9cologique, de montrer l\u2019exemple et d\u2019agir avec int\u00e9grit\u00e9 envers les communaut\u00e9s que nous nous effor\u00e7ons d\u2019aider.&nbsp;<\/p>\n\n\n\n<div style=\"height:29px\" aria-hidden=\"true\" class=\"wp-block-spacer\"><\/div>\n\n\n\n<p>\u00c9labor\u00e9 par le Comit\u00e9 conjoint CICR\/F\u00e9d\u00e9ration internationale charg\u00e9 d\u2019organiser les Conseils des D\u00e9l\u00e9gu\u00e9s et les Conf\u00e9rences internationales de la Croix-Rouge et du Croissant-Rouge, le&nbsp;<strong>Guide pour des \u00e9v\u00e9nements plus respectueux de l\u2019environnement<\/strong>&nbsp;prend appui sur cet engagement de longue date. Il propose des mesures concr\u00e8tes, des approches \u00e9prouv\u00e9es et des outils adapt\u00e9s aux divers contextes dans lesquels op\u00e8re le Mouvement.&nbsp;<\/p>\n\n\n\n<div style=\"height:60px\" aria-hidden=\"true\" class=\"wp-block-spacer\"><\/div>\n\n\n<div class=\"anchor__menu-title\" role=\"presentation\">\n\t<div class=\"container\">\t\t\t<h2 class=\"anchor__menu-h2\">Pourquoi est-ce important\u202f? <\/h2>\n\t\t<\/div><\/div>\n\n\n\n<p>Chaque r\u00e9union statutaire, conf\u00e9rence ou \u00e9v\u00e9nement, quel que soit son format (en pr\u00e9sentiel, en ligne ou hybride), offre la possibilit\u00e9 de r\u00e9duire notre impact environnemental tout en consolidant nos valeurs humanitaires. Les choix durables ne sont pas simplement symboliques ; ils produisent des effets mesurables et utiles et contribuent \u00e0 renforcer le Mouvement.&nbsp;<\/p>\n\n\n\n<div style=\"height:65px\" aria-hidden=\"true\" class=\"wp-block-spacer\"><\/div>\n\n\n<div class=\"anchor__menu-title\" role=\"presentation\">\n\t<div class=\"container\">\t\t\t<h2 class=\"anchor__menu-h2\">Guide pour des \u00e9v\u00e8nements plus respectueux de l\u2019environnement <\/h2>\n\t\t<\/div><\/div>\n\n\n\n<figure class=\"wp-block-image size-full\"><img loading=\"lazy\" decoding=\"async\" width=\"1276\" height=\"711\" src=\"https:\/\/rcrcconference.org\/app\/uploads\/2026\/03\/image-1.png\" alt=\"\" class=\"wp-image-36378\"\/><\/figure>\n\n\n\n<div style=\"height:45px\" aria-hidden=\"true\" class=\"wp-block-spacer\"><\/div>\n\n\n<div class=\"anchor__menu-title\" role=\"presentation\">\n\t<div class=\"container\">\t\t\t<h2 class=\"anchor__menu-h2\">Ce que propose le guide<\/h2>\n\t\t<\/div><\/div>\n\n\n<section class=\"highlights\">\n\t\t<div class=\"container\">\n\t\t\t\t<div class=\"highlights__inner\">\n\t\t\t<div class=\"highlights__title\">\n\t\t\t\t\t\t\t<\/div>\n\t\t\t<div class=\"highlights__blocks\">\n\t\t\t\t\t\t\t\t\t\t<div class=\"highlights__blocks-block\">\n\t\t\t\t\t\t\t<a >\n\t\t\t\t\t\t\t\t<div class=\"highlights__blocks-block-arrow\">\n\t\t\t\t\t\t\t\t\t<svg width=\"24\" height=\"25\" viewBox=\"0 0 24 25\" fill=\"#1A3283\" xmlns=\"http:\/\/www.w3.org\/2000\/svg\">\n\t\t\t\t\t\t\t\t\t\t<path d=\"M14 18.5L12.6 17.05L16.15 13.5H4V11.5H16.15L12.6 7.95L14 6.5L20 12.5L14 18.5Z\"\/>\n\t\t\t\t\t\t\t\t\t<\/svg>\n\t\t\t\t\t\t\t\t<\/div>\n\t\t\t\t\t\t\t\t<div class=\"highlights__blocks-block-content\">\n\t\t\t\t\t\t\t\t\t<h4>Planifier dans une optique de durabilit\u00e9<\/h4>\n\t\t\t\t\t\t\t\t\t<p>Comprendre les incidences sur le plan environnemental et int\u00e9grer la durabilit\u00e9 d\u00e8s les premi\u00e8res \u00e9tapes de planification de l\u2019\u00e9v\u00e9nement, notamment eu \u00e9gard au format, aux d\u00e9placements des participants, au choix du lieu, \u00e0 la s\u00e9lection des prestataires et aux mat\u00e9riaux utilis\u00e9s. <\/p>\n\t\t\t\t\t\t\t\t<\/div>\n\t\t\t\t\t\t\t<\/a>\n\t\t\t\t\t\t<\/div>\n\t\t\t\t\t\t\t\t\t\t\t<div class=\"highlights__blocks-block\">\n\t\t\t\t\t\t\t<a >\n\t\t\t\t\t\t\t\t<div class=\"highlights__blocks-block-arrow\">\n\t\t\t\t\t\t\t\t\t<svg width=\"24\" height=\"25\" viewBox=\"0 0 24 25\" fill=\"#1A3283\" xmlns=\"http:\/\/www.w3.org\/2000\/svg\">\n\t\t\t\t\t\t\t\t\t\t<path d=\"M14 18.5L12.6 17.05L16.15 13.5H4V11.5H16.15L12.6 7.95L14 6.5L20 12.5L14 18.5Z\"\/>\n\t\t\t\t\t\t\t\t\t<\/svg>\n\t\t\t\t\t\t\t\t<\/div>\n\t\t\t\t\t\t\t\t<div class=\"highlights__blocks-block-content\">\n\t\t\t\t\t\t\t\t\t<h4>Adopter des pratiques \u00e9v\u00e9nementielles plus \u00e9cologiques<\/h4>\n\t\t\t\t\t\t\t\t\t<p>Appliquer des mesures concr\u00e8tes adaptables \u00e0 tous les contextes, par exemple dans le domaine de l\u2019efficacit\u00e9 \u00e9nerg\u00e9tique, des services de restauration, de l\u2019accessibilit\u00e9, du recyclage des mat\u00e9riaux, des alternatives num\u00e9riques, des fournisseurs et de la r\u00e9duction des d\u00e9chets. <\/p>\n\t\t\t\t\t\t\t\t<\/div>\n\t\t\t\t\t\t\t<\/a>\n\t\t\t\t\t\t<\/div>\n\t\t\t\t\t\t\t\t\t\t\t<div class=\"highlights__blocks-block\">\n\t\t\t\t\t\t\t<a >\n\t\t\t\t\t\t\t\t<div class=\"highlights__blocks-block-arrow\">\n\t\t\t\t\t\t\t\t\t<svg width=\"24\" height=\"25\" viewBox=\"0 0 24 25\" fill=\"#1A3283\" xmlns=\"http:\/\/www.w3.org\/2000\/svg\">\n\t\t\t\t\t\t\t\t\t\t<path d=\"M14 18.5L12.6 17.05L16.15 13.5H4V11.5H16.15L12.6 7.95L14 6.5L20 12.5L14 18.5Z\"\/>\n\t\t\t\t\t\t\t\t\t<\/svg>\n\t\t\t\t\t\t\t\t<\/div>\n\t\t\t\t\t\t\t\t<div class=\"highlights__blocks-block-content\">\n\t\t\t\t\t\t\t\t\t<h4>Renforcer la durabilit\u00e9 organisationnelle<\/h4>\n\t\t\t\t\t\t\t\t\t<p>Faire des \u00e9v\u00e9nements un levier pour renforcer les strat\u00e9gies et engagements existants en mati\u00e8re environnementale au lieu de les consid\u00e9rer de mani\u00e8re isol\u00e9e. <\/p>\n\t\t\t\t\t\t\t\t<\/div>\n\t\t\t\t\t\t\t<\/a>\n\t\t\t\t\t\t<\/div>\n\t\t\t\t\t\t\t\t\t\t\t<div class=\"highlights__blocks-block\">\n\t\t\t\t\t\t\t<a >\n\t\t\t\t\t\t\t\t<div class=\"highlights__blocks-block-arrow\">\n\t\t\t\t\t\t\t\t\t<svg width=\"24\" height=\"25\" viewBox=\"0 0 24 25\" fill=\"#1A3283\" xmlns=\"http:\/\/www.w3.org\/2000\/svg\">\n\t\t\t\t\t\t\t\t\t\t<path d=\"M14 18.5L12.6 17.05L16.15 13.5H4V11.5H16.15L12.6 7.95L14 6.5L20 12.5L14 18.5Z\"\/>\n\t\t\t\t\t\t\t\t\t<\/svg>\n\t\t\t\t\t\t\t\t<\/div>\n\t\t\t\t\t\t\t\t<div class=\"highlights__blocks-block-content\">\n\t\t\t\t\t\t\t\t\t<h4>Mesure, apprendre, am\u00e9liorer<\/h4>\n\t\t\t\t\t\t\t\t\t<p>Utiliser des outils et des indicateurs simples pour recenser les progr\u00e8s accomplis et les d\u00e9fis \u00e0 relever, renfor\u00e7ant ainsi les connaissances institutionnelles au fil du temps. <\/p>\n\t\t\t\t\t\t\t\t<\/div>\n\t\t\t\t\t\t\t<\/a>\n\t\t\t\t\t\t<\/div>\n\t\t\t\t\t\t\t\t<\/div>\n\t\t<\/div>\n\t\t\t<\/div>\n<\/section>\n\n\n<div class=\"anchor__menu-title\" role=\"presentation\">\n\t<div class=\"container\">\t\t\t<h2 class=\"anchor__menu-h2\">A qui s\u2019adresse ce guide\u202f? <\/h2>\n\t\t<\/div><\/div>\n\n\n\n<figure class=\"wp-block-image size-full\"><img loading=\"lazy\" decoding=\"async\" width=\"1018\" height=\"73\" src=\"https:\/\/rcrcconference.org\/app\/uploads\/2026\/03\/image-2.png\" alt=\"\" class=\"wp-image-36384\"\/><\/figure>\n\n\n\n<div style=\"height:45px\" aria-hidden=\"true\" class=\"wp-block-spacer\"><\/div>\n\n\n<div class=\"anchor__menu-title\" role=\"presentation\">\n\t<div class=\"container\">\t\t\t<h2 class=\"anchor__menu-h2\">D\u00e9couvrez le guide<\/h2>\n\t\t<\/div><\/div>\n\n\n<section class=\"bulletins\">\n\t<div class=\"container\">\t\t<div class=\"bulletins__header\">\n\t\t\t\t\t<\/div>\n\t\t<div class=\"bulletins-blocks\">\n\t\t\t\t\t\t\t\t<div class=\"bulletins-blocks-block\">\n\t\t\t\t\t\t<a href=\"https:\/\/rcrcconference.org\/app\/uploads\/2026\/04\/FINAL_FR_Guidance.pdf\">\n\t\t\t\t\t\t\t<div class=\"bulletins-blocks-block-content\">\n\t\t\t\t\t\t\t\t\t\t\t\t\t\t\t\t\t\t\t\t\t\t\t\t\t\t\t\t\t\t\t\t\t\t\t\t<div class=\"bulletins-blocks-block-img-wrapper\">\n\t\t\t\t\t\t\t\t\t\t\t<div class=\"bulletins-blocks-block-img\" style=\"background-image: url('https:\/\/rcrcconference.org\/app\/uploads\/2026\/01\/Hand_plant-1.jpg')\"><\/div>\n\t\t\t\t\t\t\t\t\t\t<\/div>\n\t\t\t\t\t\t\t\t\t\t\t\t\t\t\t\t\t\t\t\t\t\t\t\t\t<div class=\"bulletins-blocks-block-data\">\n\t\t\t\t\t\t\t\t\t<div class=\"bulletins-blocks-block-arrow\">\n\t\t\t\t\t\t\t\t\t\t<svg width=\"24\" height=\"25\" viewBox=\"0 0 24 25\" fill=\"#1A3283\" xmlns=\"http:\/\/www.w3.org\/2000\/svg\">\n\t\t\t\t\t\t\t\t\t\t\t<path d=\"M14 18.5L12.6 17.05L16.15 13.5H4V11.5H16.15L12.6 7.95L14 6.5L20 12.5L14 18.5Z\"\/>\n\t\t\t\t\t\t\t\t\t\t<\/svg>\n\t\t\t\t\t\t\t\t\t<\/div>\n\t\t\t\t\t\t\t\t\t<div class=\"bulletins-blocks-block-text\">\n\t\t\t\t\t\t\t\t\t\t<span>\n\t\t\t\t\t\t\t\t\t\t\t<svg width=\"25\" height=\"25\" viewBox=\"0 0 25 25\" fill=\"none\" xmlns=\"http:\/\/www.w3.org\/2000\/svg\">\n\t\t\t\t\t\t\t\t\t\t\t\t<path d=\"M15 18.5C14.3 18.5 13.7083 18.2583 13.225 17.775C12.7417 17.2917 12.5 16.7 12.5 16C12.5 15.3 12.7417 14.7083 13.225 14.225C13.7083 13.7417 14.3 13.5 15 13.5C15.7 13.5 16.2917 13.7417 16.775 14.225C17.2583 14.7083 17.5 15.3 17.5 16C17.5 16.7 17.2583 17.2917 16.775 17.775C16.2917 18.2583 15.7 18.5 15 18.5ZM5.5 22.5C4.95 22.5 4.47917 22.3042 4.0875 21.9125C3.69583 21.5208 3.5 21.05 3.5 20.5V6.5C3.5 5.95 3.69583 5.47917 4.0875 5.0875C4.47917 4.69583 4.95 4.5 5.5 4.5H6.5V2.5H8.5V4.5H16.5V2.5H18.5V4.5H19.5C20.05 4.5 20.5208 4.69583 20.9125 5.0875C21.3042 5.47917 21.5 5.95 21.5 6.5V20.5C21.5 21.05 21.3042 21.5208 20.9125 21.9125C20.5208 22.3042 20.05 22.5 19.5 22.5H5.5ZM5.5 20.5H19.5V10.5H5.5V20.5ZM5.5 8.5H19.5V6.5H5.5V8.5Z\" fill=\"#4A5757\"\/>\n\t\t\t\t\t\t\t\t\t\t\t<\/svg>\n\t\t\t\t\t\t\t\t\t\t\t\t\t\t\t\t\t\t\t\t\t<\/span>\n\t\t\t\t\t\t\t\t\t\t<h3 class=\"heading-style-h4\">Conseils d\u00e9taill\u00e9s<\/h3>\n\t\t\t\t\t\t\t\t\t<\/div>\n\t\t\t\t\t\t\t\t<\/div>\n\t\t\t\t\t\t\t<\/div>\n\t\t\t\t\t\t<\/a>\n\t\t\t\t\t<\/div>\n\t\t\t\t\t\t\t\t\t<div class=\"bulletins-blocks-block\">\n\t\t\t\t\t\t<a href=\"https:\/\/rcrcconference.org\/app\/uploads\/2026\/03\/V3_FR_Guidance_checklist.pdf\">\n\t\t\t\t\t\t\t<div class=\"bulletins-blocks-block-content\">\n\t\t\t\t\t\t\t\t\t\t\t\t\t\t\t\t\t\t\t\t\t\t\t\t\t\t\t\t\t\t\t\t\t\t\t\t<div class=\"bulletins-blocks-block-img-wrapper\">\n\t\t\t\t\t\t\t\t\t\t\t<div class=\"bulletins-blocks-block-img\" style=\"background-image: url('https:\/\/rcrcconference.org\/app\/uploads\/2026\/03\/V-P-CH-E-01482.jpg')\"><\/div>\n\t\t\t\t\t\t\t\t\t\t<\/div>\n\t\t\t\t\t\t\t\t\t\t\t\t\t\t\t\t\t\t\t\t\t\t\t\t\t<div class=\"bulletins-blocks-block-data\">\n\t\t\t\t\t\t\t\t\t<div class=\"bulletins-blocks-block-arrow\">\n\t\t\t\t\t\t\t\t\t\t<svg width=\"24\" height=\"25\" viewBox=\"0 0 24 25\" fill=\"#1A3283\" xmlns=\"http:\/\/www.w3.org\/2000\/svg\">\n\t\t\t\t\t\t\t\t\t\t\t<path d=\"M14 18.5L12.6 17.05L16.15 13.5H4V11.5H16.15L12.6 7.95L14 6.5L20 12.5L14 18.5Z\"\/>\n\t\t\t\t\t\t\t\t\t\t<\/svg>\n\t\t\t\t\t\t\t\t\t<\/div>\n\t\t\t\t\t\t\t\t\t<div class=\"bulletins-blocks-block-text\">\n\t\t\t\t\t\t\t\t\t\t<span>\n\t\t\t\t\t\t\t\t\t\t\t<svg width=\"25\" height=\"25\" viewBox=\"0 0 25 25\" fill=\"none\" xmlns=\"http:\/\/www.w3.org\/2000\/svg\">\n\t\t\t\t\t\t\t\t\t\t\t\t<path d=\"M15 18.5C14.3 18.5 13.7083 18.2583 13.225 17.775C12.7417 17.2917 12.5 16.7 12.5 16C12.5 15.3 12.7417 14.7083 13.225 14.225C13.7083 13.7417 14.3 13.5 15 13.5C15.7 13.5 16.2917 13.7417 16.775 14.225C17.2583 14.7083 17.5 15.3 17.5 16C17.5 16.7 17.2583 17.2917 16.775 17.775C16.2917 18.2583 15.7 18.5 15 18.5ZM5.5 22.5C4.95 22.5 4.47917 22.3042 4.0875 21.9125C3.69583 21.5208 3.5 21.05 3.5 20.5V6.5C3.5 5.95 3.69583 5.47917 4.0875 5.0875C4.47917 4.69583 4.95 4.5 5.5 4.5H6.5V2.5H8.5V4.5H16.5V2.5H18.5V4.5H19.5C20.05 4.5 20.5208 4.69583 20.9125 5.0875C21.3042 5.47917 21.5 5.95 21.5 6.5V20.5C21.5 21.05 21.3042 21.5208 20.9125 21.9125C20.5208 22.3042 20.05 22.5 19.5 22.5H5.5ZM5.5 20.5H19.5V10.5H5.5V20.5ZM5.5 8.5H19.5V6.5H5.5V8.5Z\" fill=\"#4A5757\"\/>\n\t\t\t\t\t\t\t\t\t\t\t<\/svg>\n\t\t\t\t\t\t\t\t\t\t\t\t\t\t\t\t\t\t\t\t\t<\/span>\n\t\t\t\t\t\t\t\t\t\t<h3 class=\"heading-style-h4\">Liste de contr\u00f4le<\/h3>\n\t\t\t\t\t\t\t\t\t<\/div>\n\t\t\t\t\t\t\t\t<\/div>\n\t\t\t\t\t\t\t<\/div>\n\t\t\t\t\t\t<\/a>\n\t\t\t\t\t<\/div>\n\t\t\t\t\t\t\t\t\t<div class=\"bulletins-blocks-block\">\n\t\t\t\t\t\t<a href=\"https:\/\/rcrcconference.org\/app\/uploads\/2026\/03\/V3_FR_Guidance_summary-of-the-process.pdf\">\n\t\t\t\t\t\t\t<div class=\"bulletins-blocks-block-content\">\n\t\t\t\t\t\t\t\t\t\t\t\t\t\t\t\t\t\t\t\t\t\t\t\t\t\t\t\t\t\t\t\t\t\t\t\t<div class=\"bulletins-blocks-block-img-wrapper\">\n\t\t\t\t\t\t\t\t\t\t\t<div class=\"bulletins-blocks-block-img\" style=\"background-image: url('https:\/\/rcrcconference.org\/app\/uploads\/2026\/03\/V-P-ZA-E-00068.jpg')\"><\/div>\n\t\t\t\t\t\t\t\t\t\t<\/div>\n\t\t\t\t\t\t\t\t\t\t\t\t\t\t\t\t\t\t\t\t\t\t\t\t\t<div class=\"bulletins-blocks-block-data\">\n\t\t\t\t\t\t\t\t\t<div class=\"bulletins-blocks-block-arrow\">\n\t\t\t\t\t\t\t\t\t\t<svg width=\"24\" height=\"25\" viewBox=\"0 0 24 25\" fill=\"#1A3283\" xmlns=\"http:\/\/www.w3.org\/2000\/svg\">\n\t\t\t\t\t\t\t\t\t\t\t<path d=\"M14 18.5L12.6 17.05L16.15 13.5H4V11.5H16.15L12.6 7.95L14 6.5L20 12.5L14 18.5Z\"\/>\n\t\t\t\t\t\t\t\t\t\t<\/svg>\n\t\t\t\t\t\t\t\t\t<\/div>\n\t\t\t\t\t\t\t\t\t<div class=\"bulletins-blocks-block-text\">\n\t\t\t\t\t\t\t\t\t\t<span>\n\t\t\t\t\t\t\t\t\t\t\t<svg width=\"25\" height=\"25\" viewBox=\"0 0 25 25\" fill=\"none\" xmlns=\"http:\/\/www.w3.org\/2000\/svg\">\n\t\t\t\t\t\t\t\t\t\t\t\t<path d=\"M15 18.5C14.3 18.5 13.7083 18.2583 13.225 17.775C12.7417 17.2917 12.5 16.7 12.5 16C12.5 15.3 12.7417 14.7083 13.225 14.225C13.7083 13.7417 14.3 13.5 15 13.5C15.7 13.5 16.2917 13.7417 16.775 14.225C17.2583 14.7083 17.5 15.3 17.5 16C17.5 16.7 17.2583 17.2917 16.775 17.775C16.2917 18.2583 15.7 18.5 15 18.5ZM5.5 22.5C4.95 22.5 4.47917 22.3042 4.0875 21.9125C3.69583 21.5208 3.5 21.05 3.5 20.5V6.5C3.5 5.95 3.69583 5.47917 4.0875 5.0875C4.47917 4.69583 4.95 4.5 5.5 4.5H6.5V2.5H8.5V4.5H16.5V2.5H18.5V4.5H19.5C20.05 4.5 20.5208 4.69583 20.9125 5.0875C21.3042 5.47917 21.5 5.95 21.5 6.5V20.5C21.5 21.05 21.3042 21.5208 20.9125 21.9125C20.5208 22.3042 20.05 22.5 19.5 22.5H5.5ZM5.5 20.5H19.5V10.5H5.5V20.5ZM5.5 8.5H19.5V6.5H5.5V8.5Z\" fill=\"#4A5757\"\/>\n\t\t\t\t\t\t\t\t\t\t\t<\/svg>\n\t\t\t\t\t\t\t\t\t\t\t\t\t\t\t\t\t\t\t\t\t<\/span>\n\t\t\t\t\t\t\t\t\t\t<h3 class=\"heading-style-h4\">Synth\u00e8se du processus<\/h3>\n\t\t\t\t\t\t\t\t\t<\/div>\n\t\t\t\t\t\t\t\t<\/div>\n\t\t\t\t\t\t\t<\/div>\n\t\t\t\t\t\t<\/a>\n\t\t\t\t\t<\/div>\n\t\t\t\t\t\t\t\t\t<div class=\"bulletins-blocks-block\">\n\t\t\t\t\t\t<a href=\"https:\/\/rcrcconference.org\/app\/uploads\/2026\/03\/V3_FR_Guidance_practical-guidance-and-KPIs.pdf\">\n\t\t\t\t\t\t\t<div class=\"bulletins-blocks-block-content\">\n\t\t\t\t\t\t\t\t\t\t\t\t\t\t\t\t\t\t\t\t\t\t\t\t\t\t\t\t\t\t\t\t\t\t\t\t<div class=\"bulletins-blocks-block-img-wrapper\">\n\t\t\t\t\t\t\t\t\t\t\t<div class=\"bulletins-blocks-block-img\" style=\"background-image: url('https:\/\/rcrcconference.org\/app\/uploads\/2026\/03\/V-P-CH-E-01586.jpg')\"><\/div>\n\t\t\t\t\t\t\t\t\t\t<\/div>\n\t\t\t\t\t\t\t\t\t\t\t\t\t\t\t\t\t\t\t\t\t\t\t\t\t<div class=\"bulletins-blocks-block-data\">\n\t\t\t\t\t\t\t\t\t<div class=\"bulletins-blocks-block-arrow\">\n\t\t\t\t\t\t\t\t\t\t<svg width=\"24\" height=\"25\" viewBox=\"0 0 24 25\" fill=\"#1A3283\" xmlns=\"http:\/\/www.w3.org\/2000\/svg\">\n\t\t\t\t\t\t\t\t\t\t\t<path d=\"M14 18.5L12.6 17.05L16.15 13.5H4V11.5H16.15L12.6 7.95L14 6.5L20 12.5L14 18.5Z\"\/>\n\t\t\t\t\t\t\t\t\t\t<\/svg>\n\t\t\t\t\t\t\t\t\t<\/div>\n\t\t\t\t\t\t\t\t\t<div class=\"bulletins-blocks-block-text\">\n\t\t\t\t\t\t\t\t\t\t<span>\n\t\t\t\t\t\t\t\t\t\t\t<svg width=\"25\" height=\"25\" viewBox=\"0 0 25 25\" fill=\"none\" xmlns=\"http:\/\/www.w3.org\/2000\/svg\">\n\t\t\t\t\t\t\t\t\t\t\t\t<path d=\"M15 18.5C14.3 18.5 13.7083 18.2583 13.225 17.775C12.7417 17.2917 12.5 16.7 12.5 16C12.5 15.3 12.7417 14.7083 13.225 14.225C13.7083 13.7417 14.3 13.5 15 13.5C15.7 13.5 16.2917 13.7417 16.775 14.225C17.2583 14.7083 17.5 15.3 17.5 16C17.5 16.7 17.2583 17.2917 16.775 17.775C16.2917 18.2583 15.7 18.5 15 18.5ZM5.5 22.5C4.95 22.5 4.47917 22.3042 4.0875 21.9125C3.69583 21.5208 3.5 21.05 3.5 20.5V6.5C3.5 5.95 3.69583 5.47917 4.0875 5.0875C4.47917 4.69583 4.95 4.5 5.5 4.5H6.5V2.5H8.5V4.5H16.5V2.5H18.5V4.5H19.5C20.05 4.5 20.5208 4.69583 20.9125 5.0875C21.3042 5.47917 21.5 5.95 21.5 6.5V20.5C21.5 21.05 21.3042 21.5208 20.9125 21.9125C20.5208 22.3042 20.05 22.5 19.5 22.5H5.5ZM5.5 20.5H19.5V10.5H5.5V20.5ZM5.5 8.5H19.5V6.5H5.5V8.5Z\" fill=\"#4A5757\"\/>\n\t\t\t\t\t\t\t\t\t\t\t<\/svg>\n\t\t\t\t\t\t\t\t\t\t\t\t\t\t\t\t\t\t\t\t\t<\/span>\n\t\t\t\t\t\t\t\t\t\t<h3 class=\"heading-style-h4\">Guide pratique et propositions d\u2019indicateurs cl\u00e9s de performance<\/h3>\n\t\t\t\t\t\t\t\t\t<\/div>\n\t\t\t\t\t\t\t\t<\/div>\n\t\t\t\t\t\t\t<\/div>\n\t\t\t\t\t\t<\/a>\n\t\t\t\t\t<\/div>\n\t\t\t\t\t\t<\/div>\n\t<\/div><\/section>\n","protected":false},"excerpt":{"rendered":"<p>Le Mouvement international de la Croix-Rouge et du Croissant Rouge se mobilise depuis des dizaines d\u2019ann\u00e9es pour faire face aux risques climatiques et environnementaux et \u00e0 leur \u00e9volution. Notre engagement en faveur du renforcement de la durabilit\u00e9 environnementale ne date donc pas d\u2019hier, mais s\u2019inscrit dans le prolongement de notre responsabilit\u00e9 commune de r\u00e9duire notre [&hellip;]<\/p>\n","protected":false},"author":444,"featured_media":35972,"parent":0,"menu_order":0,"comment_status":"closed","ping_status":"closed","template":"","meta":{"_acf_changed":false,"footnotes":""},"class_list":["post-36370","page","type-page","status-publish","has-post-thumbnail","hentry"],"acf":[],"_links":{"self":[{"href":"https:\/\/rcrcconference.org\/fr\/wp-json\/wp\/v2\/pages\/36370"}],"collection":[{"href":"https:\/\/rcrcconference.org\/fr\/wp-json\/wp\/v2\/pages"}],"about":[{"href":"https:\/\/rcrcconference.org\/fr\/wp-json\/wp\/v2\/types\/page"}],"author":[{"embeddable":true,"href":"https:\/\/rcrcconference.org\/fr\/wp-json\/wp\/v2\/users\/444"}],"replies":[{"embeddable":true,"href":"https:\/\/rcrcconference.org\/fr\/wp-json\/wp\/v2\/comments?post=36370"}],"version-history":[{"count":17,"href":"https:\/\/rcrcconference.org\/fr\/wp-json\/wp\/v2\/pages\/36370\/revisions"}],"predecessor-version":[{"id":36486,"href":"https:\/\/rcrcconference.org\/fr\/wp-json\/wp\/v2\/pages\/36370\/revisions\/36486"}],"wp:featuredmedia":[{"embeddable":true,"href":"https:\/\/rcrcconference.org\/fr\/wp-json\/wp\/v2\/media\/35972"}],"wp:attachment":[{"href":"https:\/\/rcrcconference.org\/fr\/wp-json\/wp\/v2\/media?parent=36370"}],"curies":[{"name":"wp","href":"https:\/\/api.w.org\/{rel}","templated":true}]}}