{"id":34360,"date":"2025-08-08T14:34:33","date_gmt":"2025-08-08T14:34:33","guid":{"rendered":"https:\/\/rcrcconference.org\/test-cod-26\/"},"modified":"2025-10-27T13:34:45","modified_gmt":"2025-10-27T13:34:45","slug":"test-cod-26","status":"publish","type":"page","link":"https:\/\/rcrcconference.org\/fr\/about-2\/test-cod-26\/","title":{"rendered":"Conseil des D\u00e9l\u00e9gu\u00e9s de 2026, 3-4 d\u00e9cembre, Gen\u00e8ve"},"content":{"rendered":"\n<div style=\"height:66px\" aria-hidden=\"true\" class=\"wp-block-spacer\"><\/div>\n\n\n\n<p class=\"has-text-align-center\"><strong><br><br>Unis pour l\u2019humanit\u00e9<\/strong><em><br>Un appel lanc\u00e9 \u00e0 point nomm\u00e9 pour renforcer la coh\u00e9sion du Mouvement international de la Croix-Rouge et du Croissant-Rouge et l\u2019inciter \u00e0 garder le cap alors qu\u2019il se trouve \u00e0 affronter des situations complexes et \u00e0 mobiliser ses efforts afin de continuer \u00e0 mener une action humanitaire efficace et fond\u00e9e sur des principes.<\/em><\/p>\n\n\n\n<section class=\"wp-block-red-cross-block-red-cross-text-block about\"><div class=\"container\"><div class=\"about__inner\"><div class=\"about__title\"><h3><\/h3><\/div><div class=\"about__content\">Le Conseil des D\u00e9l\u00e9gu\u00e9s de 2026 visera \u00e0 renforcer et \u00e0 mettre en \u00e9vidence les atouts propres au Mouvement international de la Croix-Rouge et du Croissant-Rouge. Ceux-ci reposent sur la compl\u00e9mentarit\u00e9 des r\u00f4les et mandats respectifs de ses composantes, sur son ancrage local et sa proximit\u00e9 avec les personnes affect\u00e9es, sur son influence au niveau mondial ainsi que sur ses Principes fondamentaux. L\u2019objectif est de faire en sorte que le Mouvement reste un partenaire de choix et de confiance et qu\u2019il continue \u00e0 jouer un r\u00f4le pr\u00e9\u00e9minent dans l\u2019\u00e9laboration des normes et des pratiques humanitaires.<br\/><br\/>La note de synth\u00e8se du Conseil des D\u00e9l\u00e9gu\u00e9s de 2026 marque le d\u00e9but d\u2019un processus de consultation it\u00e9ratif, qui d\u00e9pendra de la participation active des Soci\u00e9t\u00e9s nationales. \u00c0 travers l\u2019\u00e9change de r\u00e9flexions, d\u2019id\u00e9es et de retours d\u2019exp\u00e9rience, les co-organisateurs souhaitent cr\u00e9er un ordre du jour qui refl\u00e8te v\u00e9ritablement les priorit\u00e9s de toutes les composantes du Mouvement. Les Soci\u00e9t\u00e9s nationales sont invit\u00e9es \u00e0 faire part, <strong>d\u2019ici au 16\u00a0septembre\u00a02025<\/strong>, de leurs commentaires et suggestions au sujet de cette note\u00a0; leurs contributions guideront l\u2019\u00e9laboration de l\u2019ordre du jour du Conseil des D\u00e9l\u00e9gu\u00e9s.<\/div><\/div><\/div><\/section>\n\n\n<div class=\"wp-block-image\">\n<figure class=\"aligncenter size-full is-resized\"><img loading=\"lazy\" decoding=\"async\" width=\"1027\" height=\"619\" src=\"https:\/\/rcrcconference.org\/app\/uploads\/2025\/08\/FR_timeline.png\" alt=\"\" class=\"wp-image-34405\" style=\"width:768px;height:auto\"\/><\/figure><\/div>\n\n\n<div style=\"height:83px\" aria-hidden=\"true\" class=\"wp-block-spacer\"><\/div>\n\n\n\n<p><\/p>\n\n\n<section class=\"latest_documents\">\n\t<div class=\"latest_documents__inner\">\n\t\t<div class=\"latest_documents__header\" role=\"region\">\n\t\t\t<h2>Dernier document publi\u00e9<\/h2>\t\t<\/div>\n\t\t<div class=\"latest_documents__blocks\">\n\t\t\t\t\t\t\t\t<div class=\"latest_documents__blocks-block\">\n\t\t\t\t\t\t<a href=\"https:\/\/rcrcconference.org\/app\/uploads\/2025\/08\/Council-of-Delegates-Concept-Note-2026_FR.pdf\">\n\t\t\t\t\t\t\t<div class=\"latest_documents__blocks-block-arrow\">\n\t\t\t\t\t\t\t\t<svg width=\"24\" height=\"25\" viewBox=\"0 0 24 25\" fill=\"#1A3283\" xmlns=\"http:\/\/www.w3.org\/2000\/svg\">\n\t\t\t\t\t\t\t\t\t<path d=\"M14 18.5L12.6 17.05L16.15 13.5H4V11.5H16.15L12.6 7.95L14 6.5L20 12.5L14 18.5Z\"\/>\n\t\t\t\t\t\t\t\t<\/svg>\n\t\t\t\t\t\t\t<\/div>\n\t\t\t\t\t\t\t<div class=\"latest_documents__blocks-block-content\" role=\"region\" aria-label=\"Latest document\">\n\t\t\t\t\t\t\t\t<svg width=\"23\" height=\"28\" viewBox=\"0 0 23 28\" fill=\"#6C7E7E\" xmlns=\"http:\/\/www.w3.org\/2000\/svg\"><path d=\"M6.16683 22H16.8335V19.3334H6.16683V22ZM6.16683 16.6667H16.8335V14H6.16683V16.6667ZM3.50016 27.3334C2.76683 27.3334 2.13905 27.0722 1.61683 26.55C1.09461 26.0278 0.833496 25.4 0.833496 24.6667V3.33335C0.833496 2.60002 1.09461 1.97224 1.61683 1.45002C2.13905 0.927798 2.76683 0.666687 3.50016 0.666687H14.1668L22.1668 8.66669V24.6667C22.1668 25.4 21.9057 26.0278 21.3835 26.55C20.8613 27.0722 20.2335 27.3334 19.5002 27.3334H3.50016ZM12.8335 10V3.33335H3.50016V24.6667H19.5002V10H12.8335Z\"\/><\/svg>\n\t\t\t\t\t\t\t\t<h3 class=\"latest_documents__blocks-block-content-title-h4\">Note de synth\u00e8se du Conseil des D\u00e9l\u00e9gu\u00e9s de 2026<\/h3>\n\t\t\t\t\t\t\t\t<p><\/p>\n\t\t\t\t\t\t\t<\/div>\n\t\t\t\t\t\t<\/a>\n\t\t\t\t\t<\/div>\n\t\t\t\t\t\t<\/div>\n\t<\/div>\n<\/section>\n","protected":false},"excerpt":{"rendered":"<p>Unis pour l\u2019humanit\u00e9Un appel lanc\u00e9 \u00e0 point nomm\u00e9 pour renforcer la coh\u00e9sion du Mouvement international de la Croix-Rouge et du Croissant-Rouge et l\u2019inciter \u00e0 garder le cap alors qu\u2019il se trouve \u00e0 affronter des situations complexes et \u00e0 mobiliser ses efforts afin de continuer \u00e0 mener une action humanitaire efficace et fond\u00e9e sur des principes.<\/p>\n","protected":false},"author":444,"featured_media":34384,"parent":2032,"menu_order":0,"comment_status":"closed","ping_status":"closed","template":"","meta":{"_acf_changed":false,"footnotes":""},"class_list":["post-34360","page","type-page","status-publish","has-post-thumbnail","hentry"],"acf":[],"_links":{"self":[{"href":"https:\/\/rcrcconference.org\/fr\/wp-json\/wp\/v2\/pages\/34360"}],"collection":[{"href":"https:\/\/rcrcconference.org\/fr\/wp-json\/wp\/v2\/pages"}],"about":[{"href":"https:\/\/rcrcconference.org\/fr\/wp-json\/wp\/v2\/types\/page"}],"author":[{"embeddable":true,"href":"https:\/\/rcrcconference.org\/fr\/wp-json\/wp\/v2\/users\/444"}],"replies":[{"embeddable":true,"href":"https:\/\/rcrcconference.org\/fr\/wp-json\/wp\/v2\/comments?post=34360"}],"version-history":[{"count":9,"href":"https:\/\/rcrcconference.org\/fr\/wp-json\/wp\/v2\/pages\/34360\/revisions"}],"predecessor-version":[{"id":35456,"href":"https:\/\/rcrcconference.org\/fr\/wp-json\/wp\/v2\/pages\/34360\/revisions\/35456"}],"up":[{"embeddable":true,"href":"https:\/\/rcrcconference.org\/fr\/wp-json\/wp\/v2\/pages\/2032"}],"wp:featuredmedia":[{"embeddable":true,"href":"https:\/\/rcrcconference.org\/fr\/wp-json\/wp\/v2\/media\/34384"}],"wp:attachment":[{"href":"https:\/\/rcrcconference.org\/fr\/wp-json\/wp\/v2\/media?parent=34360"}],"curies":[{"name":"wp","href":"https:\/\/api.w.org\/{rel}","templated":true}]}}