{"id":31664,"date":"2024-10-26T22:15:28","date_gmt":"2024-10-26T22:15:28","guid":{"rendered":"https:\/\/rcrcconference.org\/?page_id=31664"},"modified":"2024-10-26T22:16:23","modified_gmt":"2024-10-26T22:16:23","slug":"declaration-conjointe","status":"publish","type":"page","link":"https:\/\/rcrcconference.org\/fr\/about-4\/34th-international-conference\/declaration-conjointe\/","title":{"rendered":"D\u00e9claration Conjointe"},"content":{"rendered":"\n<h3 class=\"wp-block-heading\">La Croix-Rouge et le Croissant-Rouge pr\u00e9sentent cinq r\u00e9solutions pour relever les d\u00e9fis humanitaires mondiaux \u00e0 leur XXXIVe Conf\u00e9rence Internationale<\/h3>\n\n\n\n<p><\/p>\n\n\n\n<div style=\"height:30px\" aria-hidden=\"true\" class=\"wp-block-spacer\"><\/div>\n\n\n\n<div style=\"height:10px\" aria-hidden=\"true\" class=\"wp-block-spacer\"><\/div>\n\n\n\n<p>Gen\u00e8ve (CICR\/F\u00e9d\u00e9ration internationale) \u2013 La XXXIVe Conf\u00e9rence internationale de la Croix-Rouge et du Croissant-Rouge, qui se tiendra du 28 au 31\u00a0octobre, r\u00e9unira les composantes de l\u2019un des plus vastes r\u00e9seaux humanitaires du monde, qui comprend 191\u00a0Soci\u00e9t\u00e9s nationales, ainsi que 196\u00a0\u00c9tats parties aux Conventions de Gen\u00e8ve. Organis\u00e9e tous les quatre\u00a0ans, la r\u00e9union portera sur cinq\u00a0r\u00e9solutions cl\u00e9s visant \u00e0 faire progresser les solutions humanitaires aux d\u00e9fis mondiaux.<\/p>\n\n\n\n<div style=\"height:30px\" aria-hidden=\"true\" class=\"wp-block-spacer\"><\/div>\n\n\n\n<p>En tant que forum apolitique et purement humanitaire, la r\u00e9union de cette ann\u00e9e se tient alors que nous vivons une \u00e9poque troubl\u00e9e, o\u00f9 les gros titres sont domin\u00e9s par l\u2019escalade des conflits et des catastrophes, soulignant l\u2019urgence de recentrer l\u2019attention du monde sur les populations confront\u00e9es aux crises actuelles.<\/p>\n\n\n\n<div style=\"height:30px\" aria-hidden=\"true\" class=\"wp-block-spacer\"><\/div>\n\n\n\n<p><strong>Kate Forbes, pr\u00e9sidente de la F\u00e9d\u00e9ration internationale des Soci\u00e9t\u00e9s de la Croix-Rouge et du Croissant-Rouge (F\u00e9d\u00e9ration internationale), d\u00e9clare<\/strong>: \u00ab\u00a0Dans un monde de plus en plus polaris\u00e9, la Conf\u00e9rence internationale souligne l\u2019importance de notre Mouvement mondial pour relever les d\u00e9fis complexes d\u2019aujourd&rsquo;hui. La Croix-Rouge et le Croissant-Rouge sont un exemple de ce que l\u2019humanit\u00e9 a de meilleur \u00e0 offrir en ces temps agit\u00e9s.\u201d<\/p>\n\n\n\n<div style=\"height:30px\" aria-hidden=\"true\" class=\"wp-block-spacer\"><\/div>\n\n\n\n<p><strong>Mirjana Spoljaric, pr\u00e9sidente du Comit\u00e9 international de la Croix-Rouge (CICR), d\u00e9clare<\/strong>: \u00ab\u00a0Les souffrances insupportables caus\u00e9es par les conflits en cours exigent une action imm\u00e9diate. Trop de communaut\u00e9s sont d\u00e9truites et trop de familles sont d\u00e9chir\u00e9es dans les zones de guerre actuelles. La communaut\u00e9 internationale doit de toute urgence r\u00e9affirmer son engagement en faveur du droit international humanitaire et donner la priorit\u00e9 \u00e0 la protection des civils. Renforcer ce consensus est essentiel pour notre humanit\u00e9 commune.\u00a0\u00bb<\/p>\n\n\n\n<div style=\"height:30px\" aria-hidden=\"true\" class=\"wp-block-spacer\"><\/div>\n\n\n\n<p>L\u2019ordre du jour de la conf\u00e9rence met l\u2019accent sur des questions humanitaires urgentes, telles que le respect du droit international humanitaire, la protection des civils et des travailleurs humanitaires, l\u2019impact des technologies num\u00e9riques sur la conduite de la guerre et la promotion de l\u2019action au niveau local. Les r\u00e9solutions visent \u00e0 orienter l\u2019action humanitaire mondiale et \u00e0 relever les d\u00e9fis \u00e9mergents, notamment:<\/p>\n\n\n\n<div style=\"height:30px\" aria-hidden=\"true\" class=\"wp-block-spacer\"><\/div>\n\n\n\n<p><strong>Instaurer une culture universelle de respect du droit international humanitaire<\/strong>:\u00a0cette r\u00e9solution promeut le droit international humanitaire (DIH) en encourageant les \u00c9tats \u00e0 favoriser le respect universel du DIH, notamment la protection des civils et des travailleurs humanitaires.<p class=\"MsoNormal\" style=\"margin: 0cm; line-height: 15.693334px; font-size: 11pt; font-family: Calibri, sans-serif; white-space: normal; background-image: none; background-position: 0% 0%; background-size: auto; background-repeat: repeat; background-attachment: scroll; background-origin: padding-box; background-clip: border-box;\"><span lang=\"FR\"><\/span><\/p><\/p>\n\n\n\n<div style=\"height:30px\" aria-hidden=\"true\" class=\"wp-block-spacer\"><\/div>\n\n\n\n<p><strong>Prot\u00e9ger les civils contre le co\u00fbt humain potentiel des activit\u00e9s num\u00e9riques men\u00e9es dans les conflits arm\u00e9s<\/strong>:\u00a0face \u00e0 l\u2019escalade des risques de guerre num\u00e9rique, cette r\u00e9solution affirme avec force que l\u2019ensemble des \u00c9tats et des Soci\u00e9t\u00e9s de la Croix-Rouge et du Croissant-Rouge doit reconna\u00eetre le co\u00fbt humain potentiel des activit\u00e9s num\u00e9riques malveillantes et s\u2019engager \u00e0 prot\u00e9ger les civils et les infrastructures essentielles contre les cyberattaques.<p class=\"MsoNormal\" style=\"margin: 0cm; line-height: 15.693334px; font-size: 11pt; font-family: Calibri, sans-serif; white-space: normal; background-image: none; background-position: 0% 0%; background-size: auto; background-repeat: repeat; background-attachment: scroll; background-origin: padding-box; background-clip: border-box;\"><span lang=\"FR\"><\/span><\/p><\/p>\n\n\n\n<div style=\"height:30px\" aria-hidden=\"true\" class=\"wp-block-spacer\"><\/div>\n\n\n\n<p><strong>Renforcer la gouvernance des risques de catastrophe<\/strong>:\u00a0cette r\u00e9solution appelle \u00e0 mettre en place des cadres juridiques globaux afin d\u2019am\u00e9liorer la gestion des risques de catastrophe et de renforcer la r\u00e9silience mondiale face aux catastrophes.\u00a0<p class=\"MsoNormal\" style=\"margin: 0cm; line-height: 15.693334px; font-size: 11pt; font-family: Calibri, sans-serif; white-space: normal; background-image: none; background-position: 0% 0%; background-size: auto; background-repeat: repeat; background-attachment: scroll; background-origin: padding-box; background-clip: border-box;\"><span lang=\"FR\"><\/span><\/p><\/p>\n\n\n\n<div style=\"height:30px\" aria-hidden=\"true\" class=\"wp-block-spacer\"><\/div>\n\n\n\n<p><strong>Favoriser le leadership local dans le domaine humanitaire et renforcer la r\u00e9silience<\/strong>:\u00a0mettant l\u2019accent sur l\u2019appropriation locale, cette initiative encourage les r\u00e9ponses durables et communautaires aux crises en favorisant la participation des acteurs locaux aux efforts humanitaires.<p class=\"MsoNormal\" style=\"margin: 0cm; line-height: 15.693334px; font-size: 11pt; font-family: Calibri, sans-serif; white-space: normal; background-image: none; background-position: 0% 0%; background-size: auto; background-repeat: repeat; background-attachment: scroll; background-origin: padding-box; background-clip: border-box;\"><span lang=\"FR\"><\/span><\/p><\/p>\n\n\n\n<div style=\"height:30px\" aria-hidden=\"true\" class=\"wp-block-spacer\"><\/div>\n\n\n\n<p><strong>Prot\u00e9ger les personnes contre les cons\u00e9quences de la crise climatique sur le plan humanitaire<\/strong>:\u00a0face \u00e0 la menace croissante du changement climatique, cette r\u00e9solution appelle \u00e0 une action anticipative et \u00e0 une coop\u00e9ration mondiale pour att\u00e9nuer les cons\u00e9quences humanitaires des ph\u00e9nom\u00e8nes m\u00e9t\u00e9orologiques extr\u00eames sur les populations vuln\u00e9rables.\u00a0<p class=\"MsoNormal\" style=\"margin: 0cm; line-height: 15.693334px; font-size: 11pt; font-family: Calibri, sans-serif; white-space: normal; background-image: none; background-position: 0% 0%; background-size: auto; background-repeat: repeat; background-attachment: scroll; background-origin: padding-box; background-clip: border-box;\"><span lang=\"FR\"><\/span><\/p><\/p>\n\n\n\n<div style=\"height:30px\" aria-hidden=\"true\" class=\"wp-block-spacer\"><\/div>\n\n\n\n<p>Le Mouvement de la Croix-Rouge et du Croissant-Rouge s\u2019emploie depuis longtemps \u00e0 promouvoir le droit international humanitaire et l\u2019action humanitaire neutre et impartiale. Les conf\u00e9rences internationales pr\u00e9c\u00e9dentes ont permis de r\u00e9aliser des progr\u00e8s consid\u00e9rables, notamment en \u00e9laborant les Conventions de Gen\u00e8ve de\u00a01949, en d\u00e9finissant les principes de l\u2019action humanitaire reconnus au niveau mondial, en lan\u00e7ant la campagne internationale pour l\u2019interdiction des mines terrestres et en adoptant des lignes directrices pour les secours en cas de catastrophe. Les conf\u00e9rences r\u00e9centes ont abord\u00e9 des questions telles que la violence sexiste, la sant\u00e9 mentale et la pr\u00e9paration aux pand\u00e9mies. Cette ann\u00e9e, les r\u00e9solutions r\u00e9affirment l\u2019engagement du Mouvement \u00e0 s\u2019adapter et \u00e0 r\u00e9pondre \u00e0 l\u2019\u00e9volution des d\u00e9fis rencontr\u00e9s dans le domaine de l\u2019action humanitaire.\u00a0<\/p>\n\n\n\n<div style=\"height:30px\" aria-hidden=\"true\" class=\"wp-block-spacer\"><\/div>\n\n\n\n<p>Chaque discussion tenue \u00e0 la Conf\u00e9rence internationale de cette ann\u00e9e est un pas en avant en vue d\u2019all\u00e9ger les souffrances des personnes touch\u00e9es par les conflits, les catastrophes et les crises. Tout en r\u00e9fl\u00e9chissant aux succ\u00e8s obtenus et aux nouveaux d\u00e9fis \u00e0 relever, le Mouvement international de la Croix-Rouge et du Croissant-Rouge r\u00e9affirme l\u2019importance de cet espace apolitique pour favoriser la mise en \u0153uvre de solutions qui prot\u00e8gent la dignit\u00e9 et les droits de ces personnes.\u00a0<\/p>\n","protected":false},"excerpt":{"rendered":"<p>La Croix-Rouge et le Croissant-Rouge pr\u00e9sentent cinq r\u00e9solutions pour relever les d\u00e9fis humanitaires mondiaux \u00e0 leur XXXIVe Conf\u00e9rence Internationale Gen\u00e8ve (CICR\/F\u00e9d\u00e9ration internationale) \u2013 La XXXIVe Conf\u00e9rence internationale de la Croix-Rouge et du Croissant-Rouge, qui se tiendra du 28 au 31\u00a0octobre, r\u00e9unira les composantes de l\u2019un des plus vastes r\u00e9seaux humanitaires du monde, qui comprend 191\u00a0Soci\u00e9t\u00e9s [&hellip;]<\/p>\n","protected":false},"author":452,"featured_media":31653,"parent":23242,"menu_order":0,"comment_status":"closed","ping_status":"closed","template":"","meta":{"_acf_changed":false,"footnotes":""},"class_list":["post-31664","page","type-page","status-publish","has-post-thumbnail","hentry"],"acf":[],"_links":{"self":[{"href":"https:\/\/rcrcconference.org\/fr\/wp-json\/wp\/v2\/pages\/31664"}],"collection":[{"href":"https:\/\/rcrcconference.org\/fr\/wp-json\/wp\/v2\/pages"}],"about":[{"href":"https:\/\/rcrcconference.org\/fr\/wp-json\/wp\/v2\/types\/page"}],"author":[{"embeddable":true,"href":"https:\/\/rcrcconference.org\/fr\/wp-json\/wp\/v2\/users\/452"}],"replies":[{"embeddable":true,"href":"https:\/\/rcrcconference.org\/fr\/wp-json\/wp\/v2\/comments?post=31664"}],"version-history":[{"count":2,"href":"https:\/\/rcrcconference.org\/fr\/wp-json\/wp\/v2\/pages\/31664\/revisions"}],"predecessor-version":[{"id":31667,"href":"https:\/\/rcrcconference.org\/fr\/wp-json\/wp\/v2\/pages\/31664\/revisions\/31667"}],"up":[{"embeddable":true,"href":"https:\/\/rcrcconference.org\/fr\/wp-json\/wp\/v2\/pages\/23242"}],"wp:featuredmedia":[{"embeddable":true,"href":"https:\/\/rcrcconference.org\/fr\/wp-json\/wp\/v2\/media\/31653"}],"wp:attachment":[{"href":"https:\/\/rcrcconference.org\/fr\/wp-json\/wp\/v2\/media?parent=31664"}],"curies":[{"name":"wp","href":"https:\/\/api.w.org\/{rel}","templated":true}]}}