{"id":30088,"date":"2024-09-18T21:08:34","date_gmt":"2024-09-18T21:08:34","guid":{"rendered":"https:\/\/rcrcconference.org\/for-the-record-voices-from-the-conference\/"},"modified":"2024-11-12T16:10:31","modified_gmt":"2024-11-12T16:10:31","slug":"for-the-record-voices-from-the-conference","status":"publish","type":"page","link":"https:\/\/rcrcconference.org\/fr\/about-4\/34th-international-conference\/for-the-record-voices-from-the-conference\/","title":{"rendered":"\u00c9chos de la Conf\u00e9rence pour le proc\u00e8s-verbal"},"content":{"rendered":"\n<section class=\"wp-block-red-cross-block-red-cross-text-block about\"><div class=\"container\"><div class=\"about__inner\"><div class=\"about__title\"><h3><\/h3><\/div><div class=\"about__content\">Cette s\u00e9ance pl\u00e9ni\u00e8re offre aux membres de la Conf\u00e9rence (\u00c9tats, Soci\u00e9t\u00e9s nationales de la Croix-Rouge et du Croissant-Rouge, CICR et F\u00e9d\u00e9ration internationale) un espace pour d\u00e9livrer des d\u00e9clarations officielles sur les th\u00e8mes de la Conf\u00e9rence. Elle fait partie des s\u00e9ances pl\u00e9ni\u00e8res officielles de la Conf\u00e9rence, et les d\u00e9clarations qui y seront d\u00e9livr\u00e9es seront retranscrites dans le proc\u00e8s-verbal officiel de la r\u00e9union.<br\/><br\/>Le r\u00e8glement de la Conf\u00e9rence s\u2019applique. Les orateur-trice-s ne peuvent s\u2019engager dans des controverses d\u2019ordre politique, racial, religieux ou id\u00e9ologique.<\/div><\/div><\/div><\/section>\n","protected":false},"excerpt":{"rendered":"","protected":false},"author":408,"featured_media":29820,"parent":23242,"menu_order":0,"comment_status":"closed","ping_status":"closed","template":"","meta":{"_acf_changed":false,"footnotes":""},"class_list":["post-30088","page","type-page","status-publish","has-post-thumbnail","hentry"],"acf":[],"_links":{"self":[{"href":"https:\/\/rcrcconference.org\/fr\/wp-json\/wp\/v2\/pages\/30088"}],"collection":[{"href":"https:\/\/rcrcconference.org\/fr\/wp-json\/wp\/v2\/pages"}],"about":[{"href":"https:\/\/rcrcconference.org\/fr\/wp-json\/wp\/v2\/types\/page"}],"author":[{"embeddable":true,"href":"https:\/\/rcrcconference.org\/fr\/wp-json\/wp\/v2\/users\/408"}],"replies":[{"embeddable":true,"href":"https:\/\/rcrcconference.org\/fr\/wp-json\/wp\/v2\/comments?post=30088"}],"version-history":[{"count":8,"href":"https:\/\/rcrcconference.org\/fr\/wp-json\/wp\/v2\/pages\/30088\/revisions"}],"predecessor-version":[{"id":32943,"href":"https:\/\/rcrcconference.org\/fr\/wp-json\/wp\/v2\/pages\/30088\/revisions\/32943"}],"up":[{"embeddable":true,"href":"https:\/\/rcrcconference.org\/fr\/wp-json\/wp\/v2\/pages\/23242"}],"wp:featuredmedia":[{"embeddable":true,"href":"https:\/\/rcrcconference.org\/fr\/wp-json\/wp\/v2\/media\/29820"}],"wp:attachment":[{"href":"https:\/\/rcrcconference.org\/fr\/wp-json\/wp\/v2\/media?parent=30088"}],"curies":[{"name":"wp","href":"https:\/\/api.w.org\/{rel}","templated":true}]}}