{"id":26576,"date":"2024-04-22T13:19:12","date_gmt":"2024-04-22T13:19:12","guid":{"rendered":"https:\/\/rcrcconference.org\/about-4\/34th-international-conference\/election-of-the-standing-commission-of-the-red-cross-and-red-crescent\/"},"modified":"2024-11-08T18:19:36","modified_gmt":"2024-11-08T18:19:36","slug":"election-of-the-standing-commission-of-the-red-cross-and-red-crescent","status":"publish","type":"page","link":"https:\/\/rcrcconference.org\/fr\/about-4\/34th-international-conference\/election-of-the-standing-commission-of-the-red-cross-and-red-crescent\/","title":{"rendered":"Election de la Commission permanente de la Croix-Rouge et du Croissant-Rouge"},"content":{"rendered":"\n<section class=\"wp-block-red-cross-block-red-cross-text-block about\"><div class=\"container\"><div class=\"about__inner\"><div class=\"about__title\"><h3><\/h3><\/div><div class=\"about__content\">Le 29 octobre, le Comit\u00e9 \u00e9lectoral de la Commission permanente a approuv\u00e9 12 candidatures pour l&rsquo;\u00e9lection \u00e0 la Commission permanente et a ouvert le processus d&rsquo;\u00e9lection. La Commission a soulign\u00e9 que, lors de l&rsquo;\u00e9lection des cinq membres, les d\u00e9l\u00e9gu\u00e9s \u00e9taient invit\u00e9s \u00e0 tenir compte des qualit\u00e9s personnelles ainsi que d\u2019une r\u00e9partition g\u00e9ographique \u00e9quitable et d\u2019un juste \u00e9quilibre entre les genres, en veillant \u00e0 ce qu&rsquo;il y ait au moins deux femmes et deux hommes parmi les candidats.<br\/><br\/>\u00c0 l\u2019issue du vote, cinq nouveaux membres ont \u00e9t\u00e9 \u00e9lus\u00a0:<br\/><br\/><strong>Mme Mercedes Bab\u00e9<\/strong>\u00a0\u2013 Croix-Rouge espagnole<br\/><strong>M. George Kettaneh<\/strong>\u00a0\u2013 Croix-Rouge libanaise<br\/><strong>M. Wang<\/strong> <strong>Ping<\/strong>\u00a0\u2013 Croix-Rouge chinoise<br\/><strong>Mme Helen Durham<\/strong>\u00a0\u2013 Croix-Rouge australienne<br\/><strong>M. Sven Mollekleiv<\/strong>\u00a0\u2013 Croix-Rouge de Norv\u00e8ge<\/div><\/div><\/div><\/section>\n\n\n<section class=\"about\" style=\"; \">\n\t<div class=\"container\">\n\t\t<div class=\"about__inner\">\n\t\t\t\t\t\t\t<div class=\"about__title\">\n\t\t\t\t\t<h3><\/h3>\n\t\t\t\t<\/div>\n\t\t\t\t\t\t\t\t\t\t<ul class=\"accordion\">\n\t\t\t\t\t\t\t\t\t\t\t<li class=\"accordion__item\">\n\t\t\t\t\t\t\t<div class=\"accordion__title\">\n\t\t\t\t\t\t\t\t<h4>Fonctions et composition de la Commission permanente   <\/h4>\n\t\t\t\t\t\t\t<\/div>\n\t\t\t\t\t\t\t<div class=\"accordion__content\">\n\t\t\t\t\t\t\t\tLes <a href=\"https:\/\/standcom.ch\/statutes-and-rules-of-procedure\/\">Statuts du Mouvement international de la Croix-Rouge et du Croissant-Rouge<\/a> d\u00e9finissent la Commission permanente (\u00ab la Commission \u00bb) comme \u00ab <em>le mandataire de la Conf\u00e9rence internationale entre deux Conf\u00e9rences pour exercer les attributions mentionn\u00e9es \u00e0 l\u2019article 18<\/em> \u00bb. <br> \u00a0<br>En outre, les Statuts du Mouvement \u00e9tablissent que la Commission permanente doit comprendre neuf membres : <br><div class=\"redcross_list-block\"><ul><li> cinq membres de Soci\u00e9t\u00e9s nationales diff\u00e9rentes, chacun \u00e9lu \u00e0 titre personnel par la Conf\u00e9rence internationale ;<\/li><li> deux repr\u00e9sentants du CICR, dont le pr\u00e9sident ; <\/li><li> deux repr\u00e9sentants de la F\u00e9d\u00e9ration internationale, dont le pr\u00e9sident. <\/li><\/ul> <br> \u00a0<br>Visiter le site web de la Commission permanente: <a href=\"http:\/\/www.standcom.ch\">www.standcom.ch<\/a> \t\t\t\t\t\t\t<\/div>\n\t\t\t\t\t\t<\/li>\n\t\t\t\t\t\t\t\t\t\t\t<li class=\"accordion__item\">\n\t\t\t\t\t\t\t<div class=\"accordion__title\">\n\t\t\t\t\t\t\t\t<h4>Information sur les candidatures<\/h4>\n\t\t\t\t\t\t\t<\/div>\n\t\t\t\t\t\t\t<div class=\"accordion__content\">\n\t\t\t\t\t\t\t\tLes candidats doivent \u00eatre des membres d\u2019une Soci\u00e9t\u00e9 nationale du Mouvement international de la Croix-Rouge et du Croissant-Rouge. Ils sont pri\u00e9s de <strong>remplir et nous renvoyer le formulaire de candidature en annexe<\/strong>. Vous trouverez en outre ci-dessous des informations d\u00e9taill\u00e9es sur les fonctions de la Commission permanente et sur les conditions que ses membres et les candidats \u00e0 son \u00e9lection doivent remplir, notamment <a href=\"https:\/\/rcrcconference.org\/app\/uploads\/2019\/12\/CD19-R4-Standing-Commission-election_Adopted_FR.pdf\"><strong>les Lignes directrices relatives aux candidats<\/strong>,<\/a> adopt\u00e9es par le Conseil des D\u00e9l\u00e9gu\u00e9s de 2019 au titre de sa r\u00e9solution\u00a04.<br> \u00a0<br>Nous encourageons fortement les candidats \u00e0 <strong>soumettre leur candidature au Comit\u00e9 \u00e9lectoral<a> <\/a>au moins soixante jours avant l\u2019ouverture de la Conf\u00e9rence internationale, c\u2019est-\u00e0-dire d\u2019ici au 29 ao\u00fbt 2024 <\/strong>afin que le processus \u00e9lectoral se d\u00e9roule dans les meilleures conditions.\u00a0 Nous rappelons toutefois que, conform\u00e9ment \u00e0 l\u2019article 21 du R\u00e8glement du Mouvement, les candidatures \u00e0 la Commission permanente peuvent \u00eatre remises au pr\u00e9sident du Bureau de la Conf\u00e9rence quarante-huit heures avant l\u2019ouverture de la s\u00e9ance au cours de laquelle l\u2019\u00e9lection doit avoir lieu, c\u2019est-\u00e0-dire d\u2019ici au 28 Octobre 2024. Nous encourageons aussi vivement tous les candidats \u00e0 lire attentivement les <strong><a rel=\"noreferrer noopener\" aria-label=\"normes de campagne (opens in a new tab)\" href=\"https:\/\/rcrcconference.org\/app\/uploads\/2024\/04\/SC-Election_Campaign-Standards_endorsed_FR.pdf\" target=\"_blank\">normes de campagne<\/a><\/strong>\u00a0et \u00e0 les respecter.<br> \u00a0<br>Les membres de la Commission permanente sont <strong>\u00e9lus \u00e0 titre personnel<\/strong>. Il est demand\u00e9 aux membres de la XXXIV<sup>e<\/sup>\u00a0Conf\u00e9rence internationale de prendre en compte, lors de l\u2019\u00e9lection des cinq membres de la Commission permanente, les qualit\u00e9s personnelles des candidats ainsi que le principe d\u2019une <strong>r\u00e9partition g\u00e9ographique \u00e9quitable<\/strong> et d\u2019un <strong>juste<\/strong> <strong>\u00e9quilibre entre hommes et femmes<\/strong>, notamment en choisissant au moins deux femmes et deux hommes parmi les candidats.<br> \u00a0<br> \u00a0<br><strong>Proc\u00e9dure de d\u00e9p\u00f4t des candidatures<\/strong><br> \u00a0<br>Pour \u00eatre valable, toute candidature doit \u00eatre soumise dans l\u2019une des quatre langues de travail de la Conf\u00e9rence et contenir l\u2019ensemble des documents suivants, d\u00fbment compl\u00e9t\u00e9s et sign\u00e9s\u00a0:<br><div class=\"redcross_list-block\"><ul><li>le <strong><a rel=\"noreferrer noopener\" aria-label=\"formulaire de candidature (opens in a new tab)\" href=\"https:\/\/rcrcconference.org\/app\/uploads\/2024\/04\/SC-Election_AA_Nomination-Form_2024_FINAL_FR.docx\" target=\"_blank\">formulaire de candidature<\/a><\/strong><a> <\/a>\u00e0 l\u2019\u00e9lection 2024 \u00e0 la Commission permanente,<\/li><li>la <a rel=\"noreferrer noopener\" aria-label=\"d\u00e9claration de candidature  (opens in a new tab)\" href=\"https:\/\/rcrcconference.org\/app\/uploads\/2024\/04\/SC-Election_Annex1_Statement-of-candidacy_FINAL_FR.docx\" target=\"_blank\"><strong>d\u00e9claration de candidature<\/strong> <\/a>(annexe\u00a01),<\/li><li>la <strong><a rel=\"noreferrer noopener\" aria-label=\"d\u00e9claration d\u2019int\u00e9grit\u00e9 (opens in a new tab)\" href=\"https:\/\/rcrcconference.org\/app\/uploads\/2024\/04\/SC-Election_Annex2_Declaration-of-integrity_FINAL_FR.docx\" target=\"_blank\">d\u00e9claration d\u2019int\u00e9grit\u00e9<\/a><\/strong><a> <\/a>(annexe\u00a02), et<\/li><li><strong><a rel=\"noreferrer noopener\" aria-label=\"l\u2019attestation d\u2019appartenance et d\u2019int\u00e9grit\u00e9 (opens in a new tab)\" href=\"https:\/\/rcrcconference.org\/app\/uploads\/2024\/04\/SC-Election_Annex3_NS-Membership-Integrity-Attestation_FINAL_FR.docx\" target=\"_blank\">l\u2019attestation d\u2019appartenance et d\u2019int\u00e9grit\u00e9<\/a><\/strong> \u00e9tablie par la Soci\u00e9t\u00e9 nationale du candidat (annexe\u00a03). <\/li><\/ul>  <br> \u00a0<br>Le formulaire de candidature et les trois annexes susmentionn\u00e9es sont \u00e0 envoyer au Comit\u00e9 \u00e9lectoral\u00a0:<br><div class=\"redcross_list-block\"><ul><li>soit par courriel, \u00e0 l\u2019adresse\u00a0: <a href=\"mailto:election@standcom.ch\">election@standcom.ch<\/a>,<\/li><li>soit par courrier postal \u00e0\u00a0: c\/o Secr\u00e9tariat de la Commission permanente de la Croix-Rouge et du Croissant-Rouge, 19 avenue de la Paix, 1202 Gen\u00e8ve, Suisse. <\/li><\/ul>  \t\t\t\t\t\t\t<\/div>\n\t\t\t\t\t\t<\/li>\n\t\t\t\t\t\t\t\t\t\t\t<li class=\"accordion__item\">\n\t\t\t\t\t\t\t<div class=\"accordion__title\">\n\t\t\t\t\t\t\t\t<h4>Liste des candidats<\/h4>\n\t\t\t\t\t\t\t<\/div>\n\t\t\t\t\t\t\t<div class=\"accordion__content\">\n\t\t\t\t\t\t\t\tVeuillez trouver la liste actuelle des<br>candidats confirm\u00e9s par le Comit\u00e9 \u00e9lectoral \u00e0 ce jour (par ordre de r\u00e9ception).<br>Cliquez sur le nom pour ouvrir le formulaire de nomination.<br><br><div class=\"redcross_list-block\"><ul><li><a href=\"https:\/\/rcrcconference.org\/app\/uploads\/2024\/09\/Candidate02_G-Kettaneh_LebaneseRCS-dossier-FR.pdf\" target=\"_blank\" rel=\"noreferrer noopener\"><strong>M. George Kettaneh<\/strong><\/a>, Croix-Rouge libanaise<\/li><li><a href=\"https:\/\/rcrcconference.org\/app\/uploads\/2024\/09\/Candidate03_FM-Al-Emadi_QatarRC-dossier-FR.pdf\" target=\"_blank\" rel=\"noreferrer noopener\"><strong>M. Faisal Al-Emadi<\/strong><\/a>, Croissant-Rouge du Qatar<\/li><li><strong><a href=\"https:\/\/rcrcconference.org\/app\/uploads\/2024\/09\/Candidate04_GF-Nangale_TanzaniaRC-dossier-FR.pdf\" target=\"_blank\" rel=\"noreferrer noopener\">M. George Francis Nangale<\/a>,<\/strong> Croix-Rouge nationale de Tanzanie<\/li><li><a href=\"https:\/\/rcrcconference.org\/app\/uploads\/2024\/09\/Candidate05_M-Babe-Romero_SpanishRC-dossier-FR.pdf\" target=\"_blank\" rel=\"noreferrer noopener\"><strong>Mme. Mercedes Bab\u00e9 Romero<\/strong><\/a>, Croix-Rouge espagnole<\/li><li><strong><a href=\"https:\/\/rcrcconference.org\/app\/uploads\/2024\/10\/Candidate08_S-Mollekleiv_NorwegianRC-FR.pdf\" target=\"_blank\" rel=\"noreferrer noopener\">M. Sven Mollekleiv<\/a><\/strong>, Croix-Rouge de Norv\u00e8ge<\/li><li><a href=\"https:\/\/rcrcconference.org\/app\/uploads\/2024\/09\/Candidate09_J-F-Moreno_ColombianRC-FR.pdf\" target=\"_blank\" rel=\"noreferrer noopener\"><strong>M. Juvenal Francisco Moreno Carillo<\/strong><\/a>, Soci\u00e9t\u00e9 de la Croix-Rouge colombienne<\/li><li><strong><a href=\"https:\/\/rcrcconference.org\/app\/uploads\/2024\/09\/Candidate10_W-Ping_ChinaRCS-FR.pdf\" target=\"_blank\" rel=\"noreferrer noopener\">M. Wang Ping<\/a><\/strong>, Croix-Rouge chinoise <\/li><li><strong><a href=\"https:\/\/rcrcconference.org\/app\/uploads\/2024\/10\/Candidate06_A-da-Soares-Carvalho_CapVertRCS-dossier-FR.pdf\" target=\"_blank\" rel=\"noreferrer noopener\">Mr. Arlindo Soares de Carvalho<\/a><\/strong>, Croix-Rouge du Cap Vert <\/li><li><strong><a href=\"https:\/\/rcrcconference.org\/app\/uploads\/2024\/10\/Candidate14_B_Ba_SenegalRC-FR.pdf\" target=\"_blank\" rel=\"noreferrer noopener\">Mme. Bafou Ba<\/a><\/strong>, Croix-Rouge Senegalaise<\/li><li><strong><a href=\"https:\/\/rcrcconference.org\/app\/uploads\/2024\/10\/Candidate15_E-Solis_PanamaRC-FR.pdf\" target=\"_blank\" rel=\"noreferrer noopener\">M. El\u00edas Ricardo Sol\u00eds Gonz\u00e1lez<\/a>, <\/strong>Croix-Rouge du Panama<\/li><li><a href=\"https:\/\/rcrcconference.org\/app\/uploads\/2024\/10\/Candidate16_H_Durham_AustralianRC-FR.pdf\" target=\"_blank\" rel=\"noreferrer noopener\"><strong>Mme. Helen Durham<\/strong>,<\/a> Croix-Rouge australienne <\/li><li><strong><a href=\"https:\/\/rcrcconference.org\/app\/uploads\/2024\/10\/Candidate17_S_Dickson_GrenadaRC-FR.pdf\" target=\"_blank\" rel=\"noreferrer noopener\">Mme. Samantha G. Dickson<\/a><\/strong>, Croix-Rouge de la Grenade <\/li><\/ul><br><br>Les formulaires de candidature seront traduits dans les quatre langues de travail de la Conf\u00e9rence et ils seront publi\u00e9s au fur et \u00e0 mesure dans cette section, une fois l\u2019\u00e9ligibilit\u00e9 des candidats confirm\u00e9e. <br><br>Le Bureau de la Conf\u00e9rence internationale fera \u00e9galement circuler toutes les candidatures au moins 24\u00a0heures avant l\u2019\u00e9lection. \t\t\t\t\t\t\t<\/div>\n\t\t\t\t\t\t<\/li>\n\t\t\t\t\t\t\t\t\t\t\t<li class=\"accordion__item\">\n\t\t\t\t\t\t\t<div class=\"accordion__title\">\n\t\t\t\t\t\t\t\t<h4>Proc\u00e9dure de l\u2019\u00e9lection<\/h4>\n\t\t\t\t\t\t\t<\/div>\n\t\t\t\t\t\t\t<div class=\"accordion__content\">\n\t\t\t\t\t\t\t\tSelon le programme et l\u2019ordre du jour provisoire de la Conf\u00e9rence internationale, les \u00e9lections auront lieu le 30 octobre 2024. On proc\u00e9dera \u00e0 un vote \u00e9lectronique. Une rencontre informelle avec les candidats sera organis\u00e9e le 29 octobre 2024.<br> \u00a0<br>Vous pouvez vous r\u00e9f\u00e9rer aux  <strong><a rel=\"noreferrer noopener\" aria-label=\"Guide pour l\u2019\u00e9lection de la Commission permanente (opens in a new tab)\" href=\"https:\/\/rcrcconference.org\/app\/uploads\/2024\/04\/SC-Election-2024_Guidance_FINAL_FR.pdf\" target=\"_blank\">Guide pour l\u2019\u00e9lection de la Commission permanente<\/a>.    <\/strong><br> \u00a0<br>*Des informations compl\u00e9mentaires sur la proc\u00e9dure de l\u2019\u00e9lection seront fournies avant la XXXIVe Conf\u00e9rence internationale.*\u00a0 \t\t\t\t\t\t\t<\/div>\n\t\t\t\t\t\t<\/li>\n\t\t\t\t\t\t\t\t\t<\/ul>\n\t\t\t\t\t<\/div>\n\t<\/div>\n<\/section>\n","protected":false},"excerpt":{"rendered":"","protected":false},"author":408,"featured_media":1870,"parent":23242,"menu_order":0,"comment_status":"closed","ping_status":"closed","template":"","meta":{"_acf_changed":false,"footnotes":""},"class_list":["post-26576","page","type-page","status-publish","has-post-thumbnail","hentry"],"acf":[],"_links":{"self":[{"href":"https:\/\/rcrcconference.org\/fr\/wp-json\/wp\/v2\/pages\/26576"}],"collection":[{"href":"https:\/\/rcrcconference.org\/fr\/wp-json\/wp\/v2\/pages"}],"about":[{"href":"https:\/\/rcrcconference.org\/fr\/wp-json\/wp\/v2\/types\/page"}],"author":[{"embeddable":true,"href":"https:\/\/rcrcconference.org\/fr\/wp-json\/wp\/v2\/users\/408"}],"replies":[{"embeddable":true,"href":"https:\/\/rcrcconference.org\/fr\/wp-json\/wp\/v2\/comments?post=26576"}],"version-history":[{"count":22,"href":"https:\/\/rcrcconference.org\/fr\/wp-json\/wp\/v2\/pages\/26576\/revisions"}],"predecessor-version":[{"id":32917,"href":"https:\/\/rcrcconference.org\/fr\/wp-json\/wp\/v2\/pages\/26576\/revisions\/32917"}],"up":[{"embeddable":true,"href":"https:\/\/rcrcconference.org\/fr\/wp-json\/wp\/v2\/pages\/23242"}],"wp:featuredmedia":[{"embeddable":true,"href":"https:\/\/rcrcconference.org\/fr\/wp-json\/wp\/v2\/media\/1870"}],"wp:attachment":[{"href":"https:\/\/rcrcconference.org\/fr\/wp-json\/wp\/v2\/media?parent=26576"}],"curies":[{"name":"wp","href":"https:\/\/api.w.org\/{rel}","templated":true}]}}