{"id":25075,"date":"2025-12-15T09:04:14","date_gmt":"2025-12-15T09:04:14","guid":{"rendered":"https:\/\/rcrcconference.org\/?page_id=25075"},"modified":"2025-12-15T18:09:32","modified_gmt":"2025-12-15T18:09:32","slug":"documents-2026-council-of-delegates","status":"publish","type":"page","link":"https:\/\/rcrcconference.org\/fr\/about-2\/test-cod-26\/documents-2026-council-of-delegates\/","title":{"rendered":"Documents &#8211; Conseil des D\u00e9l\u00e9gu\u00e9s de 2026"},"content":{"rendered":"<section class=\"about\" style=\"; \">\n\t<div class=\"container\">\n\t\t<div class=\"about__inner\">\n\t\t\t\t\t\t\t<div class=\"about__title\">\n\t\t\t\t\t<h3>Documents pour consultation avec les membres de Conseil<\/h3>\n\t\t\t\t<\/div>\n\t\t\t\t\t\t\t\t\t\t<ul class=\"accordion\">\n\t\t\t\t\t\t\t\t\t\t\t<li class=\"accordion__item\">\n\t\t\t\t\t\t\t<div class=\"accordion__title\">\n\t\t\t\t\t\t\t\t<h4>\u00c9l\u00e9ments possibles de r\u00e9solutions<\/h4>\n\t\t\t\t\t\t\t<\/div>\n\t\t\t\t\t\t\t<div class=\"accordion__content\">\n\t\t\t\t\t\t\t\t<em>(Les Soci\u00e9t\u00e9s nationales auront jusqu\u2019au <strong>6\u00a0f\u00e9vrier\u00a02026<\/strong> pour soumettre leurs commentaires au sujet des \u00e9l\u00e9ments possibles des r\u00e9solutions propos\u00e9es.)<br><br><\/em><strong><\/strong> <strong><a class=\"redcross_document_link-block\" href=\"https:\/\/rcrcconference.org\/app\/uploads\/2025\/12\/CoD26-HAT-Draft-Elements-FR.pdf\" data-type=\"link\" data-id=\"https:\/\/rcrcconference.org\/app\/uploads\/2025\/12\/CoD26-HAT-Draft-Elements-FR.pdf\" target=\"_blank\" rel=\"noreferrer noopener\">La redevabilit\u00e9 humanitaire \u00e0 l\u2019heure des technologies\u00a0:<br>veiller \u00e0 ce que les principes humanitaires guident notre utilisation des<br>technologies num\u00e9riques<\/a> <br> <a class=\"redcross_document_link-block\" href=\"https:\/\/rcrcconference.org\/app\/uploads\/2025\/12\/CoD26_Urban_Resilience_Draft-elements-resolution-FR.pdf\" target=\"_blank\" rel=\"noreferrer noopener\">Renforcer la r\u00e9silience des communaut\u00e9s urbaines\u00a0:  principes d\u2019action<\/a> <br> <a class=\"redcross_document_link-block\" href=\"https:\/\/rcrcconference.org\/app\/uploads\/2025\/12\/CoD26-Harmful-information-Draft-Elements-FR.pdf\" data-type=\"link\" data-id=\"https:\/\/rcrcconference.org\/app\/uploads\/2025\/12\/CoD26-Harmful-information-Draft-Elements-FR.pdf\" target=\"_blank\" rel=\"noreferrer noopener\">Renforcer la pr\u00e9paration strat\u00e9gique et op\u00e9rationnelle<br>du Mouvement face \u00e0 la diffusion d\u2019informations pr\u00e9judiciables dans les<br>contextes humanitaires<\/a> <\/strong>\t\t\t\t\t\t\t<\/div>\n\t\t\t\t\t\t<\/li>\n\t\t\t\t\t\t\t\t\t<\/ul>\n\t\t\t\t\t<\/div>\n\t<\/div>\n<\/section>\n\n\n\n<div style=\"height:100px\" aria-hidden=\"true\" class=\"wp-block-spacer\"><\/div>\n\n\n\n<div style=\"height:100px\" aria-hidden=\"true\" class=\"wp-block-spacer\"><\/div>\n","protected":false},"excerpt":{"rendered":"","protected":false},"author":1,"featured_media":23357,"parent":34360,"menu_order":0,"comment_status":"closed","ping_status":"closed","template":"page-anchor-menu.php","meta":{"_acf_changed":false,"footnotes":""},"class_list":["post-25075","page","type-page","status-publish","has-post-thumbnail","hentry"],"acf":[],"_links":{"self":[{"href":"https:\/\/rcrcconference.org\/fr\/wp-json\/wp\/v2\/pages\/25075"}],"collection":[{"href":"https:\/\/rcrcconference.org\/fr\/wp-json\/wp\/v2\/pages"}],"about":[{"href":"https:\/\/rcrcconference.org\/fr\/wp-json\/wp\/v2\/types\/page"}],"author":[{"embeddable":true,"href":"https:\/\/rcrcconference.org\/fr\/wp-json\/wp\/v2\/users\/1"}],"replies":[{"embeddable":true,"href":"https:\/\/rcrcconference.org\/fr\/wp-json\/wp\/v2\/comments?post=25075"}],"version-history":[{"count":5,"href":"https:\/\/rcrcconference.org\/fr\/wp-json\/wp\/v2\/pages\/25075\/revisions"}],"predecessor-version":[{"id":35788,"href":"https:\/\/rcrcconference.org\/fr\/wp-json\/wp\/v2\/pages\/25075\/revisions\/35788"}],"up":[{"embeddable":true,"href":"https:\/\/rcrcconference.org\/fr\/wp-json\/wp\/v2\/pages\/34360"}],"wp:featuredmedia":[{"embeddable":true,"href":"https:\/\/rcrcconference.org\/fr\/wp-json\/wp\/v2\/media\/23357"}],"wp:attachment":[{"href":"https:\/\/rcrcconference.org\/fr\/wp-json\/wp\/v2\/media?parent=25075"}],"curies":[{"name":"wp","href":"https:\/\/api.w.org\/{rel}","templated":true}]}}