{"id":24863,"date":"2023-07-27T12:36:33","date_gmt":"2023-07-27T12:36:33","guid":{"rendered":"https:\/\/rcrcconference.org\/?page_id=24863"},"modified":"2026-03-24T13:48:14","modified_gmt":"2026-03-24T13:48:14","slug":"documents-conseil-des-delegues-de-2024","status":"publish","type":"page","link":"https:\/\/rcrcconference.org\/fr\/about-2\/conseil-des-delegues-de-2022-dup\/documents-conseil-des-delegues-de-2024\/","title":{"rendered":"Documents &#8211; Conseil des D\u00e9l\u00e9gu\u00e9s de 2024"},"content":{"rendered":"\n<div style=\"height:72px\" aria-hidden=\"true\" class=\"wp-block-spacer\"><\/div>\n\n\n<div class=\"anchor__menu-title\" role=\"presentation\">\n\t<div class=\"container\">\t\t\t<h2 class=\"anchor__menu-h2\">Documents officiels <\/h2>\n\t\t<\/div><\/div>\n\n\n<section class=\"accordion-block\" style=\"background-color: #ffffff; color: #8C8C8C\" role=\"region\" aria-label=\"Pedges accordion block\">\n\t\t\t\t<ul class=\"accordion\">\n\t\t\t\t\t\t\t<li class=\"accordion__item\">\n\t\t\t\t\t<div class=\"accordion__title\" role=\"button\" aria-expanded=\"false\" aria-label=\"Ordre du jour et programme\">\n\t\t\t\t\t\t<h3 class=\"accordion__title-h4\">Ordre du jour et programme<\/h3>\n\t\t\t\t\t<\/div>\n\t\t\t\t\t<div class=\"accordion__content\" role=\"region\" hidden>\n\t\t\t\t\t\t<a class=\"redcross_document_link-block\" href=\"https:\/\/rcrcconference.org\/app\/uploads\/2025\/08\/CoD24_03-adoopted-agenda-Programme-FR-1.pdf\" target=\"_blank\" rel=\"noreferrer noopener\">Ordre du jour et programme du Conseil des D\u00e9l\u00e9gu\u00e9s de 2024 (CD\/24\/3)<\/a>\t\t\t\t\t<\/div>\n\t\t\t\t<\/li>\n\t\t\t\t\t\t\t<li class=\"accordion__item\">\n\t\t\t\t\t<div class=\"accordion__title\" role=\"button\" aria-expanded=\"false\" aria-label=\"R\u00e9solutions adopt\u00e9es\">\n\t\t\t\t\t\t<h3 class=\"accordion__title-h4\">R\u00e9solutions adopt\u00e9es<\/h3>\n\t\t\t\t\t<\/div>\n\t\t\t\t\t<div class=\"accordion__content\" role=\"region\" hidden>\n\t\t\t\t\t\tR\u00e9solution 1: <strong>La protection au sein du Mouvement : renforcer notre impact collectif pour mieux prot\u00e9ger les personnes<\/strong>\u00a0<br><a class=\"redcross_document_link-block\" href=\"https:\/\/rcrcconference.org\/app\/uploads\/2024\/10\/CoD24_R1-Res-Protection-FR.pdf\" target=\"_blank\" rel=\"noreferrer noopener\">R\u00e9solution adopt\u00e9e (CD\/24\/R1)<\/a>\u00a0<br><a class=\"redcross_document_link-block\" href=\"https:\/\/rcrcconference.org\/app\/uploads\/2024\/09\/CoD24_4-Background-Doc-Protection-FR.pdf\" target=\"_blank\" rel=\"noreferrer noopener\">Document de r\u00e9f\u00e9rence (CD\/24\/4)<\/a><br><br>R\u00e9solution 2: <strong>Strat\u00e9gie 2024-2030 du Mouvement international de la Croix-Rouge et du Croissant-Rouge relative \u00e0 la migration\u00a0<\/strong><br><a class=\"redcross_document_link-block\" href=\"https:\/\/rcrcconference.org\/app\/uploads\/2024\/10\/CoD24_R2-Res-Migration-FR.pdf\" target=\"_blank\" rel=\"noreferrer noopener\">R\u00e9solution adopt\u00e9e (CD\/24\/R2)<\/a>\u00a0<br><a class=\"redcross_document_link-block\" href=\"https:\/\/rcrcconference.org\/app\/uploads\/2024\/09\/CoD24_5-Migration-Background-document-FR.pdf\" target=\"_blank\" rel=\"noreferrer noopener\">Document de r\u00e9f\u00e9rence (CD\/24\/5)<\/a><br><br>R\u00e9solution 3: <strong>Les armes et le droit international humanitaire<\/strong>\u00a0<br><a class=\"redcross_document_link-block\" href=\"https:\/\/rcrcconference.org\/app\/uploads\/2024\/10\/CoD24_R3-Res-Weapons-and-IHL-FR.pdf\" target=\"_blank\" rel=\"noreferrer noopener\">R\u00e9solution adopt\u00e9e (CD\/24\/R3)<\/a>\u00a0<br><a class=\"redcross_document_link-block\" href=\"https:\/\/rcrcconference.org\/app\/uploads\/2024\/09\/CoD24_6-Background-Doc-Weapons-and-IHL-FR.pdf\" target=\"_blank\" rel=\"noreferrer noopener\">Document de r\u00e9f\u00e9rence (CD\/24\/6)<\/a><br><br>R\u00e9solution 4: <strong>Mise en \u0153uvre du Protocole d\u2019accord et de l\u2019Accord sur des arrangements op\u00e9rationnels, dat\u00e9s du 28 novembre 2005, entre le Magen David Adom d\u2019Isra\u00ebl et le Croissant-Rouge palestinien<\/strong><br><a class=\"redcross_document_link-block\" href=\"https:\/\/rcrcconference.org\/app\/uploads\/2026\/03\/CoD24_R4-Res-MoU-FR.pdf\" data-type=\"link\" data-id=\"https:\/\/rcrcconference.org\/app\/uploads\/2026\/03\/CoD24_R4-Res-MoU-FR.pdf\" target=\"_blank\" rel=\"noreferrer noopener\">R\u00e9solution adopt\u00e9e (CD\/24\/R4)<\/a>\u00a0<br><a class=\"redcross_document_link-block\" href=\"https:\/\/rcrcconference.org\/app\/uploads\/2024\/10\/CoD24_11-Report-MoU-FR.pdf\" target=\"_blank\" rel=\"noreferrer noopener\">Rapport<\/a><br><br>R\u00e9solution 5: <strong>Appel \u00e0 respecter et soutenir l\u2019action humanitaire fond\u00e9e sur des principes<\/strong>\u00a0<br><a class=\"redcross_document_link-block\" href=\"https:\/\/rcrcconference.org\/app\/uploads\/2024\/10\/CoD24_R5-Res-NIIHA-FR.pdf\" target=\"_blank\" rel=\"noreferrer noopener\">R\u00e9solution adopt\u00e9e (CD\/24\/R5)<\/a><br><a class=\"redcross_document_link-block\" href=\"https:\/\/rcrcconference.org\/app\/uploads\/2024\/09\/CoD24_8-Background-Doc-NIIHA-FR.pdf\" target=\"_blank\" rel=\"noreferrer noopener\">Document de r\u00e9f\u00e9rence (CD\/24\/8)<\/a><br><br>R\u00e9solution 6: <strong>Prolongation jusqu\u2019en 2030 de la Strat\u00e9gie 2020-2025 de r\u00e9tablissement des liens familiaux pour le Mouvement international de la Croix-Rouge et du Croissant-Rouge<\/strong><br><a class=\"redcross_document_link-block\" href=\"https:\/\/rcrcconference.org\/app\/uploads\/2024\/10\/CoD24_R6-RFL-FR.pdf\" target=\"_blank\" rel=\"noreferrer noopener\">R\u00e9solution adopt\u00e9e (CD\/24\/R6)<\/a><br><a class=\"redcross_document_link-block\" href=\"https:\/\/rcrcconference.org\/app\/uploads\/2024\/09\/CoD24_9-Background-Doc-RFL-FR.pdf\" target=\"_blank\" rel=\"noreferrer noopener\">Document de r\u00e9f\u00e9rence (CD\/24\/9)<\/a><br><br>R\u00e9solution 7: <strong>R\u00e9affirmer le r\u00f4le du Mouvement en tant que facteur de paix\u00a0<\/strong><br><a class=\"redcross_document_link-block\" href=\"https:\/\/rcrcconference.org\/app\/uploads\/2024\/10\/CoD24_R7-Res-Peace-FR.pdf\" target=\"_blank\" rel=\"noreferrer noopener\">R\u00e9solution adopt\u00e9e (CD\/24\/R7)<\/a><br><a class=\"redcross_document_link-block\" href=\"https:\/\/rcrcconference.org\/app\/uploads\/2024\/09\/CoD24_10-Peace-and-resilience-Background-document-FR.pdf\" target=\"_blank\" rel=\"noreferrer noopener\">Document de r\u00e9f\u00e9rence (CD\/24\/10)<\/a><br><br>R\u00e9solution 8: <strong>La guerre en milieu urbain: Appel solennel du Mouvement international de la Croix-Rouge et du Croissant-Rouge<\/strong><br><a class=\"redcross_document_link-block\" href=\"https:\/\/rcrcconference.org\/app\/uploads\/2024\/10\/CoD24_R8-War-in-Cities-FR.pdf\" target=\"_blank\" rel=\"noreferrer noopener\">R\u00e9solution adopt\u00e9e (CD\/24\/R8)<\/a><br><a class=\"redcross_document_link-block\" href=\"https:\/\/rcrcconference.org\/app\/uploads\/2024\/09\/CoD24_7-Background-Doc-War-in-cities-FR.pdf\" target=\"_blank\" rel=\"noreferrer noopener\">Document de r\u00e9f\u00e9rence (CD\/24\/7)<\/a><br><br>R\u00e9solution 9: <strong>Travaux de la Commission permanente de la Croix-Rouge et du Croissant-Rouge<\/strong><br><a class=\"redcross_document_link-block\" href=\"https:\/\/rcrcconference.org\/app\/uploads\/2024\/10\/CoD24_R9-Res-Work-of-the-SC-FR.pdf\" target=\"_blank\" rel=\"noreferrer noopener\">R\u00e9solution adopt\u00e9e (CD\/24\/R9)<\/a><br><a class=\"redcross_document_link-block\" href=\"https:\/\/rcrcconference.org\/app\/uploads\/2024\/09\/CoD24_12-Progress-Report-SC-FR.pdf\" target=\"_blank\" rel=\"noreferrer noopener\">Rapport int\u00e9rimaire (CD\/24\/12)<\/a>\t\t\t\t\t<\/div>\n\t\t\t\t<\/li>\n\t\t\t\t\t\t\t<li class=\"accordion__item\">\n\t\t\t\t\t<div class=\"accordion__title\" role=\"button\" aria-expanded=\"false\" aria-label=\"Rapports de suivi et rapports int\u00e9rimaires\">\n\t\t\t\t\t\t<h3 class=\"accordion__title-h4\">Rapports de suivi et rapports int\u00e9rimaires<\/h3>\n\t\t\t\t\t<\/div>\n\t\t\t\t\t<div class=\"accordion__content\" role=\"region\" hidden>\n\t\t\t\t\t\t<a class=\"redcross_document_link-block\" href=\"https:\/\/rcrcconference.org\/app\/uploads\/2024\/09\/CoD24-Progress-Report-SA2.0-FR.pdf\" target=\"_blank\" rel=\"noreferrer noopener\">Rapport sur la r\u00e9solution 8 du Conseil des D\u00e9l\u00e9gu\u00e9s de 2022\u202f: Accord sur la coordination au sein du Mouvement pour un impact collectif renforc\u00e9 (Accord de S\u00e9ville 2.0) (CD\/24\/13)<\/a>     <a class=\"redcross_document_link-block\" href=\"https:\/\/rcrcconference.org\/app\/uploads\/2024\/09\/CoD24-Progress-Report-SA2.0-Annex-FR.pdf\">Annexe<\/a>    <br><br>\u00a0<br><a class=\"redcross_document_link-block\" href=\"https:\/\/rcrcconference.org\/app\/uploads\/2024\/09\/CoD24_15-Anticipatory-action-progress-report-FR.pdf\" target=\"_blank\" rel=\"noreferrer noopener\">Rapport sur la r\u00e9solution 2 du Conseil des D\u00e9l\u00e9gu\u00e9s de 2022\u202f: Renforcer l\u2019action anticipative au sein du Mouvement\u202f: la voie \u00e0 suivre (CD\/24\/15)<\/a><br>\u00a0<br><a class=\"redcross_document_link-block\" href=\"https:\/\/rcrcconference.org\/app\/uploads\/2026\/03\/CoD24_16-Progress-Report-War-in-Cities-FR.pdf\" data-type=\"link\" data-id=\"https:\/\/rcrcconference.org\/app\/uploads\/2026\/03\/CoD24_16-Progress-Report-War-in-Cities-FR.pdf\" target=\"_blank\" rel=\"noreferrer noopener\">Rapport sur la r\u00e9solution 6 du Conseil des D\u00e9l\u00e9gu\u00e9s de 2022\u202f: La guerre en milieu urbain (CD\/24\/16)<\/a><br>\u00a0<br><a class=\"redcross_document_link-block\" href=\"https:\/\/rcrcconference.org\/app\/uploads\/2024\/09\/CoD24_17-Progress-Report-Nuclear-weapons-FR.pdf\" target=\"_blank\" rel=\"noreferrer noopener\">Rapport sur la r\u00e9solution 7 du Conseil des D\u00e9l\u00e9gu\u00e9s de 2022\u202f: Vers l\u2019\u00e9limination des armes nucl\u00e9aires\u202f: plan d\u2019action 2022-2027 (CD\/24\/17)<\/a><br>\u00a0<br><a class=\"redcross_document_link-block\" href=\"https:\/\/rcrcconference.org\/app\/uploads\/2024\/09\/CoD24_18-Urban-resilience-progress-report-FR.pdf\" target=\"_blank\" rel=\"noreferrer noopener\">Rapport sur la r\u00e9solution 11 du Conseil des D\u00e9l\u00e9gu\u00e9s de 2022\u202f: Renforcer la r\u00e9silience des communaut\u00e9s urbaines\u202f: la voie \u00e0 suivre (CD\/24\/18)<\/a><br>\u00a0<br><a class=\"redcross_document_link-block\" href=\"https:\/\/rcrcconference.org\/app\/uploads\/2024\/09\/CoD24_19-Progress-report-humanitarian-data-FR.pdf\" target=\"_blank\" rel=\"noreferrer noopener\">Rapport sur la r\u00e9solution 12 du Conseil des D\u00e9l\u00e9gu\u00e9s de 2022\u202f: La protection des donn\u00e9es humanitaires (CD\/24\/19)<\/a><br>\u00a0<br><a class=\"redcross_document_link-block\" href=\"https:\/\/rcrcconference.org\/app\/uploads\/2024\/09\/CoD24_20-Progress-Report-Resource-Mob-FR.pdf\" target=\"_blank\" rel=\"noreferrer noopener\">Rapport sur la r\u00e9solution 2 du Conseil des D\u00e9l\u00e9gu\u00e9s de 2017\u202f: Principes relatifs \u00e0 la mobilisation de ressources pour l\u2019ensemble du Mouvement (CD\/24\/20)<\/a><br>\u00a0<br><a class=\"redcross_document_link-block\" href=\"https:\/\/rcrcconference.org\/app\/uploads\/2024\/09\/CoD24_21-SMCC-progress-report-FR.pdf\" target=\"_blank\" rel=\"noreferrer noopener\">Rapport final sur le Renforcement de la coordination et de la coop\u00e9ration au sein du Mouvement (RCCM 2.0) (CD\/24\/21)<\/a><br>\u00a0<br><a class=\"redcross_document_link-block\" href=\"https:\/\/rcrcconference.org\/app\/uploads\/2024\/09\/CoD24_22-Integrity-statement-report-FR.pdf\" target=\"_blank\" rel=\"noreferrer noopener\">Rapport sur la r\u00e9solution 2 du Conseil des D\u00e9l\u00e9gu\u00e9s de 2019\u202f: D\u00e9claration du Mouvement international de la Croix-Rouge et du Croissant-Rouge sur l\u2019int\u00e9grit\u00e9 (CD\/24\/22)<\/a><br>\u00a0<br><a class=\"redcross_document_link-block\" href=\"https:\/\/rcrcconference.org\/app\/uploads\/2024\/09\/CoD24_23-Progress-Report-RFL-FR.pdf\" target=\"_blank\" rel=\"noreferrer noopener\">Rapport int\u00e9rimaire sur la r\u00e9solution 6 du Conseil des D\u00e9l\u00e9gu\u00e9s de 2019\u202f: R\u00e9tablissement des liens familiaux : Strat\u00e9gie 2020-2025 pour le Mouvement international de la Croix-Rouge et du Croissant-Rouge (CD\/24\/23)<\/a><br>\u00a0<br><a class=\"redcross_document_link-block\" href=\"https:\/\/rcrcconference.org\/app\/uploads\/2025\/08\/CoD24_24-EmpressShokenFund-report-with-annexs-FR.pdf\" target=\"_blank\" rel=\"noreferrer noopener\">Rapport de la Commission paritaire du Fonds de l\u2019Imp\u00e9ratrice Sh\u00f4ken (CD\/24\/24)<\/a><br>\u00a0<br><a class=\"redcross_document_link-block\" href=\"https:\/\/rcrcconference.org\/app\/uploads\/2024\/09\/CoD24_25-JSC-report-FR.pdf\" target=\"_blank\" rel=\"noreferrer noopener\">Rapport sur la r\u00e9solution 3 du Conseil des D\u00e9l\u00e9gu\u00e9s de 2019\u202f: Approche du Mouvement visant \u00e0 renforcer les bases statutaires et constitutives des Soci\u00e9t\u00e9s nationales et les cadres compl\u00e9mentaires (CD\/24\/25)<\/a>\t\t\t\t\t<\/div>\n\t\t\t\t<\/li>\n\t\t\t\t\t<\/ul>\n\t<\/section>\n\n\n\n<div style=\"height:100px\" aria-hidden=\"true\" class=\"wp-block-spacer\"><\/div>\n","protected":false},"excerpt":{"rendered":"","protected":false},"author":1,"featured_media":1894,"parent":24853,"menu_order":0,"comment_status":"closed","ping_status":"closed","template":"page-anchor-menu.php","meta":{"_acf_changed":false,"footnotes":""},"class_list":["post-24863","page","type-page","status-publish","has-post-thumbnail","hentry"],"acf":[],"_links":{"self":[{"href":"https:\/\/rcrcconference.org\/fr\/wp-json\/wp\/v2\/pages\/24863"}],"collection":[{"href":"https:\/\/rcrcconference.org\/fr\/wp-json\/wp\/v2\/pages"}],"about":[{"href":"https:\/\/rcrcconference.org\/fr\/wp-json\/wp\/v2\/types\/page"}],"author":[{"embeddable":true,"href":"https:\/\/rcrcconference.org\/fr\/wp-json\/wp\/v2\/users\/1"}],"replies":[{"embeddable":true,"href":"https:\/\/rcrcconference.org\/fr\/wp-json\/wp\/v2\/comments?post=24863"}],"version-history":[{"count":58,"href":"https:\/\/rcrcconference.org\/fr\/wp-json\/wp\/v2\/pages\/24863\/revisions"}],"predecessor-version":[{"id":36359,"href":"https:\/\/rcrcconference.org\/fr\/wp-json\/wp\/v2\/pages\/24863\/revisions\/36359"}],"up":[{"embeddable":true,"href":"https:\/\/rcrcconference.org\/fr\/wp-json\/wp\/v2\/pages\/24853"}],"wp:featuredmedia":[{"embeddable":true,"href":"https:\/\/rcrcconference.org\/fr\/wp-json\/wp\/v2\/media\/1894"}],"wp:attachment":[{"href":"https:\/\/rcrcconference.org\/fr\/wp-json\/wp\/v2\/media?parent=24863"}],"curies":[{"name":"wp","href":"https:\/\/api.w.org\/{rel}","templated":true}]}}