{"id":24853,"date":"2023-07-27T14:51:56","date_gmt":"2023-07-27T14:51:56","guid":{"rendered":"https:\/\/rcrcconference.org\/?page_id=24853"},"modified":"2024-08-27T11:53:26","modified_gmt":"2024-08-27T11:53:26","slug":"conseil-des-delegues-de-2022-dup","status":"publish","type":"page","link":"https:\/\/rcrcconference.org\/fr\/about-2\/conseil-des-delegues-de-2022-dup\/","title":{"rendered":"Conseil des D\u00e9l\u00e9gu\u00e9s de 2024"},"content":{"rendered":"\n<section class=\"wp-block-red-cross-block-red-cross-text-block about\"><div class=\"container\"><div class=\"about__inner\"><div class=\"about__title\"><h3><\/h3><\/div><div class=\"about__content\">Conseil des D\u00e9l\u00e9gu\u00e9s de 2024, 27-28 octobre 2024, Gen\u00e8ve (Suisse)<\/div><\/div><\/div><\/section>\n\n\n<section class=\"icon__links\">\n\t<div class=\"container\">\t\t<div class=\"icon__links-blocks\">\n\t\t\t\t\t\t\t\t<div class=\"icon__links-blocks-block\">\n\t\t\t\t\t\t<a href=\"https:\/\/rcrcconference.org\/fr\/about-2\/2022-conseil-des-delegues\/documents-conseil-des-delegues-de-2024\/\">\n\t\t\t\t\t\t\t<div class=\"icon__links-blocks-block-content\">\n\t\t\t\t\t\t\t\t\t\t\t\t\t\t\t\t\t\t\t\t\t\t\t\t\t\t\t\t\t\t\t\t\t\t\t\t<div class=\"icon__links-blocks-block-img\">\n\t\t\t\t\t\t\t\t\t\t\t<img decoding=\"async\" src=\"https:\/\/rcrcconference.org\/app\/uploads\/2024\/08\/Frame-2606.svg\" alt=\"Documents\">\n\t\t\t\t\t\t\t\t\t\t<\/div>\n\t\t\t\t\t\t\t\t\t\t\t\t\t\t\t\t\t\t\t\t\t\t\t\t\t<h4>Documents<\/h4>\n\t\t\t\t\t\t\t<\/div>\n\t\t\t\t\t\t<\/a>\n\t\t\t\t\t<\/div>\n\t\t\t\t\t\t<\/div>\n\t<\/div><\/section>\n\n\n\n<div style=\"height:100px\" aria-hidden=\"true\" class=\"wp-block-spacer\"><\/div>\n\n\n\n<div style=\"height:100px\" aria-hidden=\"true\" class=\"wp-block-spacer\"><\/div>\n\n\n\n<div style=\"height:100px\" aria-hidden=\"true\" class=\"wp-block-spacer\"><\/div>\n","protected":false},"excerpt":{"rendered":"","protected":false},"author":1,"featured_media":28557,"parent":2032,"menu_order":0,"comment_status":"closed","ping_status":"closed","template":"","meta":{"_acf_changed":false,"footnotes":""},"class_list":["post-24853","page","type-page","status-publish","has-post-thumbnail","hentry"],"acf":[],"_links":{"self":[{"href":"https:\/\/rcrcconference.org\/fr\/wp-json\/wp\/v2\/pages\/24853"}],"collection":[{"href":"https:\/\/rcrcconference.org\/fr\/wp-json\/wp\/v2\/pages"}],"about":[{"href":"https:\/\/rcrcconference.org\/fr\/wp-json\/wp\/v2\/types\/page"}],"author":[{"embeddable":true,"href":"https:\/\/rcrcconference.org\/fr\/wp-json\/wp\/v2\/users\/1"}],"replies":[{"embeddable":true,"href":"https:\/\/rcrcconference.org\/fr\/wp-json\/wp\/v2\/comments?post=24853"}],"version-history":[{"count":6,"href":"https:\/\/rcrcconference.org\/fr\/wp-json\/wp\/v2\/pages\/24853\/revisions"}],"predecessor-version":[{"id":28568,"href":"https:\/\/rcrcconference.org\/fr\/wp-json\/wp\/v2\/pages\/24853\/revisions\/28568"}],"up":[{"embeddable":true,"href":"https:\/\/rcrcconference.org\/fr\/wp-json\/wp\/v2\/pages\/2032"}],"wp:featuredmedia":[{"embeddable":true,"href":"https:\/\/rcrcconference.org\/fr\/wp-json\/wp\/v2\/media\/28557"}],"wp:attachment":[{"href":"https:\/\/rcrcconference.org\/fr\/wp-json\/wp\/v2\/media?parent=24853"}],"curies":[{"name":"wp","href":"https:\/\/api.w.org\/{rel}","templated":true}]}}