{"id":2477,"date":"2019-05-23T09:25:43","date_gmt":"2019-05-23T09:25:43","guid":{"rendered":"https:\/\/rcrcconference.org\/previous-conferences\/"},"modified":"2025-06-30T10:31:25","modified_gmt":"2025-06-30T10:31:25","slug":"previous-conferences","status":"publish","type":"page","link":"https:\/\/rcrcconference.org\/fr\/about-4\/previous-conferences\/","title":{"rendered":"Pr\u00e9c\u00e9dentes Conf\u00e9rences internationales"},"content":{"rendered":"<section class=\"events\">\n    <div class=\"container\">\n        <ul class=\"events__list\">\n                                                <li class=\"event\">\n                        <div class=\"event__pic\">\n                            <img decoding=\"async\" src=\"https:\/\/rcrcconference.org\/app\/uploads\/2019\/05\/15795597040_a95d86bdb4_o.jpg\" alt=\"\">\n                        <\/div>\n                                                    <span class=\"event__subtitle\">\n                                            2015                                        <\/span>\n                                                                            <div class=\"event__title\">\n                                <h2>XXXII<sup>e<\/sup> Conf\u00e9rence internationale<\/h2>\n                            <\/div>\n                                                                            <a href=\"https:\/\/rcrcconference.org\/fr\/about-4\/previous-conferences\/32nd-international-conference\/\" class=\"button secondary\">\n                                Consulter cette page                            <\/a>\n                                            <\/li>\n                                                                <li class=\"event\">\n                        <div class=\"event__pic\">\n                            <img decoding=\"async\" src=\"https:\/\/rcrcconference.org\/app\/uploads\/2019\/05\/V-P-LB-E-01496.png\" alt=\"\">\n                        <\/div>\n                                                    <span class=\"event__subtitle\">\n                                            2011                                        <\/span>\n                                                                            <div class=\"event__title\">\n                                <h2>XXXI<sup>e<\/sup> Conf\u00e9rence internationale<\/h2>\n                            <\/div>\n                                                                            <a href=\"https:\/\/rcrcconference.org\/fr\/about-4\/previous-conferences\/31st-international-conference\/\" class=\"button secondary\">\n                                Consulter cette page                            <\/a>\n                                            <\/li>\n                                    <\/ul>\n    <\/div>\n<\/section>\n\n\n<section class=\"accordion-block\" style=\"background-color: #ffffff; color: #000000\" role=\"region\" aria-label=\"Pedges accordion block\">\n\t\t\t<div class=\"accordion-block__title\" role=\"heading\" aria-level=\"3\">\n\t\t\t<h3>Mise en ligne des documents des pr\u00e9c\u00e9dentes r\u00e9unions statutaires<\/h3>\n\t\t<\/div>\n\t\t\t\t<ul class=\"accordion\">\n\t\t\t\t\t\t\t<li class=\"accordion__item\">\n\t\t\t\t\t<div class=\"accordion__title\" role=\"button\" aria-expanded=\"false\" aria-label=\"Mise en ligne des documents des pr\u00e9c\u00e9dentes r\u00e9unions statutaires\">\n\t\t\t\t\t\t<h3 class=\"accordion__title-h4\">Mise en ligne des documents des pr\u00e9c\u00e9dentes r\u00e9unions statutaires<\/h3>\n\t\t\t\t\t<\/div>\n\t\t\t\t\t<div class=\"accordion__content\" role=\"region\" hidden>\n\t\t\t\t\t\tLes travaux, rapports et r\u00e9solutions des pr\u00e9c\u00e9dentes \u00e9ditions du Conseil des D\u00e9l\u00e9gu\u00e9s et de la Conf\u00e9rence internationale, depuis la premi\u00e8re en 1863, sont disponibles \u00e0 l\u2019adresse <a aria-label=\"blogs.icrc.org\/cross-files\/fr\/conferences-internationales\/ (opens in a new tab)\" rel=\"noreferrer noopener\" href=\"http:\/\/blogs.icrc.org\/cross-files\/fr\/conferences-internationales\/\" target=\"_blank\"><strong>blogs.icrc.org\/cross-files\/fr\/conferences-internationales\/<\/strong><\/a>.<br> Pour en savoir plus sur le r\u00f4le majeur que les r\u00e9unions statutaires ont jou\u00e9 dans l\u2019histoire du Mouvement et l\u2019action humanitaire, parcourez <a href=\"https:\/\/cdn.knightlab.com\/libs\/timeline3\/latest\/embed\/index.html?source=1G3644RrKN4e6n9T2XWetSXYtFz2gGLiGKeJcANfP9Gw&amp;font=Default&amp;lang=en&amp;initial_zoom=2&amp;height=650\" target=\"_blank\" rel=\"noreferrer noopener\" aria-label=\" (opens in a new tab)\"><strong>la frise chronologique<\/strong><\/a> \u00e9labor\u00e9e par la biblioth\u00e8que du CICR.\t\t\t\t\t<\/div>\n\t\t\t\t<\/li>\n\t\t\t\t\t<\/ul>\n\t<\/section>\n","protected":false},"excerpt":{"rendered":"","protected":false},"author":1,"featured_media":259,"parent":1921,"menu_order":0,"comment_status":"closed","ping_status":"closed","template":"","meta":{"_acf_changed":false,"footnotes":""},"class_list":["post-2477","page","type-page","status-publish","has-post-thumbnail","hentry"],"acf":[],"_links":{"self":[{"href":"https:\/\/rcrcconference.org\/fr\/wp-json\/wp\/v2\/pages\/2477"}],"collection":[{"href":"https:\/\/rcrcconference.org\/fr\/wp-json\/wp\/v2\/pages"}],"about":[{"href":"https:\/\/rcrcconference.org\/fr\/wp-json\/wp\/v2\/types\/page"}],"author":[{"embeddable":true,"href":"https:\/\/rcrcconference.org\/fr\/wp-json\/wp\/v2\/users\/1"}],"replies":[{"embeddable":true,"href":"https:\/\/rcrcconference.org\/fr\/wp-json\/wp\/v2\/comments?post=2477"}],"version-history":[{"count":4,"href":"https:\/\/rcrcconference.org\/fr\/wp-json\/wp\/v2\/pages\/2477\/revisions"}],"predecessor-version":[{"id":11390,"href":"https:\/\/rcrcconference.org\/fr\/wp-json\/wp\/v2\/pages\/2477\/revisions\/11390"}],"up":[{"embeddable":true,"href":"https:\/\/rcrcconference.org\/fr\/wp-json\/wp\/v2\/pages\/1921"}],"wp:featuredmedia":[{"embeddable":true,"href":"https:\/\/rcrcconference.org\/fr\/wp-json\/wp\/v2\/media\/259"}],"wp:attachment":[{"href":"https:\/\/rcrcconference.org\/fr\/wp-json\/wp\/v2\/media?parent=2477"}],"curies":[{"name":"wp","href":"https:\/\/api.w.org\/{rel}","templated":true}]}}