{"id":2437,"date":"2019-05-23T06:05:26","date_gmt":"2019-05-23T06:05:26","guid":{"rendered":"https:\/\/rcrcconference.org\/council-of-delegates\/2013-council-of-delegates\/"},"modified":"2024-08-25T15:00:20","modified_gmt":"2024-08-25T15:00:20","slug":"2013-council-of-delegates","status":"publish","type":"page","link":"https:\/\/rcrcconference.org\/fr\/about-2\/previous-council-of-delegates\/2013-council-of-delegates\/","title":{"rendered":"Conseil des D\u00e9l\u00e9gu\u00e9s de 2013"},"content":{"rendered":"\n<section class=\"wp-block-red-cross-block-red-cross-text-block about\"><div class=\"container\"><div class=\"about__inner\"><div class=\"about__title\"><h3>R\u00e9sultats du Conseil des D\u00e9l\u00e9gu\u00e9s de 2013<\/h3><\/div><div class=\"about__content\"><a href=\"http:\/\/preprod.rcrcconference.org\/wp-content\/uploads\/2015\/03\/2013-Council-of-Delegates-resolution-booklet-FR.pdf\" target=\"_blank\" rel=\"noreferrer noopener\">Les r\u00e9solutions du Conseil des D\u00e9l\u00e9gu\u00e9s de 2013<\/a><\/div><\/div><\/div><\/section>\n","protected":false},"excerpt":{"rendered":"","protected":false},"author":1,"featured_media":1870,"parent":2496,"menu_order":0,"comment_status":"closed","ping_status":"closed","template":"","meta":{"_acf_changed":false,"footnotes":""},"class_list":["post-2437","page","type-page","status-publish","has-post-thumbnail","hentry"],"acf":[],"_links":{"self":[{"href":"https:\/\/rcrcconference.org\/fr\/wp-json\/wp\/v2\/pages\/2437"}],"collection":[{"href":"https:\/\/rcrcconference.org\/fr\/wp-json\/wp\/v2\/pages"}],"about":[{"href":"https:\/\/rcrcconference.org\/fr\/wp-json\/wp\/v2\/types\/page"}],"author":[{"embeddable":true,"href":"https:\/\/rcrcconference.org\/fr\/wp-json\/wp\/v2\/users\/1"}],"replies":[{"embeddable":true,"href":"https:\/\/rcrcconference.org\/fr\/wp-json\/wp\/v2\/comments?post=2437"}],"version-history":[{"count":2,"href":"https:\/\/rcrcconference.org\/fr\/wp-json\/wp\/v2\/pages\/2437\/revisions"}],"predecessor-version":[{"id":8944,"href":"https:\/\/rcrcconference.org\/fr\/wp-json\/wp\/v2\/pages\/2437\/revisions\/8944"}],"up":[{"embeddable":true,"href":"https:\/\/rcrcconference.org\/fr\/wp-json\/wp\/v2\/pages\/2496"}],"wp:featuredmedia":[{"embeddable":true,"href":"https:\/\/rcrcconference.org\/fr\/wp-json\/wp\/v2\/media\/1870"}],"wp:attachment":[{"href":"https:\/\/rcrcconference.org\/fr\/wp-json\/wp\/v2\/media?parent=2437"}],"curies":[{"name":"wp","href":"https:\/\/api.w.org\/{rel}","templated":true}]}}