{"id":2416,"date":"2019-05-23T05:54:53","date_gmt":"2019-05-23T05:54:53","guid":{"rendered":"https:\/\/rcrcconference.org\/council-of-delegates\/2015-council-of-delegates\/"},"modified":"2024-08-25T14:50:53","modified_gmt":"2024-08-25T14:50:53","slug":"2015-council-of-delegates","status":"publish","type":"page","link":"https:\/\/rcrcconference.org\/fr\/about-2\/previous-council-of-delegates\/2015-council-of-delegates\/","title":{"rendered":"Conseil des D\u00e9l\u00e9gu\u00e9s de 2015"},"content":{"rendered":"\n<div style=\"height:100px\" aria-hidden=\"true\" class=\"wp-block-spacer\"><\/div>\n\n\n<div class=\"anchor__menu-title\" role=\"presentation\">\n\t<div class=\"container\">\t\t\t<h2 class=\"anchor__menu-h2\">R\u00e9solutions et rapports<\/h2>\n\t\t<\/div><\/div>\n\n\n<section class=\"accordion-block\" style=\"background-color: #ffffff; color: #A0A0A0\" role=\"region\" aria-label=\"Pedges accordion block\">\n\t\t\t\t<ul class=\"accordion\">\n\t\t\t\t\t\t\t<li class=\"accordion__item\">\n\t\t\t\t\t<div class=\"accordion__title\" role=\"button\" aria-expanded=\"false\" aria-label=\"R\u00e9solutions adopt\u00e9es\">\n\t\t\t\t\t\t<h3 class=\"accordion__title-h4\">R\u00e9solutions adopt\u00e9es<\/h3>\n\t\t\t\t\t<\/div>\n\t\t\t\t\t<div class=\"accordion__content\" role=\"region\" hidden>\n\t\t\t\t\t\t<a rel=\"noreferrer noopener\" href=\"http:\/\/rcrcconference.org\/wp-content\/uploads\/2015\/04\/CD15-AR-SMCC_FR.pdf\" target=\"_blank\">R\u00e9solution 1 : Renforcement de la coordination et de la coop\u00e9ration au sein du Mouvement\u00a0<\/a>(CD\/15\/R1)<br><a rel=\"noreferrer noopener\" href=\"http:\/\/rcrcconference.org\/wp-content\/uploads\/2015\/04\/CoD15_SMCC_report-FINAL-FR.pdf\" target=\"_blank\">Rapport int\u00e9rimaire 2015<\/a>\u00a0(CD\/15\/5)<br><br><a rel=\"noreferrer noopener\" href=\"http:\/\/rcrcconference.org\/wp-content\/uploads\/2015\/04\/CD15-AR-MBI-adoption-of-the-Mvt-logo_FR.pdf\" target=\"_blank\">R\u00e9solution 2 : Initiative du Mouvement international de la Croix-Rouge et du Croissant-Rouge relative \u00e0 la marque \u2013 Adoption du logo du Mouvement international de la Croix-Rouge et du Croissant-Rouge<\/a> (CD\/15\/R2)<br><a rel=\"noreferrer noopener\" href=\"http:\/\/rcrcconference.org\/wp-content\/uploads\/2017\/02\/CD15-Report-Movement-Branding-Initiative-adoption-of-the-Mvt-logo_FR.pdf\" target=\"_blank\">Rapport int\u00e9rimaire et document de r\u00e9f\u00e9rence 2015<\/a>\u00a0(CD\/15\/6)<br><br><a rel=\"noreferrer noopener\" href=\"http:\/\/rcrcconference.org\/wp-content\/uploads\/2015\/04\/CD15-R3-message-to-WHS_FR.pdf\" target=\"_blank\">R\u00e9solution 3 : Le message du Mouvement international de la Croix-Rouge et du Croissant-Rouge au Sommet humanitaire mondia<\/a><a rel=\"noreferrer noopener\" href=\"http:\/\/rcconf.sbk3011.com\/wp-content\/uploads\/2015\/10\/CD15-DR-and-report-Movement-Branding-Initiative-adoption-of-the-Mvt-logo_FR.pdf\" target=\"_blank\">l<\/a>\u00a0(CD\/15\/R3)<br><br><a rel=\"noreferrer noopener\" href=\"http:\/\/rcrcconference.org\/wp-content\/uploads\/2015\/04\/CoD15_Res-4-disability-resolution-FINAL-FR.pdf\" target=\"_blank\">R\u00e9solution 4 : Adoption du Cadre strat\u00e9gique pour l\u2019int\u00e9gration du handicap par le Mouvement international de la Croix-Rouge et du Croissant-Rouge<\/a>\u00a0(CD\/15\/R4)<br><a rel=\"noreferrer noopener\" href=\"http:\/\/rcrcconference.org\/wp-content\/uploads\/2015\/04\/CoD15_disability_report-FINAL-FR.pdf\" target=\"_blank\">Document de r\u00e9f\u00e9rence 2015<\/a>\u00a0(CD\/15\/9)<br><br><a rel=\"noreferrer noopener\" href=\"http:\/\/rcrcconference.org\/wp-content\/uploads\/2015\/04\/CoD15_Res-5-cultural-heritage-FINAL-FR.pdf\" target=\"_blank\">R\u00e9solution 5 : Pr\u00e9servation du patrimoine historique et culturel du Mouvement international de la Croix-Rouge et du Croissant-Rouge\u00a0<\/a>(CD\/15\/R5)<br><a rel=\"noreferrer noopener\" href=\"http:\/\/rcrcconference.org\/wp-content\/uploads\/2015\/04\/CoD15_heritage-report-FINAL_FR.pdf\" target=\"_blank\">Rapport de r\u00e9f\u00e9rence 2015<\/a>\u00a0(CD\/15\/10)<br><br><a rel=\"noreferrer noopener\" href=\"http:\/\/rcrcconference.org\/wp-content\/uploads\/2015\/04\/CoD15_Res-6-Empress-Shoken-Fund-FINAL-FR.pdf\" target=\"_blank\">R\u00e9solution 6 : Commission paritaire du Fonds de l\u2019Imp\u00e9ratrice Sh\u00f4ken : r\u00e9vision du R\u00e8glement du Fonds de l\u2019Imp\u00e9ratrice Sh\u00f4ken\u00a0<\/a>(CD\/15\/R6)<br><a rel=\"noreferrer noopener\" href=\"http:\/\/rcrcconference.org\/wp-content\/uploads\/2015\/04\/COD2015_ESF-Report-final_final-annex-FR.pdf\" target=\"_blank\">Rapport 2015<\/a>\u00a0(CD\/15\/11)<br><br><a rel=\"noreferrer noopener\" href=\"http:\/\/rcrcconference.org\/wp-content\/uploads\/2015\/04\/CoD15-Res-7-Migration-FINAL-FR.pdf\" target=\"_blank\">R\u00e9solution 7 : D\u00e9claration du Mouvement sur la migration : assurer une action collective pour prot\u00e9ger les migrants et r\u00e9pondre \u00e0 leurs besoins et \u00e0 leurs vuln\u00e9rabilit\u00e9s<\/a>\u00a0(CD\/15\/R7)<br><br><a rel=\"noreferrer noopener\" href=\"http:\/\/rcrcconference.org\/wp-content\/uploads\/2015\/04\/32IC-AR-agenda-and-programme_FR.pdf\" target=\"_blank\">R\u00e9solution 8 : XXXIIe Conf\u00e9rence internationale de la Croix-Rouge et du Croissant-Rouge \u2013 Ordre du jour et programme<\/a>\u00a0(CD\/15\/R8)<br><br><a rel=\"noreferrer noopener\" href=\"http:\/\/rcrcconference.org\/wp-content\/uploads\/2015\/04\/CoD15-Res-9-32IC-officers_FR.pdf\" target=\"_blank\">R\u00e9solution 9 : Proposition de candidats aux postes de responsables de la XXXIIe Conf\u00e9rence internationale de la Croix-Rouge et du Croissant-Rouge<\/a>\u00a0(CD\/15\/R9)<br><br><a rel=\"noreferrer noopener\" href=\"http:\/\/rcrcconference.org\/wp-content\/uploads\/2015\/04\/CD15-AR-on-the-MoU_FR.pdf\" target=\"_blank\">R\u00e9solution 10 : Mise en oeuvre du Protocole d\u2019accord et de l\u2019Accord sur des arrangements op\u00e9rationnels dat\u00e9s du 28 novembre 2005 entre le Croissant-Rouge palestinien et le Magen David Adom d\u2019Isra\u00ebl<\/a> (CD\/15\/R10)<br><a rel=\"noreferrer noopener\" href=\"http:\/\/rcrcconference.org\/wp-content\/uploads\/2015\/04\/32IC-MoU-Report_FR.pdf\" target=\"_blank\">Rapport 2015<\/a>\u00a0(CD\/15\/8rev1)<br><br><a rel=\"noreferrer noopener\" href=\"http:\/\/rcrcconference.org\/wp-content\/uploads\/2015\/04\/CD15-AR-Vision-for-the-Movement_FR.pdf\" target=\"_blank\">R\u00e9solution 11 : La Vision du Mouvement international de la Croix-Rouge et du Croissant-Rouge<\/a> (CD\/15\/R11) \t\t\t\t\t<\/div>\n\t\t\t\t<\/li>\n\t\t\t\t\t\t\t<li class=\"accordion__item\">\n\t\t\t\t\t<div class=\"accordion__title\" role=\"button\" aria-expanded=\"false\" aria-label=\"Rapports\">\n\t\t\t\t\t\t<h3 class=\"accordion__title-h4\">Rapports<\/h3>\n\t\t\t\t\t<\/div>\n\t\t\t\t\t<div class=\"accordion__content\" role=\"region\" hidden>\n\t\t\t\t\t\t<a rel=\"noreferrer noopener\" href=\"http:\/\/rcrcconference.org\/wp-content\/uploads\/2015\/10\/CD15-Progress-report-on-Nuclear-weapons_FR.pdf\" target=\"_blank\">Rapport int\u00e9rimaire sur les progr\u00e8s \u00ab Vers l\u2019\u00e9limination des armes nucl\u00e9aires \u2013 Plan d\u2019action quadriennal \u00bb<\/a>\u00a0(CD\/15\/13)<br><a rel=\"noreferrer noopener\" href=\"http:\/\/rcrcconference.org\/wp-content\/uploads\/2015\/10\/CD15-Progress-report-on-Weapons-and-IHL_FR.pdf\" target=\"_blank\">Rapport sur \u00ab Les armes et le droit international humanitaire \u00bb<\/a>\u00a0(CD\/15\/14)<br><a rel=\"noreferrer noopener\" href=\"http:\/\/rcrcconference.org\/wp-content\/uploads\/2015\/10\/CD15-Report-on-Sexual-and-gender-based-violence_FR.pdf\" target=\"_blank\">Rapport int\u00e9rimaire sur \u00ab La violence sexuelle et la violence sexiste dans les situations de conflit arm\u00e9 et de catastrophe \u00bb<\/a>\u00a0(CD\/15\/15)<br><a rel=\"noreferrer noopener\" href=\"http:\/\/rcrcconference.org\/wp-content\/uploads\/2015\/10\/CD15_JSC-report_FINAL-FR.pdf\" target=\"_blank\">Rapport sur \u00ab Le renforcement des textes statutaires et juridiques fondamentaux des Soci\u00e9t\u00e9s nationales de la Croix-Rouge et du Croissant-Rouge (ao\u00fbt 2013 \u2013 juillet 2015)<\/a>\u00a0(CD\/15\/16)<br><a rel=\"noreferrer noopener\" href=\"http:\/\/rcrcconference.org\/wp-content\/uploads\/2015\/04\/CD15-Progress-report-Restoring-Family-Links-Strategy_FR.pdf\" target=\"_blank\">Rapport int\u00e9rimaire sur la Strat\u00e9gie de r\u00e9tablissement des liens familiaux pour le Mouvement international de la Croix-Rouge et du Croissant-Rouge (2012-2015)<\/a>\u00a0(CD\/15\/17)<br><a rel=\"noreferrer noopener\" href=\"http:\/\/rcrcconference.org\/wp-content\/uploads\/2015\/10\/CD15-Report-on-the-work-of-the-Standing-Commission_FR.pdf\" target=\"_blank\">Rapport sur les travaux de la Commission permanente<\/a>\u00a0(CD\/15\/18) \t\t\t\t\t<\/div>\n\t\t\t\t<\/li>\n\t\t\t\t\t<\/ul>\n\t<\/section>\n","protected":false},"excerpt":{"rendered":"","protected":false},"author":1,"featured_media":1751,"parent":2496,"menu_order":0,"comment_status":"closed","ping_status":"closed","template":"","meta":{"_acf_changed":false,"footnotes":""},"class_list":["post-2416","page","type-page","status-publish","has-post-thumbnail","hentry"],"acf":[],"_links":{"self":[{"href":"https:\/\/rcrcconference.org\/fr\/wp-json\/wp\/v2\/pages\/2416"}],"collection":[{"href":"https:\/\/rcrcconference.org\/fr\/wp-json\/wp\/v2\/pages"}],"about":[{"href":"https:\/\/rcrcconference.org\/fr\/wp-json\/wp\/v2\/types\/page"}],"author":[{"embeddable":true,"href":"https:\/\/rcrcconference.org\/fr\/wp-json\/wp\/v2\/users\/1"}],"replies":[{"embeddable":true,"href":"https:\/\/rcrcconference.org\/fr\/wp-json\/wp\/v2\/comments?post=2416"}],"version-history":[{"count":12,"href":"https:\/\/rcrcconference.org\/fr\/wp-json\/wp\/v2\/pages\/2416\/revisions"}],"predecessor-version":[{"id":28229,"href":"https:\/\/rcrcconference.org\/fr\/wp-json\/wp\/v2\/pages\/2416\/revisions\/28229"}],"up":[{"embeddable":true,"href":"https:\/\/rcrcconference.org\/fr\/wp-json\/wp\/v2\/pages\/2496"}],"wp:featuredmedia":[{"embeddable":true,"href":"https:\/\/rcrcconference.org\/fr\/wp-json\/wp\/v2\/media\/1751"}],"wp:attachment":[{"href":"https:\/\/rcrcconference.org\/fr\/wp-json\/wp\/v2\/media?parent=2416"}],"curies":[{"name":"wp","href":"https:\/\/api.w.org\/{rel}","templated":true}]}}