{"id":24043,"date":"2023-04-20T14:57:46","date_gmt":"2023-04-20T14:57:46","guid":{"rendered":"https:\/\/rcrcconference.org\/prepare-to-engage-34th-international-conference-for-conference-members-only\/"},"modified":"2024-09-24T15:27:32","modified_gmt":"2024-09-24T15:27:32","slug":"prepare-to-engage-34th-international-conference-for-conference-members-only","status":"publish","type":"page","link":"https:\/\/rcrcconference.org\/fr\/about-4\/34th-international-conference\/prepare-to-engage-34th-international-conference-for-conference-members-only\/","title":{"rendered":"PR\u00c9PAREZ VOTRE PARTICIPATION &#8211; XXXIVe Conf\u00e9rence internationale <br>(seulement pour les membres de la Conf\u00e9rence)"},"content":{"rendered":"<section class=\"highlights\">\n\t\t\t<div class=\"highlights__inner\">\n\t\t\t<div class=\"highlights__title\">\n\t\t\t\t<h3>La Conf\u00e9rence internationale aboutit aux meilleurs r\u00e9sultats lorsque chacun a la possibilit\u00e9 d\u2019apporter sa contribution.<\/h3>\t\t\t<\/div>\n\t\t\t<div class=\"highlights__blocks\">\n\t\t\t\t\t\t\t<\/div>\n\t\t<\/div>\n\t\t<\/section>\n\n\n<section class=\"highlights\">\n\t\t\t<div class=\"highlights__inner\">\n\t\t\t<div class=\"highlights__title\">\n\t\t\t\t<h3>La XXXIVe Conf\u00e9rence internationale de la Croix-Rouge et du Croissant-Rouge (Conf\u00e9rence internationale) aura lieu en octobre 2024 et, bien que cette date puisse sembler lointaine, les travaux pr\u00e9paratoires doivent commencer d\u00e8s maintenant si l\u2019on veut faire en sorte que la Conf\u00e9rence soit un succ\u00e8s. <\/h3>\t\t\t<\/div>\n\t\t\t<div class=\"highlights__blocks\">\n\t\t\t\t\t\t\t<\/div>\n\t\t<\/div>\n\t\t<\/section>\n\n\n\n<p>Les organisateurs proc\u00e8dent donc bien \u00e0 l\u2019avance \u00e0 une vaste consultation pour s\u2019assurer que tous les commentaires des membres sont pris en consid\u00e9ration. <br><br>C\u2019est l\u2019occasion pour vous de soulever des questions humanitaires essentielles afin qu\u2019elles soient trait\u00e9es \u00e0 la Conf\u00e9rence et de faire entendre votre voix tout au long du processus de consultation.<\/p>\n\n\n\n<div style=\"height:61px\" aria-hidden=\"true\" class=\"wp-block-spacer\"><\/div>\n\n\n<div class=\"anchor__menu-title\" role=\"presentation\">\n\t\t\t\t<h2 class=\"anchor__menu-h2\">Phases de consultation : dates \u00e0 inscrire dans votre agenda<\/h2>\n\t\t<\/div>\n\n\n\n<figure class=\"wp-block-image size-large\"><img loading=\"lazy\" decoding=\"async\" width=\"1024\" height=\"595\" src=\"https:\/\/rcrcconference.org\/app\/uploads\/2024\/02\/New-timeline-FR-1024x595.jpg\" alt=\"\" class=\"wp-image-25662\" srcset=\"https:\/\/rcrcconference.org\/app\/uploads\/2024\/02\/New-timeline-FR-1024x595.jpg 1024w, https:\/\/rcrcconference.org\/app\/uploads\/2024\/02\/New-timeline-FR-300x174.jpg 300w, https:\/\/rcrcconference.org\/app\/uploads\/2024\/02\/New-timeline-FR-768x446.jpg 768w, https:\/\/rcrcconference.org\/app\/uploads\/2024\/02\/New-timeline-FR-1536x893.jpg 1536w, https:\/\/rcrcconference.org\/app\/uploads\/2024\/02\/New-timeline-FR-2048x1190.jpg 2048w\" sizes=\"(max-width: 1024px) 100vw, 1024px\" \/><\/figure>\n\n\n\n<section class=\"download__button\">\n\t\t\t\t<a href=\"https:\/\/rcrcconference.org\/app\/uploads\/2023\/05\/34th-IC-engagement-timeline-FR.png\" target=\"_blank\" class=\"download__button-content\">\n\t\t\t<svg width=\"25\" height=\"25\" viewBox=\"0 0 25 25\" fill=\"#E32219\" xmlns=\"http:\/\/www.w3.org\/2000\/svg\">\n\t\t\t\t\t<path d=\"M13.9 0.355762C14.1 0.155762 14.4 0.155762 14.7 0.155762C19.7 1.05576 23.5 4.85576 24.4 9.85576C24.5 10.1558 24.4 10.4558 24.2 10.6558C24 10.8558 23.7 11.0558 23.4 11.0558H17.5C17.1 11.0558 16.7 10.7558 16.6 10.4558C16.2 9.35576 15.3 8.45576 14.2 8.05576C13.8 7.85576 13.5 7.45576 13.5 7.05576V1.15576C13.5 0.855762 13.6 0.555762 13.9 0.355762ZM15.5 2.45576V6.35576C16.7 6.95576 17.6 7.95576 18.2 9.05576H22.1C21.2 5.85576 18.7 3.35576 15.5 2.45576ZM11.2 0.355762C11.5 0.555762 11.6 0.855762 11.6 1.15576L11.5 7.05576C11.5 7.45576 11.3 7.85576 10.9 7.95576C9.3 8.65576 8.2 10.2558 8.2 12.0558C8.2 14.5558 10.2 16.4558 12.6 16.4558C14.5 16.4558 16.1 15.3558 16.7 13.6558C16.9 13.2558 17.2 13.0558 17.6 13.0558H23.5C23.8 13.0558 24.1 13.1558 24.3 13.4558C24.5 13.6558 24.6 13.9558 24.5 14.2558C23.4 19.8558 18.6 24.1558 12.6 24.1558C5.9 24.1558 0.5 18.7558 0.5 12.0558C0.5 6.15576 4.8 1.15576 10.4 0.155762C10.7 0.155762 11 0.155762 11.2 0.355762ZM9.6 2.45576C5.5 3.65576 2.5 7.55576 2.5 12.0558C2.5 17.6558 7 22.1558 12.6 22.1558C17.1 22.1558 20.9 19.1558 22.2 15.0558H18.3C17.2 17.0558 15.1 18.4558 12.6 18.4558C9 18.4558 6.2 15.5558 6.2 12.0558C6.2 9.65576 7.5 7.45576 9.5 6.35576L9.6 2.45576Z\"\/>\n\t\t\t\t<\/svg>Infographic download\t\t\t<svg width=\"24\" height=\"25\" viewBox=\"0 0 24 25\" fill=\"#D00C08\" xmlns=\"http:\/\/www.w3.org\/2000\/svg\">\n\t\t\t\t<path d=\"M12 16.1558L7 11.1558L8.4 9.70576L11 12.3058V4.15576H13V12.3058L15.6 9.70576L17 11.1558L12 16.1558ZM6 20.1558C5.45 20.1558 4.97917 19.9599 4.5875 19.5683C4.19583 19.1766 4 18.7058 4 18.1558V15.1558H6V18.1558H18V15.1558H20V18.1558C20 18.7058 19.8042 19.1766 19.4125 19.5683C19.0208 19.9599 18.55 20.1558 18 20.1558H6Z\"\/>\n\t\t\t<\/svg><\/a>\n\t\t<\/section>\n\n\n\n<div style=\"height:100px\" aria-hidden=\"true\" class=\"wp-block-spacer\"><\/div>\n\n\n<section class=\"bulletins\">\n\t<div class=\"container\">\t\t<div class=\"bulletins__header\">\n\t\t\t\t\t<\/div>\n\t\t<div class=\"bulletins-blocks\">\n\t\t\t\t\t\t\t\t<div class=\"bulletins-blocks-block\">\n\t\t\t\t\t\t<a href=\"https:\/\/rcrcconference.org\/fr\/about-4\/34th-international-conference\/prepare-to-engage-34th-international-conference-for-conference-members-only\/engagement-guide-for-states-34th-international-conference\/\">\n\t\t\t\t\t\t\t<div class=\"bulletins-blocks-block-content\">\n\t\t\t\t\t\t\t\t\t\t\t\t\t\t\t\t\t\t\t\t\t\t\t\t\t\t\t\t\t\t\t\t\t\t\t\t<div class=\"bulletins-blocks-block-img-wrapper\">\n\t\t\t\t\t\t\t\t\t\t\t<div class=\"bulletins-blocks-block-img\" style=\"background-image: url('https:\/\/rcrcconference.org\/app\/uploads\/2023\/04\/p-NPL2570_jpg.jpg')\"><\/div>\n\t\t\t\t\t\t\t\t\t\t<\/div>\n\t\t\t\t\t\t\t\t\t\t\t\t\t\t\t\t\t\t\t\t\t\t\t\t\t<div class=\"bulletins-blocks-block-data\">\n\t\t\t\t\t\t\t\t\t<div class=\"bulletins-blocks-block-arrow\">\n\t\t\t\t\t\t\t\t\t\t<svg width=\"24\" height=\"25\" viewBox=\"0 0 24 25\" fill=\"#1A3283\" xmlns=\"http:\/\/www.w3.org\/2000\/svg\">\n\t\t\t\t\t\t\t\t\t\t\t<path d=\"M14 18.5L12.6 17.05L16.15 13.5H4V11.5H16.15L12.6 7.95L14 6.5L20 12.5L14 18.5Z\"\/>\n\t\t\t\t\t\t\t\t\t\t<\/svg>\n\t\t\t\t\t\t\t\t\t<\/div>\n\t\t\t\t\t\t\t\t\t<div class=\"bulletins-blocks-block-text\">\n\t\t\t\t\t\t\t\t\t\t<span>\n\t\t\t\t\t\t\t\t\t\t\t<svg width=\"25\" height=\"25\" viewBox=\"0 0 25 25\" fill=\"none\" xmlns=\"http:\/\/www.w3.org\/2000\/svg\">\n\t\t\t\t\t\t\t\t\t\t\t\t<path d=\"M15 18.5C14.3 18.5 13.7083 18.2583 13.225 17.775C12.7417 17.2917 12.5 16.7 12.5 16C12.5 15.3 12.7417 14.7083 13.225 14.225C13.7083 13.7417 14.3 13.5 15 13.5C15.7 13.5 16.2917 13.7417 16.775 14.225C17.2583 14.7083 17.5 15.3 17.5 16C17.5 16.7 17.2583 17.2917 16.775 17.775C16.2917 18.2583 15.7 18.5 15 18.5ZM5.5 22.5C4.95 22.5 4.47917 22.3042 4.0875 21.9125C3.69583 21.5208 3.5 21.05 3.5 20.5V6.5C3.5 5.95 3.69583 5.47917 4.0875 5.0875C4.47917 4.69583 4.95 4.5 5.5 4.5H6.5V2.5H8.5V4.5H16.5V2.5H18.5V4.5H19.5C20.05 4.5 20.5208 4.69583 20.9125 5.0875C21.3042 5.47917 21.5 5.95 21.5 6.5V20.5C21.5 21.05 21.3042 21.5208 20.9125 21.9125C20.5208 22.3042 20.05 22.5 19.5 22.5H5.5ZM5.5 20.5H19.5V10.5H5.5V20.5ZM5.5 8.5H19.5V6.5H5.5V8.5Z\" fill=\"#4A5757\"\/>\n\t\t\t\t\t\t\t\t\t\t\t<\/svg>\n\t\t\t\t\t\t\t\t\t\t\t\t\t\t\t\t\t\t\t\t\t<\/span>\n\t\t\t\t\t\t\t\t\t\t<h3 class=\"heading-style-h4\">Guide \u00e0 l\u2019intention des \u00c9tats<\/h3>\n\t\t\t\t\t\t\t\t\t<\/div>\n\t\t\t\t\t\t\t\t<\/div>\n\t\t\t\t\t\t\t<\/div>\n\t\t\t\t\t\t<\/a>\n\t\t\t\t\t<\/div>\n\t\t\t\t\t\t\t\t\t<div class=\"bulletins-blocks-block\">\n\t\t\t\t\t\t<a href=\"https:\/\/rcrcconference.org\/fr\/about-4\/34th-international-conference\/prepare-to-engage-34th-international-conference-for-conference-members-only\/engagement-guide-for-national-societies-34th-international-conference\/\">\n\t\t\t\t\t\t\t<div class=\"bulletins-blocks-block-content\">\n\t\t\t\t\t\t\t\t\t\t\t\t\t\t\t\t\t\t\t\t\t\t\t\t\t\t\t\t\t\t\t\t\t\t\t\t<div class=\"bulletins-blocks-block-img-wrapper\">\n\t\t\t\t\t\t\t\t\t\t\t<div class=\"bulletins-blocks-block-img\" style=\"background-image: url('https:\/\/rcrcconference.org\/app\/uploads\/2023\/04\/p-VEN0098_jpg.jpg')\"><\/div>\n\t\t\t\t\t\t\t\t\t\t<\/div>\n\t\t\t\t\t\t\t\t\t\t\t\t\t\t\t\t\t\t\t\t\t\t\t\t\t<div class=\"bulletins-blocks-block-data\">\n\t\t\t\t\t\t\t\t\t<div class=\"bulletins-blocks-block-arrow\">\n\t\t\t\t\t\t\t\t\t\t<svg width=\"24\" height=\"25\" viewBox=\"0 0 24 25\" fill=\"#1A3283\" xmlns=\"http:\/\/www.w3.org\/2000\/svg\">\n\t\t\t\t\t\t\t\t\t\t\t<path d=\"M14 18.5L12.6 17.05L16.15 13.5H4V11.5H16.15L12.6 7.95L14 6.5L20 12.5L14 18.5Z\"\/>\n\t\t\t\t\t\t\t\t\t\t<\/svg>\n\t\t\t\t\t\t\t\t\t<\/div>\n\t\t\t\t\t\t\t\t\t<div class=\"bulletins-blocks-block-text\">\n\t\t\t\t\t\t\t\t\t\t<span>\n\t\t\t\t\t\t\t\t\t\t\t<svg width=\"25\" height=\"25\" viewBox=\"0 0 25 25\" fill=\"none\" xmlns=\"http:\/\/www.w3.org\/2000\/svg\">\n\t\t\t\t\t\t\t\t\t\t\t\t<path d=\"M15 18.5C14.3 18.5 13.7083 18.2583 13.225 17.775C12.7417 17.2917 12.5 16.7 12.5 16C12.5 15.3 12.7417 14.7083 13.225 14.225C13.7083 13.7417 14.3 13.5 15 13.5C15.7 13.5 16.2917 13.7417 16.775 14.225C17.2583 14.7083 17.5 15.3 17.5 16C17.5 16.7 17.2583 17.2917 16.775 17.775C16.2917 18.2583 15.7 18.5 15 18.5ZM5.5 22.5C4.95 22.5 4.47917 22.3042 4.0875 21.9125C3.69583 21.5208 3.5 21.05 3.5 20.5V6.5C3.5 5.95 3.69583 5.47917 4.0875 5.0875C4.47917 4.69583 4.95 4.5 5.5 4.5H6.5V2.5H8.5V4.5H16.5V2.5H18.5V4.5H19.5C20.05 4.5 20.5208 4.69583 20.9125 5.0875C21.3042 5.47917 21.5 5.95 21.5 6.5V20.5C21.5 21.05 21.3042 21.5208 20.9125 21.9125C20.5208 22.3042 20.05 22.5 19.5 22.5H5.5ZM5.5 20.5H19.5V10.5H5.5V20.5ZM5.5 8.5H19.5V6.5H5.5V8.5Z\" fill=\"#4A5757\"\/>\n\t\t\t\t\t\t\t\t\t\t\t<\/svg>\n\t\t\t\t\t\t\t\t\t\t\t\t\t\t\t\t\t\t\t\t\t<\/span>\n\t\t\t\t\t\t\t\t\t\t<h3 class=\"heading-style-h4\">Guide \u00e0 l\u2019intention des Soci\u00e9t\u00e9s nationales<\/h3>\n\t\t\t\t\t\t\t\t\t<\/div>\n\t\t\t\t\t\t\t\t<\/div>\n\t\t\t\t\t\t\t<\/div>\n\t\t\t\t\t\t<\/a>\n\t\t\t\t\t<\/div>\n\t\t\t\t\t\t<\/div>\n\t<\/div><\/section>\n","protected":false},"excerpt":{"rendered":"<p>Les organisateurs proc\u00e8dent donc bien \u00e0 l\u2019avance \u00e0 une vaste consultation pour s\u2019assurer que tous les commentaires des membres sont pris en consid\u00e9ration. C\u2019est l\u2019occasion pour vous de soulever des questions humanitaires essentielles afin qu\u2019elles soient trait\u00e9es \u00e0 la Conf\u00e9rence et de faire entendre votre voix tout au long du processus de consultation.<\/p>\n","protected":false},"author":408,"featured_media":23919,"parent":23242,"menu_order":0,"comment_status":"closed","ping_status":"closed","template":"page-anchor-menu.php","meta":{"_acf_changed":false,"footnotes":""},"class_list":["post-24043","page","type-page","status-publish","has-post-thumbnail","hentry"],"acf":[],"_links":{"self":[{"href":"https:\/\/rcrcconference.org\/fr\/wp-json\/wp\/v2\/pages\/24043"}],"collection":[{"href":"https:\/\/rcrcconference.org\/fr\/wp-json\/wp\/v2\/pages"}],"about":[{"href":"https:\/\/rcrcconference.org\/fr\/wp-json\/wp\/v2\/types\/page"}],"author":[{"embeddable":true,"href":"https:\/\/rcrcconference.org\/fr\/wp-json\/wp\/v2\/users\/408"}],"replies":[{"embeddable":true,"href":"https:\/\/rcrcconference.org\/fr\/wp-json\/wp\/v2\/comments?post=24043"}],"version-history":[{"count":14,"href":"https:\/\/rcrcconference.org\/fr\/wp-json\/wp\/v2\/pages\/24043\/revisions"}],"predecessor-version":[{"id":29911,"href":"https:\/\/rcrcconference.org\/fr\/wp-json\/wp\/v2\/pages\/24043\/revisions\/29911"}],"up":[{"embeddable":true,"href":"https:\/\/rcrcconference.org\/fr\/wp-json\/wp\/v2\/pages\/23242"}],"wp:featuredmedia":[{"embeddable":true,"href":"https:\/\/rcrcconference.org\/fr\/wp-json\/wp\/v2\/media\/23919"}],"wp:attachment":[{"href":"https:\/\/rcrcconference.org\/fr\/wp-json\/wp\/v2\/media?parent=24043"}],"curies":[{"name":"wp","href":"https:\/\/api.w.org\/{rel}","templated":true}]}}