{"id":23961,"date":"2023-04-24T13:09:09","date_gmt":"2023-04-24T13:09:09","guid":{"rendered":"https:\/\/rcrcconference.org\/engagement-guide-for-states-34th-international-conference\/"},"modified":"2024-08-27T08:44:39","modified_gmt":"2024-08-27T08:44:39","slug":"engagement-guide-for-states-34th-international-conference","status":"publish","type":"page","link":"https:\/\/rcrcconference.org\/fr\/about-4\/34th-international-conference\/prepare-to-engage-34th-international-conference-for-conference-members-only\/engagement-guide-for-states-34th-international-conference\/","title":{"rendered":"Guide \u00e0 l&rsquo;intention des \u00c9tats &#8211; <br> XXXIVe Conf\u00e9rence internationale"},"content":{"rendered":"\n<p>Votre pays \u00e9tant partie aux Conventions de Gen\u00e8ve, votre gouvernement est membre de la Conf\u00e9rence internationale. Vous avez d\u00e8s lors un r\u00f4le crucial \u00e0 jouer au sein de cette plateforme mondiale de premier plan en faisant conna\u00eetre et en soutenant les activit\u00e9s humanitaires men\u00e9es par le Mouvement, ainsi qu\u2019en prenant des engagements communs sur les priorit\u00e9s<br>humanitaires.<\/p>\n\n\n\n<div style=\"height:52px\" aria-hidden=\"true\" class=\"wp-block-spacer\"><\/div>\n\n\n<div class=\"anchor__menu-title\" role=\"presentation\">\n\t\t\t\t<h2 class=\"anchor__menu-h2\">Guide \u00e0 l&rsquo;intention des \u00c9tats<\/h2>\n\t\t<\/div>\n\n\n\n<p>Ce guide pratique vous donne les dates cl\u00e9s \u00e0 inscrire dans votre agenda et  explique les \u00e9tapes de la phase pr\u00e9paratoire. Il contient aussi des conseils pour  vous aider \u00e0 pr\u00e9parer au mieux la Conf\u00e9rence et y participer pleinement.<\/p>\n\n\n\n<section class=\"download__button\">\n\t\t\t\t<a href=\"https:\/\/rcrcconference.org\/app\/uploads\/2024\/02\/FR_34th-IC-Engagement-Guide_States_A4.pdf\" target=\"_blank\" class=\"download__button-content\">\n\t\t\t<svg width=\"24\" height=\"25\" viewBox=\"0 0 24 25\" fill=\"#D00C08\" xmlns=\"http:\/\/www.w3.org\/2000\/svg\">\n\t\t\t\t\t<path d=\"M8 18.1558H16V16.1558H8V18.1558ZM8 14.1558H16V12.1558H8V14.1558ZM6 22.1558C5.45 22.1558 4.97917 21.9599 4.5875 21.5683C4.19583 21.1766 4 20.7058 4 20.1558V4.15576C4 3.60576 4.19583 3.13493 4.5875 2.74326C4.97917 2.3516 5.45 2.15576 6 2.15576H14L20 8.15576V20.1558C20 20.7058 19.8042 21.1766 19.4125 21.5683C19.0208 21.9599 18.55 22.1558 18 22.1558H6ZM13 9.15576V4.15576H6V20.1558H18V9.15576H13Z\"\/>\n\t\t\t\t<\/svg>Document download\t\t\t<svg width=\"24\" height=\"25\" viewBox=\"0 0 24 25\" fill=\"#D00C08\" xmlns=\"http:\/\/www.w3.org\/2000\/svg\">\n\t\t\t\t<path d=\"M12 16.1558L7 11.1558L8.4 9.70576L11 12.3058V4.15576H13V12.3058L15.6 9.70576L17 11.1558L12 16.1558ZM6 20.1558C5.45 20.1558 4.97917 19.9599 4.5875 19.5683C4.19583 19.1766 4 18.7058 4 18.1558V15.1558H6V18.1558H18V15.1558H20V18.1558C20 18.7058 19.8042 19.1766 19.4125 19.5683C19.0208 19.9599 18.55 20.1558 18 20.1558H6Z\"\/>\n\t\t\t<\/svg><\/a>\n\t\t<\/section>\n\n\n\n<section class=\"download__button\">\n\t\t\t\t<a href=\"https:\/\/rcrcconference.org\/app\/uploads\/2024\/02\/FR_34th-IC-Engagement-Guide_States_info_long.pdf\" target=\"_blank\" class=\"download__button-content\">\n\t\t\t<svg width=\"25\" height=\"25\" viewBox=\"0 0 25 25\" fill=\"#E32219\" xmlns=\"http:\/\/www.w3.org\/2000\/svg\">\n\t\t\t\t\t<path d=\"M13.9 0.355762C14.1 0.155762 14.4 0.155762 14.7 0.155762C19.7 1.05576 23.5 4.85576 24.4 9.85576C24.5 10.1558 24.4 10.4558 24.2 10.6558C24 10.8558 23.7 11.0558 23.4 11.0558H17.5C17.1 11.0558 16.7 10.7558 16.6 10.4558C16.2 9.35576 15.3 8.45576 14.2 8.05576C13.8 7.85576 13.5 7.45576 13.5 7.05576V1.15576C13.5 0.855762 13.6 0.555762 13.9 0.355762ZM15.5 2.45576V6.35576C16.7 6.95576 17.6 7.95576 18.2 9.05576H22.1C21.2 5.85576 18.7 3.35576 15.5 2.45576ZM11.2 0.355762C11.5 0.555762 11.6 0.855762 11.6 1.15576L11.5 7.05576C11.5 7.45576 11.3 7.85576 10.9 7.95576C9.3 8.65576 8.2 10.2558 8.2 12.0558C8.2 14.5558 10.2 16.4558 12.6 16.4558C14.5 16.4558 16.1 15.3558 16.7 13.6558C16.9 13.2558 17.2 13.0558 17.6 13.0558H23.5C23.8 13.0558 24.1 13.1558 24.3 13.4558C24.5 13.6558 24.6 13.9558 24.5 14.2558C23.4 19.8558 18.6 24.1558 12.6 24.1558C5.9 24.1558 0.5 18.7558 0.5 12.0558C0.5 6.15576 4.8 1.15576 10.4 0.155762C10.7 0.155762 11 0.155762 11.2 0.355762ZM9.6 2.45576C5.5 3.65576 2.5 7.55576 2.5 12.0558C2.5 17.6558 7 22.1558 12.6 22.1558C17.1 22.1558 20.9 19.1558 22.2 15.0558H18.3C17.2 17.0558 15.1 18.4558 12.6 18.4558C9 18.4558 6.2 15.5558 6.2 12.0558C6.2 9.65576 7.5 7.45576 9.5 6.35576L9.6 2.45576Z\"\/>\n\t\t\t\t<\/svg>Infographic download\t\t\t<svg width=\"24\" height=\"25\" viewBox=\"0 0 24 25\" fill=\"#D00C08\" xmlns=\"http:\/\/www.w3.org\/2000\/svg\">\n\t\t\t\t<path d=\"M12 16.1558L7 11.1558L8.4 9.70576L11 12.3058V4.15576H13V12.3058L15.6 9.70576L17 11.1558L12 16.1558ZM6 20.1558C5.45 20.1558 4.97917 19.9599 4.5875 19.5683C4.19583 19.1766 4 18.7058 4 18.1558V15.1558H6V18.1558H18V15.1558H20V18.1558C20 18.7058 19.8042 19.1766 19.4125 19.5683C19.0208 19.9599 18.55 20.1558 18 20.1558H6Z\"\/>\n\t\t\t<\/svg><\/a>\n\t\t<\/section>\n\n\n\n<div style=\"height:47px\" aria-hidden=\"true\" class=\"wp-block-spacer\"><\/div>\n\n\n<div class=\"anchor__menu-title\" role=\"presentation\">\n\t\t\t\t<h2 class=\"anchor__menu-h2\">Principales consultations et r\u00e9unions<\/h2>\n\t\t<\/div>\n\n\n<section class=\"accordion-block\" style=\"; \" role=\"region\" aria-label=\"Pedges accordion block\">\n\t\t\t\t<ul class=\"accordion\">\n\t\t\t\t\t\t\t<li class=\"accordion__item\">\n\t\t\t\t\t<div class=\"accordion__title\" role=\"button\" aria-expanded=\"false\" aria-label=\"S\u00e9ances d'information \u00e0 l'intention des repr\u00e9sentatants des \u00e9tats\">\n\t\t\t\t\t\t<h3 class=\"accordion__title-h4\">S\u00e9ances d&rsquo;information \u00e0 l&rsquo;intention des repr\u00e9sentatants des \u00e9tats<\/h3>\n\t\t\t\t\t<\/div>\n\t\t\t\t\t<div class=\"accordion__content\" role=\"region\" hidden>\n\t\t\t\t\t\tCes s\u00e9ances permettent aux organisateurs de communiquer des informations  sur la Conf\u00e9rence internationale, et aux participants de leur poser des  questions et d\u2019\u00e9changer des vues sur des sujets li\u00e9s \u00e0 la Conf\u00e9rence.  \t\t\t\t\t<\/div>\n\t\t\t\t<\/li>\n\t\t\t\t\t\t\t<li class=\"accordion__item\">\n\t\t\t\t\t<div class=\"accordion__title\" role=\"button\" aria-expanded=\"false\" aria-label=\"R\u00e9union pr\u00e9paratoire avec les \u00c9tats et les Soci\u00e9t\u00e9s nationales\">\n\t\t\t\t\t\t<h3 class=\"accordion__title-h4\">R\u00e9union pr\u00e9paratoire avec les \u00c9tats et les Soci\u00e9t\u00e9s nationales<\/h3>\n\t\t\t\t\t<\/div>\n\t\t\t\t\t<div class=\"accordion__content\" role=\"region\" hidden>\n\t\t\t\t\t\tCette r\u00e9union a g\u00e9n\u00e9ralement lieu environ cinq mois avant la Conf\u00e9rence.  Elle permet aux \u00c9tats et aux Soci\u00e9t\u00e9s nationales d\u2019examiner les avant-projets  de r\u00e9solutions avant le d\u00e9but de la Conf\u00e9rence.\t\t\t\t\t<\/div>\n\t\t\t\t<\/li>\n\t\t\t\t\t\t\t<li class=\"accordion__item\">\n\t\t\t\t\t<div class=\"accordion__title\" role=\"button\" aria-expanded=\"false\" aria-label=\"R\u00e9unions de groupe bilat\u00e9rales et r\u00e9gionales\">\n\t\t\t\t\t\t<h3 class=\"accordion__title-h4\">R\u00e9unions de groupe bilat\u00e9rales et r\u00e9gionales<\/h3>\n\t\t\t\t\t<\/div>\n\t\t\t\t\t<div class=\"accordion__content\" role=\"region\" hidden>\n\t\t\t\t\t\tCes r\u00e9unions entre les \u00c9tats, les Soci\u00e9t\u00e9s nationales et les organisateurs  sont une composante importante du processus de pr\u00e9paration, car elles  permettent des discussions d\u00e9taill\u00e9es et cibl\u00e9es. \t\t\t\t\t<\/div>\n\t\t\t\t<\/li>\n\t\t\t\t\t<\/ul>\n\t<\/section>\n\n\n\n<div style=\"height:43px\" aria-hidden=\"true\" class=\"wp-block-spacer\"><\/div>\n\n\n<div class=\"anchor__menu-title\" role=\"presentation\">\n\t\t\t\t<h2 class=\"anchor__menu-h2\">Les r\u00e9solutions et ce qu&rsquo;elles impliquent pour les \u00c9tats<\/h2>\n\t\t<\/div>\n\n\n\n<p>Les r\u00e9solutions sont les d\u00e9cisions officielles de la Conf\u00e9rence internationale. Elles constituent des engagements clairs de la part des membres de la Conf\u00e9rence.<\/p>\n\n\n\n<p>Vous serez consult\u00e9s sur les projets de r\u00e9solutions dans les mois pr\u00e9c\u00e9dant la  Conf\u00e9rence, selon le calendrier pr\u00e9vu. Vous aurez l\u2019occasion de les commenter  \u00e0 plusieurs reprises au cours de leur \u00e9laboration, puis de contribuer au  processus de r\u00e9daction et de n\u00e9gociation en tant que membre du Comit\u00e9 de  r\u00e9daction pendant la Conf\u00e9rence elle-m\u00eame.<br><br>\u00c0 la Conf\u00e9rence, le Comit\u00e9 de r\u00e9daction a pour t\u00e2che de n\u00e9gocier et de  finaliser le texte des projets de r\u00e9solutions, qui seront ensuite soumis \u00e0 la  Conf\u00e9rence pour adoption lors de sa derni\u00e8re s\u00e9ance pl\u00e9ni\u00e8re. Les r\u00e9solutions  devraient id\u00e9alement \u00eatre adopt\u00e9es par consensus, mais si cela se r\u00e9v\u00e8le  impossible, elles peuvent \u00eatre adopt\u00e9es \u00e0 la majorit\u00e9 des membres pr\u00e9sents  et votants. <\/p>\n\n\n\n<figure class=\"wp-block-image size-large\"><img loading=\"lazy\" decoding=\"async\" width=\"1024\" height=\"759\" src=\"https:\/\/rcrcconference.org\/app\/uploads\/2023\/05\/EG-State-resolution-FR-1024x759.jpg\" alt=\"\" class=\"wp-image-24351\" srcset=\"https:\/\/rcrcconference.org\/app\/uploads\/2023\/05\/EG-State-resolution-FR-1024x759.jpg 1024w, https:\/\/rcrcconference.org\/app\/uploads\/2023\/05\/EG-State-resolution-FR-300x222.jpg 300w, https:\/\/rcrcconference.org\/app\/uploads\/2023\/05\/EG-State-resolution-FR-768x569.jpg 768w, https:\/\/rcrcconference.org\/app\/uploads\/2023\/05\/EG-State-resolution-FR-1536x1138.jpg 1536w, https:\/\/rcrcconference.org\/app\/uploads\/2023\/05\/EG-State-resolution-FR-2048x1517.jpg 2048w\" sizes=\"(max-width: 1024px) 100vw, 1024px\" \/><\/figure>\n\n\n\n<section class=\"download__button\">\n\t\t\t\t<a href=\"https:\/\/rcrcconference.org\/app\/uploads\/2023\/05\/EG-State-resolution-FR-scaled.jpg\" target=\"_blank\" class=\"download__button-content\">\n\t\t\t<svg width=\"25\" height=\"25\" viewBox=\"0 0 25 25\" fill=\"#E32219\" xmlns=\"http:\/\/www.w3.org\/2000\/svg\">\n\t\t\t\t\t<path d=\"M13.9 0.355762C14.1 0.155762 14.4 0.155762 14.7 0.155762C19.7 1.05576 23.5 4.85576 24.4 9.85576C24.5 10.1558 24.4 10.4558 24.2 10.6558C24 10.8558 23.7 11.0558 23.4 11.0558H17.5C17.1 11.0558 16.7 10.7558 16.6 10.4558C16.2 9.35576 15.3 8.45576 14.2 8.05576C13.8 7.85576 13.5 7.45576 13.5 7.05576V1.15576C13.5 0.855762 13.6 0.555762 13.9 0.355762ZM15.5 2.45576V6.35576C16.7 6.95576 17.6 7.95576 18.2 9.05576H22.1C21.2 5.85576 18.7 3.35576 15.5 2.45576ZM11.2 0.355762C11.5 0.555762 11.6 0.855762 11.6 1.15576L11.5 7.05576C11.5 7.45576 11.3 7.85576 10.9 7.95576C9.3 8.65576 8.2 10.2558 8.2 12.0558C8.2 14.5558 10.2 16.4558 12.6 16.4558C14.5 16.4558 16.1 15.3558 16.7 13.6558C16.9 13.2558 17.2 13.0558 17.6 13.0558H23.5C23.8 13.0558 24.1 13.1558 24.3 13.4558C24.5 13.6558 24.6 13.9558 24.5 14.2558C23.4 19.8558 18.6 24.1558 12.6 24.1558C5.9 24.1558 0.5 18.7558 0.5 12.0558C0.5 6.15576 4.8 1.15576 10.4 0.155762C10.7 0.155762 11 0.155762 11.2 0.355762ZM9.6 2.45576C5.5 3.65576 2.5 7.55576 2.5 12.0558C2.5 17.6558 7 22.1558 12.6 22.1558C17.1 22.1558 20.9 19.1558 22.2 15.0558H18.3C17.2 17.0558 15.1 18.4558 12.6 18.4558C9 18.4558 6.2 15.5558 6.2 12.0558C6.2 9.65576 7.5 7.45576 9.5 6.35576L9.6 2.45576Z\"\/>\n\t\t\t\t<\/svg>Infographic download\t\t\t<svg width=\"24\" height=\"25\" viewBox=\"0 0 24 25\" fill=\"#D00C08\" xmlns=\"http:\/\/www.w3.org\/2000\/svg\">\n\t\t\t\t<path d=\"M12 16.1558L7 11.1558L8.4 9.70576L11 12.3058V4.15576H13V12.3058L15.6 9.70576L17 11.1558L12 16.1558ZM6 20.1558C5.45 20.1558 4.97917 19.9599 4.5875 19.5683C4.19583 19.1766 4 18.7058 4 18.1558V15.1558H6V18.1558H18V15.1558H20V18.1558C20 18.7058 19.8042 19.1766 19.4125 19.5683C19.0208 19.9599 18.55 20.1558 18 20.1558H6Z\"\/>\n\t\t\t<\/svg><\/a>\n\t\t<\/section>\n\n\n\n<div style=\"height:55px\" aria-hidden=\"true\" class=\"wp-block-spacer\"><\/div>\n\n\n<div class=\"anchor__menu-title\" role=\"presentation\">\n\t\t\t\t<h2 class=\"anchor__menu-h2\">Les engagements et ce qu&rsquo;ils impliquent pour les \u00c9tats<\/h2>\n\t\t<\/div>\n\n\n\n<p>Ces engagements humanitaires, pris \u00e0 titre volontaire et juridiquement non contraignants, expriment une volont\u00e9 d\u2019agir. Ils sont des outils diplomatiques puissants qui peuvent \u00eatre utilis\u00e9s pour entamer ou poursuivre le dialogue sur diff\u00e9rentes questions humanitaires.<\/p>\n\n\n\n<p>Les \u00c9tats et les Soci\u00e9t\u00e9s nationales sont encourag\u00e9s \u00e0 prendre des <br> engagements conjoints de sorte \u00e0 favoriser le dialogue et la coop\u00e9ration sur des questions d\u2019int\u00e9r\u00eat commun, ce qui peut ensuite donner lieu \u00e0 une action humanitaire mesurable. Ce dialogue et cette coop\u00e9ration peuvent d\u00e9buter avant la Conf\u00e9rence et se poursuivre longtemps apr\u00e8s. Les \u00c9tats et les Soci\u00e9t\u00e9s nationales peuvent aussi \u0153uvrer ensemble \u00e0 la mise en \u0153uvre d\u2019un engagement dans leur pays et examiner ensemble les progr\u00e8s r\u00e9alis\u00e9s.<\/p>\n\n\n\n<figure class=\"wp-block-image size-large\"><img loading=\"lazy\" decoding=\"async\" width=\"1024\" height=\"791\" src=\"https:\/\/rcrcconference.org\/app\/uploads\/2023\/05\/EG-State-pledges-FR-1024x791.jpg\" alt=\"\" class=\"wp-image-24357\" srcset=\"https:\/\/rcrcconference.org\/app\/uploads\/2023\/05\/EG-State-pledges-FR-1024x791.jpg 1024w, https:\/\/rcrcconference.org\/app\/uploads\/2023\/05\/EG-State-pledges-FR-300x232.jpg 300w, https:\/\/rcrcconference.org\/app\/uploads\/2023\/05\/EG-State-pledges-FR-768x593.jpg 768w, https:\/\/rcrcconference.org\/app\/uploads\/2023\/05\/EG-State-pledges-FR-1536x1186.jpg 1536w, https:\/\/rcrcconference.org\/app\/uploads\/2023\/05\/EG-State-pledges-FR-2048x1582.jpg 2048w\" sizes=\"(max-width: 1024px) 100vw, 1024px\" \/><\/figure>\n\n\n\n<section class=\"download__button\">\n\t\t\t\t<a href=\"https:\/\/rcrcconference.org\/app\/uploads\/2023\/05\/EG-State-pledges-FR-scaled.jpg\" target=\"_blank\" class=\"download__button-content\">\n\t\t\t<svg width=\"25\" height=\"25\" viewBox=\"0 0 25 25\" fill=\"#E32219\" xmlns=\"http:\/\/www.w3.org\/2000\/svg\">\n\t\t\t\t\t<path d=\"M13.9 0.355762C14.1 0.155762 14.4 0.155762 14.7 0.155762C19.7 1.05576 23.5 4.85576 24.4 9.85576C24.5 10.1558 24.4 10.4558 24.2 10.6558C24 10.8558 23.7 11.0558 23.4 11.0558H17.5C17.1 11.0558 16.7 10.7558 16.6 10.4558C16.2 9.35576 15.3 8.45576 14.2 8.05576C13.8 7.85576 13.5 7.45576 13.5 7.05576V1.15576C13.5 0.855762 13.6 0.555762 13.9 0.355762ZM15.5 2.45576V6.35576C16.7 6.95576 17.6 7.95576 18.2 9.05576H22.1C21.2 5.85576 18.7 3.35576 15.5 2.45576ZM11.2 0.355762C11.5 0.555762 11.6 0.855762 11.6 1.15576L11.5 7.05576C11.5 7.45576 11.3 7.85576 10.9 7.95576C9.3 8.65576 8.2 10.2558 8.2 12.0558C8.2 14.5558 10.2 16.4558 12.6 16.4558C14.5 16.4558 16.1 15.3558 16.7 13.6558C16.9 13.2558 17.2 13.0558 17.6 13.0558H23.5C23.8 13.0558 24.1 13.1558 24.3 13.4558C24.5 13.6558 24.6 13.9558 24.5 14.2558C23.4 19.8558 18.6 24.1558 12.6 24.1558C5.9 24.1558 0.5 18.7558 0.5 12.0558C0.5 6.15576 4.8 1.15576 10.4 0.155762C10.7 0.155762 11 0.155762 11.2 0.355762ZM9.6 2.45576C5.5 3.65576 2.5 7.55576 2.5 12.0558C2.5 17.6558 7 22.1558 12.6 22.1558C17.1 22.1558 20.9 19.1558 22.2 15.0558H18.3C17.2 17.0558 15.1 18.4558 12.6 18.4558C9 18.4558 6.2 15.5558 6.2 12.0558C6.2 9.65576 7.5 7.45576 9.5 6.35576L9.6 2.45576Z\"\/>\n\t\t\t\t<\/svg>Infographic download\t\t\t<svg width=\"24\" height=\"25\" viewBox=\"0 0 24 25\" fill=\"#D00C08\" xmlns=\"http:\/\/www.w3.org\/2000\/svg\">\n\t\t\t\t<path d=\"M12 16.1558L7 11.1558L8.4 9.70576L11 12.3058V4.15576H13V12.3058L15.6 9.70576L17 11.1558L12 16.1558ZM6 20.1558C5.45 20.1558 4.97917 19.9599 4.5875 19.5683C4.19583 19.1766 4 18.7058 4 18.1558V15.1558H6V18.1558H18V15.1558H20V18.1558C20 18.7058 19.8042 19.1766 19.4125 19.5683C19.0208 19.9599 18.55 20.1558 18 20.1558H6Z\"\/>\n\t\t\t<\/svg><\/a>\n\t\t<\/section>\n\n\n\n<div style=\"height:59px\" aria-hidden=\"true\" class=\"wp-block-spacer\"><\/div>\n\n\n<div class=\"anchor__menu-title\" role=\"presentation\">\n\t\t\t\t<h2 class=\"anchor__menu-h2\">Suggestions et informations compl\u00e9mentaires<\/h2>\n\t\t<\/div>\n\n\n\n<p>N\u2019h\u00e9sitez pas \u00e0 \u00e9crire aux organisateurs de la Conf\u00e9rence \u00e0 l\u2019adresse conferences@rcrcconference.org pour poser vos questions, demander de l\u2019aide ou nous faire part de vos id\u00e9es.<\/p>\n","protected":false},"excerpt":{"rendered":"<p>Votre pays \u00e9tant partie aux Conventions de Gen\u00e8ve, votre gouvernement est membre de la Conf\u00e9rence internationale. Vous avez d\u00e8s lors un r\u00f4le crucial \u00e0 jouer au sein de cette plateforme mondiale de premier plan en faisant conna\u00eetre et en soutenant les activit\u00e9s humanitaires men\u00e9es par le Mouvement, ainsi qu\u2019en prenant des engagements communs sur les [&hellip;]<\/p>\n","protected":false},"author":408,"featured_media":24431,"parent":24043,"menu_order":0,"comment_status":"closed","ping_status":"closed","template":"page-anchor-menu.php","meta":{"_acf_changed":false,"footnotes":""},"class_list":["post-23961","page","type-page","status-publish","has-post-thumbnail","hentry"],"acf":[],"_links":{"self":[{"href":"https:\/\/rcrcconference.org\/fr\/wp-json\/wp\/v2\/pages\/23961"}],"collection":[{"href":"https:\/\/rcrcconference.org\/fr\/wp-json\/wp\/v2\/pages"}],"about":[{"href":"https:\/\/rcrcconference.org\/fr\/wp-json\/wp\/v2\/types\/page"}],"author":[{"embeddable":true,"href":"https:\/\/rcrcconference.org\/fr\/wp-json\/wp\/v2\/users\/408"}],"replies":[{"embeddable":true,"href":"https:\/\/rcrcconference.org\/fr\/wp-json\/wp\/v2\/comments?post=23961"}],"version-history":[{"count":11,"href":"https:\/\/rcrcconference.org\/fr\/wp-json\/wp\/v2\/pages\/23961\/revisions"}],"predecessor-version":[{"id":28508,"href":"https:\/\/rcrcconference.org\/fr\/wp-json\/wp\/v2\/pages\/23961\/revisions\/28508"}],"up":[{"embeddable":true,"href":"https:\/\/rcrcconference.org\/fr\/wp-json\/wp\/v2\/pages\/24043"}],"wp:featuredmedia":[{"embeddable":true,"href":"https:\/\/rcrcconference.org\/fr\/wp-json\/wp\/v2\/media\/24431"}],"wp:attachment":[{"href":"https:\/\/rcrcconference.org\/fr\/wp-json\/wp\/v2\/media?parent=23961"}],"curies":[{"name":"wp","href":"https:\/\/api.w.org\/{rel}","templated":true}]}}