{"id":2378,"date":"2019-05-22T16:31:16","date_gmt":"2019-05-22T16:31:16","guid":{"rendered":"https:\/\/rcrcconference.org\/33rd-international-conference\/31st-international-conference\/"},"modified":"2019-10-22T12:50:49","modified_gmt":"2019-10-22T12:50:49","slug":"31st-international-conference","status":"publish","type":"page","link":"https:\/\/rcrcconference.org\/fr\/about-4\/previous-conferences\/31st-international-conference\/","title":{"rendered":"XXXI<sup>e<\/sup> Conf\u00e9rence internationale"},"content":{"rendered":"\n<section class=\"wp-block-red-cross-block-red-cross-text-block about\"><div class=\"container\"><div class=\"about__inner\"><div class=\"about__title\"><h3>Notre monde. \u00c0 vous d\u2019agir \u2013 pour l\u2019humanit\u00e9<\/h3><\/div><div class=\"about__content\">La XXXI<sup>e<\/sup>\u00a0Conf\u00e9rence internationale de la Croix-Rouge et du Croissant-Rouge, la plus grande conf\u00e9rence humanitaire au monde, s\u2019est tenue du 28\u00a0novembre au 1<sup>er\u00a0<\/sup>d\u00e9cembre 2011 \u00e0 Gen\u00e8ve (Suisse). Son objectif \u00e9tait de renforcer le droit international humanitaire et l\u2019action humanitaire. Au total, 164 \u00c9tats, 183 Soci\u00e9t\u00e9s nationales, 56 observateurs ainsi que le CICR et la F\u00e9d\u00e9ration internationale ont particip\u00e9 \u00e0 cette conf\u00e9rence convoqu\u00e9e sous le slogan \u00ab\u00a0Notre monde. \u00c0 vous d\u2019agir \u2013 pour l\u2019humanit\u00e9\u00a0\u00bb.<\/div><\/div><\/div><\/section>\n\n\n\n<section class=\"wp-block-red-cross-block-red-cross-text-block about\"><div class=\"container\"><div class=\"about__inner\"><div class=\"about__title\"><h3>R\u00e9solutions<\/h3><\/div><div class=\"about__content\"><a href=\"http:\/\/rcrcconference.org\/wp-content\/uploads\/2019\/03\/31-international-conference-resolution-booklet.pdf\" target=\"_blank\" rel=\"noreferrer noopener\">Recueil des r\u00e9solutions<\/a><br\/><a href=\"http:\/\/rcrcconference.org\/wp-content\/uploads\/2019\/03\/31-international-conference-resolution-1-strengthening-ihl-FR.pdf\" target=\"_blank\" rel=\"noreferrer noopener\">R\u00e9solution 1 : Le renforcement de la protection juridique des victimes des conflits arm\u00e9s<\/a><br\/><a href=\"http:\/\/rcrcconference.org\/wp-content\/uploads\/2019\/03\/31-international-conference-resolution-2-action-plan-ihl-FR.pdf\" target=\"_blank\" rel=\"noreferrer noopener\">R\u00e9solution 2 : Plan d\u2019action quadriennal pour la mise en \u0153uvre du droit international humanitaire<\/a><br\/><a href=\"http:\/\/rcrcconference.org\/wp-content\/uploads\/2019\/03\/31-international-conference-resolution-3-migration-FR-.pdf\" target=\"_blank\" rel=\"noreferrer noopener\">R\u00e9solution 3 : Migration : garantir l\u2019acc\u00e8s, la dignit\u00e9, le respect de la diversit\u00e9 et l\u2019int\u00e9gration sociale<\/a><br\/><a href=\"http:\/\/rcrcconference.org\/wp-content\/uploads\/2019\/03\/31-international-conference-resolution-4-auxiliary-role-FR-.pdf\" target=\"_blank\" rel=\"noreferrer noopener\">R\u00e9solution 4 : Renforcement du r\u00f4le d\u2019auxiliaire : partenariat pour des Soci\u00e9t\u00e9s nationales plus fortes et d\u00e9veloppement du volontariat<\/a><br\/><a href=\"http:\/\/rcrcconference.org\/wp-content\/uploads\/2019\/03\/31-international-conference-resolution-5-health-care-in-danger-FR.pdf\" target=\"_blank\" rel=\"noreferrer noopener\">R\u00e9solution\u00a05 : Les soins de sant\u00e9 en danger \u2013 Respecter et prot\u00e9ger les soins de sant\u00e9<\/a><br\/><a href=\"http:\/\/rcrcconference.org\/wp-content\/uploads\/2019\/03\/31-international-conference-resolution-6-health-inequities-fr.pdf\" target=\"_blank\" rel=\"noreferrer noopener\">R\u00e9solution 6 : R\u00e9duire les in\u00e9galit\u00e9s en mati\u00e8re de sant\u00e9 dont sont victimes les femmes et les enfants<\/a><br\/><a href=\"http:\/\/rcrcconference.org\/wp-content\/uploads\/2015\/05\/31IC_R7_disaster-laws_adopted_final_EN.pdf\" target=\"_blank\" rel=\"noreferrer noopener\">R\u00e9solution 7 : Renforcer les cadres normatifs et lever les barri\u00e8res r\u00e9glementaires \u00e0 l\u2019att\u00e9nuation des catastrophes, \u00e0 l\u2019intervention et au rel\u00e8vement<\/a><br\/><a href=\"http:\/\/rcrcconference.org\/wp-content\/uploads\/2019\/03\/31-international-conference-resolution-8-mou-mda-prcs-fr.pdf\" target=\"_blank\" rel=\"noreferrer noopener\">R\u00e9solution 8 : Mise en \u0153uvre du Protocole d\u2019accord et de l\u2019Accord sur des arrangements op\u00e9rationnels dat\u00e9s du 28 novembre 2005 entre le Croissant-Rouge palestinien et le Magen David Adom d\u2019Isra\u00ebl<\/a><br\/><a href=\"http:\/\/rcrcconference.org\/wp-content\/uploads\/2019\/03\/31-international-conference-resolution-9-our-world-fr.pdf\" target=\"_blank\" rel=\"noreferrer noopener\">R\u00e9solution 9 : Notre monde. \u00c0 vous d\u2019agir <\/a><a aria-label=\" (opens in a new tab)\" href=\"http:\/\/rcrcconference.org\/wp-content\/uploads\/2019\/03\/31-international-conference-resolution-9-our-world-fr.pdf\" target=\"_blank\" rel=\"noreferrer noopener\">\u2013<\/a><a href=\"http:\/\/rcrcconference.org\/wp-content\/uploads\/2019\/03\/31-international-conference-resolution-9-our-world-fr.pdf\" target=\"_blank\" rel=\"noreferrer noopener\"> pour l\u2019humanit\u00e9<\/a><\/div><\/div><\/div><\/section>\n\n\n\n<p><\/p>\n","protected":false},"excerpt":{"rendered":"","protected":false},"author":1,"featured_media":0,"parent":2477,"menu_order":0,"comment_status":"closed","ping_status":"closed","template":"front-page.php","meta":{"_acf_changed":false,"footnotes":""},"class_list":["post-2378","page","type-page","status-publish","hentry"],"acf":[],"_links":{"self":[{"href":"https:\/\/rcrcconference.org\/fr\/wp-json\/wp\/v2\/pages\/2378"}],"collection":[{"href":"https:\/\/rcrcconference.org\/fr\/wp-json\/wp\/v2\/pages"}],"about":[{"href":"https:\/\/rcrcconference.org\/fr\/wp-json\/wp\/v2\/types\/page"}],"author":[{"embeddable":true,"href":"https:\/\/rcrcconference.org\/fr\/wp-json\/wp\/v2\/users\/1"}],"replies":[{"embeddable":true,"href":"https:\/\/rcrcconference.org\/fr\/wp-json\/wp\/v2\/comments?post=2378"}],"version-history":[{"count":6,"href":"https:\/\/rcrcconference.org\/fr\/wp-json\/wp\/v2\/pages\/2378\/revisions"}],"predecessor-version":[{"id":9249,"href":"https:\/\/rcrcconference.org\/fr\/wp-json\/wp\/v2\/pages\/2378\/revisions\/9249"}],"up":[{"embeddable":true,"href":"https:\/\/rcrcconference.org\/fr\/wp-json\/wp\/v2\/pages\/2477"}],"wp:attachment":[{"href":"https:\/\/rcrcconference.org\/fr\/wp-json\/wp\/v2\/media?parent=2378"}],"curies":[{"name":"wp","href":"https:\/\/api.w.org\/{rel}","templated":true}]}}