{"id":23242,"date":"2023-03-19T19:43:09","date_gmt":"2023-03-19T19:43:09","guid":{"rendered":"https:\/\/rcrcconference.org\/?page_id=23242"},"modified":"2024-08-27T07:00:06","modified_gmt":"2024-08-27T07:00:06","slug":"34th-international-conference","status":"publish","type":"page","link":"https:\/\/rcrcconference.org\/fr\/about-4\/34th-international-conference\/","title":{"rendered":"About &#8211; XXXIV<sup>e<\/sup> Conf\u00e9rence internationale"},"content":{"rendered":"<section class=\"accordion-block\" style=\"; \" role=\"region\" aria-label=\"Pedges accordion block\">\n\t\t\t\t<ul class=\"accordion\">\n\t\t\t\t\t\t\t<li class=\"accordion__item\">\n\t\t\t\t\t<div class=\"accordion__title\" role=\"button\" aria-expanded=\"false\" aria-label=\"Qu\u2019est-ce que la Conf\u00e9rence internationale ?\">\n\t\t\t\t\t\t<h3 class=\"accordion__title-h4\">Qu\u2019est-ce que la Conf\u00e9rence internationale ?<\/h3>\n\t\t\t\t\t<\/div>\n\t\t\t\t\t<div class=\"accordion__content\" role=\"region\" hidden>\n\t\t\t\t\t\tLa Conf\u00e9rence internationale de la Croix-Rouge et du Croissant-Rouge est la plus haute autorit\u00e9 d\u00e9lib\u00e9rante du Mouvement international de la Croix-Rouge et du Croissant-Rouge (Mouvement), dans le cadre de laquelle les composantes du Mouvement se r\u00e9unissent avec les \u00c9tats parties aux Conventions de Gen\u00e8ve pour d\u00e9battre de questions humanitaires cl\u00e9s et prendre des engagements conjoints.<br> Il s\u2019agit d\u2019un forum non politique unique o\u00f9 les composantes du Mouvement peuvent faire entendre leur voix au m\u00eame titre que les \u00c9tats.<br> La Conf\u00e9rence internationale a pour objectif\u00a0:<br> &#8211;\u00a0\u00a0de contribuer au respect et au d\u00e9veloppement du droit international humanitaire (DIH)\u00a0;<br> &#8211;\u00a0\u00a0d\u2019am\u00e9liorer la s\u00fbret\u00e9, la s\u00e9curit\u00e9 et la dignit\u00e9 des individus en renfor\u00e7ant les cadres juridiques et les politiques\u00a0;<br> &#8211;\u00a0\u00a0de d\u00e9finir les priorit\u00e9s humanitaires mondiales\u00a0;<br> &#8211;\u00a0\u00a0de favoriser les relations, les alliances et les synergies. \t\t\t\t\t<\/div>\n\t\t\t\t<\/li>\n\t\t\t\t\t\t\t<li class=\"accordion__item\">\n\t\t\t\t\t<div class=\"accordion__title\" role=\"button\" aria-expanded=\"false\" aria-label=\"Quand a lieu la Conf\u00e9rence internationale ?\">\n\t\t\t\t\t\t<h3 class=\"accordion__title-h4\">Quand a lieu la Conf\u00e9rence internationale ?<\/h3>\n\t\t\t\t\t<\/div>\n\t\t\t\t\t<div class=\"accordion__content\" role=\"region\" hidden>\n\t\t\t\t\t\tLa Conf\u00e9rence internationale se r\u00e9unit g\u00e9n\u00e9ralement tous les quatre ans, \u00e0 moins qu\u2019elle en d\u00e9cide autrement. \t\t\t\t\t<\/div>\n\t\t\t\t<\/li>\n\t\t\t\t\t\t\t<li class=\"accordion__item\">\n\t\t\t\t\t<div class=\"accordion__title\" role=\"button\" aria-expanded=\"false\" aria-label=\"Qui participe \u00e0 la Conf\u00e9rence internationale ?\">\n\t\t\t\t\t\t<h3 class=\"accordion__title-h4\">Qui participe \u00e0 la Conf\u00e9rence internationale ?<\/h3>\n\t\t\t\t\t<\/div>\n\t\t\t\t\t<div class=\"accordion__content\" role=\"region\" hidden>\n\t\t\t\t\t\t&#8211;\u00a0\u00a0\u00a0Les membres de la Conf\u00e9rence, \u00e0 savoir\u00a0:<br><strong>Les composantes du Mouvement<br><\/strong> \u2022 Les <a href=\"https:\/\/media.ifrc.org\/ifrc\/who-we-are\/national-societies\/national-societies-directory\/\">Soci\u00e9t\u00e9s nationales de la Croix-Rouge et du Croissant-Rouge<\/a> (elles sont 191 \u00e0 ce jour)<br>Les Soci\u00e9t\u00e9s nationales sont reconnues et agissent en tant qu\u2019auxiliaires des pouvoirs publics de leur pays dans le domaine humanitaire. Elles fournissent tout un \u00e9ventail de services, notamment de secours en cas de catastrophe, ainsi que des programmes de sant\u00e9 et d\u2019action sociale. En temps de guerre, elles portent assistance \u00e0 la population civile et soutiennent les services sanitaires des forces arm\u00e9es.<br> \u2022 La <a href=\"https:\/\/media.ifrc.org\/ifrc\">F\u00e9d\u00e9ration internationale des Soci\u00e9t\u00e9s de la Croix-Rouge et du Croissant-Rouge (F\u00e9d\u00e9ration internationale)<\/a><br> \u2022 Le <a href=\"https:\/\/www.icrc.org\/\">Comit\u00e9 international de la Croix-Rouge (CICR)<\/a><br><br><strong>Les \u00c9tats parties aux Conventions de Gen\u00e8ve<br><\/strong> La Suisse, en sa qualit\u00e9 d\u2019\u00c9tat d\u00e9positaire des <a href=\"https:\/\/ihl-databases.icrc.org\/applic\/ihl\/dih.nsf\/vwTreatiesByCountry.xsp\" target=\"_blank\" rel=\"noreferrer noopener\">Conventions<\/a> de Gen\u00e8ve de 1949 et de leurs Protocoles additionnels, tient \u00e0 jour la liste des \u00c9tats parties aux Conventions de Gen\u00e8ve.<br> Les\u00a0<a href=\"https:\/\/ihl-databases.icrc.org\/applic\/ihl\/dih.nsf\/vwTreatiesByCountry.xsp\" target=\"_blank\" rel=\"noreferrer noopener\">Conventions<\/a> de Gen\u00e8ve de 1949 et leurs Protocoles additionnels sont au c\u0153ur du droit international humanitaire, la branche du droit international qui r\u00e9git la conduite des conflits arm\u00e9s et cherche \u00e0 en limiter les effets.<br> Ces instruments prot\u00e8gent en particulier les personnes qui ne participent pas aux hostilit\u00e9s (civils, membres du personnel sanitaire ou d\u2019organisations humanitaires) ou qui n\u2019y participent plus, notamment les soldats bless\u00e9s, malades ou naufrag\u00e9s et les prisonniers de guerre.<br> Les Conventions et leurs Protocoles appellent \u00e0 prendre des mesures afin de pr\u00e9venir toute infraction ou d\u2019y mettre un terme. Ils contiennent des r\u00e8gles strictes relatives \u00e0 ce qu\u2019on appelle les \u00ab infractions graves \u00bb. Les auteurs de telles infractions doivent \u00eatre recherch\u00e9s, jug\u00e9s ou extrad\u00e9s, quelle que soit leur nationalit\u00e9.<br> <br>Les observateurs comprennent des organisations humanitaires, les Nations Unies et plusieurs de leurs institutions sp\u00e9cialis\u00e9es, des organisations non gouvernementales et d\u2019autres partenaires humanitaires.\t\t\t\t\t<\/div>\n\t\t\t\t<\/li>\n\t\t\t\t\t\t\t<li class=\"accordion__item\">\n\t\t\t\t\t<div class=\"accordion__title\" role=\"button\" aria-expanded=\"false\" aria-label=\"Quels sont les r\u00e9sultats de la Conf\u00e9rence internationale ?\">\n\t\t\t\t\t\t<h3 class=\"accordion__title-h4\">Quels sont les r\u00e9sultats de la Conf\u00e9rence internationale ?<\/h3>\n\t\t\t\t\t<\/div>\n\t\t\t\t\t<div class=\"accordion__content\" role=\"region\" hidden>\n\t\t\t\t\t\tLes d\u00e9cisions de la Conf\u00e9rence internationale prennent la forme de r\u00e9solutions, qui sont dans la mesure du possible adopt\u00e9es par consensus.<br> En outre, les participants prennent des engagements \u00e0 titre volontaire. Ces engagements constituent des outils importants pour renforcer la coop\u00e9ration entre les participants \u00e0 la Conf\u00e9rence et favoriser le dialogue avec les pouvoirs publics concernant les priorit\u00e9s humanitaires. Ils peuvent \u00eatre soumis \u00e0 titre individuel ou conjointement par un groupe de participants, ou \u00eatre ouverts pour signature \u00e0 tous les membres et observateurs d\u00e9sireux de soutenir une cause ou de s\u2019engager en faveur de celle-ci.\t\t\t\t\t<\/div>\n\t\t\t\t<\/li>\n\t\t\t\t\t\t\t<li class=\"accordion__item\">\n\t\t\t\t\t<div class=\"accordion__title\" role=\"button\" aria-expanded=\"false\" aria-label=\"Les r\u00e9sultats de la Conf\u00e9rence internationale sont-ils contraignants sur le plan juridique ? \">\n\t\t\t\t\t\t<h3 class=\"accordion__title-h4\">Les r\u00e9sultats de la Conf\u00e9rence internationale sont-ils contraignants sur le plan juridique ? <\/h3>\n\t\t\t\t\t<\/div>\n\t\t\t\t\t<div class=\"accordion__content\" role=\"region\" hidden>\n\t\t\t\t\t\tLes participants sont encourag\u00e9s \u00e0 garantir la mise en \u0153uvre effective des d\u00e9cisions et des r\u00e9sultats de la Conf\u00e9rence, et invit\u00e9s \u00e0 faire rapport \u00e0 titre volontaire sur le statut de mise en \u0153uvre des r\u00e9solutions et des engagements. \t\t\t\t\t<\/div>\n\t\t\t\t<\/li>\n\t\t\t\t\t<\/ul>\n\t<\/section>\n","protected":false},"excerpt":{"rendered":"","protected":false},"author":1,"featured_media":28650,"parent":1921,"menu_order":0,"comment_status":"closed","ping_status":"closed","template":"","meta":{"_acf_changed":false,"footnotes":""},"class_list":["post-23242","page","type-page","status-publish","has-post-thumbnail","hentry"],"acf":[],"_links":{"self":[{"href":"https:\/\/rcrcconference.org\/fr\/wp-json\/wp\/v2\/pages\/23242"}],"collection":[{"href":"https:\/\/rcrcconference.org\/fr\/wp-json\/wp\/v2\/pages"}],"about":[{"href":"https:\/\/rcrcconference.org\/fr\/wp-json\/wp\/v2\/types\/page"}],"author":[{"embeddable":true,"href":"https:\/\/rcrcconference.org\/fr\/wp-json\/wp\/v2\/users\/1"}],"replies":[{"embeddable":true,"href":"https:\/\/rcrcconference.org\/fr\/wp-json\/wp\/v2\/comments?post=23242"}],"version-history":[{"count":32,"href":"https:\/\/rcrcconference.org\/fr\/wp-json\/wp\/v2\/pages\/23242\/revisions"}],"predecessor-version":[{"id":33329,"href":"https:\/\/rcrcconference.org\/fr\/wp-json\/wp\/v2\/pages\/23242\/revisions\/33329"}],"up":[{"embeddable":true,"href":"https:\/\/rcrcconference.org\/fr\/wp-json\/wp\/v2\/pages\/1921"}],"wp:featuredmedia":[{"embeddable":true,"href":"https:\/\/rcrcconference.org\/fr\/wp-json\/wp\/v2\/media\/28650"}],"wp:attachment":[{"href":"https:\/\/rcrcconference.org\/fr\/wp-json\/wp\/v2\/media?parent=23242"}],"curies":[{"name":"wp","href":"https:\/\/api.w.org\/{rel}","templated":true}]}}