{"id":2032,"date":"2019-05-15T12:35:40","date_gmt":"2019-05-15T12:35:40","guid":{"rendered":"https:\/\/rcrcconference.org\/about-2\/"},"modified":"2024-08-25T15:13:43","modified_gmt":"2024-08-25T15:13:43","slug":"about-2","status":"publish","type":"page","link":"https:\/\/rcrcconference.org\/fr\/about-2\/","title":{"rendered":"Conseil des D\u00e9l\u00e9gu\u00e9s"},"content":{"rendered":"\n<div style=\"height:72px\" aria-hidden=\"true\" class=\"wp-block-spacer\"><\/div>\n\n\n<section class=\"accordion-block\" style=\"background-color: #ffffff; color: #4D4D4D\" role=\"region\" aria-label=\"Pedges accordion block\">\n\t\t\t\t<ul class=\"accordion\">\n\t\t\t\t\t\t\t<li class=\"accordion__item\">\n\t\t\t\t\t<div class=\"accordion__title\" role=\"button\" aria-expanded=\"false\" aria-label=\"Qu\u2019est-ce que le Conseil des D\u00e9l\u00e9gu\u00e9s ?\">\n\t\t\t\t\t\t<h3 class=\"accordion__title-h4\">Qu\u2019est-ce que le Conseil des D\u00e9l\u00e9gu\u00e9s ?<\/h3>\n\t\t\t\t\t<\/div>\n\t\t\t\t\t<div class=\"accordion__content\" role=\"region\" hidden>\n\t\t\t\t\t\tLe Conseil des D\u00e9l\u00e9gu\u00e9s du Mouvement international de la Croix-Rouge et du Croissant-Rouge (Conseil des D\u00e9l\u00e9gu\u00e9s) r\u00e9unit toutes les composantes du Mouvement (Soci\u00e9t\u00e9s nationales, CICR et F\u00e9d\u00e9ration internationale) pour discuter des questions qui concernent le Mouvement dans son ensemble. <br> Le Conseil des D\u00e9l\u00e9gu\u00e9s vise \u00e0 d\u00e9finir des strat\u00e9gies communes et \u00e0 garantir l\u2019alignement, \u00e0 l\u2019\u00e9chelle du Mouvement, des approches adopt\u00e9es face aux d\u00e9fis humanitaires mondiaux. Il contribue \u00e0 renforcer la coop\u00e9ration au sein de la Croix-Rouge et du Croissant-Rouge et \u00e0 stimuler les relations entre ses membres.<br> Les ann\u00e9es o\u00f9 une Conf\u00e9rence internationale a lieu, le Conseil des D\u00e9l\u00e9gu\u00e9s se tient imm\u00e9diatement avant celle-ci. Il en propose les responsables et en adopte l\u2019ordre du jour.\t\t\t\t\t<\/div>\n\t\t\t\t<\/li>\n\t\t\t\t\t\t\t<li class=\"accordion__item\">\n\t\t\t\t\t<div class=\"accordion__title\" role=\"button\" aria-expanded=\"false\" aria-label=\"Quand a lieu le Conseil des D\u00e9l\u00e9gu\u00e9s ?\">\n\t\t\t\t\t\t<h3 class=\"accordion__title-h4\">Quand a lieu le Conseil des D\u00e9l\u00e9gu\u00e9s ?<\/h3>\n\t\t\t\t\t<\/div>\n\t\t\t\t\t<div class=\"accordion__content\" role=\"region\" hidden>\n\t\t\t\t\t\tLe Conseil des D\u00e9l\u00e9gu\u00e9s se r\u00e9unit tous les deux ans.\t\t\t\t\t<\/div>\n\t\t\t\t<\/li>\n\t\t\t\t\t\t\t<li class=\"accordion__item\">\n\t\t\t\t\t<div class=\"accordion__title\" role=\"button\" aria-expanded=\"false\" aria-label=\"Qui participe au Conseil des D\u00e9l\u00e9gu\u00e9s ?\">\n\t\t\t\t\t\t<h3 class=\"accordion__title-h4\">Qui participe au Conseil des D\u00e9l\u00e9gu\u00e9s ?<\/h3>\n\t\t\t\t\t<\/div>\n\t\t\t\t\t<div class=\"accordion__content\" role=\"region\" hidden>\n\t\t\t\t\t\tSeules les composantes du Mouvement participent au Conseil des D\u00e9l\u00e9gu\u00e9s, \u00e0 savoir :<br> les Soci\u00e9t\u00e9s nationales de la Croix-Rouge et du Croissant-Rouge ;<br> le Comit\u00e9 international de la Croix-Rouge (CICR) ;<br> la F\u00e9d\u00e9ration internationale des Soci\u00e9t\u00e9s de la Croix-Rouge et du Croissant-Rouge (F\u00e9d\u00e9ration internationale).\t\t\t\t\t<\/div>\n\t\t\t\t<\/li>\n\t\t\t\t\t\t\t<li class=\"accordion__item\">\n\t\t\t\t\t<div class=\"accordion__title\" role=\"button\" aria-expanded=\"false\" aria-label=\"Quels sont les r\u00e9sultats du Conseil des D\u00e9l\u00e9gu\u00e9s ?\">\n\t\t\t\t\t\t<h3 class=\"accordion__title-h4\">Quels sont les r\u00e9sultats du Conseil des D\u00e9l\u00e9gu\u00e9s ?<\/h3>\n\t\t\t\t\t<\/div>\n\t\t\t\t\t<div class=\"accordion__content\" role=\"region\" hidden>\n\t\t\t\t\t\tComme \u00e0 la Conf\u00e9rence internationale, les d\u00e9cisions du Conseil des D\u00e9l\u00e9gu\u00e9s prennent la forme de r\u00e9solutions, qui sont dans la mesure du possible adopt\u00e9es par consensus.\t\t\t\t\t<\/div>\n\t\t\t\t<\/li>\n\t\t\t\t\t\t\t<li class=\"accordion__item\">\n\t\t\t\t\t<div class=\"accordion__title\" role=\"button\" aria-expanded=\"false\" aria-label=\"Histoire du Conseil des D\u00e9l\u00e9gu\u00e9s\">\n\t\t\t\t\t\t<h3 class=\"accordion__title-h4\">Histoire du Conseil des D\u00e9l\u00e9gu\u00e9s<\/h3>\n\t\t\t\t\t<\/div>\n\t\t\t\t\t<div class=\"accordion__content\" role=\"region\" hidden>\n\t\t\t\t\t\tLe Conseil des D\u00e9l\u00e9gu\u00e9s (initialement appel\u00e9 Commission des D\u00e9l\u00e9gu\u00e9s) a \u00e9t\u00e9 \u00e9tabli en 1884 par la III<sup>e<\/sup> Conf\u00e9rence internationale de la Croix-Rouge pour offrir aux Soci\u00e9t\u00e9s nationales et au CICR un forum de discussion et de coop\u00e9ration r\u00e9serv\u00e9 \u00e0 la famille de la Croix-Rouge. L\u2019objectif principal de la cr\u00e9ation de ce forum \u00e9tait de discuter des questions concernant la Croix-Rouge en dehors des d\u00e9bats men\u00e9s avec les \u00c9tats.<br> En 1961, le Conseil des D\u00e9l\u00e9gu\u00e9s s\u2019est r\u00e9uni pour la premi\u00e8re fois en dehors du cadre de la Conf\u00e9rence internationale pour traiter des questions qui concernaient exclusivement le Mouvement. Depuis, le Conseil des D\u00e9l\u00e9gu\u00e9s a progressivement gagn\u00e9 de l\u2019importance et s\u2019est impos\u00e9 comme une instance charg\u00e9e de trancher des questions de fond pour le Mouvement.\t\t\t\t\t<\/div>\n\t\t\t\t<\/li>\n\t\t\t\t\t<\/ul>\n\t<\/section>\n","protected":false},"excerpt":{"rendered":"","protected":false},"author":1,"featured_media":17611,"parent":0,"menu_order":0,"comment_status":"closed","ping_status":"closed","template":"","meta":{"_acf_changed":false,"footnotes":""},"class_list":["post-2032","page","type-page","status-publish","has-post-thumbnail","hentry"],"acf":[],"_links":{"self":[{"href":"https:\/\/rcrcconference.org\/fr\/wp-json\/wp\/v2\/pages\/2032"}],"collection":[{"href":"https:\/\/rcrcconference.org\/fr\/wp-json\/wp\/v2\/pages"}],"about":[{"href":"https:\/\/rcrcconference.org\/fr\/wp-json\/wp\/v2\/types\/page"}],"author":[{"embeddable":true,"href":"https:\/\/rcrcconference.org\/fr\/wp-json\/wp\/v2\/users\/1"}],"replies":[{"embeddable":true,"href":"https:\/\/rcrcconference.org\/fr\/wp-json\/wp\/v2\/comments?post=2032"}],"version-history":[{"count":23,"href":"https:\/\/rcrcconference.org\/fr\/wp-json\/wp\/v2\/pages\/2032\/revisions"}],"predecessor-version":[{"id":28244,"href":"https:\/\/rcrcconference.org\/fr\/wp-json\/wp\/v2\/pages\/2032\/revisions\/28244"}],"wp:featuredmedia":[{"embeddable":true,"href":"https:\/\/rcrcconference.org\/fr\/wp-json\/wp\/v2\/media\/17611"}],"wp:attachment":[{"href":"https:\/\/rcrcconference.org\/fr\/wp-json\/wp\/v2\/media?parent=2032"}],"curies":[{"name":"wp","href":"https:\/\/api.w.org\/{rel}","templated":true}]}}