{"id":1921,"date":"2019-05-13T08:54:39","date_gmt":"2019-05-13T08:54:39","guid":{"rendered":"https:\/\/rcrcconference.org\/about-4\/"},"modified":"2025-06-12T16:10:27","modified_gmt":"2025-06-12T16:10:27","slug":"about-4","status":"publish","type":"page","link":"https:\/\/rcrcconference.org\/fr\/about-4\/","title":{"rendered":"XXXIVe Conf\u00e9rence internationale"},"content":{"rendered":"<section class=\"icon__links\">\n\t\t\t<div class=\"icon__links-blocks\">\n\t\t\t\t\t\t\t\t<div class=\"icon__links-blocks-block\">\n\t\t\t\t\t\t<a href=\"https:\/\/rcrcconference.org\/fr\/about-4\/34th-international-conference\/documents-34th-international-conference\/\">\n\t\t\t\t\t\t\t<div class=\"icon__links-blocks-block-content\">\n\t\t\t\t\t\t\t\t\t\t\t\t\t\t\t\t\t\t\t\t\t\t\t\t\t\t\t\t\t\t\t\t\t\t\t\t<div class=\"icon__links-blocks-block-img\">\n\t\t\t\t\t\t\t\t\t\t\t<img decoding=\"async\" src=\"https:\/\/rcrcconference.org\/app\/uploads\/2024\/08\/Frame-2606.svg\" alt=\"Documents\">\n\t\t\t\t\t\t\t\t\t\t<\/div>\n\t\t\t\t\t\t\t\t\t\t\t\t\t\t\t\t\t\t\t\t\t\t\t\t\t<h4>Documents<\/h4>\n\t\t\t\t\t\t\t<\/div>\n\t\t\t\t\t\t<\/a>\n\t\t\t\t\t<\/div>\n\t\t\t\t\t\t\t\t\t<div class=\"icon__links-blocks-block\">\n\t\t\t\t\t\t<a href=\"https:\/\/rcrcconference.org\/fr\/about-4\/pledges\/\">\n\t\t\t\t\t\t\t<div class=\"icon__links-blocks-block-content\">\n\t\t\t\t\t\t\t\t\t\t\t\t\t\t\t\t\t\t\t\t\t\t\t\t\t\t\t\t\t\t\t\t\t\t\t\t<div class=\"icon__links-blocks-block-img\">\n\t\t\t\t\t\t\t\t\t\t\t<img decoding=\"async\" src=\"https:\/\/rcrcconference.org\/app\/uploads\/2024\/08\/Frame-260.svg\" alt=\"Engagements\">\n\t\t\t\t\t\t\t\t\t\t<\/div>\n\t\t\t\t\t\t\t\t\t\t\t\t\t\t\t\t\t\t\t\t\t\t\t\t\t<h4>Engagements<\/h4>\n\t\t\t\t\t\t\t<\/div>\n\t\t\t\t\t\t<\/a>\n\t\t\t\t\t<\/div>\n\t\t\t\t\t\t\t\t\t<div class=\"icon__links-blocks-block\">\n\t\t\t\t\t\t<a href=\"https:\/\/rcrcconference.org\/app\/uploads\/2024\/10\/34th-ConferenceGuide-NSs-FR-1.pdf\">\n\t\t\t\t\t\t\t<div class=\"icon__links-blocks-block-content\">\n\t\t\t\t\t\t\t\t\t\t\t\t\t\t\t\t\t\t\t\t\t\t\t\t\t\t\t\t\t\t\t\t\t\t\t\t<div class=\"icon__links-blocks-block-img\">\n\t\t\t\t\t\t\t\t\t\t\t<img decoding=\"async\" src=\"https:\/\/rcrcconference.org\/app\/uploads\/2024\/08\/Frame-2606.svg\" alt=\"Guide des r\u00e9unions statutaires (\u00e0 l'intention des soci\u00e9t\u00e9s Nationales)  \">\n\t\t\t\t\t\t\t\t\t\t<\/div>\n\t\t\t\t\t\t\t\t\t\t\t\t\t\t\t\t\t\t\t\t\t\t\t\t\t<h4>Guide des r\u00e9unions statutaires (\u00e0 l&rsquo;intention des soci\u00e9t\u00e9s Nationales)  <\/h4>\n\t\t\t\t\t\t\t<\/div>\n\t\t\t\t\t\t<\/a>\n\t\t\t\t\t<\/div>\n\t\t\t\t\t\t\t\t\t<div class=\"icon__links-blocks-block\">\n\t\t\t\t\t\t<a href=\"https:\/\/rcrcconference.org\/app\/uploads\/2024\/10\/34IC-detail-programme_Red-Cross-2024.10.27-FR.pdf\">\n\t\t\t\t\t\t\t<div class=\"icon__links-blocks-block-content\">\n\t\t\t\t\t\t\t\t\t\t\t\t\t\t\t\t\t\t\t\t\t\t\t\t\t\t\t\t\t\t\t\t\t\t\t\t<div class=\"icon__links-blocks-block-img\">\n\t\t\t\t\t\t\t\t\t\t\t<img decoding=\"async\" src=\"https:\/\/rcrcconference.org\/app\/uploads\/2024\/08\/Frame-2606.svg\" alt=\"programme d\u00e9taill\u00e9 (version 27 octobre)\">\n\t\t\t\t\t\t\t\t\t\t<\/div>\n\t\t\t\t\t\t\t\t\t\t\t\t\t\t\t\t\t\t\t\t\t\t\t\t\t<h4>programme d\u00e9taill\u00e9 (version 27 octobre)<\/h4>\n\t\t\t\t\t\t\t<\/div>\n\t\t\t\t\t\t<\/a>\n\t\t\t\t\t<\/div>\n\t\t\t\t\t\t\t\t\t<div class=\"icon__links-blocks-block\">\n\t\t\t\t\t\t<a href=\"https:\/\/rcrcconference.org\/fr\/about-4\/34th-international-conference\/for-the-record-voices-from-the-conference\/\">\n\t\t\t\t\t\t\t<div class=\"icon__links-blocks-block-content\">\n\t\t\t\t\t\t\t\t\t\t\t\t\t\t\t\t\t\t\t\t\t\t\t\t\t\t\t\t\t\t\t\t\t\t\t\t<div class=\"icon__links-blocks-block-img\">\n\t\t\t\t\t\t\t\t\t\t\t<img decoding=\"async\" src=\"https:\/\/rcrcconference.org\/app\/uploads\/2024\/08\/Vector.svg\" alt=\"\u00c9chos de la Conf\u00e9rence pour le proc\u00e8s-verbal\">\n\t\t\t\t\t\t\t\t\t\t<\/div>\n\t\t\t\t\t\t\t\t\t\t\t\t\t\t\t\t\t\t\t\t\t\t\t\t\t<h4>\u00c9chos de la Conf\u00e9rence pour le proc\u00e8s-verbal<\/h4>\n\t\t\t\t\t\t\t<\/div>\n\t\t\t\t\t\t<\/a>\n\t\t\t\t\t<\/div>\n\t\t\t\t\t\t\t\t\t<div class=\"icon__links-blocks-block\">\n\t\t\t\t\t\t<a href=\"https:\/\/rcrcconference.org\/fr\/commissions-seances-thematiques\/\">\n\t\t\t\t\t\t\t<div class=\"icon__links-blocks-block-content\">\n\t\t\t\t\t\t\t\t\t\t\t\t\t\t\t\t\t\t\t\t\t\t\t\t\t\t\t\t\t\t\t\t\t\t\t\t<div class=\"icon__links-blocks-block-img\">\n\t\t\t\t\t\t\t\t\t\t\t<img decoding=\"async\" src=\"https:\/\/rcrcconference.org\/app\/uploads\/2024\/08\/Vector.svg\" alt=\"Commissions &#038; s\u00e9ances th\u00e9matiques\">\n\t\t\t\t\t\t\t\t\t\t<\/div>\n\t\t\t\t\t\t\t\t\t\t\t\t\t\t\t\t\t\t\t\t\t\t\t\t\t<h4>Commissions &#038; s\u00e9ances th\u00e9matiques<\/h4>\n\t\t\t\t\t\t\t<\/div>\n\t\t\t\t\t\t<\/a>\n\t\t\t\t\t<\/div>\n\t\t\t\t\t\t\t\t\t<div class=\"icon__links-blocks-block\">\n\t\t\t\t\t\t<a href=\"https:\/\/rcrcconference.org\/fr\/about-4\/34th-international-conference\/election-de-la-commission-permanente-de-la-croix-rouge-et-du-croissant-rouge\/\">\n\t\t\t\t\t\t\t<div class=\"icon__links-blocks-block-content\">\n\t\t\t\t\t\t\t\t\t\t\t\t\t\t\t\t\t\t\t\t\t\t\t\t\t\t\t\t\t\t\t\t\t\t\t\t<div class=\"icon__links-blocks-block-img\">\n\t\t\t\t\t\t\t\t\t\t\t<img decoding=\"async\" src=\"https:\/\/rcrcconference.org\/app\/uploads\/2024\/08\/Vector.svg\" alt=\"Election de la Commission permanente\">\n\t\t\t\t\t\t\t\t\t\t<\/div>\n\t\t\t\t\t\t\t\t\t\t\t\t\t\t\t\t\t\t\t\t\t\t\t\t\t<h4>Election de la Commission permanente<\/h4>\n\t\t\t\t\t\t\t<\/div>\n\t\t\t\t\t\t<\/a>\n\t\t\t\t\t<\/div>\n\t\t\t\t\t\t\t\t\t<div class=\"icon__links-blocks-block\">\n\t\t\t\t\t\t<a href=\"https:\/\/rcrcconference.org\/fr\/manifestations-paralleles\/\">\n\t\t\t\t\t\t\t<div class=\"icon__links-blocks-block-content\">\n\t\t\t\t\t\t\t\t\t\t\t\t\t\t\t\t\t\t\t\t\t\t\t\t\t\t\t\t\t\t\t\t\t\t\t\t<div class=\"icon__links-blocks-block-img\">\n\t\t\t\t\t\t\t\t\t\t\t<img decoding=\"async\" src=\"https:\/\/rcrcconference.org\/app\/uploads\/2024\/08\/Frame-260.svg\" alt=\"Manifestations parall\u00e8les\">\n\t\t\t\t\t\t\t\t\t\t<\/div>\n\t\t\t\t\t\t\t\t\t\t\t\t\t\t\t\t\t\t\t\t\t\t\t\t\t<h4>Manifestations parall\u00e8les<\/h4>\n\t\t\t\t\t\t\t<\/div>\n\t\t\t\t\t\t<\/a>\n\t\t\t\t\t<\/div>\n\t\t\t\t\t\t\t\t\t<div class=\"icon__links-blocks-block\">\n\t\t\t\t\t\t<a href=\"\">\n\t\t\t\t\t\t\t<div class=\"icon__links-blocks-block-content\">\n\t\t\t\t\t\t\t\t\t\t\t\t\t\t\t\t\t\t\t\t\t\t\t\t\t\t\t\t\t\t\t\t\t\t\t\t<div class=\"icon__links-blocks-block-img\">\n\t\t\t\t\t\t\t\t\t\t\t<img decoding=\"async\" src=\"https:\/\/rcrcconference.org\/app\/uploads\/2024\/08\/Frame-260.svg\" alt=\"Sentier humanitaire \">\n\t\t\t\t\t\t\t\t\t\t<\/div>\n\t\t\t\t\t\t\t\t\t\t\t\t\t\t\t\t\t\t\t\t\t\t\t\t\t<h4>Sentier humanitaire <\/h4>\n\t\t\t\t\t\t\t<\/div>\n\t\t\t\t\t\t<\/a>\n\t\t\t\t\t<\/div>\n\t\t\t\t\t\t\t\t\t<div class=\"icon__links-blocks-block\">\n\t\t\t\t\t\t<a href=\"https:\/\/rcrcconference.org\/fr\/about-4\/34th-international-conference\/prepare-to-engage-34th-international-conference-for-conference-members-only\/\">\n\t\t\t\t\t\t\t<div class=\"icon__links-blocks-block-content\">\n\t\t\t\t\t\t\t\t\t\t\t\t\t\t\t\t\t\t\t\t\t\t\t\t\t\t\t\t\t\t\t\t\t\t\t\t<div class=\"icon__links-blocks-block-img\">\n\t\t\t\t\t\t\t\t\t\t\t<img decoding=\"async\" src=\"https:\/\/rcrcconference.org\/app\/uploads\/2024\/08\/Frame-2606.svg\" alt=\"Guides \u00e0 l'intention\">\n\t\t\t\t\t\t\t\t\t\t<\/div>\n\t\t\t\t\t\t\t\t\t\t\t\t\t\t\t\t\t\t\t\t\t\t\t\t\t<h4>Guides \u00e0 l&rsquo;intention<\/h4>\n\t\t\t\t\t\t\t<\/div>\n\t\t\t\t\t\t<\/a>\n\t\t\t\t\t<\/div>\n\t\t\t\t\t\t\t\t\t<div class=\"icon__links-blocks-block\">\n\t\t\t\t\t\t<a href=\"https:\/\/rcrcconference.org\/fr\/about-4\/34th-international-conference\/declaration-conjointe\/\">\n\t\t\t\t\t\t\t<div class=\"icon__links-blocks-block-content\">\n\t\t\t\t\t\t\t\t\t\t\t\t\t\t\t\t\t\t\t\t\t\t\t\t\t\t\t\t\t\t\t\t\t\t\t\t<div class=\"icon__links-blocks-block-img\">\n\t\t\t\t\t\t\t\t\t\t\t<img decoding=\"async\" src=\"https:\/\/rcrcconference.org\/app\/uploads\/2024\/10\/Frame-2606.svg\" alt=\"D\u00e9claration conjointe\">\n\t\t\t\t\t\t\t\t\t\t<\/div>\n\t\t\t\t\t\t\t\t\t\t\t\t\t\t\t\t\t\t\t\t\t\t\t\t\t<h4>D\u00e9claration conjointe<\/h4>\n\t\t\t\t\t\t\t<\/div>\n\t\t\t\t\t\t<\/a>\n\t\t\t\t\t<\/div>\n\t\t\t\t\t\t<\/div>\n\t<\/section>\n\n\n\n<p>Le caract\u00e8re impr\u00e9visible des \u00e9v\u00e9nements mondiaux, associ\u00e9 \u00e0 l\u2019augmentation constante des besoins humanitaires, appelle \u00e0 un renforcement de l\u2019action humanitaire. La Conf\u00e9rence internationale offrira au Mouvement international de la Croix-Rouge et du Croissant-Rouge (Mouvement) et aux \u00c9tats parties aux Conventions de Gen\u00e8ve une plateforme de dialogue afin de d\u00e9cider des mesures \u00e0 prendre pour renforcer l\u2019impact de l\u2019action humanitaire men\u00e9e en r\u00e9ponse aux crises nouvelles, en cours et futures.<br>Le Mouvement entame d\u00e8s maintenant son cycle de pr\u00e9paration de la XXXIV<sup>e<\/sup>&nbsp;Conf\u00e9rence internationale.<\/p>\n\n\n\n<div style=\"height:100px\" aria-hidden=\"true\" class=\"wp-block-spacer\"><\/div>\n\n\n<section class=\"latest_documents\">\n\t<div class=\"latest_documents__inner\">\n\t\t<div class=\"latest_documents__header\" role=\"region\">\n\t\t\t<h2>Derniers documents<\/h2><p class=\"\"><\/p>\t\t<\/div>\n\t\t<div class=\"latest_documents__blocks\">\n\t\t\t\t\t\t\t\t<div class=\"latest_documents__blocks-block\">\n\t\t\t\t\t\t<a href=\"https:\/\/rcrcconference.org\/app\/uploads\/2025\/06\/34IC-Facts_figures-FR.pdf\">\n\t\t\t\t\t\t\t<div class=\"latest_documents__blocks-block-arrow\">\n\t\t\t\t\t\t\t\t<svg width=\"24\" height=\"25\" viewBox=\"0 0 24 25\" fill=\"#1A3283\" xmlns=\"http:\/\/www.w3.org\/2000\/svg\">\n\t\t\t\t\t\t\t\t\t<path d=\"M14 18.5L12.6 17.05L16.15 13.5H4V11.5H16.15L12.6 7.95L14 6.5L20 12.5L14 18.5Z\"\/>\n\t\t\t\t\t\t\t\t<\/svg>\n\t\t\t\t\t\t\t<\/div>\n\t\t\t\t\t\t\t<div class=\"latest_documents__blocks-block-content\" role=\"region\" aria-label=\"Latest document\">\n\t\t\t\t\t\t\t\t<svg width=\"23\" height=\"28\" viewBox=\"0 0 23 28\" fill=\"#6C7E7E\" xmlns=\"http:\/\/www.w3.org\/2000\/svg\"><path d=\"M6.16683 22H16.8335V19.3334H6.16683V22ZM6.16683 16.6667H16.8335V14H6.16683V16.6667ZM3.50016 27.3334C2.76683 27.3334 2.13905 27.0722 1.61683 26.55C1.09461 26.0278 0.833496 25.4 0.833496 24.6667V3.33335C0.833496 2.60002 1.09461 1.97224 1.61683 1.45002C2.13905 0.927798 2.76683 0.666687 3.50016 0.666687H14.1668L22.1668 8.66669V24.6667C22.1668 25.4 21.9057 26.0278 21.3835 26.55C20.8613 27.0722 20.2335 27.3334 19.5002 27.3334H3.50016ZM12.8335 10V3.33335H3.50016V24.6667H19.5002V10H12.8335Z\"\/><\/svg>\n\t\t\t\t\t\t\t\t<h3 class=\"latest_documents__blocks-block-content-title-h4\">XXXIVe Conf\u00e9rence internationale &#8211; Faits et Chiffres<\/h3>\n\t\t\t\t\t\t\t\t<p><\/p>\n\t\t\t\t\t\t\t<\/div>\n\t\t\t\t\t\t<\/a>\n\t\t\t\t\t<\/div>\n\t\t\t\t\t\t\t\t\t<div class=\"latest_documents__blocks-block\">\n\t\t\t\t\t\t<a href=\"https:\/\/rcrcconference.org\/fr\/about-4\/34th-international-conference\/documents-34th-international-conference\/\">\n\t\t\t\t\t\t\t<div class=\"latest_documents__blocks-block-arrow\">\n\t\t\t\t\t\t\t\t<svg width=\"24\" height=\"25\" viewBox=\"0 0 24 25\" fill=\"#1A3283\" xmlns=\"http:\/\/www.w3.org\/2000\/svg\">\n\t\t\t\t\t\t\t\t\t<path d=\"M14 18.5L12.6 17.05L16.15 13.5H4V11.5H16.15L12.6 7.95L14 6.5L20 12.5L14 18.5Z\"\/>\n\t\t\t\t\t\t\t\t<\/svg>\n\t\t\t\t\t\t\t<\/div>\n\t\t\t\t\t\t\t<div class=\"latest_documents__blocks-block-content\" role=\"region\" aria-label=\"Latest document\">\n\t\t\t\t\t\t\t\t<svg width=\"23\" height=\"28\" viewBox=\"0 0 23 28\" fill=\"#6C7E7E\" xmlns=\"http:\/\/www.w3.org\/2000\/svg\"><path d=\"M6.16683 22H16.8335V19.3334H6.16683V22ZM6.16683 16.6667H16.8335V14H6.16683V16.6667ZM3.50016 27.3334C2.76683 27.3334 2.13905 27.0722 1.61683 26.55C1.09461 26.0278 0.833496 25.4 0.833496 24.6667V3.33335C0.833496 2.60002 1.09461 1.97224 1.61683 1.45002C2.13905 0.927798 2.76683 0.666687 3.50016 0.666687H14.1668L22.1668 8.66669V24.6667C22.1668 25.4 21.9057 26.0278 21.3835 26.55C20.8613 27.0722 20.2335 27.3334 19.5002 27.3334H3.50016ZM12.8335 10V3.33335H3.50016V24.6667H19.5002V10H12.8335Z\"\/><\/svg>\n\t\t\t\t\t\t\t\t<h3 class=\"latest_documents__blocks-block-content-title-h4\">R\u00e9solution, documents de r\u00e9f\u00e9rence<\/h3>\n\t\t\t\t\t\t\t\t<p><\/p>\n\t\t\t\t\t\t\t<\/div>\n\t\t\t\t\t\t<\/a>\n\t\t\t\t\t<\/div>\n\t\t\t\t\t\t\t\t\t<div class=\"latest_documents__blocks-block\">\n\t\t\t\t\t\t<a href=\"https:\/\/rcrcconference.org\/fr\/about-4\/34th-international-conference\/prepare-to-engage-34th-international-conference-for-conference-members-only\/\">\n\t\t\t\t\t\t\t<div class=\"latest_documents__blocks-block-arrow\">\n\t\t\t\t\t\t\t\t<svg width=\"24\" height=\"25\" viewBox=\"0 0 24 25\" fill=\"#1A3283\" xmlns=\"http:\/\/www.w3.org\/2000\/svg\">\n\t\t\t\t\t\t\t\t\t<path d=\"M14 18.5L12.6 17.05L16.15 13.5H4V11.5H16.15L12.6 7.95L14 6.5L20 12.5L14 18.5Z\"\/>\n\t\t\t\t\t\t\t\t<\/svg>\n\t\t\t\t\t\t\t<\/div>\n\t\t\t\t\t\t\t<div class=\"latest_documents__blocks-block-content\" role=\"region\" aria-label=\"Latest document\">\n\t\t\t\t\t\t\t\t<svg width=\"23\" height=\"28\" viewBox=\"0 0 23 28\" fill=\"#6C7E7E\" xmlns=\"http:\/\/www.w3.org\/2000\/svg\"><path d=\"M6.16683 22H16.8335V19.3334H6.16683V22ZM6.16683 16.6667H16.8335V14H6.16683V16.6667ZM3.50016 27.3334C2.76683 27.3334 2.13905 27.0722 1.61683 26.55C1.09461 26.0278 0.833496 25.4 0.833496 24.6667V3.33335C0.833496 2.60002 1.09461 1.97224 1.61683 1.45002C2.13905 0.927798 2.76683 0.666687 3.50016 0.666687H14.1668L22.1668 8.66669V24.6667C22.1668 25.4 21.9057 26.0278 21.3835 26.55C20.8613 27.0722 20.2335 27.3334 19.5002 27.3334H3.50016ZM12.8335 10V3.33335H3.50016V24.6667H19.5002V10H12.8335Z\"\/><\/svg>\n\t\t\t\t\t\t\t\t<h3 class=\"latest_documents__blocks-block-content-title-h4\">Guides<\/h3>\n\t\t\t\t\t\t\t\t<p>La Conf\u00e9rence internationale aboutit aux meilleurs r\u00e9sultats lorsque chacun a la possibilit\u00e9 d\u2019apporter sa contribution.<\/p>\n\t\t\t\t\t\t\t<\/div>\n\t\t\t\t\t\t<\/a>\n\t\t\t\t\t<\/div>\n\t\t\t\t\t\t\t\t\t<div class=\"latest_documents__blocks-block\">\n\t\t\t\t\t\t<a href=\"https:\/\/rcrcconference.org\/app\/uploads\/2024\/12\/34IC-conference-rapporteur-report-FR.pdf\">\n\t\t\t\t\t\t\t<div class=\"latest_documents__blocks-block-arrow\">\n\t\t\t\t\t\t\t\t<svg width=\"24\" height=\"25\" viewBox=\"0 0 24 25\" fill=\"#1A3283\" xmlns=\"http:\/\/www.w3.org\/2000\/svg\">\n\t\t\t\t\t\t\t\t\t<path d=\"M14 18.5L12.6 17.05L16.15 13.5H4V11.5H16.15L12.6 7.95L14 6.5L20 12.5L14 18.5Z\"\/>\n\t\t\t\t\t\t\t\t<\/svg>\n\t\t\t\t\t\t\t<\/div>\n\t\t\t\t\t\t\t<div class=\"latest_documents__blocks-block-content\" role=\"region\" aria-label=\"Latest document\">\n\t\t\t\t\t\t\t\t<svg width=\"23\" height=\"28\" viewBox=\"0 0 23 28\" fill=\"#6C7E7E\" xmlns=\"http:\/\/www.w3.org\/2000\/svg\"><path d=\"M6.16683 22H16.8335V19.3334H6.16683V22ZM6.16683 16.6667H16.8335V14H6.16683V16.6667ZM3.50016 27.3334C2.76683 27.3334 2.13905 27.0722 1.61683 26.55C1.09461 26.0278 0.833496 25.4 0.833496 24.6667V3.33335C0.833496 2.60002 1.09461 1.97224 1.61683 1.45002C2.13905 0.927798 2.76683 0.666687 3.50016 0.666687H14.1668L22.1668 8.66669V24.6667C22.1668 25.4 21.9057 26.0278 21.3835 26.55C20.8613 27.0722 20.2335 27.3334 19.5002 27.3334H3.50016ZM12.8335 10V3.33335H3.50016V24.6667H19.5002V10H12.8335Z\"\/><\/svg>\n\t\t\t\t\t\t\t\t<h3 class=\"latest_documents__blocks-block-content-title-h4\">Rapport de la rapporteure<\/h3>\n\t\t\t\t\t\t\t\t<p><\/p>\n\t\t\t\t\t\t\t<\/div>\n\t\t\t\t\t\t<\/a>\n\t\t\t\t\t<\/div>\n\t\t\t\t\t\t<\/div>\n\t<\/div>\n<\/section>\n","protected":false},"excerpt":{"rendered":"<p>Le caract\u00e8re impr\u00e9visible des \u00e9v\u00e9nements mondiaux, associ\u00e9 \u00e0 l\u2019augmentation constante des besoins humanitaires, appelle \u00e0 un renforcement de l\u2019action humanitaire. La Conf\u00e9rence internationale offrira au Mouvement international de la Croix-Rouge et du Croissant-Rouge (Mouvement) et aux \u00c9tats parties aux Conventions de Gen\u00e8ve une plateforme de dialogue afin de d\u00e9cider des mesures \u00e0 prendre pour renforcer [&hellip;]<\/p>\n","protected":false},"author":1,"featured_media":26711,"parent":0,"menu_order":0,"comment_status":"closed","ping_status":"closed","template":"","meta":{"_acf_changed":false,"footnotes":""},"class_list":["post-1921","page","type-page","status-publish","has-post-thumbnail","hentry"],"acf":[],"_links":{"self":[{"href":"https:\/\/rcrcconference.org\/fr\/wp-json\/wp\/v2\/pages\/1921"}],"collection":[{"href":"https:\/\/rcrcconference.org\/fr\/wp-json\/wp\/v2\/pages"}],"about":[{"href":"https:\/\/rcrcconference.org\/fr\/wp-json\/wp\/v2\/types\/page"}],"author":[{"embeddable":true,"href":"https:\/\/rcrcconference.org\/fr\/wp-json\/wp\/v2\/users\/1"}],"replies":[{"embeddable":true,"href":"https:\/\/rcrcconference.org\/fr\/wp-json\/wp\/v2\/comments?post=1921"}],"version-history":[{"count":36,"href":"https:\/\/rcrcconference.org\/fr\/wp-json\/wp\/v2\/pages\/1921\/revisions"}],"predecessor-version":[{"id":34056,"href":"https:\/\/rcrcconference.org\/fr\/wp-json\/wp\/v2\/pages\/1921\/revisions\/34056"}],"wp:featuredmedia":[{"embeddable":true,"href":"https:\/\/rcrcconference.org\/fr\/wp-json\/wp\/v2\/media\/26711"}],"wp:attachment":[{"href":"https:\/\/rcrcconference.org\/fr\/wp-json\/wp\/v2\/media?parent=1921"}],"curies":[{"name":"wp","href":"https:\/\/api.w.org\/{rel}","templated":true}]}}