{"id":19133,"date":"2021-10-19T15:41:08","date_gmt":"2021-10-19T15:41:08","guid":{"rendered":"https:\/\/rcrcconference.org\/workshops\/"},"modified":"2023-01-23T12:45:18","modified_gmt":"2023-01-23T12:45:18","slug":"workshops","status":"publish","type":"page","link":"https:\/\/rcrcconference.org\/fr\/about-2\/2022-conseil-des-delegues\/workshops\/","title":{"rendered":"Conseil des D\u00e9l\u00e9gu\u00e9s 2022 \u2013 Ateliers"},"content":{"rendered":"\n<section class=\"single-link\" style=\"background-color: #AE0F0A\" aria-label=\"Single link section\">\n\t<div class=\"container\">\n\t\t<div class=\"single-link__inner\">\n\t\t\t\t\t\t\t<div class=\"single-link__title\">\n\t\t\t\t\t<h2>\u00ab En route pour le Conseil des D\u00e9l\u00e9gu\u00e9s \u00bb<\/h2>\n\t\t\t\t<\/div>\n\t\t\t\t\t<\/div>\n\t<\/div>\n<\/section>\n\n\n<section class=\"about\">\n\t<div class=\"container\">\n\t\t\t\t<div class=\"about__inner\">\n\t\t\t\t\t\t\t<div class=\"about__title\">\n\t\t\t\t\t<h3>Dans la perspective du Conseil des D\u00e9l\u00e9gu\u00e9s, une s\u00e9rie d\u2019ateliers en ligne \u00e9taient organis\u00e9s entre janvier et mai 2022.<\/h3>\n\t\t\t\t<\/div>\n\t\t\t\t\t\t\t\t\t\t<div class=\"about__content\">\n\t\t\t\t\tLes ateliers avaient pour but de compl\u00e9ter l\u2019ordre du jour du Conseil des D\u00e9l\u00e9gu\u00e9s. Prenant la forme de discussions exploratoires informelles sur des th\u00e8mes humanitaires actuels importants, ils offraient aux composantes du Mouvement la possibilit\u00e9 de mettre en \u00e9vidence des approches ayant fait leurs preuves face aux d\u00e9fis humanitaires, ainsi que d\u2019apprendre et de s\u2019inspirer les unes des autres. Les principaux r\u00e9sultats des ateliers \u00e9taient pr\u00e9sent\u00e9s en s\u00e9ance pl\u00e9ni\u00e8re et seront repris dans le compte rendu analytique du Conseil des D\u00e9l\u00e9gu\u00e9s.\t\t\t\t<\/div>\n\t\t\t\t\t<\/div>\n\t<\/div>\n<\/section>\n\n\n\n<figure class=\"wp-block-embed-youtube aligncenter wp-block-embed is-type-video is-provider-youtube wp-embed-aspect-16-9 wp-has-aspect-ratio\"><div class=\"wp-block-embed__wrapper\">\n<iframe loading=\"lazy\" title=\"Council of Delegates 2022 - Outcomes of the online workshops\" width=\"500\" height=\"281\" src=\"https:\/\/www.youtube.com\/embed\/DXeb2yQzcKM?feature=oembed\" frameborder=\"0\" allow=\"accelerometer; autoplay; clipboard-write; encrypted-media; gyroscope; picture-in-picture; web-share\" referrerpolicy=\"strict-origin-when-cross-origin\" allowfullscreen><\/iframe>\n<\/div><\/figure>\n\n\n\n<div class=\"wp-block-image\"><figure class=\"aligncenter size-large\"><img loading=\"lazy\" decoding=\"async\" width=\"1024\" height=\"768\" src=\"https:\/\/rcrcconference.org\/app\/uploads\/2021\/12\/CoD22-Workshops-schedule-25Nov21-FR-1024x768.jpg\" alt=\"\" class=\"wp-image-19583\" srcset=\"https:\/\/rcrcconference.org\/app\/uploads\/2021\/12\/CoD22-Workshops-schedule-25Nov21-FR-1024x768.jpg 1024w, https:\/\/rcrcconference.org\/app\/uploads\/2021\/12\/CoD22-Workshops-schedule-25Nov21-FR-300x225.jpg 300w, https:\/\/rcrcconference.org\/app\/uploads\/2021\/12\/CoD22-Workshops-schedule-25Nov21-FR-768x576.jpg 768w, https:\/\/rcrcconference.org\/app\/uploads\/2021\/12\/CoD22-Workshops-schedule-25Nov21-FR.jpg 1344w\" sizes=\"(max-width: 1024px) 100vw, 1024px\" \/><\/figure><\/div>\n\n\n\n<section class=\"wp-block-red-cross-block-red-cross-text-block about\"><div class=\"container\"><div class=\"about__inner\"><div class=\"about__title\"><h3>Programme<\/h3><\/div><div class=\"about__content\">&#8211;<a rel=\"noreferrer noopener\" aria-label=\" Programme des ateliers (opens in a new tab)\" href=\"https:\/\/rcrcconference.org\/app\/uploads\/2022\/01\/CoD2022-Workshops-Programme_Final_rev-FR.pdf\" target=\"_blank\"> Programme des ateliers<\/a><br\/><a rel=\"noreferrer noopener\" aria-label=\"- Calendrier des ateliers au format PDF  (opens in a new tab)\" href=\"https:\/\/rcrcconference.org\/app\/uploads\/2021\/12\/CoD22-Workshops-schedule-25Nov21-FR.pdf\" target=\"_blank\">&#8211; Calendrier des ateliers au format PDF <\/a><br\/><a rel=\"noreferrer noopener\" href=\"https:\/\/rcrcconference.org\/app\/uploads\/2021\/12\/Standing-Commission-workshop-invitation-FR.pdf\" target=\"_blank\">&#8211; Invitation officielle de la Commission permanente<\/a> <\/div><\/div><\/div><\/section>\n\n\n\t<div class=\"container\">\n\t\t<div class=\"accordion-block__title-over\">\n\t\t\t<h2>Liste des ateliers<\/h2>\n\t\t<\/div>\n\t<\/div>\n<section class=\"about\" style=\"background-color: #A0A0A0; color: #000000\">\n\t<div class=\"container\">\n\t\t<div class=\"about__inner\">\n\t\t\t\t\t\t\t<div class=\"about__title\">\n\t\t\t\t\t<h3>CE QUE NOUS FAISONS : r\u00e9pondre aux besoins et aux vuln\u00e9rabilit\u00e9s dans le monde et au niveau local<\/h3>\n\t\t\t\t<\/div>\n\t\t\t\t\t\t\t\t\t\t<ul class=\"accordion\">\n\t\t\t\t\t\t\t\t\t\t\t<li class=\"accordion__item\">\n\t\t\t\t\t\t\t<div class=\"accordion__title\">\n\t\t\t\t\t\t\t\t<h4>Mesures antiterroristes et r\u00e9gimes de sanctions : impact sur la mise en \u0153uvre d\u2019une action humanitaire neutre, ind\u00e9pendante et impartiale<\/h4>\n\t\t\t\t\t\t\t<\/div>\n\t\t\t\t\t\t\t<div class=\"accordion__content\">\n\t\t\t\t\t\t\t\t<strong>Jeudi, le 20 janvier 2022 <br><a rel=\"noreferrer noopener\" aria-label=\"- aper\u00e7u (opens in a new tab)\" href=\"https:\/\/rcrcconference.org\/app\/uploads\/2021\/11\/CoD22-WS-Outline-Counterterrorism-and-Sanctions-FR.pdf\" target=\"_blank\">&#8211; Aper\u00e7u<\/a><\/strong><br>&#8211; <strong><a href=\"https:\/\/rcrcconference.org\/app\/uploads\/2023\/01\/CoD22-WS1-Counterterrorism-Report_FR.pdf\" target=\"_blank\" rel=\"noreferrer noopener\" aria-label=\"Rapport de synth\u00e8se (opens in a new tab)\">Rapport de synth\u00e8se<\/a><\/strong>\t\t\t\t\t\t\t<\/div>\n\t\t\t\t\t\t<\/li>\n\t\t\t\t\t\t\t\t\t\t\t<li class=\"accordion__item\">\n\t\t\t\t\t\t\t<div class=\"accordion__title\">\n\t\t\t\t\t\t\t\t<h4>Vers une position du Mouvement sur les syst\u00e8mes d\u2019armes autonomes<\/h4>\n\t\t\t\t\t\t\t<\/div>\n\t\t\t\t\t\t\t<div class=\"accordion__content\">\n\t\t\t\t\t\t\t\t<strong>Jeudi, le 3 f\u00e9vrier 2022<br><a rel=\"noreferrer noopener\" aria-label=\"- aper\u00e7u (opens in a new tab)\" href=\"https:\/\/rcrcconference.org\/app\/uploads\/2021\/11\/CoD22-WS-Outline-Autonomous-Weapons_FR.pdf\" target=\"_blank\">&#8211; Aper\u00e7u<\/a><\/strong><br>&#8211; <strong><a rel=\"noreferrer noopener\" aria-label=\"Rapport de synth\u00e8se (opens in a new tab)\" href=\"https:\/\/rcrcconference.org\/app\/uploads\/2022\/10\/CoD22-WS2-Autonomous-Weapon-Systems-report_FR.pdf\" target=\"_blank\">Rapport de synth\u00e8se<\/a><\/strong> \t\t\t\t\t\t\t<\/div>\n\t\t\t\t\t\t<\/li>\n\t\t\t\t\t\t\t\t\t\t\t<li class=\"accordion__item\">\n\t\t\t\t\t\t\t<div class=\"accordion__title\">\n\t\t\t\t\t\t\t\t<h4>La protection au sein du Mouvement<\/h4>\n\t\t\t\t\t\t\t<\/div>\n\t\t\t\t\t\t\t<div class=\"accordion__content\">\n\t\t\t\t\t\t\t\t<strong>Mardi, le 12 avril 2022<br><a rel=\"noreferrer noopener\" aria-label=\"- aper\u00e7u (opens in a new tab)\" href=\"https:\/\/rcrcconference.org\/app\/uploads\/2021\/11\/CoD22-WS-Outline-Protection-in-the-Movement_FR.pdf\" target=\"_blank\">&#8211; aper\u00e7u<\/a><\/strong><br>&#8211; <a rel=\"noreferrer noopener\" aria-label=\"Rapport de synth\u00e8se  (opens in a new tab)\" href=\"https:\/\/rcrcconference.org\/app\/uploads\/2022\/10\/CoD22-WS5-Protection-in-the-Movement-report_FR.pdf\" target=\"_blank\"><strong>Rapport de synth\u00e8se<\/strong> <\/a>\t\t\t\t\t\t\t<\/div>\n\t\t\t\t\t\t<\/li>\n\t\t\t\t\t\t\t\t\t\t\t<li class=\"accordion__item\">\n\t\t\t\t\t\t\t<div class=\"accordion__title\">\n\t\t\t\t\t\t\t\t<h4>Approche du Mouvement en mati\u00e8re d\u2019\u00e9ducation<\/h4>\n\t\t\t\t\t\t\t<\/div>\n\t\t\t\t\t\t\t<div class=\"accordion__content\">\n\t\t\t\t\t\t\t\t <strong>Jeudi, le 5 mai 2022<br><a rel=\"noreferrer noopener\" aria-label=\"- aper\u00e7u (opens in a new tab)\" href=\"https:\/\/rcrcconference.org\/app\/uploads\/2022\/01\/CoD22-WS-outline-Humanitarian-Education-FR.pdf\" target=\"_blank\">&#8211; Aper\u00e7u<\/a><\/strong><br>&#8211; <a rel=\"noreferrer noopener\" aria-label=\"Rapport de synth\u00e8se  (opens in a new tab)\" href=\"https:\/\/rcrcconference.org\/app\/uploads\/2022\/10\/CoD22-WS7-Movement-approach-to-Education-Report_FR.pdf\" target=\"_blank\"><strong>Rapport de synth\u00e8se<\/strong> <\/a>\t\t\t\t\t\t\t<\/div>\n\t\t\t\t\t\t<\/li>\n\t\t\t\t\t\t\t\t\t<\/ul>\n\t\t\t\t\t<\/div>\n\t<\/div>\n<\/section>\n\n\n<section class=\"about\" style=\"background-color: #A0A0A0; color: #000000\">\n\t<div class=\"container\">\n\t\t<div class=\"about__inner\">\n\t\t\t\t\t\t\t<div class=\"about__title\">\n\t\t\t\t\t<h3>COMMENT NOUS TRAVAILLONS : redevabilit\u00e9, transparence, unit\u00e9 et durabilit\u00e9 du Mouvement<\/h3>\n\t\t\t\t<\/div>\n\t\t\t\t\t\t\t\t\t\t<ul class=\"accordion\">\n\t\t\t\t\t\t\t\t\t\t\t<li class=\"accordion__item\">\n\t\t\t\t\t\t\t<div class=\"accordion__title\">\n\t\t\t\t\t\t\t\t<h4>Plateforme virtuelle de collecte de fonds 2.0 \u2013 Un engagement en faveur de la croissance<\/h4>\n\t\t\t\t\t\t\t<\/div>\n\t\t\t\t\t\t\t<div class=\"accordion__content\">\n\t\t\t\t\t\t\t\t <strong>Jeudi, le 3 mars 2022<br><a rel=\"noreferrer noopener\" href=\"https:\/\/rcrcconference.org\/app\/uploads\/2021\/11\/CoD22-WS-Outline-Resource-Mobilization_FR.pdf\" target=\"_blank\">&#8211; Aper\u00e7u<\/a><\/strong><br>&#8211; <a rel=\"noreferrer noopener\" aria-label=\"Rapport de synth\u00e8se  (opens in a new tab)\" href=\"https:\/\/rcrcconference.org\/app\/uploads\/2022\/10\/CoD22-WS3-Virtual-Fundraising-Hub-report_FR.pdf\" target=\"_blank\"><strong>Rapport de synth\u00e8se<\/strong> <\/a>\t\t\t\t\t\t\t<\/div>\n\t\t\t\t\t\t<\/li>\n\t\t\t\t\t\t\t\t\t\t\t<li class=\"accordion__item\">\n\t\t\t\t\t\t\t<div class=\"accordion__title\">\n\t\t\t\t\t\t\t\t<h4>Comment progresser vers un Mouvement international de la Croix-Rouge et du Croissant-Rouge exempt de racisme, de x\u00e9nophobie et de discrimination ?<\/h4>\n\t\t\t\t\t\t\t<\/div>\n\t\t\t\t\t\t\t<div class=\"accordion__content\">\n\t\t\t\t\t\t\t\t<strong>Jeudi, le 31 mars 2022<br><a rel=\"noreferrer noopener\" href=\"https:\/\/rcrcconference.org\/app\/uploads\/2021\/11\/CoD22-WS-Outline-Resource-Mobilization_FR.pdf\" target=\"_blank\">&#8211; <\/a><\/strong><a rel=\"noreferrer noopener\" aria-label=\"aper\u00e7u  (opens in a new tab)\" href=\"https:\/\/rcrcconference.org\/app\/uploads\/2021\/11\/CoD22-WS-Outline-Diversity-FR.pdf\" target=\"_blank\"><strong>Aper\u00e7u<\/strong> <\/a><br><a rel=\"noreferrer noopener\" aria-label=\"- Rapport de synth\u00e8se \n (opens in a new tab)\" href=\"https:\/\/rcrcconference.org\/app\/uploads\/2022\/10\/CoD22-WS4-discrimation-report-FR.pdf\" target=\"_blank\">&#8211; <strong>Rapport de synth\u00e8se<\/strong> <\/a>\t\t\t\t\t\t\t<\/div>\n\t\t\t\t\t\t<\/li>\n\t\t\t\t\t\t\t\t\t\t\t<li class=\"accordion__item\">\n\t\t\t\t\t\t\t<div class=\"accordion__title\">\n\t\t\t\t\t\t\t\t<h4>Renforcement des actions au niveau local : investir dans des Soci\u00e9t\u00e9s nationales fortes et viables <\/h4>\n\t\t\t\t\t\t\t<\/div>\n\t\t\t\t\t\t\t<div class=\"accordion__content\">\n\t\t\t\t\t\t\t\t<strong>Jeudi, le 28 avril<br>&#8211; <a rel=\"noreferrer noopener\" aria-label=\"aper\u00e7u (opens in a new tab)\" href=\"https:\/\/rcrcconference.org\/app\/uploads\/2022\/02\/CoD22-WS-Outline-Investing-in-NSs_FR.pdf\" target=\"_blank\">Aper\u00e7u<\/a><\/strong><br>&#8211; <a rel=\"noreferrer noopener\" aria-label=\"Rapport de synth\u00e8se  (opens in a new tab)\" href=\"https:\/\/rcrcconference.org\/app\/uploads\/2022\/10\/CoD22-WS6-Local-Action-Report-FR.pdf\" target=\"_blank\"><strong>Rapport de synth\u00e8se<\/strong> <\/a>\t\t\t\t\t\t\t<\/div>\n\t\t\t\t\t\t<\/li>\n\t\t\t\t\t\t\t\t\t\t\t<li class=\"accordion__item\">\n\t\t\t\t\t\t\t<div class=\"accordion__title\">\n\t\t\t\t\t\t\t\t<h4>Renforcer l\u2019int\u00e9grit\u00e9 au sein du Mouvement <\/h4>\n\t\t\t\t\t\t\t<\/div>\n\t\t\t\t\t\t\t<div class=\"accordion__content\">\n\t\t\t\t\t\t\t\t<strong>Mardi, le 10 mai<br>&#8211; <a rel=\"noreferrer noopener\" aria-label=\"aper\u00e7u (opens in a new tab)\" href=\"https:\/\/rcrcconference.org\/app\/uploads\/2022\/01\/CoD22-WS-outline-Integrity-FR.pdf\" target=\"_blank\">Aper\u00e7u<\/a><\/strong><br>&#8211; <a rel=\"noreferrer noopener\" aria-label=\"Rapport de synth\u00e8se  (opens in a new tab)\" href=\"https:\/\/rcrcconference.org\/app\/uploads\/2022\/10\/CoD22-WS8-Integrity-report-FR.pdf\" target=\"_blank\"><strong>Rapport de synth\u00e8se<\/strong> <\/a>\t\t\t\t\t\t\t<\/div>\n\t\t\t\t\t\t<\/li>\n\t\t\t\t\t\t\t\t\t\t\t<li class=\"accordion__item\">\n\t\t\t\t\t\t\t<div class=\"accordion__title\">\n\t\t\t\t\t\t\t\t<h4>L\u2019investissement dans la communication : z\u00e9ro risque, des b\u00e9n\u00e9fices importants <\/h4>\n\t\t\t\t\t\t\t<\/div>\n\t\t\t\t\t\t\t<div class=\"accordion__content\">\n\t\t\t\t\t\t\t\t<strong>Jeudi, le 19 mai<\/strong><br><strong>&#8211; <a rel=\"noreferrer noopener\" aria-label=\"aper\u00e7u (opens in a new tab)\" href=\"https:\/\/rcrcconference.org\/app\/uploads\/2021\/11\/CoD22-WS-outline-Communication-FR.pdf\" target=\"_blank\">Aper\u00e7u<\/a><\/strong><br>&#8211; <a rel=\"noreferrer noopener\" aria-label=\"Rapport de synth\u00e8se  (opens in a new tab)\" href=\"https:\/\/rcrcconference.org\/app\/uploads\/2022\/10\/CoD22-WS9-investing-in-communication-report-FR.pdf\" target=\"_blank\"><strong>Rapport de synth\u00e8se<\/strong> <\/a>\t\t\t\t\t\t\t<\/div>\n\t\t\t\t\t\t<\/li>\n\t\t\t\t\t\t\t\t\t<\/ul>\n\t\t\t\t\t<\/div>\n\t<\/div>\n<\/section>\n","protected":false},"excerpt":{"rendered":"","protected":false},"author":408,"featured_media":19112,"parent":17166,"menu_order":0,"comment_status":"closed","ping_status":"closed","template":"","meta":{"_acf_changed":false,"footnotes":""},"class_list":["post-19133","page","type-page","status-publish","has-post-thumbnail","hentry"],"acf":[],"_links":{"self":[{"href":"https:\/\/rcrcconference.org\/fr\/wp-json\/wp\/v2\/pages\/19133"}],"collection":[{"href":"https:\/\/rcrcconference.org\/fr\/wp-json\/wp\/v2\/pages"}],"about":[{"href":"https:\/\/rcrcconference.org\/fr\/wp-json\/wp\/v2\/types\/page"}],"author":[{"embeddable":true,"href":"https:\/\/rcrcconference.org\/fr\/wp-json\/wp\/v2\/users\/408"}],"replies":[{"embeddable":true,"href":"https:\/\/rcrcconference.org\/fr\/wp-json\/wp\/v2\/comments?post=19133"}],"version-history":[{"count":35,"href":"https:\/\/rcrcconference.org\/fr\/wp-json\/wp\/v2\/pages\/19133\/revisions"}],"predecessor-version":[{"id":23214,"href":"https:\/\/rcrcconference.org\/fr\/wp-json\/wp\/v2\/pages\/19133\/revisions\/23214"}],"up":[{"embeddable":true,"href":"https:\/\/rcrcconference.org\/fr\/wp-json\/wp\/v2\/pages\/17166"}],"wp:featuredmedia":[{"embeddable":true,"href":"https:\/\/rcrcconference.org\/fr\/wp-json\/wp\/v2\/media\/19112"}],"wp:attachment":[{"href":"https:\/\/rcrcconference.org\/fr\/wp-json\/wp\/v2\/media?parent=19133"}],"curies":[{"name":"wp","href":"https:\/\/api.w.org\/{rel}","templated":true}]}}