{"id":18492,"date":"2021-05-27T10:38:33","date_gmt":"2021-05-27T10:38:33","guid":{"rendered":"https:\/\/rcrcconference.org\/about-4\/reporting\/33ic-resolution-5-women-and-leadership\/"},"modified":"2024-08-26T12:32:50","modified_gmt":"2024-08-26T12:32:50","slug":"33ic-resolution-5-women-and-leadership","status":"publish","type":"page","link":"https:\/\/rcrcconference.org\/fr\/about-4\/reporting\/33ic-resolution-5-women-and-leadership\/","title":{"rendered":"R\u00e9solution 5 : Le leadership des femmes dans l\u2019action humanitaire du Mouvement international de la Croix-Rouge et du Croissant-Rouge"},"content":{"rendered":"<section class=\"about\">\n\t<div class=\"container\">\n\t\t\t\t\t<div class=\"about__title-over\">\n\t\t\t\t<h2>R\u00e9sum\u00e9<\/h2>\n\t\t\t<\/div>\n\t\t\t\t<div class=\"about__inner\">\n\t\t\t\t\t\t\t\t\t\t<div class=\"about__content\">\n\t\t\t\t\tLa r\u00e9solution vise \u00e0 promouvoir le r\u00f4le des femmes dans la prise de d\u00e9cisions, notamment dans les organes de gouvernances et aux postes de direction, dans toutes les composantes du Mouvement international de la Croix-Rouge et du Croissant-Rouge (Mouvement). Les composantes du Mouvement, en m\u00eame temps que les gouvernements, s\u2019emploient \u00e0 am\u00e9liorer l\u2019impact humanitaire, sans discrimination ni exclusion, en aidant un plus grand nombre de femmes de diff\u00e9rents horizons \u00e0 devenir des leaders. Cette d\u00e9marche comprend des initiatives concr\u00e8tes et syst\u00e9matiques destin\u00e9es \u00e0 soutenir, promouvoir et plaider pour la participation pleine, \u00e9gale et effective des femmes ainsi que leur accession \u00e0 des fonction de direction et de prise de d\u00e9cisions dans les forums humanitaires internationaux, aux niveaux national, r\u00e9gional et mondial, l\u2019accent \u00e9tant mis sur ce qui suit.<br> \u00a0<br><strong>Pour les composantes du Mouvement\u00a0:<br><\/strong><div class=\"redcross_list-block\"><ol><li> <\/li><li>Accro\u00eetre la repr\u00e9sentation des femmes \u00e0 tous les niveaux d\u00e9cisionnels.<\/li><li>Atteindre la parit\u00e9 hommes-femmes \u00e0 tous les niveaux d\u2019ici 2030 et d\u00e9finir une approche en vue de recueillir des informations ventil\u00e9es par sexe pour suivre les progr\u00e8s accomplis et garantir des avanc\u00e9es.<\/li><li>Identifier activement des femmes leaders et d\u00e9velopper des fili\u00e8res en vue de renforcer les capacit\u00e9s des femmes en tant que futurs leaders.<\/li><\/ol><br><strong>Pour les composantes du Mouvement et les \u00c9tats\u00a0:<br><\/strong><div class=\"redcross_list-block\"><ol><li>Investir dans la recherche et la collecte de donn\u00e9es sur le leadership des femmes.<\/li><li>Soutenir la participation des femmes et leur accession \u00e0 des fonctions de prise de d\u00e9cisions dans les forums internationaux.<\/li><\/ol><br><br>La XXXIII<sup>e<\/sup> Conf\u00e9rence internationale, estimant que les femmes sont essentielles pour garantir une action humanitaire qui soit efficace et couronn\u00e9e de succ\u00e8s, a adopt\u00e9 la r\u00e9solution \u00ab\u00a0Le leadership des femmes dans l\u2019action humanitaire du Mouvement international de la Croix-Rouge et du Croissant-Rouge\u00a0\u00bb. Il faut donc promouvoir davantage l\u2019inclusion et le leadership des femmes. Les femmes sont toujours largement sous-repr\u00e9sent\u00e9es aux fonctions de leadership dans tout le secteur humanitaire. \t\t\t\t<\/div>\n\t\t\t\t\t<\/div>\n\t<\/div>\n<\/section>\n\n\n<section class=\"accordion-block\" style=\"background-color: #ffffff; color: #4D4D4D\" role=\"region\" aria-label=\"Pedges accordion block\">\n\t\t\t<div class=\"accordion-block__title\" role=\"heading\" aria-level=\"3\">\n\t\t\t<h3>R\u00e9solution adopt\u00e9e \u00e0 la XXXIIIe Conf\u00e9rence internationale<\/h3>\n\t\t<\/div>\n\t\t\t\t<ul class=\"accordion\">\n\t\t\t\t\t\t\t<li class=\"accordion__item\">\n\t\t\t\t\t<div class=\"accordion__title\" role=\"button\" aria-expanded=\"false\" aria-label=\"R\u00e9solution 5 : Le leadership des femmes dans l\u2019action humanitaire du Mouvement international de la Croix-Rouge et du Croissant-Rouge\">\n\t\t\t\t\t\t<h3 class=\"accordion__title-h4\">R\u00e9solution 5 : Le leadership des femmes dans l\u2019action humanitaire du Mouvement international de la Croix-Rouge et du Croissant-Rouge<\/h3>\n\t\t\t\t\t<\/div>\n\t\t\t\t\t<div class=\"accordion__content\" role=\"region\" hidden>\n\t\t\t\t\t\t<div class=\"redcross_list-block\"><ul><li><strong><a href=\"https:\/\/rcrcconference.org\/app\/uploads\/2019\/12\/IC33-R5-Women-and-Leadership_ADOPTED-clean_fr.pdf\" target=\"_blank\" rel=\"noreferrer noopener\" aria-label=\"R\u00e9solution adopt\u00e9e (opens in a new tab)\">R\u00e9solution adopt\u00e9e<\/a>  <\/strong>(33IC\/19\/R5)<\/li><\/ul> \t\t\t\t\t<\/div>\n\t\t\t\t<\/li>\n\t\t\t\t\t<\/ul>\n\t<\/section>\n\n\n\n<div style=\"height:100px\" aria-hidden=\"true\" class=\"wp-block-spacer\"><\/div>\n\n\n\t<div class=\"container\">\n\t\t<div class=\"btns-fl-block__title-over\">\n\t\t\t<h2>Rapport sur la r\u00e9solution<\/h2>\n\t\t<\/div>\n\t<\/div>\n<div class=\"btns-fl-block\" style=\"\">\n\t<div class=\"container\" style=\"background-color: #E5E5E5; color: #000000\">\n\t\t\t\t\t<div class=\"btns-fl-block__title\">\n\t\t\t\t<h3>Faites part ici des progr\u00e8s que vous avez accomplis et des \u00e9l\u00e9ments marquants de la mise en \u0153uvre !<\/h3>\n\t\t\t<\/div>\n\t\t\t\t<div class=\"btns-fl-block__inner\">\n\t\t\t\t\t\t\t\t\t\t\t\t\t\t<div class=\"btns-fl-block__button\">\n\t\t\t\t\t\t\t<span>Les organisateurs de la Conf\u00e9rence souhaitent que les \u00c9tats et les Soci\u00e9t\u00e9s nationales leur fassent part de ce qu\u2019ils ont entrepris pour honorer les engagements pris \u00e0 la XXXIII<sup>e<\/sup> Conf\u00e9rence internationale. Vous pouvez \u00e0 tout moment soumettre un rapport court et simple sur les progr\u00e8s r\u00e9alis\u00e9s, en remplissant le formulaire de rapport en ligne. Ces informations seront recueillies p\u00e9riodiquement pour \u00e9valuer le niveau de mise en \u0153uvre et mettre en \u00e9vidence les progr\u00e8s accomplis.<br><br>(<em>Pour acc\u00e9der au formulaire de rapport en ligne, les membres de la Conf\u00e9rence doivent se connecter au syst\u00e8me avec leur identifiant et leur mot de passe. Il n\u2019y a qu\u2019un compte d\u2019utilisateur par membre, et un seul repr\u00e9sentant de chaque Soci\u00e9t\u00e9 nationale ou \u00c9tat membre a acc\u00e8s au formulaire et peut soumettre un rapport. Toutefois, il est possible de soumettre plusieurs rapports. Pour plus de d\u00e9tails sur la marche \u00e0 suivre pour effectuer un rapport, se connecter et r\u00e9cup\u00e9rer des informations dans la base de donn\u00e9es, veuillez vous r\u00e9f\u00e9rer \u00e0 la section \u00ab\u00a0Guide pour la pr\u00e9sentation de rapports\u00a0\u00bb de la <a href=\"https:\/\/rcrcconference.org\/fr\/about-4\/reporting\/\" target=\"_blank\" rel=\"noreferrer noopener\" aria-label=\" (opens in a new tab)\">page web consacr\u00e9e au suivi des r\u00e9sultats de la XXXIII<sup>e<\/sup> Conf\u00e9rence internationale<\/a>. <\/em><a href=\"https:\/\/rcrcconference.org\/fr\/about-4\/reporting\/resolution-reporting-form\/\" target=\"_blank\" rel=\"noreferrer noopener\" aria-label=\" (opens in a new tab)\">https:\/\/rcrcconference.org\/fr\/about-4\/reporting\/resolution-reporting-form\/<\/a><em>)<br><\/em><br><a rel=\"noreferrer noopener\" aria-label=\" (opens in a new tab)\" href=\"https:\/\/rcrcconference.org\/app\/uploads\/2021\/07\/survey-questions-FINAL-rev-FR-1.docx\" target=\"_blank\"><strong>Formulaire de rapport en format Word<\/strong><br><\/a>(<em>Pour information et usage interne uniquement.<\/em> <em>Veuillez noter que tous les rapports doivent \u00eatre soumis au moyen du formulaire de rapport en ligne.)<\/em> <br><br><strong>Effectuer un rapport sur cette r\u00e9solution<\/strong> <\/span>\n\t\t\t\t\t\t\t<a href=\"https:\/\/rcrcconference.org\/fr\/about-4\/reporting\/resolution-reporting-form\/\"\n\t\t\t\t\t\t\t\t class=\"button primary\">Formulaire de rapport en ligne<\/a>\n\t\t\t\t\t\t<\/div>\n\t\t\t\t\t\t\t\t\t\t\t\t\t\t\t\t\t\t\t\t<div class=\"btns-fl-block__button\">\n\t\t\t\t\t\t\t<span><strong>Rechercher des rapports dans la base de donn\u00e9es<\/strong><\/span>\n\t\t\t\t\t\t\t<a href=\"https:\/\/rcrcconference.org\/fr\/about-4\/pledges\/search\/?q=&#038;_acf_filters=true&#038;_acf_screen=acf_form&#038;_acf_post_id=new&#038;_acf_validation=1&#038;_acf_form=red-cross-filters&#038;_acf_nonce=10fb23b5ec&#038;_acf_changed=1&#038;acf%5Bps_field_pledge_type%5D=&#038;acf%5Bps_field_pledge_type%5D%5B%5D=resolution&#038;acf%5Bps_field_event%5D=&#038;acf%5Bps_field_submitter%5D=&#038;acf%5Bps_field_pledge_id%5D=&#038;acf%5Bps_field_institution%5D=&#038;acf%5Bps_field_country%5D=&#038;acf%5Bps_field_keywords%5D=&#038;acf%5Bps_field_language%5D=&#038;acf%5Bps_field_reference_resolution%5D=&#038;acf%5Bps_field_reference_resolution%5D=2069&#038;_acf_form=test\"\n\t\t\t\t\t\t\t\t class=\"button primary\">Consulter les rapports existants sur cette r\u00e9solution<\/a>\n\t\t\t\t\t\t<\/div>\n\t\t\t\t\t\t\t\t\t\t\t<\/div>\n\t<\/div>\n<\/div>\n\n\n\n<div style=\"height:100px\" aria-hidden=\"true\" class=\"wp-block-spacer\"><\/div>\n\n\n\t<div class=\"container\">\n\t\t<div class=\"accordion-block__title-over\">\n\t\t\t<h2>Documents connexes<\/h2>\n\t\t<\/div>\n\t<\/div>\n<section class=\"about\" style=\"background-color: #ffffff; color: #4D4D4D\">\n\t<div class=\"container\">\n\t\t<div class=\"about__inner\">\n\t\t\t\t\t\t\t<div class=\"about__title\">\n\t\t\t\t\t<h3><\/h3>\n\t\t\t\t<\/div>\n\t\t\t\t\t\t\t\t\t\t<ul class=\"accordion\">\n\t\t\t\t\t\t\t\t\t\t\t<li class=\"accordion__item\">\n\t\t\t\t\t\t\t<div class=\"accordion__title\">\n\t\t\t\t\t\t\t\t<h4>Documents<\/h4>\n\t\t\t\t\t\t\t<\/div>\n\t\t\t\t\t\t\t<div class=\"accordion__content\">\n\t\t\t\t\t\t\t\t<strong><div class=\"redcross_list-block\"><ul><li>\u00ab\u00a0<a href=\"https:\/\/humanitarianadvisorygroup.org\/wp-content\/uploads\/2021\/06\/FRENCH__IRCRC_Diverse-leadership_final.pdf\" target=\"_blank\" rel=\"noreferrer noopener\" aria-label=\" (opens in a new tab)\">En quoi la diversit\u00e9 des \u00e9quipes de leadership a influenc\u00e9 les d\u00e9cisions prises face \u00e0 la crise sanitaire (Covid-19) au sein du Mouvement international de la Croix-Rouge et du Croissant-Rouge<\/a>\u00a0\u00bb (r\u00e9sum\u00e9, 2021) \u2013 rapport du Humanitarian Advisory Group en collaboration avec le r\u00e9seau GLOW Red, le CICR et la F\u00e9d\u00e9ration internationale.<\/li><li><a href=\"https:\/\/rcrcconference.org\/app\/uploads\/2017\/11\/S_171110_010-CoD-2017-R12-Gender-Resolution_ADOPTED_FR.pdf\" target=\"_blank\" rel=\"noreferrer noopener\" aria-label=\" (opens in a new tab)\">R\u00e9solution 12 du Conseil des D\u00e9l\u00e9gu\u00e9s de 2017\u00a0: Renforcer l\u2019\u00e9galit\u00e9 de genre et l\u2019\u00e9galit\u00e9 des chances au sein des instances dirigeantes et dans l\u2019action du Mouvement international de la Croix-Rouge et du Croissant-Rouge<\/a><\/li><li>Article publi\u00e9 par le CICR \u00e0 l\u2019occasion de la Journ\u00e9e internationale des femmes 2020\u00a0: <a href=\"https:\/\/www.icrc.org\/en\/document\/international-womens-day-2020-women-leadership-0\" target=\"_blank\" rel=\"noreferrer noopener\" aria-label=\" (opens in a new tab)\">Women in leadership<\/a> (en anglais uniquement)<\/li><li><a rel=\"noreferrer noopener\" aria-label=\"Politique de la F\u00e9d\u00e9ration internationale relative \u00e0 l\u2019\u00e9galit\u00e9 de genre et \u00e0 la diversit\u00e9 (opens in a new tab)\" href=\"https:\/\/fednet.ifrc.org\/FedNet\/Resources_and_Services\/Disasters\/Disaster%20and%20crisis%20management\/Assessment%20and%20Planning\/FR_190606_007%20Gender%20%20Diversity%20Policy%20DRAFT%202.0%2006%2006%202019_REV0.pdf\" target=\"_blank\">Politique de la F\u00e9d\u00e9ration internationale relative \u00e0 l\u2019\u00e9galit\u00e9 de genre et \u00e0 la diversit\u00e9<\/a><\/li><li><a href=\"https:\/\/media.ifrc.org\/ifrc\/press-release\/red-cross-red-crescent-commits-womens-leadership-asia-pacific-middle-east-humanitarian-summit\/\" target=\"_blank\" rel=\"noreferrer noopener\" aria-label=\" (opens in a new tab)\">Red Cross Red Crescent commits to women\u2019s leadership at Asia Pacific and Middle East humanitarian summit<\/a> (en anglais uniquement)<\/li><li><a href=\"https:\/\/docs.wixstatic.com\/ugd\/b2c2ad_8b1592087460440989662d73a5a3e562.pdf\" target=\"_blank\" rel=\"noreferrer noopener\" aria-label=\" (opens in a new tab)\">\u00ab\u00a0Buenos Aires Commitment\u00a0\u00bb<\/a>, XXI<sup>e<\/sup> Conf\u00e9rence interam\u00e9ricaine (2019)  (en anglais uniquement)<\/li><\/ul><\/strong>\t\t\t\t\t\t\t<\/div>\n\t\t\t\t\t\t<\/li>\n\t\t\t\t\t\t\t\t\t<\/ul>\n\t\t\t\t\t<\/div>\n\t<\/div>\n<\/section>\n\n\n\t<div class=\"container\">\n\t\t<div class=\"btns-fl-block__title-over\">\n\t\t\t<h2>Engagements connexes<\/h2>\n\t\t<\/div>\n\t<\/div>\n<div class=\"btns-fl-block\" style=\"background-image: url('https:\/\/rcrcconference.org\/app\/uploads\/2021\/06\/V-P-CER-E-00797-darken-scaled-e1623335488102.jpg'); color: #ffffff\">\n\t<div class=\"container\" style=\"\">\n\t\t\t\t\t<div class=\"btns-fl-block__title\">\n\t\t\t\t<h3>Effectuer un rapport sur les engagements relatifs \u00e0 cette r\u00e9solution<\/h3>\n\t\t\t<\/div>\n\t\t\t\t<div class=\"btns-fl-block__inner\">\n\t\t\t\t\t\t\t\t\t\t\t\t\t\t<div class=\"btns-fl-block__button\">\n\t\t\t\t\t\t\t<span>Veuillez cliquer ici pour voir tous les engagements relatifs \u00e0 cette r\u00e9solution qui ont \u00e9t\u00e9 pris \u00e0 la XXXIII<sup>e<\/sup> Conf\u00e9rence internationale. Pour effectuer un rapport sur un engagement soumis ou sign\u00e9, veuillez cliquer sur le titre de l\u2019engagement choisi.<br> <strong>\u00a0<\/strong><br><em>(Pour acc\u00e9der au formulaire de rapport en ligne, les membres de la Conf\u00e9rence doivent se connecter au syst\u00e8me avec leur identifiant et leur mot de passe. Il n\u2019y a qu\u2019un compte d\u2019utilisateur par membre, et un seul repr\u00e9sentant de chaque Soci\u00e9t\u00e9 nationale ou \u00c9tat membre a acc\u00e8s au formulaire et peut soumettre un rapport. Toutefois, il est possible de soumettre plusieurs rapports. Pour plus de d\u00e9tails sur la marche \u00e0 suivre pour effectuer un rapport, se connecter et r\u00e9cup\u00e9rer des informations dans la base de donn\u00e9es, veuillez vous r\u00e9f\u00e9rer \u00e0 la section \u00ab\u00a0Guide pour la pr\u00e9sentation de rapports\u00a0\u00bb de la page web consacr\u00e9e au suivi des r\u00e9sultats de la XXXIII<sup>e<\/sup> Conf\u00e9rence internationale. <\/em>https:\/\/rcrcconference.org\/fr\/about-4\/reporting\/resolution-reporting-form\/ <em>) <\/em><\/span>\n\t\t\t\t\t\t\t<a href=\"https:\/\/rcrcconference.org\/fr\/about-4\/pledges\/search\/?q=&#038;_acf_filters=true&#038;_acf_screen=acf_form&#038;_acf_post_id=new&#038;_acf_validation=1&#038;_acf_form=red-cross-filters&#038;_acf_nonce=10fb23b5ec&#038;_acf_changed=1&#038;acf%5Bps_field_pledge_type%5D=&#038;acf%5Bps_field_pledge_type%5D%5B%5D=specific&#038;acf%5Bps_field_pledge_type%5D%5B%5D=open&#038;acf%5Bps_field_event%5D=&#038;acf%5Bps_field_submitter%5D=&#038;acf%5Bps_field_pledge_id%5D=&#038;acf%5Bps_field_institution%5D=&#038;acf%5Bps_field_country%5D=&#038;acf%5Bps_field_keywords%5D=&#038;acf%5Bps_field_language%5D=&#038;acf%5Bps_field_reference_resolution%5D=&#038;acf%5Bps_field_reference_resolution%5D=2069&#038;_acf_form=test\"\n\t\t\t\t\t\t\t\t class=\"button primary\">Consulter les engagements connexes<\/a>\n\t\t\t\t\t\t<\/div>\n\t\t\t\t\t\t\t\t\t\t\t\t\t\t\t\t\t\t\t\t<div class=\"btns-fl-block__button\">\n\t\t\t\t\t\t\t<span><strong>Rechercher des rapports sur les engagements connexes<\/strong><\/span>\n\t\t\t\t\t\t\t<a href=\"https:\/\/rcrcconference.org\/fr\/about-4\/pledges\/search\/?q=&#038;_acf_filters=true&#038;_acf_screen=acf_form&#038;_acf_post_id=new&#038;_acf_validation=1&#038;_acf_form=red-cross-filters&#038;_acf_nonce=10fb23b5ec&#038;_acf_changed=1&#038;acf%5Bps_field_pledge_type%5D=&#038;acf%5Bps_field_pledge_type%5D%5B%5D=report&#038;acf%5Bps_field_event%5D=&#038;acf%5Bps_field_submitter%5D=&#038;acf%5Bps_field_pledge_id%5D=&#038;acf%5Bps_field_institution%5D=&#038;acf%5Bps_field_country%5D=&#038;acf%5Bps_field_keywords%5D=&#038;acf%5Bps_field_language%5D=&#038;acf%5Bps_field_reference_resolution%5D=&#038;acf%5Bps_field_reference_resolution%5D=2069&#038;_acf_form=test\"\n\t\t\t\t\t\t\t\t class=\"button primary\">Consulter les rapports existants sur cette r\u00e9solution<\/a>\n\t\t\t\t\t\t<\/div>\n\t\t\t\t\t\t\t\t\t\t\t<\/div>\n\t<\/div>\n<\/div>\n\n\n<section class=\"about\">\n\t<div class=\"container\">\n\t\t\t\t\t<div class=\"about__title-over\">\n\t\t\t\t<h2>En savoir davantage ?<\/h2>\n\t\t\t<\/div>\n\t\t\t\t<div class=\"about__inner\">\n\t\t\t\t\t\t\t\t\t\t<div class=\"about__content\">\n\t\t\t\t\t<a rel=\"noreferrer noopener\" aria-label=\"\ufffc (opens in a new tab)\" href=\"https:\/\/www.glowred.org\/\" target=\"_blank\"><img loading=\"lazy\" decoding=\"async\" width=\"150\" height=\"130\" class=\"wp-image-17738\" style=\"width: 150px;\" src=\"https:\/\/rcrcconference.org\/app\/uploads\/2021\/05\/GlowRed.jpg\" alt=\"\"><\/a>  <a href=\"https:\/\/www.glowred.org\/fr\/\" target=\"_blank\" rel=\"noreferrer noopener\" aria-label=\" (opens in a new tab)\">R\u00e9seau GLOW Red \u2013 site web du r\u00e9seau mondial du leadership f\u00e9minin au sein du Mouvement international de la Croix-Rouge et du Croissant-Rouge<\/a>  <br><br><a rel=\"noreferrer noopener\" aria-label=\"\ufffc  Gender Balance Toolkit (opens in a new tab)\" href=\"https:\/\/media.ifrc.org\/ifrc\/meetings-and-events\/international-womens-day\/balance-for-better\/\" target=\"_blank\"><img loading=\"lazy\" decoding=\"async\" width=\"150\" height=\"114\" class=\"wp-image-18200\" style=\"width: 150px;\" src=\"https:\/\/rcrcconference.org\/app\/uploads\/2021\/07\/gender-tool-kit.png\" alt=\"\">  Balance for Better &#8211; Gender Balance Toolkit<\/a> (en anglais uniquement)\t\t\t\t<\/div>\n\t\t\t\t\t<\/div>\n\t<\/div>\n<\/section>\n\n\n\n<section class=\"single-link\" style=\"background-color: #E5E5E5\" aria-label=\"Single link section\">\n\t<div class=\"container\">\n\t\t<div class=\"single-link__inner\">\n\t\t\t\t\t\t\t<div class=\"single-link__title\">\n\t\t\t\t\t<h2>Des questions ?<\/h2>\n\t\t\t\t<\/div>\n\t\t\t\t\t\t\t<div class=\"single-link__descr\">\n\t\t\t\t\t<span>\u00c9crivez-nous pour obtenir de plus amples informations.<\/span>\n\t\t\t\t<\/div>\n\t\t\t\t\t\t\t<a href=\"https:\/\/rcrcconference.org\/fr\/contact\/\"\n\t\t\t\t   class=\"button primary\">Nous contacter<\/a>\n\t\t\t\t\t<\/div>\n\t<\/div>\n<\/section>\n","protected":false},"excerpt":{"rendered":"","protected":false},"author":408,"featured_media":18221,"parent":18010,"menu_order":0,"comment_status":"closed","ping_status":"closed","template":"","meta":{"_acf_changed":false,"footnotes":""},"class_list":["post-18492","page","type-page","status-publish","has-post-thumbnail","hentry"],"acf":[],"_links":{"self":[{"href":"https:\/\/rcrcconference.org\/fr\/wp-json\/wp\/v2\/pages\/18492"}],"collection":[{"href":"https:\/\/rcrcconference.org\/fr\/wp-json\/wp\/v2\/pages"}],"about":[{"href":"https:\/\/rcrcconference.org\/fr\/wp-json\/wp\/v2\/types\/page"}],"author":[{"embeddable":true,"href":"https:\/\/rcrcconference.org\/fr\/wp-json\/wp\/v2\/users\/408"}],"replies":[{"embeddable":true,"href":"https:\/\/rcrcconference.org\/fr\/wp-json\/wp\/v2\/comments?post=18492"}],"version-history":[{"count":8,"href":"https:\/\/rcrcconference.org\/fr\/wp-json\/wp\/v2\/pages\/18492\/revisions"}],"predecessor-version":[{"id":28359,"href":"https:\/\/rcrcconference.org\/fr\/wp-json\/wp\/v2\/pages\/18492\/revisions\/28359"}],"up":[{"embeddable":true,"href":"https:\/\/rcrcconference.org\/fr\/wp-json\/wp\/v2\/pages\/18010"}],"wp:featuredmedia":[{"embeddable":true,"href":"https:\/\/rcrcconference.org\/fr\/wp-json\/wp\/v2\/media\/18221"}],"wp:attachment":[{"href":"https:\/\/rcrcconference.org\/fr\/wp-json\/wp\/v2\/media?parent=18492"}],"curies":[{"name":"wp","href":"https:\/\/api.w.org\/{rel}","templated":true}]}}