{"id":18473,"date":"2021-06-10T14:53:18","date_gmt":"2021-06-10T14:53:18","guid":{"rendered":"https:\/\/rcrcconference.org\/about-4\/reporting\/33ic-resolution-4-restoring-family-links-while-respecting-privacy\/"},"modified":"2024-08-25T19:54:28","modified_gmt":"2024-08-25T19:54:28","slug":"33ic-resolution-4-restoring-family-links-while-respecting-privacy","status":"publish","type":"page","link":"https:\/\/rcrcconference.org\/fr\/about-4\/reporting\/33ic-resolution-4-restoring-family-links-while-respecting-privacy\/","title":{"rendered":"R\u00e9solution 4 &#8211; R\u00e9tablir les liens familiaux tout en respectant la vie priv\u00e9e, y compris en ce qui concerne la protection des donn\u00e9es personnelles"},"content":{"rendered":"<section class=\"about\">\n\t<div class=\"container\">\n\t\t\t\t\t<div class=\"about__title-over\">\n\t\t\t\t<h2>R\u00e9sum\u00e9<\/h2>\n\t\t\t<\/div>\n\t\t\t\t<div class=\"about__inner\">\n\t\t\t\t\t\t\t\t\t\t<div class=\"about__content\">\n\t\t\t\t\tLe r\u00e9tablissement des liens familiaux ou RLF est le terme utilis\u00e9 par le Mouvement international de la Croix-Rouge et du Croissant-Rouge (Mouvement) pour d\u00e9signer l\u2019ensemble des activit\u00e9s visant \u00e0 pr\u00e9venir les s\u00e9parations et les disparitions, \u00e0 \u00e9lucider le sort des personnes port\u00e9es disparues et \u00e0 les localiser, \u00e0 r\u00e9tablir et maintenir le contact entre les membres de familles dispers\u00e9es et \u00e0 faciliter le regroupement des familles lorsque cela s\u2019av\u00e8re possible. La r\u00e9solution \u00ab\u00a0R\u00e9tablir les liens familiaux tout en respectant la vie priv\u00e9e, y compris en ce qui concerne la protection des donn\u00e9es personnelles\u00a0\u00bb, adopt\u00e9e \u00e0 la XXXIII<sup>e<\/sup> Conf\u00e9rence internationale en d\u00e9cembre 2019, r\u00e9affirme le r\u00f4le sp\u00e9cifique que joue le Mouvement en mati\u00e8re de RLF et la coop\u00e9ration avec les \u00c9tats dans ce domaine, en reconnaissant la n\u00e9cessit\u00e9 pour le Mouvement de g\u00e9rer et de transf\u00e9rer des donn\u00e9es personnelles \u00e0 des fins strictement humanitaires.<br> \u00a0<br>La mise en \u0153uvre de cette r\u00e9solution est guid\u00e9e par le Groupe de mise en \u0153uvre de la Strat\u00e9gie RLF (Groupe de mise en \u0153uvre) pour le Mouvement. Avec le soutien du Groupe charg\u00e9 de l\u2019application du Code de conduite relatif \u00e0 la protection des donn\u00e9es personnelles pour les activit\u00e9s de RLF, qui apporte une expertise technique en mati\u00e8re de protection des donn\u00e9es, le Groupe de mise en \u0153uvre appuie \u00e9galement la mise en \u0153uvre de la nouvelle strat\u00e9gie de RLF 2020-2025, adopt\u00e9e par le Conseil des D\u00e9l\u00e9gu\u00e9s de 2019. Avec le soutien du Groupe de mise en \u0153uvre, la Plateforme de haut niveau sur le RLF pilote quant \u00e0 elle la mise en \u0153uvre au niveau strat\u00e9gique. Le Groupe de mise en \u0153uvre appuie et suit la mise en \u0153uvre de la strat\u00e9gie de RLF au niveau mondial, tout en fournissant conseils et orientations aux plateformes r\u00e9gionales de RLF. En outre, il \u00e9labore un cadre de suivi et d\u2019\u00e9valuation pour la nouvelle strat\u00e9gie de RLF. \t\t\t\t<\/div>\n\t\t\t\t\t<\/div>\n\t<\/div>\n<\/section>\n\n\n<section class=\"accordion-block\" style=\"background-color: #ffffff; color: #4D4D4D\" role=\"region\" aria-label=\"Pedges accordion block\">\n\t\t\t<div class=\"accordion-block__title\" role=\"heading\" aria-level=\"3\">\n\t\t\t<h3>R\u00e9solution adopt\u00e9e \u00e0 la XXXIIIe Conf\u00e9rence internationale<\/h3>\n\t\t<\/div>\n\t\t\t\t<ul class=\"accordion\">\n\t\t\t\t\t\t\t<li class=\"accordion__item\">\n\t\t\t\t\t<div class=\"accordion__title\" role=\"button\" aria-expanded=\"false\" aria-label=\"R\u00e9solution 4 - R\u00e9tablir les liens familiaux tout en respectant la vie priv\u00e9e, y compris en ce qui concerne la protection des donn\u00e9es personnelles\">\n\t\t\t\t\t\t<h3 class=\"accordion__title-h4\">R\u00e9solution 4 &#8211; R\u00e9tablir les liens familiaux tout en respectant la vie priv\u00e9e, y compris en ce qui concerne la protection des donn\u00e9es personnelles<\/h3>\n\t\t\t\t\t<\/div>\n\t\t\t\t\t<div class=\"accordion__content\" role=\"region\" hidden>\n\t\t\t\t\t\t<div class=\"redcross_list-block\"><ul><li><strong><a rel=\"noreferrer noopener\" aria-label=\"R\u00e9solution adopt\u00e9e (opens in a new tab)\" href=\"https:\/\/rcrcconference.org\/app\/uploads\/2019\/12\/IC33-R4-RFL-Data-protection_ADOPTED-clean_fr.pdf\" target=\"_blank\">R\u00e9solution adopt\u00e9e<\/a> <\/strong>(33IC\/19\/R4)<strong><\/li><li>Document de r\u00e9f\u00e9rence <\/strong>(33IC\/19\/12.4)<\/li><\/ul> \t\t\t\t\t<\/div>\n\t\t\t\t<\/li>\n\t\t\t\t\t<\/ul>\n\t<\/section>\n\n\n\n<div style=\"height:100px\" aria-hidden=\"true\" class=\"wp-block-spacer\"><\/div>\n\n\n\t<div class=\"container\">\n\t\t<div class=\"btns-fl-block__title-over\">\n\t\t\t<h2>Rapport sur la r\u00e9solution<\/h2>\n\t\t<\/div>\n\t<\/div>\n<div class=\"btns-fl-block\" style=\"\">\n\t<div class=\"container\" style=\"background-color: #E5E5E5; color: #000000\">\n\t\t\t\t\t<div class=\"btns-fl-block__title\">\n\t\t\t\t<h3>Faites part ici des progr\u00e8s que vous avez accomplis et des \u00e9l\u00e9ments marquants de la mise en \u0153uvre !<\/h3>\n\t\t\t<\/div>\n\t\t\t\t<div class=\"btns-fl-block__inner\">\n\t\t\t\t\t\t\t\t\t\t\t\t\t\t<div class=\"btns-fl-block__button\">\n\t\t\t\t\t\t\t<span>Les organisateurs de la Conf\u00e9rence souhaitent que les \u00c9tats et les Soci\u00e9t\u00e9s nationales leur fassent part de ce qu\u2019ils ont entrepris pour honorer les engagements pris \u00e0 la XXXIII<sup>e<\/sup> Conf\u00e9rence internationale. Vous pouvez \u00e0 tout moment soumettre un rapport court et simple sur les progr\u00e8s r\u00e9alis\u00e9s, en remplissant le formulaire de rapport en ligne. Ces informations seront recueillies p\u00e9riodiquement pour \u00e9valuer le niveau de mise en \u0153uvre et mettre en \u00e9vidence les progr\u00e8s accomplis.<br> <strong><em>\u00a0<\/em><\/strong><br><em>(Pour acc\u00e9der au formulaire de rapport en ligne, les membres de la Conf\u00e9rence doivent se connecter au syst\u00e8me avec leur identifiant et leur mot de passe. Il n\u2019y a qu\u2019un compte d\u2019utilisateur par membre, et un seul repr\u00e9sentant de chaque Soci\u00e9t\u00e9 nationale ou \u00c9tat membre a acc\u00e8s au formulaire et peut soumettre un rapport. Toutefois, il est possible de soumettre plusieurs rapports. Pour plus de d\u00e9tails sur la marche \u00e0 suivre pour effectuer un rapport, se connecter et r\u00e9cup\u00e9rer des informations dans la base de donn\u00e9es, veuillez vous r\u00e9f\u00e9rer \u00e0 la section \u00ab\u00a0Guide pour la pr\u00e9sentation de rapports\u00a0\u00bb de la <a href=\"https:\/\/rcrcconference.org\/fr\/about-4\/reporting\/\" target=\"_blank\" rel=\"noreferrer noopener\" aria-label=\" (opens in a new tab)\">page web consacr\u00e9e au suivi des r\u00e9sultats de la XXXIII<sup>e<\/sup> Conf\u00e9rence internationale<\/a>. <a href=\"https:\/\/rcrcconference.org\/fr\/about-4\/reporting\/\">https:\/\/rcrcconference.org\/<\/a><\/em><a href=\"https:\/\/rcrcconference.org\/fr\/about-4\/reporting\/\" target=\"_blank\" rel=\"noreferrer noopener\" aria-label=\"fr\/about-4\/reporting\/ )\n \u00a0 (opens in a new tab)\"><em>fr\/about-4\/reporting\/ )<br><\/em> <strong>\u00a0<\/strong><\/a><br><a rel=\"noreferrer noopener\" aria-label=\" (opens in a new tab)\" href=\"https:\/\/rcrcconference.org\/app\/uploads\/2021\/07\/survey-questions-FINAL-rev-FR-1.docx\" target=\"_blank\"><strong>Formulaire de rapport en format Word<\/strong><br><\/a>(<em>Pour information et usage interne uniquement.<\/em> <em>Veuillez noter que tous les rapports doivent \u00eatre soumis au moyen du formulaire de rapport en ligne.)<\/em> <br><br><strong>Effectuer un rapport sur cette r\u00e9solution<\/strong><\/span>\n\t\t\t\t\t\t\t<a href=\"https:\/\/rcrcconference.org\/fr\/about-4\/reporting\/resolution-reporting-form\/\"\n\t\t\t\t\t\t\t\t class=\"button primary\">Formulaire de rapport en ligne<\/a>\n\t\t\t\t\t\t<\/div>\n\t\t\t\t\t\t\t\t\t\t\t\t\t\t\t\t\t\t\t\t<div class=\"btns-fl-block__button\">\n\t\t\t\t\t\t\t<span><strong>Rechercher des rapports dans la base de donn\u00e9es<\/strong><\/span>\n\t\t\t\t\t\t\t<a href=\"https:\/\/rcrcconference.org\/fr\/about-4\/pledges\/search\/?q=&#038;_acf_filters=true&#038;_acf_screen=acf_form&#038;_acf_post_id=new&#038;_acf_validation=1&#038;_acf_form=red-cross-filters&#038;_acf_nonce=10fb23b5ec&#038;_acf_changed=1&#038;acf%5Bps_field_pledge_type%5D=&#038;acf%5Bps_field_pledge_type%5D%5B%5D=resolution&#038;acf%5Bps_field_event%5D=&#038;acf%5Bps_field_submitter%5D=&#038;acf%5Bps_field_pledge_id%5D=&#038;acf%5Bps_field_institution%5D=&#038;acf%5Bps_field_country%5D=&#038;acf%5Bps_field_keywords%5D=&#038;acf%5Bps_field_language%5D=&#038;acf%5Bps_field_reference_resolution%5D=&#038;acf%5Bps_field_reference_resolution%5D=2070&#038;_acf_form=test\"\n\t\t\t\t\t\t\t\t class=\"button primary\">Consulter les rapports existants sur cette r\u00e9solution<\/a>\n\t\t\t\t\t\t<\/div>\n\t\t\t\t\t\t\t\t\t\t\t<\/div>\n\t<\/div>\n<\/div>\n\n\n\n<div style=\"height:100px\" aria-hidden=\"true\" class=\"wp-block-spacer\"><\/div>\n\n\n\t<div class=\"container\">\n\t\t<div class=\"accordion-block__title-over\">\n\t\t\t<h2>Documents connexes<\/h2>\n\t\t<\/div>\n\t<\/div>\n<section class=\"about\" style=\"background-color: #ffffff; color: #4D4D4D\">\n\t<div class=\"container\">\n\t\t<div class=\"about__inner\">\n\t\t\t\t\t\t\t<div class=\"about__title\">\n\t\t\t\t\t<h3><\/h3>\n\t\t\t\t<\/div>\n\t\t\t\t\t\t\t\t\t\t<ul class=\"accordion\">\n\t\t\t\t\t\t\t\t\t\t\t<li class=\"accordion__item\">\n\t\t\t\t\t\t\t<div class=\"accordion__title\">\n\t\t\t\t\t\t\t\t<h4>Documents<\/h4>\n\t\t\t\t\t\t\t<\/div>\n\t\t\t\t\t\t\t<div class=\"accordion__content\">\n\t\t\t\t\t\t\t\t<strong><div class=\"redcross_list-block\"><ul><li><a href=\"https:\/\/www.icrc.org\/fr\/document\/le-code-de-conduite-en-matiere-de-protection-des-donnees-dans-le-cadre-du-retablissement\" target=\"_blank\" rel=\"noreferrer noopener\" aria-label=\" (opens in a new tab)\">Le Code de conduite en mati\u00e8re de protection des donn\u00e9es dans le cadre du r\u00e9tablissement des liens familiaux, 2016<\/a><\/li><li><a href=\"https:\/\/rcrcconference.org\/app\/uploads\/2019\/12\/190030_fr-CD19-R6-RFL-Strategy-with-annex_ADOPTED_fr.pdf\" target=\"_blank\" rel=\"noreferrer noopener\" aria-label=\" (opens in a new tab)\">R\u00e9tablissement des liens familiaux\u00a0: Strat\u00e9gie 2020-2021 pour le Mouvement international de la Croix-Rouge et du Croissant-Rouge, adopt\u00e9e au Conseil des D\u00e9l\u00e9gu\u00e9s de 2019 (r\u00e9solution 6)<\/a><\/li><li><a href=\"https:\/\/rcrcconference.org\/fr\/blog-fr\/restoring-family-links-protecting-data-protecting-individuals\/\" target=\"_blank\" rel=\"noreferrer noopener\" aria-label=\" (opens in a new tab)\">Article de blog \u2013 R\u00e9tablissement des liens familiaux\u00a0: prot\u00e9ger les donn\u00e9es, prot\u00e9ger les personnes<\/a><\/li><li><a href=\"https:\/\/www.icrc.org\/fr\/publication\/430501-handbook-data-protection-humanitarian-action-second-edition\" target=\"_blank\" rel=\"noreferrer noopener\" aria-label=\" (opens in a new tab)\">Manuel sur la protection des donn\u00e9es dans l\u2019action humanitaire, 2020 (CICR et Brussels Privacy Hub)<\/a><\/li><li><a href=\"https:\/\/cnpd.public.lu\/content\/dam\/cnpd\/fr\/actualites\/international\/2011\/11\/conference_internationale_2011_Mexico\/2011Naturkatastrophen.pdf\" target=\"_blank\" rel=\"noreferrer noopener\" aria-label=\" (opens in a new tab)\">R\u00e9solution sur la protection des donn\u00e9es et les catastrophes naturelles de grande ampleur, adopt\u00e9e le 1<sup>er<\/sup> novembre 2011 \u00e0 Mexico par la 33<sup>e<\/sup> Conf\u00e9rence internationale des commissaires \u00e0 la protection des donn\u00e9es et de la vie priv\u00e9e \u00a0<\/a><\/li><li><a href=\"https:\/\/www.afapdp.org\/wp-content\/uploads\/2015\/11\/R\u00e9solution-sur-la-protection-des-donn\u00e9es-personnelles-et-laction-humanitaire-internationale_fr.pdf\" target=\"_blank\" rel=\"noreferrer noopener\" aria-label=\" (opens in a new tab)\">R\u00e9solution sur la protection des donn\u00e9es personnelles et l\u2019action humanitaire internationale, adopt\u00e9e le 27 octobre 2015 \u00e0 Amsterdam par la 37<sup>e<\/sup> Conf\u00e9rence internationale des commissaires \u00e0 la protection des donn\u00e9es et de vie priv\u00e9e <\/a><\/li><li><a href=\"https:\/\/www.icrc.org\/sites\/default\/files\/topic\/file_plus_list\/rfl_covid-19.pdf\" target=\"_blank\" rel=\"noreferrer noopener\" aria-label=\" (opens in a new tab)\">Protection of Family Links during COVID-19<\/a><\/li><li>Autres documents\/publications sur le r\u00e9tablissement des liens familiaux\u00a0: veuillez consulter les <a href=\"https:\/\/www.icrc.org\/fr\/resource-centre\/result?t=%22r\u00e9tablissement+des+liens+familiaux%22\" target=\"_blank\" rel=\"noreferrer noopener\" aria-label=\" (opens in a new tab)\">Ressources du CICR<\/a>.  <\/li><\/ul><\/strong>\t\t\t\t\t\t\t<\/div>\n\t\t\t\t\t\t<\/li>\n\t\t\t\t\t\t\t\t\t<\/ul>\n\t\t\t\t\t<\/div>\n\t<\/div>\n<\/section>\n\n\n\t<div class=\"container\">\n\t\t<div class=\"btns-fl-block__title-over\">\n\t\t\t<h2>Engagements connexes<\/h2>\n\t\t<\/div>\n\t<\/div>\n<div class=\"btns-fl-block\" style=\"background-image: url('https:\/\/rcrcconference.org\/app\/uploads\/2021\/06\/V-P-CER-E-00797-darken-scaled-e1623335488102.jpg'); color: #ffffff\">\n\t<div class=\"container\" style=\"\">\n\t\t\t\t\t<div class=\"btns-fl-block__title\">\n\t\t\t\t<h3>Effectuer un rapport sur les engagements relatifs \u00e0 cette r\u00e9solution<\/h3>\n\t\t\t<\/div>\n\t\t\t\t<div class=\"btns-fl-block__inner\">\n\t\t\t\t\t\t\t\t\t\t\t\t\t\t<div class=\"btns-fl-block__button\">\n\t\t\t\t\t\t\t<span>Veuillez cliquer ici pour voir tous les engagements relatifs \u00e0 cette r\u00e9solution qui ont \u00e9t\u00e9 pris \u00e0 la XXXIII<sup>e<\/sup> Conf\u00e9rence internationale. Pour effectuer un rapport sur un engagement soumis ou sign\u00e9, veuillez cliquer sur le titre de l\u2019engagement choisi.<br> <strong>\u00a0<\/strong><br><em>(Pour acc\u00e9der au formulaire de rapport en ligne, les membres de la Conf\u00e9rence doivent se connecter au syst\u00e8me avec leur identifiant et leur mot de passe. Il n\u2019y a qu\u2019un compte d\u2019utilisateur par membre, et un seul repr\u00e9sentant de chaque Soci\u00e9t\u00e9 nationale ou \u00c9tat membre a acc\u00e8s au formulaire et peut soumettre un rapport. Toutefois, il est possible de soumettre plusieurs rapports. Pour plus de d\u00e9tails sur la marche \u00e0 suivre pour effectuer un rapport, se connecter et r\u00e9cup\u00e9rer des informations dans la base de donn\u00e9es, veuillez vous r\u00e9f\u00e9rer \u00e0 la section \u00ab\u00a0Guide pour la pr\u00e9sentation de rapports\u00a0\u00bb de la page web consacr\u00e9e au suivi des r\u00e9sultats de la XXXIII<sup>e<\/sup> Conf\u00e9rence internationale. https:\/\/rcrcconference.org\/fr\/about-4\/reporting\/ ) <\/em><\/span>\n\t\t\t\t\t\t\t<a href=\"https:\/\/rcrcconference.org\/fr\/about-4\/pledges\/search\/?q=&#038;_acf_filters=true&#038;_acf_screen=acf_form&#038;_acf_post_id=new&#038;_acf_validation=1&#038;_acf_form=red-cross-filters&#038;_acf_nonce=10fb23b5ec&#038;_acf_changed=1&#038;acf%5Bps_field_pledge_type%5D=&#038;acf%5Bps_field_pledge_type%5D%5B%5D=specific&#038;acf%5Bps_field_pledge_type%5D%5B%5D=open&#038;acf%5Bps_field_event%5D=&#038;acf%5Bps_field_submitter%5D=&#038;acf%5Bps_field_pledge_id%5D=&#038;acf%5Bps_field_institution%5D=&#038;acf%5Bps_field_country%5D=&#038;acf%5Bps_field_keywords%5D=&#038;acf%5Bps_field_language%5D=&#038;acf%5Bps_field_reference_resolution%5D=&#038;acf%5Bps_field_reference_resolution%5D=2070&#038;_acf_form=test\"\n\t\t\t\t\t\t\t\t class=\"button primary\">Consulter les engagements connexes<\/a>\n\t\t\t\t\t\t<\/div>\n\t\t\t\t\t\t\t\t\t\t\t\t\t\t\t\t\t\t\t\t<div class=\"btns-fl-block__button\">\n\t\t\t\t\t\t\t<span>Rechercher des rapports sur les engagements connexes<\/span>\n\t\t\t\t\t\t\t<a href=\"https:\/\/rcrcconference.org\/fr\/about-4\/pledges\/search\/?q=&#038;_acf_filters=true&#038;_acf_screen=acf_form&#038;_acf_post_id=new&#038;_acf_validation=1&#038;_acf_form=red-cross-filters&#038;_acf_nonce=10fb23b5ec&#038;_acf_changed=1&#038;acf%5Bps_field_pledge_type%5D=&#038;acf%5Bps_field_pledge_type%5D%5B%5D=report&#038;acf%5Bps_field_event%5D=&#038;acf%5Bps_field_submitter%5D=&#038;acf%5Bps_field_pledge_id%5D=&#038;acf%5Bps_field_institution%5D=&#038;acf%5Bps_field_country%5D=&#038;acf%5Bps_field_keywords%5D=&#038;acf%5Bps_field_language%5D=&#038;acf%5Bps_field_reference_resolution%5D=&#038;acf%5Bps_field_reference_resolution%5D=2070&#038;_acf_form=test\"\n\t\t\t\t\t\t\t\t class=\"button primary\">Consulter les rapports existants sur cette r\u00e9solution<\/a>\n\t\t\t\t\t\t<\/div>\n\t\t\t\t\t\t\t\t\t\t\t<\/div>\n\t<\/div>\n<\/div>\n\n\n<section class=\"about\">\n\t<div class=\"container\">\n\t\t\t\t\t<div class=\"about__title-over\">\n\t\t\t\t<h2>En savoir davantage ?<\/h2>\n\t\t\t<\/div>\n\t\t\t\t<div class=\"about__inner\">\n\t\t\t\t\t\t\t\t\t\t<div class=\"about__content\">\n\t\t\t\t\t<img loading=\"lazy\" decoding=\"async\" width=\"150\" height=\"112\" class=\"wp-image-18152\" style=\"width: 150px;\" src=\"https:\/\/rcrcconference.org\/app\/uploads\/2021\/07\/RFL.png\" alt=\"\">   <a rel=\"noreferrer noopener\" aria-label=\" (opens in a new tab)\" href=\"https:\/\/familylinks.icrc.org\/fr\/pages\/accueil.aspx\" target=\"_blank\">Site web du r\u00e9tablissement des liens familiaux<\/a>  <br><br><img loading=\"lazy\" decoding=\"async\" width=\"150\" height=\"112\" class=\"wp-image-18156\" style=\"width: 150px;\" src=\"https:\/\/rcrcconference.org\/app\/uploads\/2021\/07\/ICRC-data.png\" alt=\"\">   <a href=\"https:\/\/www.icrc.org\/fr\/le-cicr-et-la-protection-des-donnees\" target=\"_blank\" rel=\"noreferrer noopener\" aria-label=\" (opens in a new tab)\">Le CICR et la protection des <\/a><a rel=\"noreferrer noopener\" aria-label=\"donn\u00e9es   (opens in a new tab)\" href=\"https:\/\/www.icrc.org\/fr\/le-cicr-et-la-protection-des-donnees\" target=\"_blank\">donn\u00e9es<\/a>\t\t\t\t<\/div>\n\t\t\t\t\t<\/div>\n\t<\/div>\n<\/section>\n\n\n\n<section class=\"single-link\" style=\"background-color: #E5E5E5\" aria-label=\"Single link section\">\n\t<div class=\"container\">\n\t\t<div class=\"single-link__inner\">\n\t\t\t\t\t\t\t<div class=\"single-link__title\">\n\t\t\t\t\t<h2>Des questions ?<\/h2>\n\t\t\t\t<\/div>\n\t\t\t\t\t\t\t<div class=\"single-link__descr\">\n\t\t\t\t\t<span>\u00c9crivez-nous pour obtenir de plus amples informations.<\/span>\n\t\t\t\t<\/div>\n\t\t\t\t\t\t\t<a href=\"https:\/\/rcrcconference.org\/fr\/contact\/\"\n\t\t\t\t   class=\"button primary\">Nous contacter<\/a>\n\t\t\t\t\t<\/div>\n\t<\/div>\n<\/section>\n","protected":false},"excerpt":{"rendered":"","protected":false},"author":408,"featured_media":18171,"parent":18010,"menu_order":0,"comment_status":"closed","ping_status":"closed","template":"","meta":{"_acf_changed":false,"footnotes":""},"class_list":["post-18473","page","type-page","status-publish","has-post-thumbnail","hentry"],"acf":[],"_links":{"self":[{"href":"https:\/\/rcrcconference.org\/fr\/wp-json\/wp\/v2\/pages\/18473"}],"collection":[{"href":"https:\/\/rcrcconference.org\/fr\/wp-json\/wp\/v2\/pages"}],"about":[{"href":"https:\/\/rcrcconference.org\/fr\/wp-json\/wp\/v2\/types\/page"}],"author":[{"embeddable":true,"href":"https:\/\/rcrcconference.org\/fr\/wp-json\/wp\/v2\/users\/408"}],"replies":[{"embeddable":true,"href":"https:\/\/rcrcconference.org\/fr\/wp-json\/wp\/v2\/comments?post=18473"}],"version-history":[{"count":9,"href":"https:\/\/rcrcconference.org\/fr\/wp-json\/wp\/v2\/pages\/18473\/revisions"}],"predecessor-version":[{"id":28321,"href":"https:\/\/rcrcconference.org\/fr\/wp-json\/wp\/v2\/pages\/18473\/revisions\/28321"}],"up":[{"embeddable":true,"href":"https:\/\/rcrcconference.org\/fr\/wp-json\/wp\/v2\/pages\/18010"}],"wp:featuredmedia":[{"embeddable":true,"href":"https:\/\/rcrcconference.org\/fr\/wp-json\/wp\/v2\/media\/18171"}],"wp:attachment":[{"href":"https:\/\/rcrcconference.org\/fr\/wp-json\/wp\/v2\/media?parent=18473"}],"curies":[{"name":"wp","href":"https:\/\/api.w.org\/{rel}","templated":true}]}}