{"id":18432,"date":"2021-06-10T14:51:01","date_gmt":"2021-06-10T14:51:01","guid":{"rendered":"https:\/\/rcrcconference.org\/about-4\/reporting\/33ic-resolution-3-tackling-epidemics-and-pandemics-together\/"},"modified":"2024-08-25T19:49:12","modified_gmt":"2024-08-25T19:49:12","slug":"33ic-resolution-3-tackling-epidemics-and-pandemics-together","status":"publish","type":"page","link":"https:\/\/rcrcconference.org\/fr\/about-4\/reporting\/33ic-resolution-3-tackling-epidemics-and-pandemics-together\/","title":{"rendered":"R\u00e9solution 3 &#8211; Agir maintenant en combattant ensemble les \u00e9pid\u00e9mies et les pand\u00e9mies"},"content":{"rendered":"<section class=\"about\">\n\t<div class=\"container\">\n\t\t\t\t\t<div class=\"about__title-over\">\n\t\t\t\t<h2>R\u00e9sum\u00e9<\/h2>\n\t\t\t<\/div>\n\t\t\t\t<div class=\"about__inner\">\n\t\t\t\t\t\t\t\t\t\t<div class=\"about__content\">\n\t\t\t\t\tLa r\u00e9solution 3, \u00ab\u00a0Agir maintenant en combattant ensemble les \u00e9pid\u00e9mies et les pand\u00e9mies\u00a0\u00bb, vise \u00e0 aider les composantes du Mouvement international de la Croix-Rouge et du Croissant-Rouge (Mouvement) \u00e0 mettre en \u0153uvre une approche structur\u00e9e, globale, pr\u00e9visible et coordonn\u00e9e de la pr\u00e9vention et de la d\u00e9tection des \u00e9pid\u00e9mies, ainsi que de l\u2019intervention et du rel\u00e8vement en cas d\u2019\u00e9pid\u00e9mie, en coop\u00e9ration \u00e9troite avec les \u00c9tats et d\u2019autres partenaires. Elle concr\u00e9tise la reconnaissance du risque que posent les \u00e9pid\u00e9mies et constitue un important pas en avant qui doit entra\u00eener des progr\u00e8s soutenus en vue d\u2019une am\u00e9lioration des capacit\u00e9s.<br><br>La pand\u00e9mie de Covid-19 a d\u00e9montr\u00e9, plus que jamais, l\u2019importance d\u2019une telle r\u00e9solution et rappelle de mani\u00e8re brutale la menace que les malades transmissibles \u00e9mergentes font peser sur l\u2019humanit\u00e9. D\u2019autres \u00e9pid\u00e9mies, telles que la flamb\u00e9e de maladie \u00e0 virus Ebola, les pand\u00e9mies de grippe H1N1 et H5N1 et les syndromes respiratoires aigus s\u00e9v\u00e8res (SRAS) mettent en \u00e9vidence des besoins tr\u00e8s sp\u00e9cifiques. Les \u00e9pid\u00e9mies sont souvent un sympt\u00f4me de faiblesses sous-jacentes dans le syst\u00e8me de sant\u00e9, de pauvret\u00e9 et d\u2019in\u00e9galit\u00e9. Non seulement elles provoquent des maladies et des d\u00e9c\u00e8s, mais aussi elles peuvent avoir une incidence sur la stabilit\u00e9 et l\u2019\u00e9conomie des communaut\u00e9s touch\u00e9es. L\u2019am\u00e9lioration de l\u2019intervention face \u00e0 une \u00e9pid\u00e9mie est donc globalement ax\u00e9e sur le renforcement de la r\u00e9silience et des capacit\u00e9s \u00e0 tous les niveaux, notamment au sein des communaut\u00e9s, des Soci\u00e9t\u00e9s nationales, des gouvernements et du dispositif sanitaire. Le Mouvement a une longue et vaste exp\u00e9rience en mati\u00e8re de pr\u00e9vention et de lutte contre les \u00e9pid\u00e9mies. Chaque ann\u00e9e, les Soci\u00e9t\u00e9s nationales du monde entier s\u2019emploient \u00e0 mobiliser les communaut\u00e9s, \u00e0 prendre les malades en charge et \u00e0 prot\u00e9ger les personnes vuln\u00e9rables contre une grande vari\u00e9t\u00e9 d\u2019agents infectieux.<br><br>La r\u00e9solution cible d\u00e9lib\u00e9r\u00e9ment les activit\u00e9s et les actions dans le cadre desquelles le Mouvement apporte une valeur ajout\u00e9e aux capacit\u00e9s existantes et met donc fortement l\u2019accent sur les approches communautaires et la localisation de la r\u00e9ponse. Elle facilite la mise au point d\u2019une vision, d\u2019une approche et d\u2019un engagement collectifs, dans les pays et au-del\u00e0 des fronti\u00e8res, quant aux moyens d\u2019optimiser les effets de tous les investissements r\u00e9alis\u00e9s dans la ma\u00eetrise des \u00e9pid\u00e9mies et d\u2019assurer le succ\u00e8s des activit\u00e9s de d\u00e9tection, de contr\u00f4le et d\u2019intervention pour, en fin de compte, sauver des vies et renforcer la r\u00e9silience sanitaire des communaut\u00e9s les plus vuln\u00e9rables.<br> \u00a0<br><strong>Certaines des mesures \u00e0 prendre pour donner suite \u00e0 la XXXIII<sup>e<\/sup> Conf\u00e9rence internationale<\/strong><br> \u00a0<br><strong>Par les \u00c9tats<br><\/strong><div class=\"redcross_list-block\"><ol><li>Faciliter la contribution des composantes du Mouvement \u00e0 une approche affirm\u00e9e et coordonn\u00e9e des \u00e9pid\u00e9mies et des pand\u00e9mies.<\/li><li>Inclure les Soci\u00e9t\u00e9s nationales dans les cadres multisectoriels de pr\u00e9vention et de lutte contre les maladies ainsi que de pr\u00e9paration et d\u2019intervention et leur apporter un financement.<\/li><\/ol><br><br><strong>Par le Mouvement<\/strong><br><div class=\"redcross_list-block\"><ol><li>Travailler avec les autorit\u00e9s publiques pour assurer une ex\u00e9cution efficace et rapide des interventions de sant\u00e9 publique en faveur des populations touch\u00e9es dans les situations de crise, notamment en renfor\u00e7ant les capacit\u00e9s d\u2019alerte pr\u00e9coce et d\u2019intervention rapide dans les communaut\u00e9s isol\u00e9es, sous-desservies et \u00e0 haut risque.<\/li><\/ol><br><br><strong>Par les \u00c9tats et les composantes du Mouvement<\/strong><br><div class=\"redcross_list-block\"><ol><li>Participer avec les communaut\u00e9s aux activit\u00e9s de pr\u00e9vention, de pr\u00e9paration et de lutte contre les flamb\u00e9es \u00e9pid\u00e9miques.<\/li><li>\u00c9laborer des outils (donn\u00e9es et technologie), des orientations et des strat\u00e9gies innovateurs pour renforcer les capacit\u00e9s et am\u00e9liorer la qualit\u00e9 de l\u2019action.<\/li><li>Veiller \u00e0 ce que la sant\u00e9 et la s\u00e9curit\u00e9, y compris la sant\u00e9 mentale et le bien-\u00eatre psychosocial, des volontaires et du personnel intervenant dans les situations d\u2019\u00e9pid\u00e9mie\/de pand\u00e9mie soient pr\u00e9serv\u00e9s. <\/li><\/ol>\t\t\t\t<\/div>\n\t\t\t\t\t<\/div>\n\t<\/div>\n<\/section>\n\n\n<section class=\"accordion-block\" style=\"background-color: #ffffff; color: #4D4D4D\" role=\"region\" aria-label=\"Pedges accordion block\">\n\t\t\t<div class=\"accordion-block__title\" role=\"heading\" aria-level=\"3\">\n\t\t\t<h3>R\u00e9solution adopt\u00e9e \u00e0 la XXXIIIe Conf\u00e9rence internationale<\/h3>\n\t\t<\/div>\n\t\t\t\t<ul class=\"accordion\">\n\t\t\t\t\t\t\t<li class=\"accordion__item\">\n\t\t\t\t\t<div class=\"accordion__title\" role=\"button\" aria-expanded=\"false\" aria-label=\"R\u00e9solution 3 -  Agir maintenant en combattant ensemble les \u00e9pid\u00e9mies et les pand\u00e9mies\">\n\t\t\t\t\t\t<h3 class=\"accordion__title-h4\">R\u00e9solution 3 &#8211;  Agir maintenant en combattant ensemble les \u00e9pid\u00e9mies et les pand\u00e9mies<\/h3>\n\t\t\t\t\t<\/div>\n\t\t\t\t\t<div class=\"accordion__content\" role=\"region\" hidden>\n\t\t\t\t\t\t<div class=\"redcross_list-block\"><ul><li><a rel=\"noreferrer noopener\" aria-label=\"R\u00e9solution adopt\u00e9e (opens in a new tab)\" href=\"https:\/\/rcrcconference.org\/app\/uploads\/2019\/12\/33IC_R3-Epidemic_Pandemic-resolution-adopted-ENing-CLEAN-EN.pdf\" target=\"_blank\"><strong>R\u00e9solution adopt\u00e9e<\/strong><\/a> (33IC\/19\/R3)<\/li><li><a rel=\"noreferrer noopener\" aria-label=\"Document de r\u00e9f\u00e9rence (opens in a new tab)\" href=\"https:\/\/rcrcconference.org\/app\/uploads\/2021\/07\/33IC_12.3-Epidemic_Pandemic-background-doc-FINAL-FR.pdf\" target=\"_blank\"><strong>Document de r\u00e9f\u00e9rence<\/strong><\/a> (33IC\/19\/12.3)<\/li><\/ul> \t\t\t\t\t<\/div>\n\t\t\t\t<\/li>\n\t\t\t\t\t<\/ul>\n\t<\/section>\n\n\n\n<div style=\"height:100px\" aria-hidden=\"true\" class=\"wp-block-spacer\"><\/div>\n\n\n\t<div class=\"container\">\n\t\t<div class=\"btns-fl-block__title-over\">\n\t\t\t<h2>Rapport sur la r\u00e9solution<\/h2>\n\t\t<\/div>\n\t<\/div>\n<div class=\"btns-fl-block\" style=\"\">\n\t<div class=\"container\" style=\"background-color: #E5E5E5; color: #000000\">\n\t\t\t\t\t<div class=\"btns-fl-block__title\">\n\t\t\t\t<h3>Faites part ici des progr\u00e8s que vous avez accomplis et des \u00e9l\u00e9ments marquants de la mise en \u0153uvre !<\/h3>\n\t\t\t<\/div>\n\t\t\t\t<div class=\"btns-fl-block__inner\">\n\t\t\t\t\t\t\t\t\t\t\t\t\t\t<div class=\"btns-fl-block__button\">\n\t\t\t\t\t\t\t<span>Les organisateurs de la Conf\u00e9rence souhaitent que les \u00c9tats et les Soci\u00e9t\u00e9s nationales leur fassent part de ce qu\u2019ils ont entrepris pour honorer les engagements pris \u00e0 la XXXIII<sup>e<\/sup> Conf\u00e9rence internationale. Vous pouvez \u00e0 tout moment soumettre un rapport court et simple sur les progr\u00e8s r\u00e9alis\u00e9s, en remplissant le formulaire de rapport en ligne. Ces informations seront recueillies p\u00e9riodiquement pour \u00e9valuer le niveau de mise en \u0153uvre et mettre en \u00e9vidence les progr\u00e8s accomplis.<br> <strong><em>\u00a0<\/em><\/strong><br><em>(Pour acc\u00e9der au formulaire de rapport en ligne, les membres de la Conf\u00e9rence doivent se connecter au syst\u00e8me avec leur identifiant et leur mot de passe. Il n\u2019y a qu\u2019un compte d\u2019utilisateur par membre, et un seul repr\u00e9sentant de chaque Soci\u00e9t\u00e9 nationale ou \u00c9tat membre a acc\u00e8s au formulaire et peut soumettre un rapport. Toutefois, il est possible de soumettre plusieurs rapports. Pour plus de d\u00e9tails sur la marche \u00e0 suivre pour effectuer un rapport, se connecter et r\u00e9cup\u00e9rer des informations dans la base de donn\u00e9es, veuillez vous r\u00e9f\u00e9rer \u00e0 la section \u00ab\u00a0Guide pour la pr\u00e9sentation de rapports\u00a0\u00bb de la <a href=\"https:\/\/rcrcconference.org\/fr\/about-4\/reporting\/\" target=\"_blank\" rel=\"noreferrer noopener\" aria-label=\" (opens in a new tab)\">page web consacr\u00e9e au suivi des r\u00e9sultats de la XXXIII<sup>e<\/sup> Conf\u00e9rence internationale<\/a>. <a href=\"https:\/\/rcrcconference.org\/fr\/about-4\/reporting\/\" target=\"_blank\" rel=\"noreferrer noopener\" aria-label=\" (opens in a new tab)\">https:\/\/rcrcconference.org\/fr\/about-4\/reporting\/<\/a> )<br><\/em> <strong>\u00a0<\/strong><br><a rel=\"noreferrer noopener\" aria-label=\" (opens in a new tab)\" href=\"https:\/\/rcrcconference.org\/app\/uploads\/2021\/07\/survey-questions-FINAL-rev-FR-1.docx\" target=\"_blank\"><strong>Formulaire de rapport en format Word<\/strong><br><\/a>(<em>Pour information et usage interne uniquement.<\/em> <em>Veuillez noter que tous les rapports doivent \u00eatre soumis au moyen du formulaire de rapport en ligne.)<\/em><br><br><strong>Effectuer un rapport sur cette r\u00e9solution<\/strong><\/span>\n\t\t\t\t\t\t\t<a href=\"https:\/\/rcrcconference.org\/fr\/about-4\/reporting\/resolution-reporting-form\/\"\n\t\t\t\t\t\t\t\t class=\"button primary\">Formulaire de rapport en ligne<\/a>\n\t\t\t\t\t\t<\/div>\n\t\t\t\t\t\t\t\t\t\t\t\t\t\t\t\t\t\t\t\t<div class=\"btns-fl-block__button\">\n\t\t\t\t\t\t\t<span><strong>Rechercher des rapports dans la base de donn\u00e9es<\/strong><\/span>\n\t\t\t\t\t\t\t<a href=\"https:\/\/rcrcconference.org\/fr\/about-4\/pledges\/search\/?q=&#038;_acf_filters=true&#038;_acf_screen=acf_form&#038;_acf_post_id=new&#038;_acf_validation=1&#038;_acf_form=red-cross-filters&#038;_acf_nonce=10fb23b5ec&#038;_acf_changed=1&#038;acf%5Bps_field_pledge_type%5D=&#038;acf%5Bps_field_pledge_type%5D%5B%5D=resolution&#038;acf%5Bps_field_event%5D=&#038;acf%5Bps_field_submitter%5D=&#038;acf%5Bps_field_pledge_id%5D=&#038;acf%5Bps_field_institution%5D=&#038;acf%5Bps_field_country%5D=&#038;acf%5Bps_field_keywords%5D=&#038;acf%5Bps_field_language%5D=&#038;acf%5Bps_field_reference_resolution%5D=&#038;acf%5Bps_field_reference_resolution%5D=1934&#038;_acf_form=test\"\n\t\t\t\t\t\t\t\t class=\"button primary\">Consulter les rapports existants sur cette r\u00e9solution<\/a>\n\t\t\t\t\t\t<\/div>\n\t\t\t\t\t\t\t\t\t\t\t<\/div>\n\t<\/div>\n<\/div>\n\n\n\n<div style=\"height:100px\" aria-hidden=\"true\" class=\"wp-block-spacer\"><\/div>\n\n\n\t<div class=\"container\">\n\t\t<div class=\"accordion-block__title-over\">\n\t\t\t<h2>Documents connexes<\/h2>\n\t\t<\/div>\n\t<\/div>\n<section class=\"about\" style=\"background-color: #ffffff; color: #4D4D4D\">\n\t<div class=\"container\">\n\t\t<div class=\"about__inner\">\n\t\t\t\t\t\t\t<div class=\"about__title\">\n\t\t\t\t\t<h3><\/h3>\n\t\t\t\t<\/div>\n\t\t\t\t\t\t\t\t\t\t<ul class=\"accordion\">\n\t\t\t\t\t\t\t\t\t\t\t<li class=\"accordion__item\">\n\t\t\t\t\t\t\t<div class=\"accordion__title\">\n\t\t\t\t\t\t\t\t<h4>Documents<\/h4>\n\t\t\t\t\t\t\t<\/div>\n\t\t\t\t\t\t\t<div class=\"accordion__content\">\n\t\t\t\t\t\t\t\t<strong><div class=\"redcross_list-block\"><ul><li><a rel=\"noreferrer noopener\" aria-label=\" (opens in a new tab)\" href=\"https:\/\/rcrcconference.org\/fr\/non-classifiee\/story-of-resolution-during-covid19\/\" target=\"_blank\">Blog des r\u00e9unions statutaires\u00a0: Histoire d\u2019une r\u00e9solution \u00e0 l\u2019heure du Covid-19<\/a><\/li><li><a href=\"https:\/\/www.who.int\/publications\/i\/item\/9789241580410\" target=\"_blank\" rel=\"noreferrer noopener\" aria-label=\"Organisation mondiale de la Sant\u00e9 (OMS)\u00a0: R\u00e8glement sanitaire international (2005)\n (opens in a new tab)\">Organisation mondiale de la Sant\u00e9 (OMS)\u00a0: R\u00e8glement sanitaire international (2005)<\/li><li><\/a>D\u00e9clarations, publications et supports promotionnels\u00a0: veuillez consulter le <a rel=\"noreferrer noopener\" aria-label=\" (opens in a new tab)\" href=\"https:\/\/media.ifrc.org\/ifrc\/theme\/programmes-services\/health\/epidemic-and-pandemic-preparedness\/\" target=\"_blank\">centre de documentation de la F\u00e9d\u00e9ration internationale sur la pr\u00e9paration aux \u00e9pid\u00e9mies et aux pand\u00e9mies<\/a>.<\/li><li><a rel=\"noreferrer noopener\" aria-label=\" (opens in a new tab)\" href=\"https:\/\/prddsgofilestorage.blob.core.windows.net\/api\/event-featured-documents\/file\/MDRCOVID19REA4_1.pdf\" target=\"_blank\">Appel de la F\u00e9d\u00e9ration internationale pour la r\u00e9ponse au Covid-19<\/a> (en anglais uniquement)<\/li><li>Ressources pour la r\u00e9ponse \u00e0 la pand\u00e9mie de Covid-19\u00a0: veuillez consulter le <a rel=\"noreferrer noopener\" aria-label=\" (opens in a new tab)\" href=\"https:\/\/covid.ifrc.org\/#other\" target=\"_blank\">recueil de ressources de la F\u00e9d\u00e9ration internationale relatives au Covid-19<\/a>.<\/li><\/ul><\/strong>\t\t\t\t\t\t\t<\/div>\n\t\t\t\t\t\t<\/li>\n\t\t\t\t\t\t\t\t\t<\/ul>\n\t\t\t\t\t<\/div>\n\t<\/div>\n<\/section>\n\n\n\t<div class=\"container\">\n\t\t<div class=\"btns-fl-block__title-over\">\n\t\t\t<h2>Engagements connexes<\/h2>\n\t\t<\/div>\n\t<\/div>\n<div class=\"btns-fl-block\" style=\"background-image: url('https:\/\/rcrcconference.org\/app\/uploads\/2021\/06\/V-P-CER-E-00797-darken-scaled-e1623335488102.jpg'); color: #ffffff\">\n\t<div class=\"container\" style=\"\">\n\t\t\t\t\t<div class=\"btns-fl-block__title\">\n\t\t\t\t<h3>Effectuer un rapport sur les engagements relatifs \u00e0 cette r\u00e9solution<\/h3>\n\t\t\t<\/div>\n\t\t\t\t<div class=\"btns-fl-block__inner\">\n\t\t\t\t\t\t\t\t\t\t\t\t\t\t<div class=\"btns-fl-block__button\">\n\t\t\t\t\t\t\t<span>Veuillez cliquer ici pour voir tous les engagements relatifs \u00e0 cette r\u00e9solution qui ont \u00e9t\u00e9 pris \u00e0 la XXXIII<sup>e<\/sup> Conf\u00e9rence internationale. Pour effectuer un rapport sur un engagement soumis ou sign\u00e9, veuillez cliquer sur le titre de l\u2019engagement choisi.<br> <strong>\u00a0<\/strong><br><em>(Pour acc\u00e9der au formulaire de rapport en ligne, les membres de la Conf\u00e9rence doivent se connecter au syst\u00e8me avec leur identifiant et leur mot de passe. Il n\u2019y a qu\u2019un compte d\u2019utilisateur par membre, et un seul repr\u00e9sentant de chaque Soci\u00e9t\u00e9 nationale ou \u00c9tat membre a acc\u00e8s au formulaire et peut soumettre un rapport. Toutefois, il est possible de soumettre plusieurs rapports. Pour plus de d\u00e9tails sur la marche \u00e0 suivre pour effectuer un rapport, se connecter et r\u00e9cup\u00e9rer des informations dans la base de donn\u00e9es, veuillez vous r\u00e9f\u00e9rer \u00e0 la section \u00ab\u00a0Guide pour la pr\u00e9sentation de rapports\u00a0\u00bb de la page web consacr\u00e9e au suivi des r\u00e9sultats de la XXXIII<sup>e<\/sup> Conf\u00e9rence internationale. https:\/\/rcrcconference.org\/fr\/about-4\/reporting\/ ) <\/em><\/span>\n\t\t\t\t\t\t\t<a href=\"https:\/\/rcrcconference.org\/fr\/about-4\/pledges\/search\/?q=&#038;_acf_filters=true&#038;_acf_screen=acf_form&#038;_acf_post_id=new&#038;_acf_validation=1&#038;_acf_form=red-cross-filters&#038;_acf_nonce=10fb23b5ec&#038;_acf_changed=1&#038;acf%5Bps_field_pledge_type%5D=&#038;acf%5Bps_field_pledge_type%5D%5B%5D=specific&#038;acf%5Bps_field_pledge_type%5D%5B%5D=open&#038;acf%5Bps_field_event%5D=&#038;acf%5Bps_field_submitter%5D=&#038;acf%5Bps_field_pledge_id%5D=&#038;acf%5Bps_field_institution%5D=&#038;acf%5Bps_field_country%5D=&#038;acf%5Bps_field_keywords%5D=&#038;acf%5Bps_field_language%5D=&#038;acf%5Bps_field_reference_resolution%5D=&#038;acf%5Bps_field_reference_resolution%5D=1934&#038;_acf_form=test\"\n\t\t\t\t\t\t\t\t class=\"button primary\">Consulter les engagements connexes<\/a>\n\t\t\t\t\t\t<\/div>\n\t\t\t\t\t\t\t\t\t\t\t\t\t\t\t\t\t\t\t\t<div class=\"btns-fl-block__button\">\n\t\t\t\t\t\t\t<span><strong>Rechercher des rapports sur les engagements connexes<\/strong><\/span>\n\t\t\t\t\t\t\t<a href=\"https:\/\/rcrcconference.org\/fr\/about-4\/pledges\/search\/?q=&#038;_acf_filters=true&#038;_acf_screen=acf_form&#038;_acf_post_id=new&#038;_acf_validation=1&#038;_acf_form=red-cross-filters&#038;_acf_nonce=10fb23b5ec&#038;_acf_changed=1&#038;acf%5Bps_field_pledge_type%5D=&#038;acf%5Bps_field_pledge_type%5D%5B%5D=report&#038;acf%5Bps_field_event%5D=&#038;acf%5Bps_field_submitter%5D=&#038;acf%5Bps_field_pledge_id%5D=&#038;acf%5Bps_field_institution%5D=&#038;acf%5Bps_field_country%5D=&#038;acf%5Bps_field_keywords%5D=&#038;acf%5Bps_field_language%5D=&#038;acf%5Bps_field_reference_resolution%5D=&#038;acf%5Bps_field_reference_resolution%5D=1934&#038;_acf_form=test\"\n\t\t\t\t\t\t\t\t class=\"button primary\">Consulter les rapports existants sur cette r\u00e9solution<\/a>\n\t\t\t\t\t\t<\/div>\n\t\t\t\t\t\t\t\t\t\t\t<\/div>\n\t<\/div>\n<\/div>\n\n\n<section class=\"about\">\n\t<div class=\"container\">\n\t\t\t\t\t<div class=\"about__title-over\">\n\t\t\t\t<h2>En savoir davantage ?<\/h2>\n\t\t\t<\/div>\n\t\t\t\t<div class=\"about__inner\">\n\t\t\t\t\t\t\t\t\t\t<div class=\"about__content\">\n\t\t\t\t\t<img loading=\"lazy\" decoding=\"async\" width=\"150\" height=\"113\" class=\"wp-image-18111\" style=\"width: 150px;\" src=\"https:\/\/rcrcconference.org\/app\/uploads\/2021\/07\/IFRC-pandemic-preparedness-webpage.png\" alt=\"\">    <a href=\"https:\/\/media.ifrc.org\/ifrc\/community-epidemic-pandemic-preparedness\/\" target=\"_blank\" rel=\"noreferrer noopener\" aria-label=\" (opens in a new tab)\">Page web de la F\u00e9d\u00e9ration internationale sur la pr\u00e9paration communautaire aux \u00e9pid\u00e9mies et aux pand\u00e9mies<\/a>  <br><br><img loading=\"lazy\" decoding=\"async\" width=\"150\" height=\"115\" class=\"wp-image-18115\" style=\"width: 150px;\" src=\"https:\/\/rcrcconference.org\/app\/uploads\/2021\/07\/COVID-compredium.png\" alt=\"\">     <a href=\"https:\/\/covid.ifrc.org\/#other\" target=\"_blank\" rel=\"noreferrer noopener\" aria-label=\" (opens in a new tab)\">Recueil de ressources de la F\u00e9d\u00e9ration internationale relatives au Covid-19<\/a>  <br><br><img loading=\"lazy\" decoding=\"async\" width=\"150\" height=\"114\" class=\"wp-image-18120\" style=\"width: 150px;\" src=\"https:\/\/rcrcconference.org\/app\/uploads\/2021\/07\/Go-platform.png\" alt=\"\">      <a href=\"https:\/\/go.ifrc.org\/emergencies\/3972#details\" target=\"_blank\" rel=\"noreferrer noopener\" aria-label=\" (opens in a new tab)\">Platforme IFRC GO pour tous les appels et r\u00e9ponses li\u00e9s aux op\u00e9rations mondiales de lutte contre le Covid-19 <\/a>  <br><br><img loading=\"lazy\" decoding=\"async\" width=\"150\" height=\"114\" class=\"wp-image-18124\" style=\"width: 150px;\" src=\"https:\/\/rcrcconference.org\/app\/uploads\/2021\/07\/ICRC-covid.png\" alt=\"\">      <a href=\"https:\/\/www.icrc.org\/fr\/nos-activites\/coronavirus-pandemie-de-covid-19\" target=\"_blank\" rel=\"noreferrer noopener\" aria-label=\" (opens in a new tab)\">Page web du CICR sur le Covid-19<\/a> <br><br><img loading=\"lazy\" decoding=\"async\" width=\"150\" height=\"114\" class=\"wp-image-18132\" style=\"width: 150px;\" src=\"https:\/\/rcrcconference.org\/app\/uploads\/2021\/07\/soko.png\" alt=\"\">      <a href=\"https:\/\/volunteeringredcross.org\/en\/covid-19\/\" target=\"_blank\" rel=\"noreferrer noopener\" aria-label=\" (opens in a new tab)\">SOKONI \u2013 forums de discussion sur le Covid-19 pour les volontaires et le personnel de la Croix-Rouge et du Croissant-Rouge <\/a> <br><br><img loading=\"lazy\" decoding=\"async\" width=\"150\" height=\"114\" class=\"wp-image-18128\" style=\"width: 150px;\" src=\"https:\/\/rcrcconference.org\/app\/uploads\/2021\/07\/Solf-Acad.png\" alt=\"\">    <a href=\"https:\/\/future-rcrc.com\/2020\/07\/22\/mapping-covid-volunteers-experience-and-insights\/?mc_phishing_protection_id=28048-btavgcf0s0vb44jp96og\" target=\"_blank\" rel=\"noreferrer noopener\" aria-label=\" (opens in a new tab)\">Acad\u00e9mie Solf\u00e9rino de la F\u00e9d\u00e9ration internationale\u00a0: Mapping COVID-19 Red Cross Red Crescent volunteers\u2019 experience and insights<\/a>  \t\t\t\t<\/div>\n\t\t\t\t\t<\/div>\n\t<\/div>\n<\/section>\n\n\n\n<section class=\"single-link\" style=\"background-color: #E5E5E5\" aria-label=\"Single link section\">\n\t<div class=\"container\">\n\t\t<div class=\"single-link__inner\">\n\t\t\t\t\t\t\t<div class=\"single-link__title\">\n\t\t\t\t\t<h2>Des questions ?<\/h2>\n\t\t\t\t<\/div>\n\t\t\t\t\t\t\t<div class=\"single-link__descr\">\n\t\t\t\t\t<span>\u00c9crivez-nous pour obtenir de plus amples informations.<\/span>\n\t\t\t\t<\/div>\n\t\t\t\t\t\t\t<a href=\"https:\/\/rcrcconference.org\/fr\/contact\/\"\n\t\t\t\t   class=\"button primary\">Nours contacter<\/a>\n\t\t\t\t\t<\/div>\n\t<\/div>\n<\/section>\n\n\n\n<p><\/p>\n","protected":false},"excerpt":{"rendered":"","protected":false},"author":408,"featured_media":18145,"parent":18010,"menu_order":0,"comment_status":"closed","ping_status":"closed","template":"","meta":{"_acf_changed":false,"footnotes":""},"class_list":["post-18432","page","type-page","status-publish","has-post-thumbnail","hentry"],"acf":[],"_links":{"self":[{"href":"https:\/\/rcrcconference.org\/fr\/wp-json\/wp\/v2\/pages\/18432"}],"collection":[{"href":"https:\/\/rcrcconference.org\/fr\/wp-json\/wp\/v2\/pages"}],"about":[{"href":"https:\/\/rcrcconference.org\/fr\/wp-json\/wp\/v2\/types\/page"}],"author":[{"embeddable":true,"href":"https:\/\/rcrcconference.org\/fr\/wp-json\/wp\/v2\/users\/408"}],"replies":[{"embeddable":true,"href":"https:\/\/rcrcconference.org\/fr\/wp-json\/wp\/v2\/comments?post=18432"}],"version-history":[{"count":8,"href":"https:\/\/rcrcconference.org\/fr\/wp-json\/wp\/v2\/pages\/18432\/revisions"}],"predecessor-version":[{"id":28317,"href":"https:\/\/rcrcconference.org\/fr\/wp-json\/wp\/v2\/pages\/18432\/revisions\/28317"}],"up":[{"embeddable":true,"href":"https:\/\/rcrcconference.org\/fr\/wp-json\/wp\/v2\/pages\/18010"}],"wp:featuredmedia":[{"embeddable":true,"href":"https:\/\/rcrcconference.org\/fr\/wp-json\/wp\/v2\/media\/18145"}],"wp:attachment":[{"href":"https:\/\/rcrcconference.org\/fr\/wp-json\/wp\/v2\/media?parent=18432"}],"curies":[{"name":"wp","href":"https:\/\/api.w.org\/{rel}","templated":true}]}}