{"id":18387,"date":"2021-06-10T14:38:02","date_gmt":"2021-06-10T14:38:02","guid":{"rendered":"https:\/\/rcrcconference.org\/about-4\/reporting\/33ic-resolution-1-bringing-ihl-home\/"},"modified":"2024-08-25T19:31:21","modified_gmt":"2024-08-25T19:31:21","slug":"33ic-resolution-1-bringing-ihl-home","status":"publish","type":"page","link":"https:\/\/rcrcconference.org\/fr\/about-4\/reporting\/33ic-resolution-1-bringing-ihl-home\/","title":{"rendered":"R\u00e9solution 1 &#8211; S\u2019approprier le DIH : Feuille de route pour am\u00e9liorer la mise en \u0153uvre nationale du droit international humanitaire"},"content":{"rendered":"<section class=\"about\">\n\t<div class=\"container\">\n\t\t\t\t\t<div class=\"about__title-over\">\n\t\t\t\t<h2>R\u00e9sum\u00e9<\/h2>\n\t\t\t<\/div>\n\t\t\t\t<div class=\"about__inner\">\n\t\t\t\t\t\t\t\t\t\t<div class=\"about__content\">\n\t\t\t\t\tLa r\u00e9solution \u00ab\u00a0S\u2019approprier le DIH\u00a0: Feuille de route pour am\u00e9liorer la mise en \u0153uvre nationale du droit international humanitaire\u00a0\u00bb a \u00e9t\u00e9 adopt\u00e9e en d\u00e9cembre\u00a02019 lors de la XXXIII<sup>e<\/sup>\u00a0Conf\u00e9rence internationale de la Croix-Rouge et du Croissant-Rouge. Elle vise \u00e0 renouveler l\u2019engagement des pays et \u00e0 dynamiser les efforts en faveur de la mise en \u0153uvre du droit international humanitaire (DIH) et d\u2019une meilleure protection des personnes touch\u00e9es. Elle fixe une orientation g\u00e9n\u00e9rale \u00e0 suivre pour les membres de la Conf\u00e9rence internationale, et guide ces derniers en \u00e9non\u00e7ant des mesures pratiques essentielles pour renforcer la mise en \u0153uvre nationale du DIH. L\u2019accent est mis sur des dispositions concr\u00e8tes que les \u00c9tats et les Soci\u00e9t\u00e9s nationales peuvent prendre au niveau national, y compris en coop\u00e9ration avec d\u2019autres acteurs, pour relancer la mise en \u0153uvre du DIH \u00e0 tous les niveaux pertinents.<br><br>La r\u00e9solution vient rappeler avec force aux \u00c9tats et au Mouvement qu\u2019ils ne devraient pas consid\u00e9rer inefficaces les efforts d\u00e9ploy\u00e9s pour garantir le respect du DIH, et encore moins prendre leurs obligations \u00e0 la l\u00e9g\u00e8re. Elle met en \u00e9vidence des mesures concr\u00e8tes que les membres de la Conf\u00e9rence internationale peuvent prendre, en tenant compte de leurs obligations et mandats respectifs. Ces mesures reposent \u00e0 la fois sur des outils bien \u00e9tablis et d\u2019autres plus r\u00e9cents, et visent \u00e0 respecter et \u00e0 faire respecter le DIH en toutes circonstances. <a href=\"https:\/\/www.icrc.org\/en\/document\/bringing-ihl-home-guidelines-national-implementation-international-humanitarian-law\" target=\"_blank\" rel=\"noreferrer noopener\" aria-label=\"Un guide sur la mise en \u0153uvre de la r\u00e9solution  (opens in a new tab)\">Un guide sur la mise en \u0153uvre de la r\u00e9solution <\/a>est en outre \u00e0 la disposition des \u00c9tats et des Soci\u00e9t\u00e9s nationales. \t\t\t\t<\/div>\n\t\t\t\t\t<\/div>\n\t<\/div>\n<\/section>\n\n\n<section class=\"accordion-block\" style=\"background-color: #ffffff; color: #4D4D4D\" role=\"region\" aria-label=\"Pedges accordion block\">\n\t\t\t<div class=\"accordion-block__title\" role=\"heading\" aria-level=\"3\">\n\t\t\t<h3>R\u00e9solution adopt\u00e9e \u00e0 la XXXIIIe Conf\u00e9rence internationale<\/h3>\n\t\t<\/div>\n\t\t\t\t<ul class=\"accordion\">\n\t\t\t\t\t\t\t<li class=\"accordion__item\">\n\t\t\t\t\t<div class=\"accordion__title\" role=\"button\" aria-expanded=\"false\" aria-label=\"R\u00e9solution 1 - S\u2019approprier le DIH : Feuille de route pour am\u00e9liorer la mise en \u0153uvre nationale du droit international humanitaire\">\n\t\t\t\t\t\t<h3 class=\"accordion__title-h4\">R\u00e9solution 1 &#8211; S\u2019approprier le DIH : Feuille de route pour am\u00e9liorer la mise en \u0153uvre nationale du droit international humanitaire<\/h3>\n\t\t\t\t\t<\/div>\n\t\t\t\t\t<div class=\"accordion__content\" role=\"region\" hidden>\n\t\t\t\t\t\t<div class=\"redcross_list-block\"><ul><li><strong><a rel=\"noreferrer noopener\" aria-label=\"R\u00e9solution adopt\u00e9e (opens in a new tab)\" href=\"https:\/\/rcrcconference.org\/app\/uploads\/2019\/12\/190065-IC33-R1-Bringing-IHL-home_ADOPTED-clean_fr.pdf\" target=\"_blank\">R\u00e9solution adopt\u00e9e<\/a><a href=\"https:\/\/2019.rcrcconference.org\/\"> <\/a><\/strong>(33IC\/19\/R1)<\/li><li><a href=\"https:\/\/rcrcconference.org\/app\/uploads\/2019\/10\/33IC-background-document-IHL_fr.pdf\" target=\"_blank\" rel=\"noreferrer noopener\" aria-label=\"Document de r\u00e9f\u00e9rence (opens in a new tab)\"><strong>Document<\/strong> <strong>de r\u00e9f\u00e9rence<\/strong><\/a> (33IC\/19\/12.1)<\/li><\/ul> \t\t\t\t\t<\/div>\n\t\t\t\t<\/li>\n\t\t\t\t\t<\/ul>\n\t<\/section>\n\n\n\n<div style=\"height:100px\" aria-hidden=\"true\" class=\"wp-block-spacer\"><\/div>\n\n\n\t<div class=\"container\">\n\t\t<div class=\"btns-fl-block__title-over\">\n\t\t\t<h2>Rapport sur la r\u00e9solution<\/h2>\n\t\t<\/div>\n\t<\/div>\n<div class=\"btns-fl-block\" style=\"\">\n\t<div class=\"container\" style=\"background-color: #E5E5E5; color: #000000\">\n\t\t\t\t\t<div class=\"btns-fl-block__title\">\n\t\t\t\t<h3>Faites part ici des progr\u00e8s que vous avez accomplis et des \u00e9l\u00e9ments marquants de la mise en \u0153uvre !<\/h3>\n\t\t\t<\/div>\n\t\t\t\t<div class=\"btns-fl-block__inner\">\n\t\t\t\t\t\t\t\t\t\t\t\t\t\t<div class=\"btns-fl-block__button\">\n\t\t\t\t\t\t\t<span>Les organisateurs de la Conf\u00e9rence souhaitent que les \u00c9tats et les Soci\u00e9t\u00e9s nationales leur fassent part de ce qu\u2019ils ont entrepris pour honorer les engagements pris \u00e0 la XXXIII<sup>e<\/sup> Conf\u00e9rence internationale. Vous pouvez \u00e0 tout moment soumettre un rapport court et simple sur les progr\u00e8s r\u00e9alis\u00e9s, en remplissant le formulaire de rapport en ligne. Ces informations seront recueillies p\u00e9riodiquement pour \u00e9valuer le niveau de mise en \u0153uvre et mettre en \u00e9vidence les progr\u00e8s accomplis.   <br><br><em>(Pour acc\u00e9der au formulaire de rapport en ligne, les membres de la Conf\u00e9rence doivent se connecter au syst\u00e8me avec leur identifiant et leur mot de passe. Il n\u2019y a qu\u2019un compte d\u2019utilisateur par membre, et un seul repr\u00e9sentant de chaque Soci\u00e9t\u00e9 nationale ou \u00c9tat membre a acc\u00e8s au formulaire et peut soumettre un rapport. Toutefois, il est possible de soumettre plusieurs rapports. Pour plus de d\u00e9tails sur la marche \u00e0 suivre pour effectuer un rapport, se connecter et r\u00e9cup\u00e9rer des informations dans la base de donn\u00e9es, veuillez vous r\u00e9f\u00e9rer \u00e0 la section \u00ab\u00a0Guide pour la pr\u00e9sentation de rapports\u00a0\u00bb de la <a href=\"https:\/\/rcrcconference.org\/fr\/about-4\/reporting\/\">page web consacr\u00e9e au suivi des r\u00e9sultats de la XXXIII<sup>e<\/sup> Conf\u00e9rence internationale<\/a>. <a href=\"https:\/\/rcrcconference.org\/fr\/about-4\/reporting\/\">https:\/\/rcrcconference.org\/fr\/about-4\/reporting\/<\/a> ) <br><br><\/em><a rel=\"noreferrer noopener\" aria-label=\" (opens in a new tab)\" href=\"https:\/\/rcrcconference.org\/app\/uploads\/2021\/07\/survey-questions-FINAL-rev-FR-1.docx\" target=\"_blank\"><strong>Formulaire de rapport en format Word<\/strong><br><\/a>(<em>Pour information et usage interne uniquement.<\/em> <em>Veuillez noter que tous les rapports doivent \u00eatre soumis au moyen du formulaire de rapport en ligne.)<\/em> <em><br><\/em><br><strong>Effectuer un rapport sur cette r\u00e9solution<\/strong><\/span>\n\t\t\t\t\t\t\t<a href=\"https:\/\/rcrcconference.org\/fr\/about-4\/reporting\/resolution-reporting-form\/\"\n\t\t\t\t\t\t\t\t class=\"button primary\">Formulaire de rapport en ligne<\/a>\n\t\t\t\t\t\t<\/div>\n\t\t\t\t\t\t\t\t\t\t\t\t\t\t\t\t\t\t\t\t<div class=\"btns-fl-block__button\">\n\t\t\t\t\t\t\t<span><strong>Rechercher des rapports dans la base de donn\u00e9es<\/strong> <\/span>\n\t\t\t\t\t\t\t<a href=\"https:\/\/rcrcconference.org\/fr\/about-4\/pledges\/search\/?q=&#038;_acf_filters=true&#038;_acf_screen=acf_form&#038;_acf_post_id=new&#038;_acf_validation=1&#038;_acf_form=red-cross-filters&#038;_acf_nonce=6f4ea1360f&#038;_acf_changed=1&#038;acf%5Bps_field_pledge_type%5D=&#038;acf%5Bps_field_pledge_type%5D%5B%5D=resolution&#038;acf%5Bps_field_event%5D=&#038;acf%5Bps_field_submitter%5D=&#038;acf%5Bps_field_pledge_id%5D=&#038;acf%5Bps_field_institution%5D=&#038;acf%5Bps_field_country%5D=&#038;acf%5Bps_field_keywords%5D=&#038;acf%5Bps_field_language%5D=&#038;acf%5Bps_field_reference_resolution%5D=&#038;acf%5Bps_field_reference_resolution%5D=1932&#038;_acf_form=test\"\n\t\t\t\t\t\t\t\t class=\"button primary\">Consulter les rapports existants sur cette r\u00e9solution<\/a>\n\t\t\t\t\t\t<\/div>\n\t\t\t\t\t\t\t\t\t\t\t<\/div>\n\t<\/div>\n<\/div>\n\n\n\n<div style=\"height:100px\" aria-hidden=\"true\" class=\"wp-block-spacer\"><\/div>\n\n\n\t<div class=\"container\">\n\t\t<div class=\"accordion-block__title-over\">\n\t\t\t<h2>Documents connexes<\/h2>\n\t\t<\/div>\n\t<\/div>\n<section class=\"about\" style=\"background-color: #ffffff; color: #4D4D4D\">\n\t<div class=\"container\">\n\t\t<div class=\"about__inner\">\n\t\t\t\t\t\t\t<div class=\"about__title\">\n\t\t\t\t\t<h3><\/h3>\n\t\t\t\t<\/div>\n\t\t\t\t\t\t\t\t\t\t<ul class=\"accordion\">\n\t\t\t\t\t\t\t\t\t\t\t<li class=\"accordion__item\">\n\t\t\t\t\t\t\t<div class=\"accordion__title\">\n\t\t\t\t\t\t\t\t<h4>Documents<\/h4>\n\t\t\t\t\t\t\t<\/div>\n\t\t\t\t\t\t\t<div class=\"accordion__content\">\n\t\t\t\t\t\t\t\t<strong><div class=\"redcross_list-block\"><ul><li><a href=\"https:\/\/www.icrc.org\/en\/document\/bringing-ihl-home-guidelines-national-implementation-international-humanitarian-law\" target=\"_blank\" rel=\"noreferrer noopener\" aria-label=\" (opens in a new tab)\">\u00ab\u00a0Bringing IHL Home: Guidelines on the National Implementation of International Humanitarian Law\u00a0\u00bb<\/a> &#8211; en anglais uniquement<\/li><li>Listes de contr\u00f4le th\u00e9matique sur l\u2019int\u00e9gration des obligations internationales dans la l\u00e9gislation et les politiques nationales, s\u2019agissant notamment de l\u2019<a href=\"https:\/\/www.icrc.org\/fr\/document\/mise-en-oeuvre-nationale-des-dispositions-du-dih-interdisant-la-violence-sexuelle-liste-de\" target=\"_blank\" rel=\"noreferrer noopener\" aria-label=\" (opens in a new tab)\">interdiction de la violence sexuelle<\/a>, de la <a href=\"https:\/\/shop.icrc.org\/checklist-domestic-measures-to-implement-the-antipersonnel-mine-ban-convention-pdf-en\" target=\"_blank\" rel=\"noreferrer noopener\" aria-label=\" (opens in a new tab)\">Convention sur l&rsquo;interdiction des mines antipersonnel<\/a>, et de la <a href=\"https:\/\/shop.icrc.org\/checklist-domestic-measures-to-implement-the-convention-on-cluster-munitions-pdf-en\" target=\"_blank\" rel=\"noreferrer noopener\" aria-label=\" (opens in a new tab)\">Convention sur les armes \u00e0 sous-munitions<\/a>.<\/li><li><a href=\"https:\/\/www.icrc.org\/en\/publication\/national-committees-and-similar-entities-international-humanitarian-law-guidelines\" target=\"_blank\" rel=\"noreferrer noopener\" aria-label=\" (opens in a new tab)\"><em>Les commissions et autres instances nationales de droit international humanitaire\u00a0: lignes directrices pour une mission r\u00e9ussie \u2013 Vers le respect et la mise en \u0153uvre du droit international humanitaire<\/em><\/a><\/li><li><a href=\"https:\/\/www.icrc.org\/en\/publication\/enhancing-protection-armed-conflict-through-domestic-law-and-policy\" target=\"_blank\" rel=\"noreferrer noopener\" aria-label=\" (opens in a new tab)\"><em>Renforcer la protection dans les conflits arm\u00e9s \u00e0 travers le droit interne et les politiques nationales<\/em><\/a><\/li><li><a href=\"https:\/\/www.icrc.org\/en\/publication\/roots-restraint-war\" target=\"_blank\" rel=\"noreferrer noopener\" aria-label=\" (opens in a new tab)\"><em>The Roots of Restraint in War<\/em><\/a> (en anglais uniquement)<\/li><li>Pour ce qui est des trait\u00e9s, des publications et des documents li\u00e9s au DIH, veuillez consulter les <a href=\"https:\/\/ihl-databases.icrc.org\/applic\/ihl\/ihl-search.nsf\/content.xsp?key=intro&amp;lang=FR\">bases de d<\/a><a href=\"https:\/\/ihl-databases.icrc.org\/applic\/ihl\/ihl-search.nsf\/content.xsp?key=intro&amp;lang=FR\" target=\"_blank\" rel=\"noreferrer noopener\" aria-label=\"o (opens in a new tab)\">o<\/a><a href=\"https:\/\/ihl-databases.icrc.org\/applic\/ihl\/ihl-search.nsf\/content.xsp?key=intro&amp;lang=FR\">nn\u00e9es du CICR sur le DIH<\/a>.<\/li><li><a href=\"https:\/\/www.icrc.org\/fr\/document\/application-digitale-ihl\" target=\"_blank\" rel=\"noreferrer noopener\" aria-label=\" (opens in a new tab)\">Application digitale IHL<\/a> <\/li><\/ul><\/strong>\t\t\t\t\t\t\t<\/div>\n\t\t\t\t\t\t<\/li>\n\t\t\t\t\t\t\t\t\t<\/ul>\n\t\t\t\t\t<\/div>\n\t<\/div>\n<\/section>\n\n\n\n<div style=\"height:100px\" aria-hidden=\"true\" class=\"wp-block-spacer\"><\/div>\n\n\n\t<div class=\"container\">\n\t\t<div class=\"btns-fl-block__title-over\">\n\t\t\t<h2>Engagements connexes<\/h2>\n\t\t<\/div>\n\t<\/div>\n<div class=\"btns-fl-block\" style=\"background-image: url('https:\/\/rcrcconference.org\/app\/uploads\/2021\/06\/V-P-CER-E-00797-darken-scaled-e1623335488102.jpg'); color: #ffffff\">\n\t<div class=\"container\" style=\"\">\n\t\t\t\t\t<div class=\"btns-fl-block__title\">\n\t\t\t\t<h3>Effectuer un rapport sur les engagements relatifs \u00e0 cette r\u00e9solution<\/h3>\n\t\t\t<\/div>\n\t\t\t\t<div class=\"btns-fl-block__inner\">\n\t\t\t\t\t\t\t\t\t\t\t\t\t\t<div class=\"btns-fl-block__button\">\n\t\t\t\t\t\t\t<span>Veuillez cliquer ici pour voir tous les engagements relatifs \u00e0 cette r\u00e9solution qui ont \u00e9t\u00e9 pris \u00e0 la XXXIII<sup>e<\/sup> Conf\u00e9rence internationale. Pour effectuer un rapport sur un engagement soumis ou sign\u00e9, veuillez cliquer sur le titre de l\u2019engagement choisi.<br> <strong>\u00a0<\/strong><br><em>(Pour acc\u00e9der au formulaire de rapport en ligne, les membres de la Conf\u00e9rence doivent se connecter au syst\u00e8me avec leur identifiant et leur mot de passe. Il n\u2019y a qu\u2019un compte d\u2019utilisateur par membre, et un seul repr\u00e9sentant de chaque Soci\u00e9t\u00e9 nationale ou \u00c9tat membre a acc\u00e8s au formulaire et peut soumettre un rapport. Toutefois, il est possible de soumettre plusieurs rapports. Pour plus de d\u00e9tails sur la marche \u00e0 suivre pour effectuer un rapport, se connecter et r\u00e9cup\u00e9rer des informations dans la base de donn\u00e9es, veuillez vous r\u00e9f\u00e9rer \u00e0 la section \u00ab\u00a0Guide pour la pr\u00e9sentation de rapports\u00a0\u00bb de la page web consacr\u00e9e au suivi des r\u00e9sultats de la XXXIII<sup>e<\/sup> Conf\u00e9rence internationale  https:\/\/rcrcconference.org\/fr\/about-4\/reporting\/ ) <\/em><\/span>\n\t\t\t\t\t\t\t<a href=\"https:\/\/rcrcconference.org\/fr\/about-4\/pledges\/search\/?q=&#038;_acf_filters=true&#038;_acf_screen=acf_form&#038;_acf_post_id=new&#038;_acf_validation=1&#038;_acf_form=red-cross-filters&#038;_acf_nonce=6f4ea1360f&#038;_acf_changed=1&#038;acf%5Bps_field_pledge_type%5D=&#038;acf%5Bps_field_pledge_type%5D%5B%5D=specific&#038;acf%5Bps_field_pledge_type%5D%5B%5D=open&#038;acf%5Bps_field_event%5D=&#038;acf%5Bps_field_submitter%5D=&#038;acf%5Bps_field_pledge_id%5D=&#038;acf%5Bps_field_institution%5D=&#038;acf%5Bps_field_country%5D=&#038;acf%5Bps_field_keywords%5D=&#038;acf%5Bps_field_language%5D=&#038;acf%5Bps_field_reference_resolution%5D=&#038;acf%5Bps_field_reference_resolution%5D=1932&#038;_acf_form=test\"\n\t\t\t\t\t\t\t\t class=\"button primary\">Consulter les engagements connexes<\/a>\n\t\t\t\t\t\t<\/div>\n\t\t\t\t\t\t\t\t\t\t\t\t\t\t\t\t\t\t\t\t<div class=\"btns-fl-block__button\">\n\t\t\t\t\t\t\t<span>Rechercher des rapports sur les engagements connexes<\/span>\n\t\t\t\t\t\t\t<a href=\"https:\/\/rcrcconference.org\/fr\/about-4\/pledges\/search\/?q=&#038;_acf_filters=true&#038;_acf_screen=acf_form&#038;_acf_post_id=new&#038;_acf_validation=1&#038;_acf_form=red-cross-filters&#038;_acf_nonce=6f4ea1360f&#038;_acf_changed=1&#038;acf%5Bps_field_pledge_type%5D=&#038;acf%5Bps_field_pledge_type%5D%5B%5D=report&#038;acf%5Bps_field_event%5D=&#038;acf%5Bps_field_submitter%5D=&#038;acf%5Bps_field_pledge_id%5D=&#038;acf%5Bps_field_institution%5D=&#038;acf%5Bps_field_country%5D=&#038;acf%5Bps_field_keywords%5D=&#038;acf%5Bps_field_language%5D=&#038;acf%5Bps_field_reference_resolution%5D=&#038;acf%5Bps_field_reference_resolution%5D=1932&#038;_acf_form=test\"\n\t\t\t\t\t\t\t\t class=\"button primary\">Consulter les rapports existants<\/a>\n\t\t\t\t\t\t<\/div>\n\t\t\t\t\t\t\t\t\t\t\t<\/div>\n\t<\/div>\n<\/div>\n\n\n<section class=\"about\">\n\t<div class=\"container\">\n\t\t\t\t\t<div class=\"about__title-over\">\n\t\t\t\t<h2>En savoir davantage ?<\/h2>\n\t\t\t<\/div>\n\t\t\t\t<div class=\"about__inner\">\n\t\t\t\t\t\t\t\t\t\t<div class=\"about__content\">\n\t\t\t\t\t<img loading=\"lazy\" decoding=\"async\" width=\"150\" height=\"121\" class=\"wp-image-18210\" style=\"width: 150px;\" src=\"https:\/\/rcrcconference.org\/app\/uploads\/2021\/07\/ICRC-VIGNETTE.png\" alt=\"\">  <a href=\"https:\/\/www.icrc.org\/fr\/guerre-et-droit\">Page \u00ab\u00a0Guerre et droit\u00a0\u00bb du site internet du CICR<\/a> <br><br><a rel=\"noreferrer noopener\" aria-label=\"\ufffc  ICRC humanitarian law and policy blog (opens in a new tab)\" href=\"https:\/\/rcrcconference.org\/about\/33rd-international-conference\/international-humanitarian-law-protecting-people-in-armed-conflict\/\" target=\"_blank\"><img loading=\"lazy\" decoding=\"async\" width=\"150\" height=\"108\" class=\"wp-image-18214\" style=\"width: 150px;\" src=\"https:\/\/rcrcconference.org\/app\/uploads\/2021\/07\/Blog-ICRC-VIGNETTE.png\" alt=\"\"> <\/a> <a href=\"https:\/\/blogs.icrc.org\/law-and-policy\/fr\/\">Blog <em>Droit et politiques humanitaires<\/em> du CICR<\/a>\t\t\t\t<\/div>\n\t\t\t\t\t<\/div>\n\t<\/div>\n<\/section>\n\n\n\n<section class=\"single-link\" style=\"background-color: #E5E5E5\" aria-label=\"Single link section\">\n\t<div class=\"container\">\n\t\t<div class=\"single-link__inner\">\n\t\t\t\t\t\t\t<div class=\"single-link__title\">\n\t\t\t\t\t<h2>Des questions ?<\/h2>\n\t\t\t\t<\/div>\n\t\t\t\t\t\t\t<div class=\"single-link__descr\">\n\t\t\t\t\t<span>\u00c9crivez-nous pour obtenir de plus amples informations.<\/span>\n\t\t\t\t<\/div>\n\t\t\t\t\t\t\t<a href=\"https:\/\/rcrcconference.org\/fr\/contact\/\"\n\t\t\t\t   class=\"button primary\">Nous contacter<\/a>\n\t\t\t\t\t<\/div>\n\t<\/div>\n<\/section>\n","protected":false},"excerpt":{"rendered":"","protected":false},"author":408,"featured_media":18190,"parent":18010,"menu_order":0,"comment_status":"closed","ping_status":"closed","template":"","meta":{"_acf_changed":false,"footnotes":""},"class_list":["post-18387","page","type-page","status-publish","has-post-thumbnail","hentry"],"acf":[],"_links":{"self":[{"href":"https:\/\/rcrcconference.org\/fr\/wp-json\/wp\/v2\/pages\/18387"}],"collection":[{"href":"https:\/\/rcrcconference.org\/fr\/wp-json\/wp\/v2\/pages"}],"about":[{"href":"https:\/\/rcrcconference.org\/fr\/wp-json\/wp\/v2\/types\/page"}],"author":[{"embeddable":true,"href":"https:\/\/rcrcconference.org\/fr\/wp-json\/wp\/v2\/users\/408"}],"replies":[{"embeddable":true,"href":"https:\/\/rcrcconference.org\/fr\/wp-json\/wp\/v2\/comments?post=18387"}],"version-history":[{"count":12,"href":"https:\/\/rcrcconference.org\/fr\/wp-json\/wp\/v2\/pages\/18387\/revisions"}],"predecessor-version":[{"id":28302,"href":"https:\/\/rcrcconference.org\/fr\/wp-json\/wp\/v2\/pages\/18387\/revisions\/28302"}],"up":[{"embeddable":true,"href":"https:\/\/rcrcconference.org\/fr\/wp-json\/wp\/v2\/pages\/18010"}],"wp:featuredmedia":[{"embeddable":true,"href":"https:\/\/rcrcconference.org\/fr\/wp-json\/wp\/v2\/media\/18190"}],"wp:attachment":[{"href":"https:\/\/rcrcconference.org\/fr\/wp-json\/wp\/v2\/media?parent=18387"}],"curies":[{"name":"wp","href":"https:\/\/api.w.org\/{rel}","templated":true}]}}