{"id":18232,"date":"2021-06-11T11:46:22","date_gmt":"2021-06-11T11:46:22","guid":{"rendered":"https:\/\/rcrcconference.org\/about-4\/reporting\/resolution-reporting-form\/"},"modified":"2021-07-28T16:17:00","modified_gmt":"2021-07-28T16:17:00","slug":"resolution-reporting-form","status":"publish","type":"page","link":"https:\/\/rcrcconference.org\/fr\/about-4\/reporting\/resolution-reporting-form\/","title":{"rendered":"Formulaire de rapport sur la r\u00e9solution"},"content":{"rendered":"\n<section class=\"single-link\" style=\"background-color: #E5E5E5\" aria-label=\"Single link section\">\n\t<div class=\"container\">\n\t\t<div class=\"single-link__inner\">\n\t\t\t\t\t\t\t<div class=\"single-link__descr\">\n\t\t\t\t\t<span>Veuillez noter que les rapports seront rendus publics. Par cons\u00e9quent, si vous pr\u00e9voyez de partager des informations que vous jugez confidentielles et\/ou prot\u00e9g\u00e9es (comme des d\u00e9tails sur les partenariats, sur les discussions tenues entre les Soci\u00e9t\u00e9s nationales et les autorit\u00e9s publiques ou sur les strat\u00e9gies op\u00e9rationnelles), vous pouvez nous faire parvenir ces informations en priv\u00e9 en \u00e9crivant \u00e0 conferences@rcrcconference.org.<\/span>\n\t\t\t\t<\/div>\n\t\t\t\t\t<\/div>\n\t<\/div>\n<\/section>\n\n\n\n<div style=\"height:100px\" aria-hidden=\"true\" class=\"wp-block-spacer\"><\/div>\n\n\n\n<div class=\"container\">\n\t\t\tYou have to be logged in to see the form.\t<\/div>\n","protected":false},"excerpt":{"rendered":"","protected":false},"author":1,"featured_media":0,"parent":18010,"menu_order":0,"comment_status":"closed","ping_status":"closed","template":"page-submit-33rd-res-report.php","meta":{"_acf_changed":false,"footnotes":""},"class_list":["post-18232","page","type-page","status-publish","hentry"],"acf":[],"_links":{"self":[{"href":"https:\/\/rcrcconference.org\/fr\/wp-json\/wp\/v2\/pages\/18232"}],"collection":[{"href":"https:\/\/rcrcconference.org\/fr\/wp-json\/wp\/v2\/pages"}],"about":[{"href":"https:\/\/rcrcconference.org\/fr\/wp-json\/wp\/v2\/types\/page"}],"author":[{"embeddable":true,"href":"https:\/\/rcrcconference.org\/fr\/wp-json\/wp\/v2\/users\/1"}],"replies":[{"embeddable":true,"href":"https:\/\/rcrcconference.org\/fr\/wp-json\/wp\/v2\/comments?post=18232"}],"version-history":[{"count":4,"href":"https:\/\/rcrcconference.org\/fr\/wp-json\/wp\/v2\/pages\/18232\/revisions"}],"predecessor-version":[{"id":18720,"href":"https:\/\/rcrcconference.org\/fr\/wp-json\/wp\/v2\/pages\/18232\/revisions\/18720"}],"up":[{"embeddable":true,"href":"https:\/\/rcrcconference.org\/fr\/wp-json\/wp\/v2\/pages\/18010"}],"wp:attachment":[{"href":"https:\/\/rcrcconference.org\/fr\/wp-json\/wp\/v2\/media?parent=18232"}],"curies":[{"name":"wp","href":"https:\/\/api.w.org\/{rel}","templated":true}]}}