{"id":18019,"date":"2021-06-10T14:48:42","date_gmt":"2021-06-10T14:48:42","guid":{"rendered":"https:\/\/rcrcconference.org\/about-4\/reporting\/33ic-resolution-2-addressing-mental-health-and-psychosocial-needs\/"},"modified":"2024-08-25T19:42:28","modified_gmt":"2024-08-25T19:42:28","slug":"33ic-resolution-2-addressing-mental-health-and-psychosocial-needs","status":"publish","type":"page","link":"https:\/\/rcrcconference.org\/fr\/about-4\/reporting\/33ic-resolution-2-addressing-mental-health-and-psychosocial-needs\/","title":{"rendered":"R\u00e9solution 2 &#8211; R\u00e9pondre aux besoins en mati\u00e8re de sant\u00e9 mentale et de soutien psychosocial des personnes touch\u00e9es par les conflits arm\u00e9s, les catastrophes naturelles et d\u2019autres situations d\u2019urgence"},"content":{"rendered":"<section class=\"about\">\n\t<div class=\"container\">\n\t\t\t\t\t<div class=\"about__title-over\">\n\t\t\t\t<h2>R\u00e9sum\u00e9 <\/h2>\n\t\t\t<\/div>\n\t\t\t\t<div class=\"about__inner\">\n\t\t\t\t\t\t\t\t\t\t<div class=\"about__content\">\n\t\t\t\t\tLa r\u00e9solution vise \u00e0 r\u00e9pondre aux besoins en mati\u00e8re de sant\u00e9 mentale et de soutien psychosocial des personnes touch\u00e9es par les conflits arm\u00e9s, les catastrophes naturelles et d\u2019autres situations d\u2019urgence. Ces crises p\u00e8sent lourdement sur la sant\u00e9 mentale et le bien-\u00eatre psychosocial des personnes, des familles et des communaut\u00e9s touch\u00e9es. Elles augmentent fortement les besoins en mati\u00e8re de sant\u00e9 mentale et de soutien psychosocial, et les personnes pr\u00e9sentant des troubles mentaux pr\u00e9existants font souvent face \u00e0 des d\u00e9fis particuliers. L\u2019acc\u00e8s restreint \u00e0 des services de qualit\u00e9, des ressources humaines limit\u00e9es pour la sant\u00e9 mentale et le soutien psychosocial, l\u2019absence de protection des personnes touch\u00e9es, conjugu\u00e9s \u00e0 la stigmatisation g\u00e9n\u00e9ralis\u00e9e de la sant\u00e9 mentale, sont autant d\u2019\u00e9l\u00e9ments qui contribuent \u00e0 creuser le foss\u00e9 entre les besoins et la prise en charge. <br> \u00a0<br>La XXXIII<sup>e<\/sup> Conf\u00e9rence internationale a adopt\u00e9 la r\u00e9solution \u00ab\u00a0R\u00e9pondre aux besoins en mati\u00e8re de sant\u00e9 mentale et de soutien psychosocial des personnes touch\u00e9es par les conflits arm\u00e9s, les catastrophes naturelles et d\u2019autres situations d\u2019urgence\u00a0\u00bb, qui appelle \u00e0 prendre les mesures suivantes\u00a0: <br><br><div class=\"redcross_list-block\"><ul><li>Garantir un acc\u00e8s rapide aux services de sant\u00e9 mentale et de soutien psychosocial et renforcer l\u2019action aux niveaux local et des communaut\u00e9s. <\/li><li>Assurer des soins et un soutien complets et int\u00e9gr\u00e9s aux personnes ayant des besoins en mati\u00e8re de sant\u00e9 mentale et de soutien psychosocial.<\/li><li>Pr\u00e9venir les atteintes \u00e0 la sant\u00e9 mentale en assurant la protection et pr\u00e9servant la dignit\u00e9 des personnes touch\u00e9es par les conflits arm\u00e9s, les catastrophes naturelles et les situations d\u2019urgence.<\/li><li>Renforcer les capacit\u00e9s des ressources humaines de la sant\u00e9 mentale et du soutien psychosocial.<\/li><li>Prot\u00e9ger la sant\u00e9 mentale et le bien-\u00eatre psychosocial des personnes qui r\u00e9pondent aux besoins humanitaires. <\/li><\/ul>\t\t\t\t<\/div>\n\t\t\t\t\t<\/div>\n\t<\/div>\n<\/section>\n\n\n<section class=\"accordion-block\" style=\"background-color: #ffffff; color: #4D4D4D\" role=\"region\" aria-label=\"Pedges accordion block\">\n\t\t\t<div class=\"accordion-block__title\" role=\"heading\" aria-level=\"3\">\n\t\t\t<h3>R\u00e9solution adopt\u00e9e \u00e0 la XXXIIIe Conf\u00e9rence internationale<\/h3>\n\t\t<\/div>\n\t\t\t\t<ul class=\"accordion\">\n\t\t\t\t\t\t\t<li class=\"accordion__item\">\n\t\t\t\t\t<div class=\"accordion__title\" role=\"button\" aria-expanded=\"false\" aria-label=\"R\u00e9solution 2 - R\u00e9pondre aux besoins en mati\u00e8re de sant\u00e9 mentale et de soutien psychosocial des personnes touch\u00e9es par les conflits arm\u00e9s, les catastrophes naturelles et d\u2019autres situations d\u2019urgence\">\n\t\t\t\t\t\t<h3 class=\"accordion__title-h4\">R\u00e9solution 2 &#8211; R\u00e9pondre aux besoins en mati\u00e8re de sant\u00e9 mentale et de soutien psychosocial des personnes touch\u00e9es par les conflits arm\u00e9s, les catastrophes naturelles et d\u2019autres situations d\u2019urgence<\/h3>\n\t\t\t\t\t<\/div>\n\t\t\t\t\t<div class=\"accordion__content\" role=\"region\" hidden>\n\t\t\t\t\t\t<div class=\"redcross_list-block\"><ul><li><a rel=\"noreferrer noopener\" aria-label=\"R\u00e9solution adopt\u00e9e (opens in a new tab)\" href=\"https:\/\/rcrcconference.org\/app\/uploads\/2019\/12\/33IC-R2-MHPSS-_CLEAN_ADOPTED_FR.pdf\" target=\"_blank\"><strong>R\u00e9solution adopt\u00e9e<\/strong><\/a> (33IC\/19\/R2)<\/li><li><a rel=\"noreferrer noopener\" aria-label=\"Document de r\u00e9f\u00e9rence (opens in a new tab)\" href=\"https:\/\/rcrcconference.org\/app\/uploads\/2021\/07\/33IC_12.2-MHPSS-background-doc-final-FR.pdf\" target=\"_blank\"><strong>Document de r\u00e9f\u00e9rence<\/strong><\/a> (33IC\/19\/12.2)<\/li><\/ul> \t\t\t\t\t<\/div>\n\t\t\t\t<\/li>\n\t\t\t\t\t<\/ul>\n\t<\/section>\n\n\n\n<div style=\"height:100px\" aria-hidden=\"true\" class=\"wp-block-spacer\"><\/div>\n\n\n\n<figure class=\"wp-block-embed is-type-video is-provider-youtube wp-block-embed-youtube wp-embed-aspect-16-9 wp-has-aspect-ratio\"><div class=\"wp-block-embed__wrapper\">\n<iframe loading=\"lazy\" title=\"La r\u00e9solution\" width=\"500\" height=\"281\" src=\"https:\/\/www.youtube.com\/embed\/h0oB3vR_CiY?start=2&#038;feature=oembed\" frameborder=\"0\" allow=\"accelerometer; autoplay; clipboard-write; encrypted-media; gyroscope; picture-in-picture; web-share\" referrerpolicy=\"strict-origin-when-cross-origin\" allowfullscreen><\/iframe>\n<\/div><\/figure>\n\n\n\t<div class=\"container\">\n\t\t<div class=\"btns-fl-block__title-over\">\n\t\t\t<h2>Rapport sur la r\u00e9solution<\/h2>\n\t\t<\/div>\n\t<\/div>\n<div class=\"btns-fl-block\" style=\"\">\n\t<div class=\"container\" style=\"background-color: #E5E5E5; color: #000000\">\n\t\t\t\t\t<div class=\"btns-fl-block__title\">\n\t\t\t\t<h3>Faites part ici des progr\u00e8s que vous avez accomplis et des \u00e9l\u00e9ments marquants de la mise en \u0153uvre !<\/h3>\n\t\t\t<\/div>\n\t\t\t\t<div class=\"btns-fl-block__inner\">\n\t\t\t\t\t\t\t\t\t\t\t\t\t\t<div class=\"btns-fl-block__button\">\n\t\t\t\t\t\t\t<span>Les organisateurs de la Conf\u00e9rence souhaitent que les \u00c9tats et les Soci\u00e9t\u00e9s nationales leur fassent part de ce qu\u2019ils ont entrepris pour honorer les engagements pris \u00e0 la XXXIII<sup>e<\/sup> Conf\u00e9rence internationale. Vous pouvez \u00e0 tout moment soumettre un rapport court et simple sur les progr\u00e8s r\u00e9alis\u00e9s, en remplissant le formulaire de rapport en ligne. Ces informations seront recueillies p\u00e9riodiquement pour \u00e9valuer le niveau de mise en \u0153uvre et mettre en \u00e9vidence les progr\u00e8s accomplis.<br> <strong>\u00a0<\/strong><br><em>(Pour acc\u00e9der au formulaire de rapport en ligne, les membres de la Conf\u00e9rence doivent se connecter au syst\u00e8me avec leur identifiant et leur mot de passe. Il n\u2019y a qu\u2019un compte d\u2019utilisateur par membre, et un seul repr\u00e9sentant de chaque Soci\u00e9t\u00e9 nationale ou \u00c9tat membre a acc\u00e8s au formulaire et peut soumettre un rapport. Toutefois, il est possible de soumettre plusieurs rapports. Pour plus de d\u00e9tails sur la marche \u00e0 suivre pour effectuer un rapport, se connecter et r\u00e9cup\u00e9rer des informations dans la base de donn\u00e9es, veuillez vous r\u00e9f\u00e9rer \u00e0 la section \u00ab\u00a0Guide pour la pr\u00e9sentation de rapports\u00a0\u00bb de la <a href=\"https:\/\/rcrcconference.org\/fr\/about-4\/reporting\/\" target=\"_blank\" rel=\"noreferrer noopener\" aria-label=\" (opens in a new tab)\">page web consacr\u00e9e au suivi des r\u00e9sultats de la XXXIII<sup>e<\/sup> Conf\u00e9rence internationale<\/a>. <a href=\"https:\/\/rcrcconference.org\/fr\/about-4\/reporting\/\" target=\"_blank\" rel=\"noreferrer noopener\" aria-label=\" (opens in a new tab)\">https:\/\/rcrcconference.org\/fr\/about-4\/reporting\/<\/a> ) <br><\/em><br><a rel=\"noreferrer noopener\" aria-label=\" (opens in a new tab)\" href=\"https:\/\/rcrcconference.org\/app\/uploads\/2021\/07\/survey-questions-FINAL-rev-FR-1.docx\" target=\"_blank\"><strong>Formulaire de rapport en format Word<\/strong><br><\/a>(<em>Pour information et usage interne uniquement.<\/em> <em>Veuillez noter que tous les rapports doivent \u00eatre soumis au moyen du formulaire de rapport en ligne.)<\/em><br> <strong><em>\u00a0<\/em><\/strong><br><strong>Effectuer un rapport sur cette r\u00e9solution<\/strong> <\/span>\n\t\t\t\t\t\t\t<a href=\"https:\/\/rcrcconference.org\/fr\/about-4\/reporting\/resolution-reporting-form\/\"\n\t\t\t\t\t\t\t\t class=\"button primary\">Formulaire de rapport en ligne<\/a>\n\t\t\t\t\t\t<\/div>\n\t\t\t\t\t\t\t\t\t\t\t\t\t\t\t\t\t\t\t\t<div class=\"btns-fl-block__button\">\n\t\t\t\t\t\t\t<span><strong>Rechercher des rapports dans la base de donn\u00e9es<\/strong><\/span>\n\t\t\t\t\t\t\t<a href=\"https:\/\/rcrcconference.org\/fr\/about-4\/pledges\/search\/?q=&#038;_acf_filters=true&#038;_acf_screen=acf_form&#038;_acf_post_id=new&#038;_acf_validation=1&#038;_acf_form=red-cross-filters&#038;_acf_nonce=6f4ea1360f&#038;_acf_changed=1&#038;acf%5Bps_field_pledge_type%5D=&#038;acf%5Bps_field_pledge_type%5D%5B%5D=resolution&#038;acf%5Bps_field_event%5D=&#038;acf%5Bps_field_submitter%5D=&#038;acf%5Bps_field_pledge_id%5D=&#038;acf%5Bps_field_institution%5D=&#038;acf%5Bps_field_country%5D=&#038;acf%5Bps_field_keywords%5D=&#038;acf%5Bps_field_language%5D=&#038;acf%5Bps_field_reference_resolution%5D=&#038;acf%5Bps_field_reference_resolution%5D=1933&#038;_acf_form=test\"\n\t\t\t\t\t\t\t\t class=\"button primary\">Consulter les rapports existants sur cette r\u00e9solution<\/a>\n\t\t\t\t\t\t<\/div>\n\t\t\t\t\t\t\t\t\t\t\t<\/div>\n\t<\/div>\n<\/div>\n\n\n\n<div style=\"height:100px\" aria-hidden=\"true\" class=\"wp-block-spacer\"><\/div>\n\n\n\t<div class=\"container\">\n\t\t<div class=\"accordion-block__title-over\">\n\t\t\t<h2>Documents connexes<\/h2>\n\t\t<\/div>\n\t<\/div>\n<section class=\"about\" style=\"background-color: #ffffff; color: #4D4D4D\">\n\t<div class=\"container\">\n\t\t<div class=\"about__inner\">\n\t\t\t\t\t\t\t<div class=\"about__title\">\n\t\t\t\t\t<h3><\/h3>\n\t\t\t\t<\/div>\n\t\t\t\t\t\t\t\t\t\t<ul class=\"accordion\">\n\t\t\t\t\t\t\t\t\t\t\t<li class=\"accordion__item\">\n\t\t\t\t\t\t\t<div class=\"accordion__title\">\n\t\t\t\t\t\t\t\t<h4>Documents<\/h4>\n\t\t\t\t\t\t\t<\/div>\n\t\t\t\t\t\t\t<div class=\"accordion__content\">\n\t\t\t\t\t\t\t\t<strong><div class=\"redcross_list-block\"><ul><li><a href=\"https:\/\/pscentre.org\/wp-content\/uploads\/2021\/02\/Movement_roadmap_french_spread-FINAL.pdf\" target=\"_blank\" rel=\"noreferrer noopener\" aria-label=\" (opens in a new tab)\">Les engagements du Mouvement international de la Croix-Rouge et du Croissant-Rouge pour r\u00e9pondre aux besoins en sant\u00e9 mentale et en soutien psychosocial \u2013 Une feuille de route pour la mise en \u0153uvre des engagements entre 2020 et 2023<\/a><\/li><li><a href=\"https:\/\/rcrcconference.org\/fr\/blog-stories-fr\/mental-health-and-psychosocial-consequences-of-emergencies-a-call-for-global-action\/\" target=\"_blank\" rel=\"noreferrer noopener\" aria-label=\" (opens in a new tab)\">Blog des r\u00e9unions statutaires\u00a0: Les cons\u00e9quences des situations d\u2019urgence sur les besoins en mati\u00e8re de sant\u00e9 mentale et de soutien psychosocial \u2013 Appel \u00e0 une action mondiale<\/a><\/li><li><a href=\"https:\/\/rcrcconference.org\/app\/uploads\/2020\/05\/33IC-Commission-II-Shifting-Vulnerabilities-report_FINAL-FR.pdf\">Rapport de la s\u00e9ance th\u00e9matique sur la sant\u00e9 mentale et le soutien psychosocial \u00e0 la XXXIII<sup>e<\/sup> Conf\u00e9rence internationale<\/a> (inclus dans le rapport de la Commission II \u2013 \u00c9volution des vuln\u00e9rabilit\u00e9s)<\/li><li>Politique du Mouvement international de la Croix-Rouge et du Croissant-Rouge relative aux r\u00e9ponses \u00e0 apporter aux besoins en mati\u00e8re de sant\u00e9 mentale et de besoins psychosociaux (<em>adopt\u00e9e au Conseil des D\u00e9l\u00e9gu\u00e9s du Mouvement de la Croix-Rouge et du Croissant-Rouge de 2019<\/em>) <a href=\"https:\/\/pscentre.org\/wp-content\/uploads\/2021\/02\/Movement_MHPSS_Policy_Fr_2_Single_FINAL.pdf\" target=\"_blank\" rel=\"noreferrer noopener\" aria-label=\" (opens in a new tab)\">Publication<\/a> \/ <a rel=\"noreferrer noopener\" aria-label=\"vid\u00e9o (opens in a new tab)\" href=\"https:\/\/www.youtube.com\/watch?v=3jrgzGlt0yE&amp;t=3s\" target=\"_blank\">vid\u00e9o<\/a><\/li><li>Vid\u00e9o\u00a0: <a href=\"https:\/\/pscentre.org\/movement-resource-room-mhpss-policy-and-resolution\/\" target=\"_blank\" rel=\"noreferrer noopener\" aria-label=\" (opens in a new tab)\">Le cadre du Mouvement international de la Croix-Rouge et du Croissant-Rouge pour la sant\u00e9 mentale et le soutien psychosocial<\/a> <\/li><li><a href=\"https:\/\/pscentre.org\/?resource=the-greatest-need-was-to-be-listened-to-the-importance-of-mental-health-and-psychosocial-support-during-covid-19\" target=\"_blank\" rel=\"noreferrer noopener\" aria-label=\" (opens in a new tab)\">The greatest need was to be listened to\u00a0\u00bb: The importance of mental health and psychosocial support during COVID-19<\/a>. (en anglais uniquement)<\/li><li>Pour voir tous les documents et supports de diffusion relatifs aux engagements pris \u00e0 la XXXIII<sup>e<\/sup> Conf\u00e9rence internationale, veuillez consulter la <a href=\"https:\/\/pscentre.org\/movement-resource-room-mhpss-policy-and-resolution\/\" target=\"_blank\" rel=\"noreferrer noopener\" aria-label=\" (opens in a new tab)\">page de documentation du Centre de r\u00e9f\u00e9rence de la F\u00e9d\u00e9ration internationale pour le soutien psychosocial<\/a>. <\/li><li>Pour voir d\u2019autres documents \/ vid\u00e9os \/ publications sur la sant\u00e9 mentale et le soutien psychosocial, veuillez consulter la <a href=\"https:\/\/pscentre.org\/resource-library\/?wpv-language%5B%5D=english&amp;selected=theme\" target=\"_blank\" rel=\"noreferrer noopener\" aria-label=\" (opens in a new tab)\">biblioth\u00e8que du Centre de r\u00e9f\u00e9rence de la F\u00e9d\u00e9ration internationale pour le soutien psychosocial<\/a>.<\/li><\/ul><\/strong>\t\t\t\t\t\t\t<\/div>\n\t\t\t\t\t\t<\/li>\n\t\t\t\t\t\t\t\t\t<\/ul>\n\t\t\t\t\t<\/div>\n\t<\/div>\n<\/section>\n\n\n\t<div class=\"container\">\n\t\t<div class=\"btns-fl-block__title-over\">\n\t\t\t<h2>Engagements connexes<\/h2>\n\t\t<\/div>\n\t<\/div>\n<div class=\"btns-fl-block\" style=\"background-image: url('https:\/\/rcrcconference.org\/app\/uploads\/2021\/06\/V-P-CER-E-00797-darken-scaled-e1623335488102.jpg'); color: #ffffff\">\n\t<div class=\"container\" style=\"\">\n\t\t\t\t\t<div class=\"btns-fl-block__title\">\n\t\t\t\t<h3>Effectuer un rapport sur les engagements relatifs \u00e0 cette r\u00e9solution<\/h3>\n\t\t\t<\/div>\n\t\t\t\t<div class=\"btns-fl-block__inner\">\n\t\t\t\t\t\t\t\t\t\t\t\t\t\t<div class=\"btns-fl-block__button\">\n\t\t\t\t\t\t\t<span>Veuillez cliquer ici pour voir tous les engagements relatifs \u00e0 cette r\u00e9solution qui ont \u00e9t\u00e9 pris \u00e0 la XXXIII<sup>e<\/sup> Conf\u00e9rence internationale. Pour effectuer un rapport sur un engagement soumis ou sign\u00e9, veuillez cliquer sur le titre de l\u2019engagement choisi.<br> <strong>\u00a0<\/strong><br><em>(Pour acc\u00e9der au formulaire de rapport en ligne, les membres de la Conf\u00e9rence doivent se connecter au syst\u00e8me avec leur identifiant et leur mot de passe. Il n\u2019y a qu\u2019un compte d\u2019utilisateur par membre, et un seul repr\u00e9sentant de chaque Soci\u00e9t\u00e9 nationale ou \u00c9tat membre a acc\u00e8s au formulaire et peut soumettre un rapport. Toutefois, il est possible de soumettre plusieurs rapports. Pour plus de d\u00e9tails sur la marche \u00e0 suivre pour effectuer un rapport, se connecter et r\u00e9cup\u00e9rer des informations dans la base de donn\u00e9es, veuillez vous r\u00e9f\u00e9rer \u00e0 la section \u00ab\u00a0Guide pour la pr\u00e9sentation de rapports\u00a0\u00bb de la page web consacr\u00e9e au suivi des r\u00e9sultats de la XXXIII<sup>e<\/sup> Conf\u00e9rence internationale. https:\/\/rcrcconference.org\/fr\/about-4\/reporting\/ ) <\/em><\/span>\n\t\t\t\t\t\t\t<a href=\"https:\/\/rcrcconference.org\/fr\/about-4\/pledges\/search\/?q=&#038;_acf_filters=true&#038;_acf_screen=acf_form&#038;_acf_post_id=new&#038;_acf_validation=1&#038;_acf_form=red-cross-filters&#038;_acf_nonce=6f4ea1360f&#038;_acf_changed=1&#038;acf%5Bps_field_pledge_type%5D=&#038;acf%5Bps_field_pledge_type%5D%5B%5D=specific&#038;acf%5Bps_field_pledge_type%5D%5B%5D=open&#038;acf%5Bps_field_event%5D=&#038;acf%5Bps_field_submitter%5D=&#038;acf%5Bps_field_pledge_id%5D=&#038;acf%5Bps_field_institution%5D=&#038;acf%5Bps_field_country%5D=&#038;acf%5Bps_field_keywords%5D=&#038;acf%5Bps_field_language%5D=&#038;acf%5Bps_field_reference_resolution%5D=&#038;acf%5Bps_field_reference_resolution%5D=1933&#038;_acf_form=test\"\n\t\t\t\t\t\t\t\t class=\"button primary\">Consulter les engagements connexes<\/a>\n\t\t\t\t\t\t<\/div>\n\t\t\t\t\t\t\t\t\t\t\t\t\t\t\t\t\t\t\t\t<div class=\"btns-fl-block__button\">\n\t\t\t\t\t\t\t<span>Rechercher des rapports sur les engagements connexes<\/span>\n\t\t\t\t\t\t\t<a href=\"https:\/\/rcrcconference.org\/fr\/about-4\/pledges\/search\/?q=&#038;_acf_filters=true&#038;_acf_screen=acf_form&#038;_acf_post_id=new&#038;_acf_validation=1&#038;_acf_form=red-cross-filters&#038;_acf_nonce=6f4ea1360f&#038;_acf_changed=1&#038;acf%5Bps_field_pledge_type%5D=&#038;acf%5Bps_field_pledge_type%5D%5B%5D=report&#038;acf%5Bps_field_event%5D=&#038;acf%5Bps_field_submitter%5D=&#038;acf%5Bps_field_pledge_id%5D=&#038;acf%5Bps_field_institution%5D=&#038;acf%5Bps_field_country%5D=&#038;acf%5Bps_field_keywords%5D=&#038;acf%5Bps_field_language%5D=&#038;acf%5Bps_field_reference_resolution%5D=&#038;acf%5Bps_field_reference_resolution%5D=1933&#038;_acf_form=test\"\n\t\t\t\t\t\t\t\t class=\"button primary\">Consulter les rapports existants sur cette r\u00e9solution<\/a>\n\t\t\t\t\t\t<\/div>\n\t\t\t\t\t\t\t\t\t\t\t<\/div>\n\t<\/div>\n<\/div>\n\n\n<section class=\"about\">\n\t<div class=\"container\">\n\t\t\t\t\t<div class=\"about__title-over\">\n\t\t\t\t<h2>En savoir davantage ?<\/h2>\n\t\t\t<\/div>\n\t\t\t\t<div class=\"about__inner\">\n\t\t\t\t\t\t\t\t\t\t<div class=\"about__content\">\n\t\t\t\t\t<img loading=\"lazy\" decoding=\"async\" width=\"150\" height=\"112\" class=\"wp-image-18027\" style=\"width: 150px;\" src=\"https:\/\/rcrcconference.org\/app\/uploads\/2021\/06\/PS-center.png\" alt=\"\">    <a href=\"https:\/\/pscentre.org\/\" target=\"_blank\" rel=\"noreferrer noopener\" aria-label=\" (opens in a new tab)\">Centre de r\u00e9f\u00e9rence de la F\u00e9d\u00e9ration internationale pour le soutien psychosocial<\/a> <br><br><img loading=\"lazy\" decoding=\"async\" width=\"150\" height=\"110\" class=\"wp-image-18031\" style=\"width: 150px;\" src=\"https:\/\/rcrcconference.org\/app\/uploads\/2021\/06\/IFRC-MPHSS-page.png\" alt=\"\">    <a href=\"https:\/\/media.ifrc.org\/ifrc\/what-we-do\/health\/mental-health-psychosocial-support\/?preview_id=66164\" target=\"_blank\" rel=\"noreferrer noopener\" aria-label=\" (opens in a new tab)\">Page web de la F\u00e9d\u00e9ration internationale sur la sant\u00e9 mentale et le soutien psychosocial<\/a> <br><br><img loading=\"lazy\" decoding=\"async\" width=\"150\" height=\"110\" class=\"wp-image-18035\" style=\"width: 150px;\" src=\"https:\/\/rcrcconference.org\/app\/uploads\/2021\/06\/ICRC-health-page.png\" alt=\"\">     <a href=\"https:\/\/www.icrc.org\/fr\/nos-activites\/sante\" target=\"_blank\" rel=\"noreferrer noopener\" aria-label=\" (opens in a new tab)\">Page web du CICR sur la sant\u00e9<\/a> \u00a0 \t\t\t\t<\/div>\n\t\t\t\t\t<\/div>\n\t<\/div>\n<\/section>\n\n\n\n<section class=\"single-link\" style=\"background-color: #E5E5E5\" aria-label=\"Single link section\">\n\t<div class=\"container\">\n\t\t<div class=\"single-link__inner\">\n\t\t\t\t\t\t\t<div class=\"single-link__title\">\n\t\t\t\t\t<h2>Des questions ?<\/h2>\n\t\t\t\t<\/div>\n\t\t\t\t\t\t\t<div class=\"single-link__descr\">\n\t\t\t\t\t<span>\u00c9crivez-nous pour obtenir de plus amples informations.<\/span>\n\t\t\t\t<\/div>\n\t\t\t\t\t\t\t<a href=\"https:\/\/rcrcconference.org\/fr\/contact\/\"\n\t\t\t\t   class=\"button primary\">Nous contacter<\/a>\n\t\t\t\t\t<\/div>\n\t<\/div>\n<\/section>\n","protected":false},"excerpt":{"rendered":"","protected":false},"author":408,"featured_media":18179,"parent":18010,"menu_order":0,"comment_status":"closed","ping_status":"closed","template":"","meta":{"_acf_changed":false,"footnotes":""},"class_list":["post-18019","page","type-page","status-publish","has-post-thumbnail","hentry"],"acf":[],"_links":{"self":[{"href":"https:\/\/rcrcconference.org\/fr\/wp-json\/wp\/v2\/pages\/18019"}],"collection":[{"href":"https:\/\/rcrcconference.org\/fr\/wp-json\/wp\/v2\/pages"}],"about":[{"href":"https:\/\/rcrcconference.org\/fr\/wp-json\/wp\/v2\/types\/page"}],"author":[{"embeddable":true,"href":"https:\/\/rcrcconference.org\/fr\/wp-json\/wp\/v2\/users\/408"}],"replies":[{"embeddable":true,"href":"https:\/\/rcrcconference.org\/fr\/wp-json\/wp\/v2\/comments?post=18019"}],"version-history":[{"count":13,"href":"https:\/\/rcrcconference.org\/fr\/wp-json\/wp\/v2\/pages\/18019\/revisions"}],"predecessor-version":[{"id":28311,"href":"https:\/\/rcrcconference.org\/fr\/wp-json\/wp\/v2\/pages\/18019\/revisions\/28311"}],"up":[{"embeddable":true,"href":"https:\/\/rcrcconference.org\/fr\/wp-json\/wp\/v2\/pages\/18010"}],"wp:featuredmedia":[{"embeddable":true,"href":"https:\/\/rcrcconference.org\/fr\/wp-json\/wp\/v2\/media\/18179"}],"wp:attachment":[{"href":"https:\/\/rcrcconference.org\/fr\/wp-json\/wp\/v2\/media?parent=18019"}],"curies":[{"name":"wp","href":"https:\/\/api.w.org\/{rel}","templated":true}]}}