{"id":17413,"date":"2021-04-13T07:50:40","date_gmt":"2021-04-13T07:50:40","guid":{"rendered":"https:\/\/rcrcconference.org\/?page_id=17413"},"modified":"2024-09-24T15:37:23","modified_gmt":"2024-09-24T15:37:23","slug":"23e-session-assemblee-generale-ficr","status":"publish","type":"page","link":"https:\/\/rcrcconference.org\/fr\/22nd-ifrc-general-assembly\/23e-session-assemblee-generale-ficr\/","title":{"rendered":"L\u2019Assembl\u00e9e g\u00e9n\u00e9rale de la F\u00e9d\u00e9ration internationale de la Croix-Rouge et du Croissant-Rouge"},"content":{"rendered":"\n<section class=\"wp-block-red-cross-block-red-cross-text-block about\"><div class=\"container\"><div class=\"about__inner\"><div class=\"about__title\"><h3><\/h3><\/div><div class=\"about__content\">Les Statuts de la F\u00e9d\u00e9ration internationale des Soci\u00e9t\u00e9s de la Croix-Rouge et du Croissant-Rouge (F\u00e9d\u00e9ration internationale) \u00e9tablissent l\u2019Assembl\u00e9e g\u00e9n\u00e9rale en tant qu\u2019organe supr\u00eame de gouvernance de l\u2019organisation, qui en arr\u00eate la vision et la strat\u00e9gie, et d\u00e9finit les politiques g\u00e9n\u00e9rales qui r\u00e9gissent la F\u00e9d\u00e9ration internationale et les Soci\u00e9t\u00e9s nationales de la Croix-Rouge et du Croissant-Rouge (Soci\u00e9t\u00e9s nationales). L\u2019Assembl\u00e9e g\u00e9n\u00e9rale, \u00e0 laquelle participent des d\u00e9l\u00e9gu\u00e9s issus des 191 Soci\u00e9t\u00e9s nationales, se r\u00e9unit tous les deux ans pour approuver les \u00e9l\u00e9ments de politique g\u00e9n\u00e9rale de la F\u00e9d\u00e9ration internationale.<\/div><\/div><\/div><\/section>\n\n\n<section class=\"accordion-block\" style=\"background-color: #ffffff; color: #4D4D4D\" role=\"region\" aria-label=\"Pedges accordion block\">\n\t\t\t<div class=\"accordion-block__title\" role=\"heading\" aria-level=\"3\">\n\t\t\t<h3>Qu\u2019est-ce que l\u2019Assembl\u00e9e g\u00e9n\u00e9rale de la F\u00e9d\u00e9ration internationale ?<\/h3>\n\t\t<\/div>\n\t\t\t\t<ul class=\"accordion\">\n\t\t\t\t\t\t\t<li class=\"accordion__item\">\n\t\t\t\t\t<div class=\"accordion__title\" role=\"button\" aria-expanded=\"false\" aria-label=\"Quel est l\u2019objet et l\u2019ordre du jour provisoire de la 24e session de l\u2019Assembl\u00e9e g\u00e9n\u00e9rale ?\">\n\t\t\t\t\t\t<h3 class=\"accordion__title-h4\">Quel est l\u2019objet et l\u2019ordre du jour provisoire de la 24e session de l\u2019Assembl\u00e9e g\u00e9n\u00e9rale ?<\/h3>\n\t\t\t\t\t<\/div>\n\t\t\t\t\t<div class=\"accordion__content\" role=\"region\" hidden>\n\t\t\t\t\t\tLa 24<sup>e<\/sup> session de l\u2019Assembl\u00e9e g\u00e9n\u00e9rale rassemblera les 191 Soci\u00e9t\u00e9s nationales de la Croix-Rouge et du Croissant-Rouge afin d\u2019aborder et de d\u00e9finir les priorit\u00e9s de la F\u00e9d\u00e9ration internationale pour les deux prochaines ann\u00e9es. Les Soci\u00e9t\u00e9s nationales approuveront les politiques et les outils visant \u00e0 guider leurs activit\u00e9s humanitaires quotidiennes. Des \u00e9l\u00e9ments cl\u00e9s tels que la confiance et l\u2019int\u00e9grit\u00e9, la localisation, le volontariat et l\u2019investissement dans les Soci\u00e9t\u00e9s nationales guident la pr\u00e9paration des r\u00e9unions statutaires, qui seront l\u2019occasion de discuter de la fa\u00e7on dont nous pouvons conserver notre pertinence en tant qu\u2019organisation. \t\t\t\t\t<\/div>\n\t\t\t\t<\/li>\n\t\t\t\t\t\t\t<li class=\"accordion__item\">\n\t\t\t\t\t<div class=\"accordion__title\" role=\"button\" aria-expanded=\"false\" aria-label=\"Qui participe \u00e0 l\u2019Assembl\u00e9e g\u00e9n\u00e9rale ?\">\n\t\t\t\t\t\t<h3 class=\"accordion__title-h4\">Qui participe \u00e0 l\u2019Assembl\u00e9e g\u00e9n\u00e9rale ?<\/h3>\n\t\t\t\t\t<\/div>\n\t\t\t\t\t<div class=\"accordion__content\" role=\"region\" hidden>\n\t\t\t\t\t\tSeuls les membres de la F\u00e9d\u00e9ration internationale, \u00e0 savoir toutes les Soci\u00e9t\u00e9s nationales de la Croix-Rouge et du Croissant-Rouge, participent \u00e0 l\u2019Assembl\u00e9e g\u00e9n\u00e9rale. Chacune des d\u00e9l\u00e9gations dispose des m\u00eames droits sous la forme d\u2019une voix unique. \t\t\t\t\t<\/div>\n\t\t\t\t<\/li>\n\t\t\t\t\t\t\t<li class=\"accordion__item\">\n\t\t\t\t\t<div class=\"accordion__title\" role=\"button\" aria-expanded=\"false\" aria-label=\"Quand et o\u00f9 l\u2019Assembl\u00e9e g\u00e9n\u00e9rale aura-t-elle lieu ?\">\n\t\t\t\t\t\t<h3 class=\"accordion__title-h4\">Quand et o\u00f9 l\u2019Assembl\u00e9e g\u00e9n\u00e9rale aura-t-elle lieu ?<\/h3>\n\t\t\t\t\t<\/div>\n\t\t\t\t\t<div class=\"accordion__content\" role=\"region\" hidden>\n\t\t\t\t\t\tL\u2019Assembl\u00e9e g\u00e9n\u00e9rale se r\u00e9unit tous les deux ans. Les ann\u00e9es de Conf\u00e9rence internationale, elle se tient au m\u00eame lieu que celle-ci, \u00e0 Gen\u00e8ve. Les autres ann\u00e9es, elle se tient \u00e0 des endroits diff\u00e9rents, g\u00e9n\u00e9ralement dans le pays de la Soci\u00e9t\u00e9 nationale qui en est l\u2019h\u00f4te.  <br><br>La 24<sup>e<\/sup> session de l\u2019Assembl\u00e9e g\u00e9n\u00e9rale se tiendra \u00e0 Gen\u00e8ve du 23 au 25 octobre 2024. \t\t\t\t\t<\/div>\n\t\t\t\t<\/li>\n\t\t\t\t\t<\/ul>\n\t<\/section>\n\n\n\n<div style=\"height:100px\" aria-hidden=\"true\" class=\"wp-block-spacer\"><\/div>\n","protected":false},"excerpt":{"rendered":"","protected":false},"author":1,"featured_media":6241,"parent":4351,"menu_order":0,"comment_status":"closed","ping_status":"closed","template":"","meta":{"_acf_changed":false,"footnotes":""},"class_list":["post-17413","page","type-page","status-publish","has-post-thumbnail","hentry"],"acf":[],"_links":{"self":[{"href":"https:\/\/rcrcconference.org\/fr\/wp-json\/wp\/v2\/pages\/17413"}],"collection":[{"href":"https:\/\/rcrcconference.org\/fr\/wp-json\/wp\/v2\/pages"}],"about":[{"href":"https:\/\/rcrcconference.org\/fr\/wp-json\/wp\/v2\/types\/page"}],"author":[{"embeddable":true,"href":"https:\/\/rcrcconference.org\/fr\/wp-json\/wp\/v2\/users\/1"}],"replies":[{"embeddable":true,"href":"https:\/\/rcrcconference.org\/fr\/wp-json\/wp\/v2\/comments?post=17413"}],"version-history":[{"count":9,"href":"https:\/\/rcrcconference.org\/fr\/wp-json\/wp\/v2\/pages\/17413\/revisions"}],"predecessor-version":[{"id":29914,"href":"https:\/\/rcrcconference.org\/fr\/wp-json\/wp\/v2\/pages\/17413\/revisions\/29914"}],"up":[{"embeddable":true,"href":"https:\/\/rcrcconference.org\/fr\/wp-json\/wp\/v2\/pages\/4351"}],"wp:featuredmedia":[{"embeddable":true,"href":"https:\/\/rcrcconference.org\/fr\/wp-json\/wp\/v2\/media\/6241"}],"wp:attachment":[{"href":"https:\/\/rcrcconference.org\/fr\/wp-json\/wp\/v2\/media?parent=17413"}],"curies":[{"name":"wp","href":"https:\/\/api.w.org\/{rel}","templated":true}]}}