{"id":17166,"date":"2021-03-22T13:32:07","date_gmt":"2021-03-22T13:32:07","guid":{"rendered":"https:\/\/rcrcconference.org\/?page_id=17166"},"modified":"2024-08-26T12:49:59","modified_gmt":"2024-08-26T12:49:59","slug":"2022-conseil-des-delegues","status":"publish","type":"page","link":"https:\/\/rcrcconference.org\/fr\/about-2\/2022-conseil-des-delegues\/","title":{"rendered":"Conseil des D\u00e9l\u00e9gu\u00e9s de 2022"},"content":{"rendered":"<section class=\"banner small\" style=\"background-image: url('https:\/\/rcrcconference.org\/app\/uploads\/2021\/03\/CoD19-Room-e1616416006335.jpg');\">\n\t<div class=\"container\">\n\t\t<div class=\"banner__inner\">\n\t\t\t<div class=\"banner__title\">\n\t\t\t\t<h1>Conseil des D\u00e9l\u00e9gu\u00e9s de 2022<\/h1>\n\t\t\t<\/div>\n                            <div class=\"banner__content\">\n                    22-23 juin 2022, Gen\u00e8ve (Suisse) (pl\u00e9ni\u00e8re en pr\u00e9sentiel)<br>                           \njanvier-mai 2022 (ateliers en ligne)                 <\/div>\n                        \t\t<\/div>\n\t<\/div>\n<\/section>\n\n\n\n<div style=\"height:100px\" aria-hidden=\"true\" class=\"wp-block-spacer\"><\/div>\n\n\n\t<section class=\"pledges-banner-wrap\">\n\t<div class=\"container\">\n\t\t<div class=\"pledges-banner\">\n\t\t\t<div class=\"pledges-banner__pic\">\n\t\t\t\t<img decoding=\"async\" src=\"https:\/\/rcrcconference.org\/app\/uploads\/2021\/03\/CoD-pagep-AFG0328-\u00a70.jpg\" alt=\"article-pic\">\n\t\t\t<\/div>\n\t\t\t<div class=\"pledges-banner__content\">\n\t\t\t\t<div class=\"pledges-banner__content-inner\">\n\t\t\t\t\tLe Conseil des D\u00e9l\u00e9gu\u00e9s de 2022 nous entendions d\u00e9battre de la question de savoir comment garantir l\u2019adaptabilit\u00e9, la redevabilit\u00e9 et l\u2019impact collectif maximum du Mouvement international de la Croix-Rouge et du Croissant-Rouge. Sous le th\u00e8me global \u00ab Un Mouvement \u00e0 la hauteur de la t\u00e2che \u00bb, nous discutions et d\u00e9cidions de questions essentielles, l\u2019accent \u00e9tant mis sur deux domaines cl\u00e9s, \u00e0 savoir CE QUE NOUS FAISONS : r\u00e9pondre aux besoins et aux vuln\u00e9rabilit\u00e9s dans le monde et au niveau local et COMMENT NOUS TRAVAILLONS : redevabilit\u00e9, transparence, unit\u00e9 et durabilit\u00e9 du Mouvement.\t\t\t\t<\/div>\n\t\t\t<\/div>\n\t\t<\/div>\n\t<\/div>\n<\/section>\n\n\n<section class=\"quick-links\">\n    <div class=\"container\">\n        <div class=\"quick-links__inner\">\n            <div class=\"quick-links__title\">\n                \n                                    <div class=\"slider-btn-wrap\">\n                        <a href=\"#\" class=\"slider-btn prev\"><\/a>\n                        <a href=\"#\" class=\"slider-btn next\"><\/a>\n                    <\/div>\n                                            <\/div>\n            <ul class=\"quick-links__slider\">\n                                            <li class=\"quick-links-item hover\">\n                                <div class=\"quick-links-item__info\">\n                                    <div class=\"quick-links-item__title\">\n                                        <h4>Documents<\/h4>\n                                    <\/div>\n                                                                            <div class=\"quick-links-item__descr\">\n                                            R\u00e9solutions <br>\nRapports de situation\net rapports int\u00e9rimaires  <br>\nOrdre du jour                                        <\/div>\n                                                                    <\/div>\n                                                                    <div class=\"quick-links-item__button\">\n                                        <a href=\"https:\/\/rcrcconference.org\/fr\/about-2\/2022-conseil-des-delegues\/documents\/\"\n                                             class=\"button\">Go to the page<\/a>\n                                    <\/div>\n                                                            <\/li>\n                                                    <li class=\"quick-links-item hover\">\n                                <div class=\"quick-links-item__info\">\n                                    <div class=\"quick-links-item__title\">\n                                        <h4>Ateliers en ligne<\/h4>\n                                    <\/div>\n                                                                            <div class=\"quick-links-item__descr\">\n                                            Aper\u00e7u                                        <\/div>\n                                                                    <\/div>\n                                                                    <div class=\"quick-links-item__button\">\n                                        <a href=\"https:\/\/rcrcconference.org\/fr\/about-2\/2022-conseil-des-delegues\/workshops\/\"\n                                             class=\"button\">Go to the page<\/a>\n                                    <\/div>\n                                                            <\/li>\n                                                    <li class=\"quick-links-item hover\">\n                                <div class=\"quick-links-item__info\">\n                                    <div class=\"quick-links-item__title\">\n                                        <h4>Conseil des D\u00e9l\u00e9gu\u00e9s 2022<\/h4>\n                                    <\/div>\n                                                                            <div class=\"quick-links-item__descr\">\n                                            Information sur la participation (seulement pour les membres et les invit\u00e9s)                                        <\/div>\n                                                                    <\/div>\n                                                                    <div class=\"quick-links-item__button\">\n                                        <a href=\"https:\/\/rcrcconference.org\/fr\/questions-and-answers-on-national-societies-participation-in-the-2022-statutory-meetings-ifrc-general-assembly-and-council-of-delegates\/\"\n                                             class=\"button\">Go to the page<\/a>\n                                    <\/div>\n                                                            <\/li>\n                                    <\/ul>\n        <\/div>\n    <\/div>\n<\/section>\n\n\n\n<div style=\"height:100px\" aria-hidden=\"true\" class=\"wp-block-spacer\"><\/div>\n\n\n\n<div style=\"height:100px\" aria-hidden=\"true\" class=\"wp-block-spacer\"><\/div>\n\n\n\n<div style=\"height:100px\" aria-hidden=\"true\" class=\"wp-block-spacer\"><\/div>\n","protected":false},"excerpt":{"rendered":"","protected":false},"author":1,"featured_media":17170,"parent":2032,"menu_order":0,"comment_status":"closed","ping_status":"closed","template":"","meta":{"_acf_changed":false,"footnotes":""},"class_list":["post-17166","page","type-page","status-publish","has-post-thumbnail","hentry"],"acf":[],"_links":{"self":[{"href":"https:\/\/rcrcconference.org\/fr\/wp-json\/wp\/v2\/pages\/17166"}],"collection":[{"href":"https:\/\/rcrcconference.org\/fr\/wp-json\/wp\/v2\/pages"}],"about":[{"href":"https:\/\/rcrcconference.org\/fr\/wp-json\/wp\/v2\/types\/page"}],"author":[{"embeddable":true,"href":"https:\/\/rcrcconference.org\/fr\/wp-json\/wp\/v2\/users\/1"}],"replies":[{"embeddable":true,"href":"https:\/\/rcrcconference.org\/fr\/wp-json\/wp\/v2\/comments?post=17166"}],"version-history":[{"count":20,"href":"https:\/\/rcrcconference.org\/fr\/wp-json\/wp\/v2\/pages\/17166\/revisions"}],"predecessor-version":[{"id":28370,"href":"https:\/\/rcrcconference.org\/fr\/wp-json\/wp\/v2\/pages\/17166\/revisions\/28370"}],"up":[{"embeddable":true,"href":"https:\/\/rcrcconference.org\/fr\/wp-json\/wp\/v2\/pages\/2032"}],"wp:featuredmedia":[{"embeddable":true,"href":"https:\/\/rcrcconference.org\/fr\/wp-json\/wp\/v2\/media\/17170"}],"wp:attachment":[{"href":"https:\/\/rcrcconference.org\/fr\/wp-json\/wp\/v2\/media?parent=17166"}],"curies":[{"name":"wp","href":"https:\/\/api.w.org\/{rel}","templated":true}]}}