{"id":12832,"date":"2019-11-25T12:42:24","date_gmt":"2019-11-25T12:42:24","guid":{"rendered":"https:\/\/rcrcconference.org\/trail\/digital-expo\/biometrics\/"},"modified":"2019-12-02T13:29:00","modified_gmt":"2019-12-02T13:29:00","slug":"biometrics","status":"publish","type":"page","link":"https:\/\/rcrcconference.org\/fr\/trail\/digital-expo\/biometrics\/","title":{"rendered":"Biom\u00e9trie"},"content":{"rendered":"\n<section class=\"wp-block-red-cross-block-red-cross-text-block about\"><div class=\"container\"><div class=\"about__inner\"><div class=\"about__title\"><h3><\/h3><\/div><div class=\"about__content\"><strong>La reconnaissance biom\u00e9trique est \u00ab la reconnaissance automatique des individus sur la base de leurs caract\u00e9ristiques biologiques et comportementales \u00bb. Les donn\u00e9es biom\u00e9triques sont ainsi des signatures humaines uniques et mesurables qui peuvent comprendre les empreintes digitales, la reconnaissance de l\u2019iris ou une caract\u00e9ristique comportementale (d\u00e9marche ou frappe de clavier, p.ex.). Elles sont l\u2019un des moyens d\u2019identification les plus s\u00fbrs dont nous disposions car elles sont tr\u00e8s difficiles \u00e0 falsifier.<\/strong><br\/><strong><br\/><\/strong> Les organisations humanitaires utilisent de plus en plus la reconnaissance biom\u00e9trique parce qu&rsquo;elle permet d&rsquo;identifier plus facilement les personnes et de pr\u00e9venir l&rsquo;utilisation abusive de l&rsquo;aide humanitaire. Les moyens d\u2019identification classiques sur papier (comme les documents d\u2019identit\u00e9) sont plus faciles \u00e0 falsifier et peuvent donner lieu, dans le domaine de l\u2019aide, \u00e0 des doubles emplois, des refus ou des fraudes. De plus, les pi\u00e8ces d\u2019identit\u00e9 sur papier peuvent facilement \u00eatre \u00e9gar\u00e9es, d\u00e9truites ou confisqu\u00e9es. La biom\u00e9trie, par contre, peut confirmer l&rsquo;identit\u00e9 de personnes qui n&rsquo;ont aucun autre moyen de prouver qui elles sont, par exemple si elles fuient leur lieu ou leur pays d&rsquo;origine. En plus d\u2019\u00eatre difficiles \u00e0 falsifier, les donn\u00e9es biom\u00e9triques \u2013 produites et stock\u00e9es sous forme num\u00e9rique \u2013 facilitent la gestion efficace de l\u2019aide humanitaire.<br\/><br\/> Dans le m\u00eame temps, cette capacit\u00e9 d\u2019identification facile et \u00e0 long terme soul\u00e8ve aussi de s\u00e9rieuses questions \u00e9thiques et de protection des donn\u00e9es. Lorsque les organisations humanitaires collectent des donn\u00e9es, elles le font dans le but explicite d\u2019apporter assistance et protection aux personnes qu\u2019elles servent. Utiliser des donn\u00e9es humanitaires \u00e0 des fins non humanitaires revient donc \u00e0 trahir la confiance \u00e9tablie entre l\u2019organisation et les personnes fournissant les donn\u00e9es, exposant les protagonistes \u00e0 un risque potentiel en mati\u00e8re de protection, suivant l\u2019utilisation qui est faite de ces donn\u00e9es et les personnes qui y ont acc\u00e8s.<br\/> Ce probl\u00e8me touche toutes les donn\u00e9es humanitaires mais d\u2019autant plus les donn\u00e9es biom\u00e9triques compte tenu de la difficult\u00e9 \u00e0 les falsifier. Les caract\u00e9ristiques m\u00eames qui les rendent si efficaces pour l\u2019organisation et la distribution de l\u2019aide \u2013 le fait qu\u2019elles sont propres \u00e0 chaque individu et qu\u2019elles peuvent \u00eatre facilement stock\u00e9es, partag\u00e9es et recoup\u00e9es entre les organisations, m\u00eame par-del\u00e0 les fronti\u00e8res \u2013 sont ce qui les rend potentiellement probl\u00e9matiques lorsqu\u2019elles sont utilis\u00e9es \u00e0 des fins non humanitaires (maintien de l\u2019ordre, s\u00e9curit\u00e9, contr\u00f4le des fronti\u00e8res ou suivi des flux migratoires, pour ne citer que les usages licites).<br\/><br\/> Les organisations humanitaires subissent des pressions croissantes pour partager les donn\u00e9es avec les autorit\u00e9s nationales ou r\u00e9gionales \u00e0 des fins qui d\u00e9passent l\u2019action humanitaire, souvent au nom de la s\u00e9curit\u00e9 nationale ou de la lutte contre le terrorisme. Les tiers qui fournissent la technologie de collecte et de stockage des donn\u00e9es biom\u00e9triques (et autres) subissent des pressions similaires. Cet int\u00e9r\u00eat pour les donn\u00e9es biom\u00e9triques implique \u00e9galement que des acteurs ill\u00e9gaux pourraient tenter d\u2019acc\u00e9der \u00e0 ces donn\u00e9es par des moyens non licites (comme le piratage informatique), ce qui est encore plus pr\u00e9occupant en termes de protection.<br\/> Lorsqu\u2019elles communiquent leurs donn\u00e9es personnelles pour obtenir de l\u2019aide en temps de crise, les personnes le font en sachant que ces m\u00eames donn\u00e9es ne seront pas utilis\u00e9es ult\u00e9rieurement pour leur nuire.<br\/><br\/><em> C\u2019est la raison pour laquelle, \u00e0 la XXXIIIe Conf\u00e9rence internationale, le Mouvement international de la Croix-Rouge et du Croissant-Rouge s\u2019engage pour une protection plus rigoureuse et plus compl\u00e8te des donn\u00e9es humanitaires.<\/em><\/div><\/div><\/div><\/section>\n\n\n\n<section class=\"wp-block-red-cross-block-red-cross-text-block about\"><div class=\"container\"><div class=\"about__inner\"><div class=\"about__title\"><h3>Ressources<\/h3><\/div><div class=\"about__content\"> <strong><a rel=\"noreferrer noopener\" href=\"https:\/\/blogs.icrc.org\/law-and-policy\/2019\/10\/18\/innovation-protection-icrc-biometrics-policy\/\" target=\"_blank\">Ben Hayes and Massimo Marelli, Facilitating innovation, ensuring protection: the ICRC Biometrics Policy (18.10.2019)<\/a> <br\/><a rel=\"noreferrer noopener\" href=\"https:\/\/www.icrc.org\/en\/document\/icrc-biometrics-policy\" target=\"_blank\">The ICRC Biometrics Policy (16.10.2019)<\/a>  <br\/> <a rel=\"noreferrer noopener\" href=\"https:\/\/future-rcrc.com\/2019\/01\/15\/the-promise-and-peril-of-digital-identification-for-aid-distribution\/\" target=\"_blank\">The Promise and Peril of Digital Identification for Aid Distribution (15.01.2019)<\/a> <br\/><a rel=\"noreferrer noopener\" href=\"https:\/\/www.icrc.org\/en\/handbook-data-protection-humanitarian-action\" target=\"_blank\">ICRC and Brussels Privacy Hub, Handbook on Data Protection in Humanitarian Action (July 2017)<\/a>  <br\/><a rel=\"noreferrer noopener\" href=\"http:\/\/media.ifrc.org\/innovation\/solferino-academy\/the-future-is-now\/\" target=\"_blank\">IFRC and Solferino Academy, The Future is Now (online exhibition) <\/a><\/strong>  <\/div><\/div><\/div><\/section>\n","protected":false},"excerpt":{"rendered":"","protected":false},"author":404,"featured_media":12829,"parent":12410,"menu_order":0,"comment_status":"closed","ping_status":"closed","template":"","meta":{"_acf_changed":false,"footnotes":""},"class_list":["post-12832","page","type-page","status-publish","has-post-thumbnail","hentry"],"acf":[],"_links":{"self":[{"href":"https:\/\/rcrcconference.org\/fr\/wp-json\/wp\/v2\/pages\/12832"}],"collection":[{"href":"https:\/\/rcrcconference.org\/fr\/wp-json\/wp\/v2\/pages"}],"about":[{"href":"https:\/\/rcrcconference.org\/fr\/wp-json\/wp\/v2\/types\/page"}],"author":[{"embeddable":true,"href":"https:\/\/rcrcconference.org\/fr\/wp-json\/wp\/v2\/users\/404"}],"replies":[{"embeddable":true,"href":"https:\/\/rcrcconference.org\/fr\/wp-json\/wp\/v2\/comments?post=12832"}],"version-history":[{"count":2,"href":"https:\/\/rcrcconference.org\/fr\/wp-json\/wp\/v2\/pages\/12832\/revisions"}],"predecessor-version":[{"id":12835,"href":"https:\/\/rcrcconference.org\/fr\/wp-json\/wp\/v2\/pages\/12832\/revisions\/12835"}],"up":[{"embeddable":true,"href":"https:\/\/rcrcconference.org\/fr\/wp-json\/wp\/v2\/pages\/12410"}],"wp:featuredmedia":[{"embeddable":true,"href":"https:\/\/rcrcconference.org\/fr\/wp-json\/wp\/v2\/media\/12829"}],"wp:attachment":[{"href":"https:\/\/rcrcconference.org\/fr\/wp-json\/wp\/v2\/media?parent=12832"}],"curies":[{"name":"wp","href":"https:\/\/api.w.org\/{rel}","templated":true}]}}