{"id":12776,"date":"2019-11-25T12:36:59","date_gmt":"2019-11-25T12:36:59","guid":{"rendered":"https:\/\/rcrcconference.org\/trail\/digital-expo\/connectivity\/"},"modified":"2019-12-02T13:07:56","modified_gmt":"2019-12-02T13:07:56","slug":"connectivity","status":"publish","type":"page","link":"https:\/\/rcrcconference.org\/fr\/trail\/digital-expo\/connectivity\/","title":{"rendered":"Connectivit\u00e9 et protection des donn\u00e9es"},"content":{"rendered":"\n<section class=\"wp-block-red-cross-block-red-cross-text-block about\"><div class=\"container\"><div class=\"about__inner\"><div class=\"about__title\"><h3><\/h3><\/div><div class=\"about__content\"><strong> La connectivit\u00e9 est la capacit\u00e9 \u00e0 rester en contact avec les autres gr\u00e2ce aux technologies num\u00e9riques ou analogiques. Dans une situation d\u2019urgence, il est vital de pouvoir contacter ses amis ou les membres de sa famille, o\u00f9 qu\u2019ils soient, et d\u2019obtenir des informations pertinentes et \u00e0 jour sur ce qu&rsquo;il se passe. Sans acc\u00e8s \u00e0 internet, il est compliqu\u00e9, voire impossible, de communiquer avec les autres ou d\u2019\u00e9changer des informations. Il peut alors \u00eatre extr\u00eamement difficile pour les personnes touch\u00e9es par une crise de localiser des services essentiels comme la sant\u00e9 ou l\u2019\u00e9ducation et d\u2019y avoir acc\u00e8s, d\u2019entrer en contact avec leur famille et leurs amis, ou de trouver les informations dont ils ont besoin pour prendre des d\u00e9cisions \u2013 informations qui, dans certains cas, pourraient leur sauver la vie. La connectivit\u00e9 est essentielle pour venir en aide aux personnes et renforcer leur r\u00e9silience, tout autant que pour \u00e9laborer des solutions innovantes et contribuer \u00e0 la transformation de l\u2019aide humanitaire. <\/strong><br\/><strong><br\/><\/strong> De nos jours, l\u2019acc\u00e8s \u00e0 internet est souvent indispensable. En situation d\u2019urgence, les infrastructures se retrouvent cependant souvent endommag\u00e9es et les r\u00e9seaux de t\u00e9l\u00e9communication sont mis hors service. Les gens ne peuvent d\u00e8s lors plus obtenir des informations actualis\u00e9es ou contacter leurs proches. D\u00e8s lors, plusieurs organisations humanitaires consid\u00e8rent de plus en plus l\u2019information comme une forme d\u2019aide et fournissent des bornes WiFi, des cartes SIM, des t\u00e9l\u00e9phones et diff\u00e9rents types d\u2019infrastructure pour aider \u00e0 r\u00e9tablir la connectivit\u00e9. Il est toutefois important de garder \u00e0 l\u2019esprit que, pour chaque situation de crise, les besoins seront diff\u00e9rents. La mani\u00e8re d\u2019utiliser les r\u00e9seaux et ceux qui en contr\u00f4lent l\u2019utilisation varient \u00e9galement d\u2019un cas \u00e0 l\u2019autre. Les efforts humanitaires d\u00e9ploy\u00e9s pour r\u00e9tablir la connectivit\u00e9 doivent donc prendre en compte la responsabilit\u00e9 num\u00e9rique, l\u2019inclusion num\u00e9rique et la ma\u00eetrise des comp\u00e9tences num\u00e9riques. <br\/><br\/> Les organisations humanitaires font de plus en plus appel \u00e0 des tiers, tels que des soci\u00e9t\u00e9s de t\u00e9l\u00e9communications, pour assurer la connectivit\u00e9. Se pose alors la question de savoir qui a acc\u00e8s aux donn\u00e9es g\u00e9n\u00e9r\u00e9es (identifiant personnel, types d\u2019appels, fr\u00e9quence d\u2019utilisation, etc.) et quelle utilisation en est faite. En principe, les donn\u00e9es collect\u00e9es \u00e0 des fins humanitaires ne devraient pas \u00eatre utilis\u00e9es \u00e0 des fins non humanitaires. Les organisations humanitaires ont par cons\u00e9quent le devoir de veiller \u00e0 ce que les donn\u00e9es qu\u2019elles collectent ne fassent pas l\u2019objet d\u2019une surveillance injustifi\u00e9e.<br\/><br\/> La surveillance peut \u00eatre licite ou illicite, selon le droit que la personne ou l\u2019organisation qui acc\u00e8de aux donn\u00e9es a sur celles-l\u00e0 et selon la l\u00e9gitimit\u00e9 de leur utilisation (maintien de l&rsquo;ordre, p.ex.). Les \u00c9tats ont cependant des r\u00e8gles diff\u00e9rentes pour d\u00e9terminer qui a acc\u00e8s \u00e0 quelles donn\u00e9es et dans quelles circonstances et les organisations humanitaires et leurs partenaires (dont les soci\u00e9t\u00e9s de t\u00e9l\u00e9communications) peuvent intervenir dans un grand nombre d\u2019\u00c9tats diff\u00e9rents. Il est d\u00e8s lors tr\u00e8s difficile pour les organisations humanitaires de garantir que les donn\u00e9es collect\u00e9es par leurs soins ne soient pas utilis\u00e9es \u00e0 des fins non humanitaires, avec des cons\u00e9quences qui pourraient s&rsquo;av\u00e9rer d\u00e9vastatrices.<br\/><br\/><em> C\u2019est la raison pour laquelle, \u00e0 la XXXIIIe Conf\u00e9rence internationale, le Mouvement international de la Croix-Rouge et du Croissant-Rouge s\u2019engage pour une protection plus rigoureuse et plus compl\u00e8te des donn\u00e9es humanitaires.<\/em><\/div><\/div><\/div><\/section>\n\n\n\n<section class=\"wp-block-red-cross-block-red-cross-text-block about\"><div class=\"container\"><div class=\"about__inner\"><div class=\"about__title\"><h3>Ressources<\/h3><\/div><div class=\"about__content\"> <strong><a rel=\"noreferrer noopener\" href=\"https:\/\/www.preparecenter.org\/toolkit\/data-playbook-toolkit\" target=\"_blank\">IFRC Data Playbook (toolkit)<\/a> <br\/><a rel=\"noreferrer noopener\" href=\"https:\/\/media.ifrc.org\/ifrc\/theme\/data\/\" target=\"_blank\">IFRC Data Blog (lessons, best practices, products\/services, podcasts, training)<\/a> <br\/><a rel=\"noreferrer noopener\" href=\"https:\/\/future-rcrc.com\/tr6-digital-transformation\/\" target=\"_blank\">IFRC, Transformation 6: Undergoing a digital transformation (2019)<\/a> <br\/><a rel=\"noreferrer noopener\" href=\"https:\/\/blogs.icrc.org\/law-and-policy\/2018\/12\/07\/price-virtual-proximity-how-humanitarian-organizations-digital-trails-put-people-risk\/\" target=\"_blank\">Tina Bouffet &amp; Massimo Marelli, The price of virtual proximity: How humanitarian organizations\u2019 digital trails can put people at risk (07.12.18)<\/a>  <br\/><a rel=\"noreferrer noopener\" href=\"https:\/\/www.icrc.org\/en\/download\/file\/101039\/final_web_the_humanitarian_metadata_problem_-_doing_no_harm_in_the_digital_era.pdf\" target=\"_blank\">ICRC and Privacy International, The humanitarian metadata problem: \u201cDoing no harm\u201d in the digital era (October 2018)<\/a>  <br\/><a rel=\"noreferrer noopener\" href=\"https:\/\/blogs.icrc.org\/law-and-policy\/2018\/06\/12\/protecting-digital-beneficiary\/\" target=\"_blank\">Gus Hosein, Protecting the digital beneficiary (12.06.2018)<\/a>  <br\/><a rel=\"noreferrer noopener\" href=\"https:\/\/www.icrc.org\/en\/handbook-data-protection-humanitarian-action\" target=\"_blank\">ICRC and Brussels Privacy Hub, Handbook on Data Protection in Humanitarian Action (July 2017)<\/a>  <\/strong>  <\/div><\/div><\/div><\/section>\n","protected":false},"excerpt":{"rendered":"","protected":false},"author":404,"featured_media":12641,"parent":12410,"menu_order":0,"comment_status":"closed","ping_status":"closed","template":"","meta":{"_acf_changed":false,"footnotes":""},"class_list":["post-12776","page","type-page","status-publish","has-post-thumbnail","hentry"],"acf":[],"_links":{"self":[{"href":"https:\/\/rcrcconference.org\/fr\/wp-json\/wp\/v2\/pages\/12776"}],"collection":[{"href":"https:\/\/rcrcconference.org\/fr\/wp-json\/wp\/v2\/pages"}],"about":[{"href":"https:\/\/rcrcconference.org\/fr\/wp-json\/wp\/v2\/types\/page"}],"author":[{"embeddable":true,"href":"https:\/\/rcrcconference.org\/fr\/wp-json\/wp\/v2\/users\/404"}],"replies":[{"embeddable":true,"href":"https:\/\/rcrcconference.org\/fr\/wp-json\/wp\/v2\/comments?post=12776"}],"version-history":[{"count":3,"href":"https:\/\/rcrcconference.org\/fr\/wp-json\/wp\/v2\/pages\/12776\/revisions"}],"predecessor-version":[{"id":12798,"href":"https:\/\/rcrcconference.org\/fr\/wp-json\/wp\/v2\/pages\/12776\/revisions\/12798"}],"up":[{"embeddable":true,"href":"https:\/\/rcrcconference.org\/fr\/wp-json\/wp\/v2\/pages\/12410"}],"wp:featuredmedia":[{"embeddable":true,"href":"https:\/\/rcrcconference.org\/fr\/wp-json\/wp\/v2\/media\/12641"}],"wp:attachment":[{"href":"https:\/\/rcrcconference.org\/fr\/wp-json\/wp\/v2\/media?parent=12776"}],"curies":[{"name":"wp","href":"https:\/\/api.w.org\/{rel}","templated":true}]}}