{"id":12410,"date":"2019-11-20T11:01:51","date_gmt":"2019-11-20T11:01:51","guid":{"rendered":"https:\/\/rcrcconference.org\/trail\/digital-expo\/"},"modified":"2020-01-24T09:34:33","modified_gmt":"2020-01-24T09:34:33","slug":"digital-expo","status":"publish","type":"page","link":"https:\/\/rcrcconference.org\/fr\/trail\/digital-expo\/","title":{"rendered":"Crises humanitaires &#038; Dilemmes num\u00e9riques"},"content":{"rendered":"<section class=\"banner small\" style=\"background-image: url('https:\/\/rcrcconference.org\/app\/uploads\/2019\/11\/Slide8-002.png');\">\n\t<div class=\"container\">\n\t\t<div class=\"banner__inner\">\n\t\t\t<div class=\"banner__title\">\n\t\t\t\t<h1>CRISES HUMANITAIRES &#038; DILEMMES NUM\u00c9RIQUES<\/h1>\n\t\t\t<\/div>\n                        \t\t<\/div>\n\t<\/div>\n<\/section>\n\n\n\n<section class=\"wp-block-red-cross-block-red-cross-text-block about\"><div class=\"container\"><div class=\"about__inner\"><div class=\"about__title\"><h3><\/h3><\/div><div class=\"about__content\">L\u2019exposition install\u00e9e sur la Place des Nations offre aux visiteurs une exp\u00e9rience interactive unique qui met en lumi\u00e8re la fa\u00e7on dont les technologies num\u00e9riques (des r\u00e9seaux sociaux \u00e0 la biom\u00e9trie, en passant par l\u2019acc\u00e8s \u00e0 internet) transforment les crises humanitaires du point de vue des personnes touch\u00e9es. L\u2019exposition met notamment en \u00e9vidence l\u2019\u00e9norme impact que ces technologies ont sur ces crises et sur les personnes qui interviennent pour y faire face.<br\/> Elle se tient sous une tente mont\u00e9e sur la Place des Nations et est ouverte au public de 10 heures \u00e0 19 heures, du 5 au 12 d\u00e9cembre 2019.<br\/><br\/><strong><em>Cette exposition est d\u00e9conseill\u00e9e aux enfants de moins de 12 ans.<br\/><\/em><\/strong><br\/>Vous souhaitez conna\u00eetre les th\u00e8mes mis en lumi\u00e8re par l\u2019exposition ? Cliquez ici pour en savoir plus sur : <\/div><\/div><\/div><\/section>\n\n\n\n<figure class=\"wp-block-embed-youtube aligncenter wp-block-embed is-type-video is-provider-youtube wp-embed-aspect-16-9 wp-has-aspect-ratio\"><div class=\"wp-block-embed__wrapper\">\n<iframe loading=\"lazy\" title=\"Humanitarian Trail - Digital EXPO\" width=\"500\" height=\"281\" src=\"https:\/\/www.youtube.com\/embed\/XEuoWm8W5Zo?feature=oembed\" frameborder=\"0\" allow=\"accelerometer; autoplay; clipboard-write; encrypted-media; gyroscope; picture-in-picture; web-share\" referrerpolicy=\"strict-origin-when-cross-origin\" allowfullscreen><\/iframe>\n<\/div><\/figure>\n\n\n<section class=\"events\">\n    <div class=\"container\">\n        <ul class=\"events__list\">\n                                                <li class=\"event\">\n                        <div class=\"event__pic\">\n                            <img decoding=\"async\" src=\"https:\/\/rcrcconference.org\/app\/uploads\/2019\/11\/connectivity-1.jpg\" alt=\"\">\n                        <\/div>\n                                                                            <div class=\"event__title\">\n                                <h2>L\u2019acc\u00e8s \u00e0 internet et la protection des donn\u00e9es<\/h2>\n                            <\/div>\n                                                                            <a href=\"https:\/\/rcrcconference.org\/trail\/digital-expo\/connectivity\/\" class=\"button secondary\">\n                                En savoir plus                            <\/a>\n                                            <\/li>\n                                                                <li class=\"event\">\n                        <div class=\"event__pic\">\n                            <img decoding=\"async\" src=\"https:\/\/rcrcconference.org\/app\/uploads\/2019\/11\/Hate-speech2.jpg\" alt=\"\">\n                        <\/div>\n                                                                            <div class=\"event__title\">\n                                <h2>Les r\u00e9seaux sociaux et les propos haineux<\/h2>\n                            <\/div>\n                                                                            <a href=\"https:\/\/rcrcconference.org\/trail\/digital-expo\/hate-speech\/\" class=\"button secondary\">\n                                En savoir plus                            <\/a>\n                                            <\/li>\n                                    <\/ul>\n    <\/div>\n<\/section>\n\n\n<section class=\"events\">\n    <div class=\"container\">\n        <ul class=\"events__list\">\n                                                <li class=\"event\">\n                        <div class=\"event__pic\">\n                            <img decoding=\"async\" src=\"https:\/\/rcrcconference.org\/app\/uploads\/2019\/11\/biometrics.jpg\" alt=\"\">\n                        <\/div>\n                                                                            <div class=\"event__title\">\n                                <h2>La biom\u00e9trie<\/h2>\n                            <\/div>\n                                                                            <a href=\"https:\/\/rcrcconference.org\/trail\/digital-expo\/biometrics\/\" class=\"button secondary\">\n                                En savoir plus                            <\/a>\n                                            <\/li>\n                                                                <li class=\"event\">\n                        <div class=\"event__pic\">\n                            <img decoding=\"async\" src=\"https:\/\/rcrcconference.org\/app\/uploads\/2019\/11\/CTP.jpg\" alt=\"\">\n                        <\/div>\n                                                                            <div class=\"event__title\">\n                                <h2>Les programmes num\u00e9riques de transferts mon\u00e9taires<\/h2>\n                            <\/div>\n                                                                            <a href=\"https:\/\/rcrcconference.org\/trail\/digital-expo\/cash-transfer\/\" class=\"button secondary\">\n                                En savoir plus                            <\/a>\n                                            <\/li>\n                                    <\/ul>\n    <\/div>\n<\/section>\n","protected":false},"excerpt":{"rendered":"","protected":false},"author":404,"featured_media":0,"parent":10997,"menu_order":0,"comment_status":"closed","ping_status":"closed","template":"front-page.php","meta":{"_acf_changed":false,"footnotes":""},"class_list":["post-12410","page","type-page","status-publish","hentry"],"acf":[],"_links":{"self":[{"href":"https:\/\/rcrcconference.org\/fr\/wp-json\/wp\/v2\/pages\/12410"}],"collection":[{"href":"https:\/\/rcrcconference.org\/fr\/wp-json\/wp\/v2\/pages"}],"about":[{"href":"https:\/\/rcrcconference.org\/fr\/wp-json\/wp\/v2\/types\/page"}],"author":[{"embeddable":true,"href":"https:\/\/rcrcconference.org\/fr\/wp-json\/wp\/v2\/users\/404"}],"replies":[{"embeddable":true,"href":"https:\/\/rcrcconference.org\/fr\/wp-json\/wp\/v2\/comments?post=12410"}],"version-history":[{"count":7,"href":"https:\/\/rcrcconference.org\/fr\/wp-json\/wp\/v2\/pages\/12410\/revisions"}],"predecessor-version":[{"id":13545,"href":"https:\/\/rcrcconference.org\/fr\/wp-json\/wp\/v2\/pages\/12410\/revisions\/13545"}],"up":[{"embeddable":true,"href":"https:\/\/rcrcconference.org\/fr\/wp-json\/wp\/v2\/pages\/10997"}],"wp:attachment":[{"href":"https:\/\/rcrcconference.org\/fr\/wp-json\/wp\/v2\/media?parent=12410"}],"curies":[{"name":"wp","href":"https:\/\/api.w.org\/{rel}","templated":true}]}}