{"id":11588,"date":"2019-11-15T12:16:27","date_gmt":"2019-11-15T12:16:27","guid":{"rendered":"https:\/\/rcrcconference.org\/about-4\/33rd-international-conference\/for-the-record-voices-from-the-conference\/"},"modified":"2020-02-06T15:59:40","modified_gmt":"2020-02-06T15:59:40","slug":"for-the-record-voices-from-the-conference","status":"publish","type":"page","link":"https:\/\/rcrcconference.org\/fr\/about-4\/33rd-international-conference\/for-the-record-voices-from-the-conference\/","title":{"rendered":"\u00c9chos de la Conf\u00e9rence pour le proc\u00e8s-verbal"},"content":{"rendered":"<section class=\"banner\" style=\"background-image: url('https:\/\/rcrcconference.org\/app\/uploads\/2019\/07\/IMG-1796-e1573820256651.jpg');\">\n\t<div class=\"container\">\n\t\t<div class=\"banner__inner\">\n\t\t\t<span class=\"banner__subtitle\">10-12 d\u00e9cembre<\/span>\n\t\t\t<div class=\"banner__title\">\n\t\t\t\t<h1>\u00c9chos de la Conf\u00e9rence pour le proc\u00e8s-verbal<\/h1>\n\t\t\t<\/div>\n\t\t\t\t\t<\/div>\n\t<\/div>\n<\/section>\n\n\n\n<section class=\"wp-block-red-cross-block-red-cross-text-block about\"><div class=\"container\"><div class=\"about__inner\"><div class=\"about__title\"><h3><\/h3><\/div><div class=\"about__content\">Cette s\u00e9ance pl\u00e9ni\u00e8re officielle a donn\u00e9 aux membres de la Conf\u00e9rence et aux observateurs l\u2019occasion de prononcer des d\u00e9clarations officielles sur les th\u00e8mes de la Conf\u00e9rence. Celles-ci seront transcrites <em>in extenso<\/em> dans le proc\u00e8s-verbal officiel de la Conf\u00e9rence, qui sera publi\u00e9 en ligne et transmis aux membres d\u00e8s qu\u2019il sera pr\u00eat.<\/div><\/div><\/div><\/section>\n","protected":false},"excerpt":{"rendered":"","protected":false},"author":1,"featured_media":0,"parent":504,"menu_order":0,"comment_status":"closed","ping_status":"closed","template":"front-page.php","meta":{"_acf_changed":false,"footnotes":""},"class_list":["post-11588","page","type-page","status-publish","hentry"],"acf":[],"_links":{"self":[{"href":"https:\/\/rcrcconference.org\/fr\/wp-json\/wp\/v2\/pages\/11588"}],"collection":[{"href":"https:\/\/rcrcconference.org\/fr\/wp-json\/wp\/v2\/pages"}],"about":[{"href":"https:\/\/rcrcconference.org\/fr\/wp-json\/wp\/v2\/types\/page"}],"author":[{"embeddable":true,"href":"https:\/\/rcrcconference.org\/fr\/wp-json\/wp\/v2\/users\/1"}],"replies":[{"embeddable":true,"href":"https:\/\/rcrcconference.org\/fr\/wp-json\/wp\/v2\/comments?post=11588"}],"version-history":[{"count":17,"href":"https:\/\/rcrcconference.org\/fr\/wp-json\/wp\/v2\/pages\/11588\/revisions"}],"predecessor-version":[{"id":15397,"href":"https:\/\/rcrcconference.org\/fr\/wp-json\/wp\/v2\/pages\/11588\/revisions\/15397"}],"up":[{"embeddable":true,"href":"https:\/\/rcrcconference.org\/fr\/wp-json\/wp\/v2\/pages\/504"}],"wp:attachment":[{"href":"https:\/\/rcrcconference.org\/fr\/wp-json\/wp\/v2\/media?parent=11588"}],"curies":[{"name":"wp","href":"https:\/\/api.w.org\/{rel}","templated":true}]}}