{"id":11147,"date":"2019-11-07T19:49:30","date_gmt":"2019-11-07T19:49:30","guid":{"rendered":"https:\/\/rcrcconference.org\/trust-in-humanitarian-action\/"},"modified":"2020-02-25T09:12:59","modified_gmt":"2020-02-25T09:12:59","slug":"la-confiance-dans-laction-humanitaire","status":"publish","type":"page","link":"https:\/\/rcrcconference.org\/fr\/about-4\/33rd-international-conference\/la-confiance-dans-laction-humanitaire\/","title":{"rendered":"La confiance dans l\u2019action humanitaire"},"content":{"rendered":"\n<section class=\"wp-block-red-cross-block-red-cross-text-block about\"><div class=\"container\"><div class=\"about__inner\"><div class=\"about__title\"><h3><\/h3><\/div><div class=\"about__content\">La confiance est le fondement m\u00eame de l\u2019action humanitaire. L\u2019acc\u00e8s du Mouvement aux personnes en d\u00e9tresse, l\u2019appui qu\u2019il re\u00e7oit et le respect de sa mission d\u00e9pendent tous de la confiance que lui accordent les personnes et les communaut\u00e9s auxquelles il vient en aide, les autorit\u00e9s et le grand public.<br\/><br\/>Le th\u00e8me de la confiance dans l\u2019action humanitaire a \u00e9t\u00e9 inscrit \u00e0 l\u2019ordre du jour de la XXXIII<sup>e<\/sup>\u00a0Conf\u00e9rence internationale compte tenu de la perte de confiance actuelle dans les institutions et les gouvernements, de l\u2019accroissement de la vigilance publique et des appels en faveur d\u2019un renforcement de l\u2019int\u00e9grit\u00e9 et de la redevabilit\u00e9. Cette commission a examin\u00e9 comment les composantes du Mouvement peuvent \u0153uvrer en collaboration avec les \u00c9tats afin de maintenir et renforcer la confiance dans une action humanitaire fond\u00e9e sur des principes.<br\/><br\/><strong><a rel=\"noreferrer noopener\" aria-label=\"Note conceptuelle sur la confiance   (opens in a new tab)\" href=\"https:\/\/rcrcconference.org\/app\/uploads\/2019\/12\/33IC-Trust-conceptual-paper_FR.pdf\" target=\"_blank\">Note conceptuelle sur la confiance<\/a><\/strong><\/div><\/div><\/div><\/section>\n\n\n\n<figure class=\"wp-block-embed-youtube wp-block-embed is-type-video is-provider-youtube wp-embed-aspect-16-9 wp-has-aspect-ratio\"><div class=\"wp-block-embed__wrapper\">\n<iframe loading=\"lazy\" title=\"Trust in Humanitarian Action at the 33rd International Conference FR\" width=\"500\" height=\"281\" src=\"https:\/\/www.youtube.com\/embed\/IX4JMU2TOfw?list=PLf2g_NkFyyv7UH3vzIRpDXuC_M1fU-d2_\" frameborder=\"0\" allow=\"accelerometer; autoplay; clipboard-write; encrypted-media; gyroscope; picture-in-picture; web-share\" referrerpolicy=\"strict-origin-when-cross-origin\" allowfullscreen><\/iframe>\n<\/div><\/figure>\n\n\n<section class=\"accordion-block\" style=\"background-color: #8C8C8C; color: #ffffff\" role=\"region\" aria-label=\"Pedges accordion block\">\n\t\t\t<div class=\"accordion-block__title\" role=\"heading\" aria-level=\"3\">\n\t\t\t<h3>Cette commission a consist\u00e9 en une s\u00e9ance pl\u00e9ni\u00e8re d\u2019ouverture, une seconde pl\u00e9ni\u00e8re (au cours de laquelle les th\u00e8mes des jours pr\u00e9c\u00e9dents ont \u00e9t\u00e9 abord\u00e9s \u00e0 travers le prisme de la confiance) et trois s\u00e9ances th\u00e9matiques, d\u00e9taill\u00e9es ci-dessous.<\/h3>\n\t\t<\/div>\n\t\t\t\t<ul class=\"accordion\">\n\t\t\t\t\t\t\t<li class=\"accordion__item\">\n\t\t\t\t\t<div class=\"accordion__title\" role=\"button\" aria-expanded=\"false\" aria-label=\"1. B\u00e2tir la confiance gr\u00e2ce \u00e0 l\u2019interaction communautaire et la redevabilit\u00e9 : quels changements fondamentaux sont n\u00e9cessaires ?\">\n\t\t\t\t\t\t<h3 class=\"accordion__title-h4\">1. B\u00e2tir la confiance gr\u00e2ce \u00e0 l\u2019interaction communautaire et la redevabilit\u00e9 : quels changements fondamentaux sont n\u00e9cessaires ?<\/h3>\n\t\t\t\t\t<\/div>\n\t\t\t\t\t<div class=\"accordion__content\" role=\"region\" hidden>\n\t\t\t\t\t\tL\u2019interaction avec les communaut\u00e9s et la redevabilit\u00e9 sont de plus en plus reconnues comme une priorit\u00e9 de premier plan \u2013 indispensables pour atteindre l\u2019excellence op\u00e9rationnelle, renforcer l\u2019acceptation et la confiance et contribuer \u00e0 la r\u00e9silience \u00e0 long terme des communaut\u00e9s. Cette approche offre aux communaut\u00e9s et aux acteurs locaux un r\u00f4le de partenaires \u00e0 part enti\u00e8re dans l\u2019action humanitaire et garantit que les points de vue des plus vuln\u00e9rables sont pris en compte dans les programmes et op\u00e9rations. Des efforts importants ont \u00e9t\u00e9 entrepris afin que les composantes du Mouvement s\u2019engagent \u00e0 renforcer et am\u00e9liorer l\u2019interaction communautaire et la redevabilit\u00e9. Mais des changements fondamentaux demeurent n\u00e9cessaires si l\u2019on veut accro\u00eetre la participation des personnes que nous servons ainsi que notre redevabilit\u00e9 \u00e0 leur \u00e9gard.<br> \u00a0<br>Cette s\u00e9ance th\u00e9matique visait \u00e0 d\u00e9battre des changements fondamentaux qui doivent \u00eatre op\u00e9r\u00e9s pour renforcer la participation des communaut\u00e9s et nous montrer plus redevables envers elles. Les participants ont d\u00e9velopp\u00e9 une vision commune de la corr\u00e9lation entre la confiance et l\u2019interaction communautaire, \u00e9chang\u00e9 des exemples d\u2019initiatives r\u00e9ussies et identifi\u00e9 les mesures qui doivent \u00eatre prises collectivement.<br> \u00a0<br>Documents associ\u00e9s\u00a0:<br>  \u2022  R\u00e9solution\u00a01, \u00ab\u00a0<a href=\"https:\/\/rcrcconference.org\/app\/uploads\/2019\/12\/CD19-R1-Movement-wide-committment-for-CEA_FR.pdf\"><strong>Engagements du Mouvement en mati\u00e8re d\u2019interaction avec les communaut\u00e9s et de redevabilit\u00e9<\/strong><\/a>\u00a0\u00bb (CD\/19\/R1) et le <a href=\"https:\/\/rcrcconference.org\/app\/uploads\/2019\/07\/190589_fr-CoD-2019-CEA-background-report-finalized_fr.pdf\"><strong>document de r\u00e9f\u00e9rence<\/strong><\/a> correspondant (CD\/19\/6)<br>  \u2022  Mod\u00e8le d\u2019engagement\u00a0: Instaurer et renforcer la confiance dans l\u2019action humanitaire par le biais de l\u2019interaction avec les communaut\u00e9s et de la redevabilit\u00e9<br>  \u2022  Fiche d\u2019information sur les ingr\u00e9dients cl\u00e9s d\u2019une interaction communautaire r\u00e9ussie\t\t\t\t\t<\/div>\n\t\t\t\t<\/li>\n\t\t\t\t\t\t\t<li class=\"accordion__item\">\n\t\t\t\t\t<div class=\"accordion__title\" role=\"button\" aria-expanded=\"false\" aria-label=\"2. L\u2019int\u00e9grit\u00e9 et le partage des risques \">\n\t\t\t\t\t\t<h3 class=\"accordion__title-h4\">2. L\u2019int\u00e9grit\u00e9 et le partage des risques <\/h3>\n\t\t\t\t\t<\/div>\n\t\t\t\t\t<div class=\"accordion__content\" role=\"region\" hidden>\n\t\t\t\t\t\tLes composantes du Mouvement doivent respecter les normes les plus strictes en mati\u00e8re d\u2019int\u00e9grit\u00e9, dans la mesure o\u00f9 des comportements contraires \u00e0 l\u2019\u00e9thique peuvent gravement \u00e9roder la confiance du public, et en particulier des communaut\u00e9s que le Mouvement s\u2019emploie \u00e0 aider, dans l\u2019action humanitaire. C\u2019est pourquoi le Mouvement se conforme aux Principes fondamentaux, au Code de conduite et \u00e0 l\u2019ensemble des obligations statutaires, r\u00e9glementaires et de politique g\u00e9n\u00e9rale, lesquels constituent les bases d\u2019une action humanitaire fond\u00e9e sur des principes. Les donateurs ont eux aussi un r\u00f4le \u00e0 jouer en promouvant et en soutenant les proc\u00e9dures et m\u00e9canismes relatifs \u00e0 l\u2019int\u00e9grit\u00e9, tout en veillant dans le m\u00eame temps \u00e0 ce que leurs exigences en mati\u00e8re de conformit\u00e9 n\u2019aboutissent pas \u00e0 un transfert des risques ayant pour effet de r\u00e9duire la capacit\u00e9 des organisations \u00e0 mener une action humanitaire fond\u00e9e sur des principes.<br> \u00a0<br>Cette s\u00e9ance a permis d\u2019identifier les points de convergence et les points de tension existant dans les pratiques en mati\u00e8re d\u2019int\u00e9grit\u00e9 des acteurs humanitaires, et d\u2019engager un dialogue sur les mesures \u00e0 prendre collectivement.<br> \u00a0<br>Documents associ\u00e9s\u00a0:<br>   \u2022   R\u00e9solution\u00a02, \u00ab\u00a0<strong><a href=\"https:\/\/rcrcconference.org\/app\/uploads\/2019\/12\/CD19-R2-Statement-on-Integrity_FR.pdf\">D\u00e9claration du Mouvement international de la Croix-Rouge et du Croissant-Rouge sur l\u2019int\u00e9grit\u00e9<\/a><\/strong>\u00a0\u00bb (CD\/19\/R2)<br>   \u2022   <strong><a href=\"https:\/\/future-rcrc.com\/fr\/tr3-trusted-organization\/\"><strong>Chapitre de la Strat\u00e9gie 2030 de la F\u00e9d\u00e9ration internationale consacr\u00e9 \u00e0 la confiance et la redevabilit\u00e9<\/strong><\/a><\/strong> \t\t\t\t\t<\/div>\n\t\t\t\t<\/li>\n\t\t\t\t\t\t\t<li class=\"accordion__item\">\n\t\t\t\t\t<div class=\"accordion__title\" role=\"button\" aria-expanded=\"false\" aria-label=\"3. Cr\u00e9er un environnement propice \u00e0 une action humanitaire fond\u00e9e sur des principes\">\n\t\t\t\t\t\t<h3 class=\"accordion__title-h4\">3. Cr\u00e9er un environnement propice \u00e0 une action humanitaire fond\u00e9e sur des principes<\/h3>\n\t\t\t\t\t<\/div>\n\t\t\t\t\t<div class=\"accordion__content\" role=\"region\" hidden>\n\t\t\t\t\t\tIl ne peut y avoir de confiance sans action humanitaire efficace et fond\u00e9e sur des principes, et celle-ci n\u00e9cessite un environnement propice. Or les \u00c9tats, par leurs pratiques, peuvent cr\u00e9er un environnement soit propice, soit d\u00e9favorable.<br> \u00a0<br>Cette s\u00e9ance a examin\u00e9 comment instaurer \u2013 aux niveaux local, national et mondial \u2013 un environnement propice \u00e0 une action humanitaire fond\u00e9e sur des principes. Les participants ont notamment clarifi\u00e9 les r\u00f4les des acteurs concern\u00e9s, identifi\u00e9 les principales difficult\u00e9s et leur impact, pr\u00e9sent\u00e9 des exemples de bonnes pratiques et \u00e9tudi\u00e9 les r\u00e9ponses collectives qui pourraient \u00eatre apport\u00e9es.<br> <br> Documents associ\u00e9s\u00a0:<br>    \u2022  <strong><a rel=\"noreferrer noopener\" href=\"https:\/\/media.ifrc.org\/ifrc\/wp-content\/uploads\/sites\/5\/2018\/10\/B-WDR-2018-FR-LR.pdf\" target=\"_blank\">Pas de laiss\u00e9s-pour-compte<\/a><\/strong>, Rapport sur les catastrophes dans le monde, F\u00e9d\u00e9ration internationale, 2018\t\t\t\t\t<\/div>\n\t\t\t\t<\/li>\n\t\t\t\t\t<\/ul>\n\t<\/section>\n","protected":false},"excerpt":{"rendered":"","protected":false},"author":1,"featured_media":11092,"parent":504,"menu_order":0,"comment_status":"closed","ping_status":"closed","template":"","meta":{"_acf_changed":false,"footnotes":""},"class_list":["post-11147","page","type-page","status-publish","has-post-thumbnail","hentry"],"acf":[],"_links":{"self":[{"href":"https:\/\/rcrcconference.org\/fr\/wp-json\/wp\/v2\/pages\/11147"}],"collection":[{"href":"https:\/\/rcrcconference.org\/fr\/wp-json\/wp\/v2\/pages"}],"about":[{"href":"https:\/\/rcrcconference.org\/fr\/wp-json\/wp\/v2\/types\/page"}],"author":[{"embeddable":true,"href":"https:\/\/rcrcconference.org\/fr\/wp-json\/wp\/v2\/users\/1"}],"replies":[{"embeddable":true,"href":"https:\/\/rcrcconference.org\/fr\/wp-json\/wp\/v2\/comments?post=11147"}],"version-history":[{"count":7,"href":"https:\/\/rcrcconference.org\/fr\/wp-json\/wp\/v2\/pages\/11147\/revisions"}],"predecessor-version":[{"id":15532,"href":"https:\/\/rcrcconference.org\/fr\/wp-json\/wp\/v2\/pages\/11147\/revisions\/15532"}],"up":[{"embeddable":true,"href":"https:\/\/rcrcconference.org\/fr\/wp-json\/wp\/v2\/pages\/504"}],"wp:featuredmedia":[{"embeddable":true,"href":"https:\/\/rcrcconference.org\/fr\/wp-json\/wp\/v2\/media\/11092"}],"wp:attachment":[{"href":"https:\/\/rcrcconference.org\/fr\/wp-json\/wp\/v2\/media?parent=11147"}],"curies":[{"name":"wp","href":"https:\/\/api.w.org\/{rel}","templated":true}]}}