{"id":11130,"date":"2019-11-07T19:38:34","date_gmt":"2019-11-07T19:38:34","guid":{"rendered":"https:\/\/rcrcconference.org\/shifting-vulnerabilities\/"},"modified":"2020-02-24T16:45:39","modified_gmt":"2020-02-24T16:45:39","slug":"evolution-des-vulnerabilites","status":"publish","type":"page","link":"https:\/\/rcrcconference.org\/fr\/about-4\/33rd-international-conference\/evolution-des-vulnerabilites\/","title":{"rendered":"L&rsquo;\u00e9volution des vuln\u00e9rabilit\u00e9s"},"content":{"rendered":"\n<section class=\"wp-block-red-cross-block-red-cross-text-block about\"><div class=\"container\"><div class=\"about__inner\"><div class=\"about__title\"><h3><\/h3><\/div><div class=\"about__content\">Le deuxi\u00e8me jour de la Conf\u00e9rence a \u00e9t\u00e9 consacr\u00e9 aux changements qui transforment le monde dans lequel nous vivons \u2013 changements technologiques, climatiques, d\u00e9mographiques et sur le plan des mouvements migratoires et de la r\u00e9partition de la population. Ces \u00e9volutions, complexes et interd\u00e9pendantes, affectent des millions de personnes dans le monde et font appara\u00eetre de nouvelles opportunit\u00e9s, mais aussi de nouvelles vuln\u00e9rabilit\u00e9s.<br\/> \u00a0<br\/>Les changements induits dans les soci\u00e9t\u00e9s et le paysage humanitaire sont si profonds que nous nous sommes demand\u00e9 si nos hypoth\u00e8ses et nos m\u00e9thodes de travail traditionnelles resteraient efficaces \u00e0 l\u2019avenir. De nouvelles approches sont en tout \u00e9tat de cause n\u00e9cessaires. Gr\u00e2ce \u00e0 sa pr\u00e9sence au niveau local et \u00e0 sa proximit\u00e9 avec les communaut\u00e9s, le Mouvement est bien plac\u00e9 pour comprendre l\u2019\u00e9volution des vuln\u00e9rabilit\u00e9s, la pr\u00e9venir, s\u2019y pr\u00e9parer, y faire face et orienter les changements mondiaux.<\/div><\/div><\/div><\/section>\n\n\n\n<figure class=\"wp-block-embed-youtube aligncenter wp-block-embed is-type-video is-provider-youtube wp-embed-aspect-16-9 wp-has-aspect-ratio\"><div class=\"wp-block-embed__wrapper\">\n<iframe loading=\"lazy\" title=\"L\u2019\u00e9volution des vuln\u00e9rabilit\u00e9s \u00e0 la 33e Conf\u00e9rence Internationale du CRRC\" width=\"500\" height=\"281\" src=\"https:\/\/www.youtube.com\/embed\/XASNvtV-kcs?list=PLf2g_NkFyyv6HvFpjZEv_LT-XlCnRcqx7\" frameborder=\"0\" allow=\"accelerometer; autoplay; clipboard-write; encrypted-media; gyroscope; picture-in-picture; web-share\" referrerpolicy=\"strict-origin-when-cross-origin\" allowfullscreen><\/iframe>\n<\/div><\/figure>\n\n\n<section class=\"accordion-block\" style=\"background-color: #8C8C8C; color: #ffffff\" role=\"region\" aria-label=\"Pedges accordion block\">\n\t\t\t<div class=\"accordion-block__title\" role=\"heading\" aria-level=\"3\">\n\t\t\t<h3>Cette commission a consist\u00e9 en deux s\u00e9ances pl\u00e9ni\u00e8res (ouverture et cl\u00f4ture) et six s\u00e9ances th\u00e9matiques, d\u00e9taill\u00e9es ci-dessous.<\/h3>\n\t\t<\/div>\n\t\t\t\t<ul class=\"accordion\">\n\t\t\t\t\t\t\t<li class=\"accordion__item\">\n\t\t\t\t\t<div class=\"accordion__title\" role=\"button\" aria-expanded=\"false\" aria-label=\"1.\tLe r\u00f4le des volontaires dans la sant\u00e9 communautaire\">\n\t\t\t\t\t\t<h3 class=\"accordion__title-h4\">1.\tLe r\u00f4le des volontaires dans la sant\u00e9 communautaire<\/h3>\n\t\t\t\t\t<\/div>\n\t\t\t\t\t<div class=\"accordion__content\" role=\"region\" hidden>\n\t\t\t\t\t\tCette s\u00e9ance s\u2019est pench\u00e9e sur l\u2019\u00e9volution du r\u00f4le des volontaires dans la sant\u00e9 communautaire, et plus particuli\u00e8rement sur leur r\u00f4le crucial dans les r\u00e9ponses apport\u00e9es aux besoins \u00e9mergents en mati\u00e8re de sant\u00e9, comme la d\u00e9tection et l\u2019intervention en cas d\u2019\u00e9pid\u00e9mie ou de pand\u00e9mie. Il a \u00e9t\u00e9 pr\u00e9conis\u00e9 d\u2019accro\u00eetre le soutien apport\u00e9 aux communaut\u00e9s ainsi que les efforts visant \u00e0 d\u00e9placer l\u2019accent des syst\u00e8mes de sant\u00e9 formels vers les syst\u00e8mes de sant\u00e9 communautaires. Les participants \u00e0 la s\u00e9ance ont soulign\u00e9 combien il \u00e9tait important, pour les activit\u00e9s de pr\u00e9vention, de pr\u00e9paration, d\u2019intervention et de rel\u00e8vement, d\u2019associer les communaut\u00e9s et les acteurs locaux sur le long terme et d\u2019une fa\u00e7on coordonn\u00e9e et coh\u00e9rente. <br><br> Documents associ\u00e9s :<br>  \u2022     R\u00e9solution\u00a03, \u00ab\u00a0<strong><a rel=\"noreferrer noopener\" href=\"https:\/\/rcrcconference.org\/app\/uploads\/2019\/12\/33IC_R3-Epidemic_Pandemic-resolution-adopted-final-FR.pdf\" target=\"_blank\">Agir maintenant en combattant ensemble les \u00e9pid\u00e9mies et les pand\u00e9mies<\/a><\/strong>\u00a0\u00bb (33IC\/19\/R3) et le <strong><a href=\"https:\/\/rcrcconference.org\/app\/uploads\/2019\/10\/33IC_12.3-Epidemic_Pandemic-background-doc-FINAL-FR.pdf\">document de r\u00e9f\u00e9rence<\/a><\/strong> correspondant (33IC\/19\/12.3)<br>   \u2022      Mod\u00e8le d\u2019engagement\u00a0: Combattre ensemble les \u00e9pid\u00e9mies et les pand\u00e9mies<br>   \u2022      <strong><a rel=\"noreferrer noopener\" href=\"https:\/\/media.ifrc.org\/ifrc\/wp-content\/uploads\/sites\/5\/2019\/07\/20190705-DRC_EbolaResponse-MarketingHandOut.pdf\" target=\"_blank\">Responding to the second deadliest Ebola outbreak in history<\/a><\/strong> (en anglais seulement)<br>   \u2022      <strong><a rel=\"noreferrer noopener\" href=\"http:\/\/apps.who.int\/gpmb\/assets\/thematic_papers\/tr-5.pdf\" target=\"_blank\">From words to action: Towards a community-centred approach to preparedness and response in health emergencies<\/a><\/strong> (en anglais seulement)\t\t\t\t\t<\/div>\n\t\t\t\t<\/li>\n\t\t\t\t\t\t\t<li class=\"accordion__item\">\n\t\t\t\t\t<div class=\"accordion__title\" role=\"button\" aria-expanded=\"false\" aria-label=\"2.\tFaire face aux cons\u00e9quences humanitaires de la crise climatique\">\n\t\t\t\t\t\t<h3 class=\"accordion__title-h4\">2.\tFaire face aux cons\u00e9quences humanitaires de la crise climatique<\/h3>\n\t\t\t\t\t<\/div>\n\t\t\t\t\t<div class=\"accordion__content\" role=\"region\" hidden>\n\t\t\t\t\t\tLe changement climatique a d\u00e9j\u00e0 un impact, ici et maintenant\u00a0: nous pouvons tous constater que les ph\u00e9nom\u00e8nes m\u00e9t\u00e9orologiques ou climatiques extr\u00eames sont de plus en plus fr\u00e9quents, intenses et impr\u00e9visibles. Le climat n\u2019est pas une pr\u00e9occupation pour l\u2019avenir, mais une question qui concerne l\u2019ensemble du Mouvement international de la Croix-Rouge et du Croissant-Rouge d\u00e8s aujourd\u2019hui. Cette s\u00e9ance a offert l\u2019occasion d\u2019examiner les cons\u00e9quences humanitaires du changement climatique, de mettre en \u00e9vidence les d\u00e9fis et les opportunit\u00e9s qu\u2019il pr\u00e9sente, et d\u2019identifier les mesures que nous pouvons prendre pour intensifier nos efforts conjoints et favoriser la mobilisation dans ce domaine, y compris par le biais de partenariats.<br> \u00a0<br>Documents associ\u00e9s : <br>\u2022 R\u00e9solution 7, \u00ab\u00a0<strong><a rel=\"noreferrer noopener\" href=\"https:\/\/rcrcconference.org\/app\/uploads\/2019\/12\/33IC_R7-Disaster-Law-resolution-adopted-final-FR.pdf\" target=\"_blank\"><strong>\u00c9laboration de lois et de politiques relatives aux catastrophes qui ne laissent personne pour compte<\/strong><\/a>\u00a0\u00bb <\/strong>(33IC\/19\/R7) et le <strong><a href=\"https:\/\/rcrcconference.org\/app\/uploads\/2019\/10\/33IC_12.5-Disaster-Law-background-doc-final-FR.pdf\">document de r\u00e9f\u00e9rence<\/a><\/strong> correspondant (33IC\/19\/12.5)<br> \u2022  Mod\u00e8le d\u2019engagement\u00a0: Gestion des risques de catastrophe qui tient compte des changements climatiques et renforcement de l\u2019action climatique <br> \u2022  <strong>Cadre pour l\u2019action climatique \u00e0 l\u2019horizon 2020<\/strong>, F\u00e9d\u00e9ration internationale (<a href=\"https:\/\/www.climatecentre.org\/downloads\/files\/IFRC-%20QA%20framework%202020_FR%20A4%202pages%20V4%20%281%29.pdf\">r\u00e9sum\u00e9<\/a> en fran\u00e7ais\u00a0; <a href=\"http:\/\/www.climatecentre.org\/downloads\/files\/CLIMATE%20FRAMEWORK%20FULL.pdf\">document complet<\/a> en anglais)<br> \u2022  <strong><a rel=\"noreferrer noopener\" href=\"https:\/\/media.ifrc.org\/ifrc\/wp-content\/uploads\/sites\/5\/2019\/09\/2019-IFRC-CODN-EN.pdf\" target=\"_blank\">The Cost of Doing Nothing<\/a><\/strong>, F\u00e9d\u00e9ration internationale, 2019 (en anglais seulement)<br> \u2022  <strong><a rel=\"noreferrer noopener\" href=\"https:\/\/media.ifrc.org\/ifrc\/wp-content\/uploads\/sites\/5\/2019\/10\/IFRC-contribution-to-the-climate-action-summit.pdf\" target=\"_blank\">The IFRC Commitments for the Climate Summit<\/a><\/strong>, F\u00e9d\u00e9ration internationale, 2019 (en anglais seulement)\t\t\t\t\t<\/div>\n\t\t\t\t<\/li>\n\t\t\t\t\t\t\t<li class=\"accordion__item\">\n\t\t\t\t\t<div class=\"accordion__title\" role=\"button\" aria-expanded=\"false\" aria-label=\"3.\tB\u00e2tir des communaut\u00e9s urbaines s\u00fbres et inclusives par le biais de l\u2019action humanitaire en milieu urbain\">\n\t\t\t\t\t\t<h3 class=\"accordion__title-h4\">3.\tB\u00e2tir des communaut\u00e9s urbaines s\u00fbres et inclusives par le biais de l\u2019action humanitaire en milieu urbain<\/h3>\n\t\t\t\t\t<\/div>\n\t\t\t\t\t<div class=\"accordion__content\" role=\"region\" hidden>\n\t\t\t\t\t\tL\u2019urbanisation fa\u00e7onne l\u2019avenir. De plus en plus de gens s\u2019installent et vivent dans des villes, dont beaucoup dans des conditions pr\u00e9caires. Ils peinent \u00e0 subvenir \u00e0 leurs besoins \u00e0 cause de la pauvret\u00e9, de la marginalisation et des in\u00e9galit\u00e9s. Et alors que les zones urbaines sont de plus en plus confront\u00e9es au changement climatique, \u00e0 l\u2019insuffisance des services de base, au manque de capacit\u00e9s, \u00e0 la guerre et \u00e0 la violence, ce sont les habitants pauvres des villes qui paient le plus lourd tribut, car ils sont le moins \u00e0 m\u00eame de se prot\u00e9ger. Il en r\u00e9sulte toute une gamme de besoins humanitaires et de d\u00e9veloppement non satisfaits. La forme que prend l\u2019urbanisation dans les pays en d\u00e9veloppement, et le rythme rapide auquel elle progresse, influent sur le contexte op\u00e9rationnel de l\u2019ensemble des composantes du Mouvement.<br><br>Passant d\u2019une perspective mondiale \u00e0 une perspective communautaire, cette s\u00e9ance th\u00e9matique a port\u00e9 sur les cons\u00e9quences humanitaires de l\u2019urbanisation rapide et sur ce que cela implique pour l\u2019action humanitaire men\u00e9e par le Mouvement.<br><br>Documents associ\u00e9s\u00a0: <br> \u2022 Mod\u00e8le d\u2019engagement\u00a0: R\u00e9duire les vuln\u00e9rabilit\u00e9s des communaut\u00e9s urbaines et contribuer \u00e0 b\u00e2tir des villes s\u00fbres et inclusives par le biais de l\u2019action humanitaire fond\u00e9e sur des principes <br>  \u2022  <strong><a rel=\"noreferrer noopener\" href=\"https:\/\/media.ifrc.org\/ifrc\/document\/building-urban-resilience-guide-red-cross-red-crescent-engagement-contribution\/\" target=\"_blank\">Building Urban Resilience: A Guide for Red Cross and Red Crescent Engagement and Contribution<\/a><\/strong>, F\u00e9d\u00e9ration internationale, 2017 (en anglais seulement)<br>  \u2022  <a rel=\"noreferrer noopener\" href=\"https:\/\/www.nab.vu\/sites\/default\/files\/documents\/Coalition%20Building%20in%20Coastal%20Cities_global%20briefer_final070716%20v2.pdf\" target=\"_blank\"><strong>Coalition Building in Coastal Cities<\/strong><\/a>, Centre mondial de pr\u00e9paration aux catastrophes (en anglais seulement)<br> \u2022 <strong><a rel=\"noreferrer noopener\" href=\"https:\/\/shop.icrc.org\/urban-services-during-protracted-armed-conflict.html?___store=default&amp;_ga=2.77649364.1735548468.1571907357-1275748521.1560854271\" target=\"_blank\">Services urbains lors de conflits arm\u00e9s prolong\u00e9s \u2013 Pour une red\u00e9finition de l\u2019aide apport\u00e9e aux populations touch\u00e9es<\/a><\/strong>, CICR, 2015 \t\t\t\t\t<\/div>\n\t\t\t\t<\/li>\n\t\t\t\t\t\t\t<li class=\"accordion__item\">\n\t\t\t\t\t<div class=\"accordion__title\" role=\"button\" aria-expanded=\"false\" aria-label=\"4.\tRenforcer les r\u00e9ponses apport\u00e9es aux besoins en mati\u00e8re de sant\u00e9 mentale et de soutien psychosocial des populations touch\u00e9es par une situation d\u2019urgence\">\n\t\t\t\t\t\t<h3 class=\"accordion__title-h4\">4.\tRenforcer les r\u00e9ponses apport\u00e9es aux besoins en mati\u00e8re de sant\u00e9 mentale et de soutien psychosocial des populations touch\u00e9es par une situation d\u2019urgence<\/h3>\n\t\t\t\t\t<\/div>\n\t\t\t\t\t<div class=\"accordion__content\" role=\"region\" hidden>\n\t\t\t\t\t\tCette s\u00e9ance visait \u00e0 renforcer notre sentiment d\u2019urgence collectif de fa\u00e7on \u00e0 encourager les \u00c9tats et les Soci\u00e9t\u00e9s nationales \u00e0 intensifier leurs efforts dans ce domaine. Elle a aussi examin\u00e9 les cons\u00e9quences de la stigmatisation associ\u00e9e aux probl\u00e8mes de sant\u00e9 mentale (discrimination et exclusion), et a mis en \u00e9vidence des moyens de renforcer la sant\u00e9 mentale et le bien-\u00eatre psychosocial des acteurs humanitaires.<br> \u00a0<br> Documents associ\u00e9s\u00a0:<br>  \u2022  R\u00e9solution 2, \u00ab\u00a0<a href=\"https:\/\/rcrcconference.org\/app\/uploads\/2019\/12\/33IC-R2-MHPSS-_CLEAN_ADOPTED_FR.pdf\"><strong>R\u00e9pondre aux besoins en mati\u00e8re de sant\u00e9 mentale et de soutien psychosocial des personnes touch\u00e9es par les conflits arm\u00e9s, les catastrophes naturelles et d\u2019autres situations d\u2019urgence<\/strong><\/a>\u00a0\u00bb (33IC\/19\/R2) et le <a href=\"https:\/\/rcrcconference.org\/app\/uploads\/2019\/10\/33IC_12.2-MHPSS-background-doc-final-FR.pdf\"><strong>document de r\u00e9f\u00e9rence<\/strong><\/a> correspondant (33IC\/19\/12.2)<br>  \u2022  Mod\u00e8le d\u2019engagement sur les besoins en mati\u00e8re de sant\u00e9 mentale et de soutien psychosocial\u00a0: int\u00e9grer la sant\u00e9 mentale et le soutien psychosocial dans l\u2019action humanitaire<br>  \u2022  Mod\u00e8le d\u2019engagement sur les besoins en mati\u00e8re de sant\u00e9 mentale et de soutien psychosocial\u00a0: prendre soin du personnel et des volontaires <br>  \u2022  Mod\u00e8le d\u2019engagement sur les besoins en mati\u00e8re de sant\u00e9 mentale et de soutien psychosocial\u00a0: renforcer les capacit\u00e9s des ressources humaines dans le domaine de la sant\u00e9 mentale et du soutien psychosocial <br>  \u2022  Mod\u00e8le d\u2019engagement sur les besoins en mati\u00e8re de sant\u00e9 mentale et de soutien psychosocial\u00a0: renforcer la collecte de donn\u00e9es, la recherche, la pratique fond\u00e9e sur des donn\u00e9es probantes ainsi que l\u2019apprentissage dans le domaine de la sant\u00e9 mentale et du soutien psychosocial <br>  \u2022  <strong><a rel=\"noreferrer noopener\" href=\"https:\/\/www.who.int\/fr\/news-room\/fact-sheets\/detail\/mental-health-in-emergencies\" target=\"_blank\"><strong>La sant\u00e9 mentale dans les situations d\u2019urgence<\/strong><\/a><\/strong>, fiche d\u2019information, OMS, 2019<br>  \u2022  <strong><a rel=\"noreferrer noopener\" href=\"https:\/\/pscentre.org\/?resource=guide-des-premiers-secours-psychoogiques-a-guide-to-psychological-first-aid\" target=\"_blank\"><strong>Guide des premiers secours psychologiques<\/strong><\/a><\/strong>, F\u00e9d\u00e9ration internationale, 2018<br>  \u2022  <strong><a rel=\"noreferrer noopener\" href=\"https:\/\/shop.icrc.org\/publications\/guidelines-on-mental-health-and-psychosocial-support.html?___store=fr&amp;___from_store=default\" target=\"_blank\"><strong>Guide pour les activit\u00e9s de sant\u00e9 mentale et de soutien psychosocial<\/strong><\/a><\/strong>, CICR, 2018 \t\t\t\t\t<\/div>\n\t\t\t\t<\/li>\n\t\t\t\t\t\t\t<li class=\"accordion__item\">\n\t\t\t\t\t<div class=\"accordion__title\" role=\"button\" aria-expanded=\"false\" aria-label=\"5.\tL\u2019action humanitaire \u00e0 l\u2019\u00e8re num\u00e9rique\">\n\t\t\t\t\t\t<h3 class=\"accordion__title-h4\">5.\tL\u2019action humanitaire \u00e0 l\u2019\u00e8re num\u00e9rique<\/h3>\n\t\t\t\t\t<\/div>\n\t\t\t\t\t<div class=\"accordion__content\" role=\"region\" hidden>\n\t\t\t\t\t\tCette s\u00e9ance a mis en \u00e9vidence l\u2019importance et l\u2019impact de la transformation num\u00e9rique et de l\u2019utilisation des nouvelles technologies sur l\u2019action humanitaire. Elle a \u00e9tudi\u00e9 la fa\u00e7on dont le Mouvement, les \u00c9tats et d\u2019autres acteurs peuvent adopter et suivre une approche fond\u00e9e sur des principes \u00e0 l\u2019\u00e8re num\u00e9rique, en mettant l\u2019accent sur la responsabilit\u00e9 num\u00e9rique, l\u2019inclusion num\u00e9rique et la ma\u00eetrise des comp\u00e9tences num\u00e9riques.<br> \u00a0<br> Documents associ\u00e9s\u00a0:<br> \u2022 R\u00e9solution\u00a04, \u00ab\u00a0<strong><a href=\"https:\/\/rcrcconference.org\/app\/uploads\/2019\/12\/IC33-R4-RFL-Data-protection_ADOPTED-clean_fr.pdf\">R\u00e9tablir les liens familiaux tout en respectant la vie priv\u00e9e, y compris en ce qui concerne la protection des donn\u00e9es personnelles<\/a><\/strong>\u00a0\u00bb (33IC\/19\/R4) et le <strong><a href=\"https:\/\/rcrcconference.org\/app\/uploads\/2019\/10\/33IC-Background-document-RLF_fr.pdf\">document de r\u00e9f\u00e9rence<\/a><\/strong> correspondant (33IC\/19\/12.4)<br>  \u2022  Mod\u00e8le d\u2019engagement\u00a0: Renforcement des services de r\u00e9tablissement des liens familiaux (RLF) au sein du Mouvement international de la Croix-Rouge et du Croissant-Rouge et de la coop\u00e9ration entre les composantes du Mouvement et les \u00c9tats <br>  \u2022  Mod\u00e8le d\u2019engagement\u00a0: Cadres nationaux relatifs au respect de la vie priv\u00e9e, notamment \u00e0 la protection des donn\u00e9es personnelles <br>  \u2022  <a rel=\"noreferrer noopener\" href=\"https:\/\/www.preparecenter.org\/toolkit\/data-playbook-toolkit\" target=\"_blank\"><strong>Data Playbook<\/strong><\/a> (en anglais seulement)<br>  \u2022  <a rel=\"noreferrer noopener\" href=\"https:\/\/shop.icrc.org\/handbook-on-data-protection-in-humanitarian-action.html?___store=default&amp;_ga=2.31230143.1060643702.1570010929-307572606.1551094706\" target=\"_blank\"><strong>Handbook on Data Protection in Humanitarian Action<\/strong><\/a>, CICR, 2017 (en anglais seulement) \t\t\t\t\t<\/div>\n\t\t\t\t<\/li>\n\t\t\t\t\t\t\t<li class=\"accordion__item\">\n\t\t\t\t\t<div class=\"accordion__title\" role=\"button\" aria-expanded=\"false\" aria-label=\"6.\tMigration et d\u00e9placement interne : pr\u00e9server l'humanit\u00e9\">\n\t\t\t\t\t\t<h3 class=\"accordion__title-h4\">6.\tMigration et d\u00e9placement interne : pr\u00e9server l&rsquo;humanit\u00e9<\/h3>\n\t\t\t\t\t<\/div>\n\t\t\t\t\t<div class=\"accordion__content\" role=\"region\" hidden>\n\t\t\t\t\t\tCette s\u00e9ance a sensibilis\u00e9 les participants aux diff\u00e9rents d\u00e9fis et besoins humanitaires li\u00e9s \u00e0 la migration et au d\u00e9placement interne. Elle a \u00e9galement examin\u00e9 le r\u00f4le du Mouvement et les responsabilit\u00e9s des \u00c9tats concernant la satisfaction de ces besoins, dans le but de renforcer l\u2019engagement et l\u2019action visant \u00e0 offrir une protection et une assistance aux migrants et aux d\u00e9plac\u00e9s internes, \u00e0 garantir leur acc\u00e8s aux services essentiels et \u00e0 prot\u00e9ger l\u2019espace humanitaire.<br> \u00a0<br> Documents associ\u00e9s\u00a0:<br>  \u2022 R\u00e9solution\u00a03 de la XXXI<sup>e<\/sup>\u00a0Conf\u00e9rence internationale, \u00ab\u00a0<strong><a href=\"rcrcconference.org\/wp-content\/uploads\/2019\/03\/31-international-conference-resolution-3-migration-FR-.pdf\">Migration\u00a0: garantir l\u2019acc\u00e8s, la dignit\u00e9, le respect de la diversit\u00e9 et l\u2019int\u00e9gration sociale<\/a><\/strong>\u00a0\u00bb (31IC\/11\/R3)<br>  \u2022 R\u00e9solution 8 du Conseil des D\u00e9l\u00e9gu\u00e9s de 2019, \u00ab\u00a0<strong><a href=\"https:\/\/rcrcconference.org\/app\/uploads\/2019\/12\/190032_fr-CD-19-R8_Movement-Declaration-on-Migration_ADOPTED_fr.pdf\">Adoption par le Mouvement d\u2019une d\u00e9claration sur les migrants et notre humanit\u00e9 commune<\/a><\/strong>\u00a0\u00bb (CD\/19\/R8)<br>  \u2022 Mod\u00e8le d\u2019engagement\u00a0: Renforcement de la r\u00e9ponse au d\u00e9placement interne<br>  \u2022 Mod\u00e8le d\u2019engagement\u00a0: Reaffirming the commitment to migration and our common humanity (en anglais seulement)<br>  \u2022 <strong><a rel=\"noreferrer noopener\" href=\"https:\/\/media.ifrc.org\/ifrc\/wp-content\/uploads\/sites\/5\/2019\/10\/IFRC_StrategyOnMigration_FR_20171215_LR.pdf\" target=\"_blank\">Strat\u00e9gie mondiale de la F\u00e9d\u00e9ration internationale relative \u00e0 la migration (2018-2022)<\/a><\/strong><br>  \u2022 <strong><a rel=\"noreferrer noopener\" href=\"https:\/\/shop.icrc.org\/displaced-in-cities-experiencing-and-responding-to-urban-internal-displacement-outside-camps-2926.html?___store=default&amp;_ga=2.90864346.1735548468.1571907357-1275748521.1560854271\" target=\"_blank\">D\u00e9plac\u00e9s urbains \u2013 S\u2019adapter et r\u00e9pondre au d\u00e9placement hors des camps<\/a><\/strong>, CICR, 2018 <br>  \u2022  <strong><a rel=\"noreferrer noopener\" href=\"https:\/\/www.icrc.org\/fr\/document\/deplaces-internes-strategie-du-cicr-pour-la-periode-2016-2019\" target=\"_blank\">Le d\u00e9placement interne \u2013 Strat\u00e9gie du CICR pour la p\u00e9riode 2016-2019<\/a><\/strong>, CICR\t\t\t\t\t<\/div>\n\t\t\t\t<\/li>\n\t\t\t\t\t<\/ul>\n\t<\/section>\n","protected":false},"excerpt":{"rendered":"","protected":false},"author":1,"featured_media":11080,"parent":504,"menu_order":0,"comment_status":"closed","ping_status":"closed","template":"","meta":{"_acf_changed":false,"footnotes":""},"class_list":["post-11130","page","type-page","status-publish","has-post-thumbnail","hentry"],"acf":[],"_links":{"self":[{"href":"https:\/\/rcrcconference.org\/fr\/wp-json\/wp\/v2\/pages\/11130"}],"collection":[{"href":"https:\/\/rcrcconference.org\/fr\/wp-json\/wp\/v2\/pages"}],"about":[{"href":"https:\/\/rcrcconference.org\/fr\/wp-json\/wp\/v2\/types\/page"}],"author":[{"embeddable":true,"href":"https:\/\/rcrcconference.org\/fr\/wp-json\/wp\/v2\/users\/1"}],"replies":[{"embeddable":true,"href":"https:\/\/rcrcconference.org\/fr\/wp-json\/wp\/v2\/comments?post=11130"}],"version-history":[{"count":16,"href":"https:\/\/rcrcconference.org\/fr\/wp-json\/wp\/v2\/pages\/11130\/revisions"}],"predecessor-version":[{"id":15527,"href":"https:\/\/rcrcconference.org\/fr\/wp-json\/wp\/v2\/pages\/11130\/revisions\/15527"}],"up":[{"embeddable":true,"href":"https:\/\/rcrcconference.org\/fr\/wp-json\/wp\/v2\/pages\/504"}],"wp:featuredmedia":[{"embeddable":true,"href":"https:\/\/rcrcconference.org\/fr\/wp-json\/wp\/v2\/media\/11080"}],"wp:attachment":[{"href":"https:\/\/rcrcconference.org\/fr\/wp-json\/wp\/v2\/media?parent=11130"}],"curies":[{"name":"wp","href":"https:\/\/api.w.org\/{rel}","templated":true}]}}