{"id":10997,"date":"2019-11-05T09:32:25","date_gmt":"2019-11-05T09:32:25","guid":{"rendered":"https:\/\/rcrcconference.org\/trail\/"},"modified":"2019-12-02T15:07:32","modified_gmt":"2019-12-02T15:07:32","slug":"trail","status":"publish","type":"page","link":"https:\/\/rcrcconference.org\/fr\/trail\/","title":{"rendered":"Le sentier humanitaire"},"content":{"rendered":"<section class=\"banner\" style=\"background-image: url('https:\/\/rcrcconference.org\/app\/uploads\/2019\/11\/Mus\u00e9eepg.jpg');\">\n\t<div class=\"container\">\n\t\t<div class=\"banner__inner\">\n\t\t\t<span class=\"banner__subtitle\">4-12 d\u00e9cembre 2019 \u00e0 Gen\u00e8ve<\/span>\n\t\t\t<div class=\"banner__title\">\n\t\t\t\t<h1>Le sentier humanitaire<\/h1>\n\t\t\t<\/div>\n\t\t\t\t\t<\/div>\n\t<\/div>\n<\/section>\n\n\n\n<section class=\"wp-block-red-cross-block-red-cross-text-block about\"><div class=\"container\"><div class=\"about__inner\"><div class=\"about__title\"><h3><\/h3><\/div><div class=\"about__content\">Mus\u00e9e \u00e0 ciel ouvert, <strong>le Sentier humanitaire<\/strong> vous propose de parcourir des chemins reliant des sites historiques et symboliques, ainsi que des expositions et des \u00e9v\u00e9nements temporaires portant sur les th\u00e8mes de la XXXIII<sup>e<\/sup>\u00a0Conf\u00e9rence internationale de la Croix-Rouge et du Croissant-Rouge.<br\/><br\/> Du 4 au 12\u00a0d\u00e9cembre, le public et les <a rel=\"noreferrer noopener\" aria-label=\"\u00e9coles  (opens in a new tab)\" href=\"https:\/\/www.eventbrite.com\/e\/sentier-humanitaire-a-geneve-visites-exclusives-tickets-78588047967\" target=\"_blank\"><strong>\u00e9coles <\/strong><\/a>auront la possibilit\u00e9 unique de suivre deux sentiers distincts pour\u00a0:<br\/>&#8211; Explorer les th\u00e8mes de la Conf\u00e9rence en visitant des lieux historiques importants et en assistant \u00e0 des \u00e9v\u00e9nements temporaires dans Gen\u00e8ve,<br\/>&#8211; D\u00e9couvrir l\u2019histoire de la Croix-Rouge, de ses origines jusqu\u2019aux d\u00e9fis qui se posent \u00e0 elle aujourd\u2019hui. <br\/><br\/><strong>Sentier 1 : L\u2019H\u00e9ritage humanitaire \u2013 Vieille ville<\/strong><br\/>D\u00e9couvrez comment une poign\u00e9e de citoyens genevois ont donn\u00e9 naissance \u00e0 la Croix-Rouge, initiative qui a rapidement abouti \u00e0 une action humanitaire concr\u00e8te puis \u00e0 l\u2019\u00e9laboration du droit international humanitaire.  <br\/><br\/><strong>Sentier 2 : Le P\u00e9riple humanitaire \u2013 Quartier international<br\/><\/strong> Explorez l\u2019histoire fascinante du Mouvement international de la Croix-Rouge et du Croissant-Rouge, le d\u00e9veloppement remarquable de l\u2019action humanitaire internationale et du droit international humanitaire, ainsi que les d\u00e9fis \u00e9mergents et \u00e0 venir. <br\/><br\/>Choisissez le sentier que vous souhaitez suivre \u00e0 l\u2019aide du plan fourni, t\u00e9l\u00e9chargez notre brochure et d\u00e9couvrez par vous-m\u00eame l\u2019histoire fascinante de la Croix-Rouge et du Croissant-Rouge, ainsi que les d\u00e9fis \u00e9mergents qui influeront \u00e0 l\u2019avenir sur l\u2019\u00e9volution de l\u2019action et du droit humanitaires. <br\/>Pour t\u00e9l\u00e9charger <strong><a rel=\"noreferrer noopener\" aria-label=\"la brochure du Sentier Humanitaire (opens in a new tab)\" href=\"https:\/\/rcrcconference.org\/app\/uploads\/2019\/12\/CICR_Les-sentiers-humanitaires_Programme_FR_prod_web.pdf\" target=\"_blank\">la brochure du Sentier Humanitaire<\/a><\/strong>  <br\/><em>Brochures aussi disponibles \u00e0 :  Gen\u00e8ve Tourisme proche de la gare de Cornavin (18 rue du Mont-Blanc), la Maison Tavel dans la Vieille-Ville, la Place des Nations, le Mus\u00e9e international de la Croix-Rouge et du Croissant-Rouge.<br\/> Pour les d\u00e9l\u00e9gu\u00e9s et participants \u00e0 la Conf\u00e9rence : stand Gen\u00e8ve Tourisme au CICG<\/em><\/div><\/div><\/div><\/section>\n\n\n\n<div class=\"wp-block-image\"><figure class=\"aligncenter size-large is-resized\"><a href=\"https:\/\/rcrcconference.org\/fr\/trail\/digital-expo\/\"><img loading=\"lazy\" decoding=\"async\" src=\"https:\/\/rcrcconference.org\/app\/uploads\/2019\/12\/Digital-Expo-1.gif\" alt=\"\" class=\"wp-image-12759\" width=\"900\" height=\"180\"\/><\/a><figcaption><strong><a href=\"https:\/\/rcrcconference.org\/fr\/trail\/digital-expo\/\">Crises humanitaires &amp; dilemmes num\u00e9riques- Place des Nations<\/a><\/strong><\/figcaption><\/figure><\/div>\n\n\n\n<section class=\"wp-block-red-cross-block-red-cross-text-block about\"><div class=\"container\"><div class=\"about__inner\"><div class=\"about__title\"><h3><\/h3><\/div><div class=\"about__content\"> <strong>Prix<\/strong><br\/>Les installations temporaires du Sentier sont  gratuites \u00e0 exception de l\u2019exposition Arr\u00eat Sur  Affiches du Mus\u00e9e international de la Croix- Rouge et du Croissant-Rouge, ainsi que de  l\u2019exposition Guerre et Paix du Mus\u00e9e Bodmer.  L\u2019entr\u00e9e au Mus\u00e9e de la Croix-Rouge est gratuite  pour les d\u00e9l\u00e9gu\u00e9s inscrits \u00e0 la Conf\u00e9rence sur  pr\u00e9sentation de leur badge.<br\/><a rel=\"noreferrer noopener\" href=\"http:\/\/www.fondationbodmer.ch\/contact\/\" target=\"_blank\"> www.fondationbodmer.ch\/contact\/<\/a><br\/><a rel=\"noreferrer noopener\" href=\"http:\/\/www.redcrossmuseum.ch\/votre-visite\/informations-pratiques\/\" target=\"_blank\"> www.redcrossmuseum.ch\/votre-visite\/informations-pratiques\/<\/a><br\/><strong><br\/><em>Exclusivement pour les d\u00e9l\u00e9gu\u00e9s et participants \u00e0 la Conf\u00e9rence:<br\/><\/em><\/strong>Tout au long de la journ\u00e9e du 9 d\u00e9cembre, les participants \u00e0 la Conf\u00e9rence internationale ont la possibilit\u00e9 de participer gratuitement \u00e0 des visites guid\u00e9es de groupe organis\u00e9es en anglais, fran\u00e7ais, arabe et espagnol.  Pour vous inscrire, remplissez ce <a href=\"https:\/\/rcrcconference.org\/fr\/contact\/\"><strong>formulaire <\/strong><\/a>en ajoutant \u00abHumanitarian Trail registration\u00bb dans l&rsquo;objet de votre message ou v\u00e9rifiez la communication envoy\u00e9e le 25 octobre dernier \u00e0 tous les participants.   <\/div><\/div><\/div><\/section>\n\n\n\n<div class=\"wp-block-image\"><figure class=\"aligncenter\"><a href=\"https:\/\/maphub.net\/LeSentierHumanitaire\/le-sentier-humanitaire \" target=\"_blank\" rel=\"noreferrer noopener\"><img loading=\"lazy\" decoding=\"async\" width=\"1920\" height=\"971\" src=\"https:\/\/rcrcconference.org\/app\/uploads\/2019\/11\/Humanitarian-trail-1.png\" alt=\"\" class=\"wp-image-11233\" srcset=\"https:\/\/rcrcconference.org\/app\/uploads\/2019\/11\/Humanitarian-trail-1.png 1920w, https:\/\/rcrcconference.org\/app\/uploads\/2019\/11\/Humanitarian-trail-1-300x152.png 300w, https:\/\/rcrcconference.org\/app\/uploads\/2019\/11\/Humanitarian-trail-1-768x388.png 768w, https:\/\/rcrcconference.org\/app\/uploads\/2019\/11\/Humanitarian-trail-1-1024x518.png 1024w\" sizes=\"(max-width: 1920px) 100vw, 1920px\" \/><\/a><\/figure><\/div>\n\n\n<div class=\"pledges-btn\" aria-label=\"Pledges button container\">\n\t<div class=\"container\">\n\t\t<div class=\"pledges-btn__inner\" role=\"button\">\n\t\t\t\t\t\t\t\t\t\t\t\t<a href=\"https:\/\/rcrcconference.org\/fr\/contact\/\" class=\"button primary\">Pour plus d&rsquo;informations au sujet du Sentier Humanitaire, veuillez contacter<\/a>\n\t\t\t\t\t\t\t\t\t<\/div>\n\t<\/div>\n<\/div>\n","protected":false},"excerpt":{"rendered":"","protected":false},"author":1,"featured_media":10900,"parent":0,"menu_order":0,"comment_status":"closed","ping_status":"closed","template":"front-page.php","meta":{"_acf_changed":false,"footnotes":""},"class_list":["post-10997","page","type-page","status-publish","has-post-thumbnail","hentry"],"acf":[],"_links":{"self":[{"href":"https:\/\/rcrcconference.org\/fr\/wp-json\/wp\/v2\/pages\/10997"}],"collection":[{"href":"https:\/\/rcrcconference.org\/fr\/wp-json\/wp\/v2\/pages"}],"about":[{"href":"https:\/\/rcrcconference.org\/fr\/wp-json\/wp\/v2\/types\/page"}],"author":[{"embeddable":true,"href":"https:\/\/rcrcconference.org\/fr\/wp-json\/wp\/v2\/users\/1"}],"replies":[{"embeddable":true,"href":"https:\/\/rcrcconference.org\/fr\/wp-json\/wp\/v2\/comments?post=10997"}],"version-history":[{"count":26,"href":"https:\/\/rcrcconference.org\/fr\/wp-json\/wp\/v2\/pages\/10997\/revisions"}],"predecessor-version":[{"id":12879,"href":"https:\/\/rcrcconference.org\/fr\/wp-json\/wp\/v2\/pages\/10997\/revisions\/12879"}],"wp:featuredmedia":[{"embeddable":true,"href":"https:\/\/rcrcconference.org\/fr\/wp-json\/wp\/v2\/media\/10900"}],"wp:attachment":[{"href":"https:\/\/rcrcconference.org\/fr\/wp-json\/wp\/v2\/media?parent=10997"}],"curies":[{"name":"wp","href":"https:\/\/api.w.org\/{rel}","templated":true}]}}