{"id":507,"date":"2019-05-07T12:25:22","date_gmt":"2019-05-07T12:25:22","guid":{"rendered":"https:\/\/rcrcconference.org\/33rd-international-conference\/"},"modified":"2024-10-21T07:25:16","modified_gmt":"2024-10-21T07:25:16","slug":"33rd-international-conference","status":"publish","type":"page","link":"https:\/\/rcrcconference.org\/es\/about\/33rd-international-conference\/","title":{"rendered":"XXXIII Conferencia Internacional"},"content":{"rendered":"\n<section class=\"wp-block-red-cross-block-red-cross-text-block about\"><div class=\"container\"><div class=\"about__inner\"><div class=\"about__title\"><h3><\/h3><\/div><div class=\"about__content\">La XXXIII Conferencia Internacional de la Cruz Roja y de la Media Luna Roja se celebr\u00f3 en Ginebra, entre el 9 y el 12 de diciembre de 2019. Tuvo como objetivo principal impulsar mejoras en la vida de las personas afectadas por conflictos armados, desastres y otras emergencias. En el marco de las distintas comisiones y sesiones, se entablaron debates animados y constructivos. Los participantes dialogaron acerca de las dificultades que deben superar hoy las personas, las comunidades y el sector humanitario, as\u00ed como de cu\u00e1l es la mejor manera de responder en el futuro, ante los retos que generan los cambios en la sociedad. El \u00faltimo d\u00eda, se aprobaron ocho resoluciones por consenso.<\/div><\/div><\/div><\/section>\n\n\n<section class=\"bulletins\">\n\t<div class=\"container\">\t\t<div class=\"bulletins__header\">\n\t\t\t<h2>Secciones principales:<\/h2>\t\t<\/div>\n\t\t<div class=\"bulletins-blocks\">\n\t\t\t\t\t\t\t\t<div class=\"bulletins-blocks-block\">\n\t\t\t\t\t\t<a href=\"https:\/\/rcrcconference.org\/es\/about\/33rd-international-conference\/documents\/\">\n\t\t\t\t\t\t\t<div class=\"bulletins-blocks-block-content\">\n\t\t\t\t\t\t\t\t\t\t\t\t\t\t\t\t\t\t\t\t\t\t\t\t\t\t\t\t\t\t\t\t\t\t\t\t<div class=\"bulletins-blocks-block-img-wrapper\">\n\t\t\t\t\t\t\t\t\t\t\t<div class=\"bulletins-blocks-block-img\" style=\"background-image: url('https:\/\/rcrcconference.org\/app\/uploads\/2024\/08\/p-CHE0245_jpg.jpg')\"><\/div>\n\t\t\t\t\t\t\t\t\t\t<\/div>\n\t\t\t\t\t\t\t\t\t\t\t\t\t\t\t\t\t\t\t\t\t\t\t\t\t<div class=\"bulletins-blocks-block-data\">\n\t\t\t\t\t\t\t\t\t<div class=\"bulletins-blocks-block-arrow\">\n\t\t\t\t\t\t\t\t\t\t<svg width=\"24\" height=\"25\" viewBox=\"0 0 24 25\" fill=\"#1A3283\" xmlns=\"http:\/\/www.w3.org\/2000\/svg\">\n\t\t\t\t\t\t\t\t\t\t\t<path d=\"M14 18.5L12.6 17.05L16.15 13.5H4V11.5H16.15L12.6 7.95L14 6.5L20 12.5L14 18.5Z\"\/>\n\t\t\t\t\t\t\t\t\t\t<\/svg>\n\t\t\t\t\t\t\t\t\t<\/div>\n\t\t\t\t\t\t\t\t\t<div class=\"bulletins-blocks-block-text\">\n\t\t\t\t\t\t\t\t\t\t<span>\n\t\t\t\t\t\t\t\t\t\t\t<svg width=\"25\" height=\"25\" viewBox=\"0 0 25 25\" fill=\"none\" xmlns=\"http:\/\/www.w3.org\/2000\/svg\">\n\t\t\t\t\t\t\t\t\t\t\t\t<path d=\"M15 18.5C14.3 18.5 13.7083 18.2583 13.225 17.775C12.7417 17.2917 12.5 16.7 12.5 16C12.5 15.3 12.7417 14.7083 13.225 14.225C13.7083 13.7417 14.3 13.5 15 13.5C15.7 13.5 16.2917 13.7417 16.775 14.225C17.2583 14.7083 17.5 15.3 17.5 16C17.5 16.7 17.2583 17.2917 16.775 17.775C16.2917 18.2583 15.7 18.5 15 18.5ZM5.5 22.5C4.95 22.5 4.47917 22.3042 4.0875 21.9125C3.69583 21.5208 3.5 21.05 3.5 20.5V6.5C3.5 5.95 3.69583 5.47917 4.0875 5.0875C4.47917 4.69583 4.95 4.5 5.5 4.5H6.5V2.5H8.5V4.5H16.5V2.5H18.5V4.5H19.5C20.05 4.5 20.5208 4.69583 20.9125 5.0875C21.3042 5.47917 21.5 5.95 21.5 6.5V20.5C21.5 21.05 21.3042 21.5208 20.9125 21.9125C20.5208 22.3042 20.05 22.5 19.5 22.5H5.5ZM5.5 20.5H19.5V10.5H5.5V20.5ZM5.5 8.5H19.5V6.5H5.5V8.5Z\" fill=\"#4A5757\"\/>\n\t\t\t\t\t\t\t\t\t\t\t<\/svg>\n\t\t\t\t\t\t\t\t\t\t\t\t\t\t\t\t\t\t\t\t\t<\/span>\n\t\t\t\t\t\t\t\t\t\t<h3 class=\"heading-style-h4\">Documentos<\/h3>\n\t\t\t\t\t\t\t\t\t<\/div>\n\t\t\t\t\t\t\t\t<\/div>\n\t\t\t\t\t\t\t<\/div>\n\t\t\t\t\t\t<\/a>\n\t\t\t\t\t<\/div>\n\t\t\t\t\t\t\t\t\t<div class=\"bulletins-blocks-block\">\n\t\t\t\t\t\t<a href=\"https:\/\/rcrcconference.org\/es\/about\/33rd-international-conference\/at-a-glance\/\">\n\t\t\t\t\t\t\t<div class=\"bulletins-blocks-block-content\">\n\t\t\t\t\t\t\t\t\t\t\t\t\t\t\t\t\t\t\t\t\t\t\t\t\t\t\t\t\t\t\t\t\t\t\t\t<div class=\"bulletins-blocks-block-img-wrapper\">\n\t\t\t\t\t\t\t\t\t\t\t<div class=\"bulletins-blocks-block-img\" style=\"background-image: url('https:\/\/rcrcconference.org\/app\/uploads\/2019\/05\/29009405131_da21b25997_o-1.jpg')\"><\/div>\n\t\t\t\t\t\t\t\t\t\t<\/div>\n\t\t\t\t\t\t\t\t\t\t\t\t\t\t\t\t\t\t\t\t\t\t\t\t\t<div class=\"bulletins-blocks-block-data\">\n\t\t\t\t\t\t\t\t\t<div class=\"bulletins-blocks-block-arrow\">\n\t\t\t\t\t\t\t\t\t\t<svg width=\"24\" height=\"25\" viewBox=\"0 0 24 25\" fill=\"#1A3283\" xmlns=\"http:\/\/www.w3.org\/2000\/svg\">\n\t\t\t\t\t\t\t\t\t\t\t<path d=\"M14 18.5L12.6 17.05L16.15 13.5H4V11.5H16.15L12.6 7.95L14 6.5L20 12.5L14 18.5Z\"\/>\n\t\t\t\t\t\t\t\t\t\t<\/svg>\n\t\t\t\t\t\t\t\t\t<\/div>\n\t\t\t\t\t\t\t\t\t<div class=\"bulletins-blocks-block-text\">\n\t\t\t\t\t\t\t\t\t\t<span>\n\t\t\t\t\t\t\t\t\t\t\t<svg width=\"25\" height=\"25\" viewBox=\"0 0 25 25\" fill=\"none\" xmlns=\"http:\/\/www.w3.org\/2000\/svg\">\n\t\t\t\t\t\t\t\t\t\t\t\t<path d=\"M15 18.5C14.3 18.5 13.7083 18.2583 13.225 17.775C12.7417 17.2917 12.5 16.7 12.5 16C12.5 15.3 12.7417 14.7083 13.225 14.225C13.7083 13.7417 14.3 13.5 15 13.5C15.7 13.5 16.2917 13.7417 16.775 14.225C17.2583 14.7083 17.5 15.3 17.5 16C17.5 16.7 17.2583 17.2917 16.775 17.775C16.2917 18.2583 15.7 18.5 15 18.5ZM5.5 22.5C4.95 22.5 4.47917 22.3042 4.0875 21.9125C3.69583 21.5208 3.5 21.05 3.5 20.5V6.5C3.5 5.95 3.69583 5.47917 4.0875 5.0875C4.47917 4.69583 4.95 4.5 5.5 4.5H6.5V2.5H8.5V4.5H16.5V2.5H18.5V4.5H19.5C20.05 4.5 20.5208 4.69583 20.9125 5.0875C21.3042 5.47917 21.5 5.95 21.5 6.5V20.5C21.5 21.05 21.3042 21.5208 20.9125 21.9125C20.5208 22.3042 20.05 22.5 19.5 22.5H5.5ZM5.5 20.5H19.5V10.5H5.5V20.5ZM5.5 8.5H19.5V6.5H5.5V8.5Z\" fill=\"#4A5757\"\/>\n\t\t\t\t\t\t\t\t\t\t\t<\/svg>\n\t\t\t\t\t\t\t\t\t\t\t\t\t\t\t\t\t\t\t\t\t<\/span>\n\t\t\t\t\t\t\t\t\t\t<h3 class=\"heading-style-h4\">De un vistazo<\/h3>\n\t\t\t\t\t\t\t\t\t<\/div>\n\t\t\t\t\t\t\t\t<\/div>\n\t\t\t\t\t\t\t<\/div>\n\t\t\t\t\t\t<\/a>\n\t\t\t\t\t<\/div>\n\t\t\t\t\t\t\t\t\t<div class=\"bulletins-blocks-block\">\n\t\t\t\t\t\t<a href=\"https:\/\/rcrcconference.org\/es\/about\/33rd-international-conference\/election-of-the-standing-commission-2019\/\">\n\t\t\t\t\t\t\t<div class=\"bulletins-blocks-block-content\">\n\t\t\t\t\t\t\t\t\t\t\t\t\t\t\t\t\t\t\t\t\t\t\t\t\t\t\t\t\t\t\t\t\t\t\t\t<div class=\"bulletins-blocks-block-img-wrapper\">\n\t\t\t\t\t\t\t\t\t\t\t<div class=\"bulletins-blocks-block-img\" style=\"background-image: url('https:\/\/rcrcconference.org\/app\/uploads\/2024\/09\/p-NGA0342_jpg-1.jpg')\"><\/div>\n\t\t\t\t\t\t\t\t\t\t<\/div>\n\t\t\t\t\t\t\t\t\t\t\t\t\t\t\t\t\t\t\t\t\t\t\t\t\t<div class=\"bulletins-blocks-block-data\">\n\t\t\t\t\t\t\t\t\t<div class=\"bulletins-blocks-block-arrow\">\n\t\t\t\t\t\t\t\t\t\t<svg width=\"24\" height=\"25\" viewBox=\"0 0 24 25\" fill=\"#1A3283\" xmlns=\"http:\/\/www.w3.org\/2000\/svg\">\n\t\t\t\t\t\t\t\t\t\t\t<path d=\"M14 18.5L12.6 17.05L16.15 13.5H4V11.5H16.15L12.6 7.95L14 6.5L20 12.5L14 18.5Z\"\/>\n\t\t\t\t\t\t\t\t\t\t<\/svg>\n\t\t\t\t\t\t\t\t\t<\/div>\n\t\t\t\t\t\t\t\t\t<div class=\"bulletins-blocks-block-text\">\n\t\t\t\t\t\t\t\t\t\t<span>\n\t\t\t\t\t\t\t\t\t\t\t<svg width=\"25\" height=\"25\" viewBox=\"0 0 25 25\" fill=\"none\" xmlns=\"http:\/\/www.w3.org\/2000\/svg\">\n\t\t\t\t\t\t\t\t\t\t\t\t<path d=\"M15 18.5C14.3 18.5 13.7083 18.2583 13.225 17.775C12.7417 17.2917 12.5 16.7 12.5 16C12.5 15.3 12.7417 14.7083 13.225 14.225C13.7083 13.7417 14.3 13.5 15 13.5C15.7 13.5 16.2917 13.7417 16.775 14.225C17.2583 14.7083 17.5 15.3 17.5 16C17.5 16.7 17.2583 17.2917 16.775 17.775C16.2917 18.2583 15.7 18.5 15 18.5ZM5.5 22.5C4.95 22.5 4.47917 22.3042 4.0875 21.9125C3.69583 21.5208 3.5 21.05 3.5 20.5V6.5C3.5 5.95 3.69583 5.47917 4.0875 5.0875C4.47917 4.69583 4.95 4.5 5.5 4.5H6.5V2.5H8.5V4.5H16.5V2.5H18.5V4.5H19.5C20.05 4.5 20.5208 4.69583 20.9125 5.0875C21.3042 5.47917 21.5 5.95 21.5 6.5V20.5C21.5 21.05 21.3042 21.5208 20.9125 21.9125C20.5208 22.3042 20.05 22.5 19.5 22.5H5.5ZM5.5 20.5H19.5V10.5H5.5V20.5ZM5.5 8.5H19.5V6.5H5.5V8.5Z\" fill=\"#4A5757\"\/>\n\t\t\t\t\t\t\t\t\t\t\t<\/svg>\n\t\t\t\t\t\t\t\t\t\t\t\t\t\t\t\t\t\t\t\t\t<\/span>\n\t\t\t\t\t\t\t\t\t\t<h3 class=\"heading-style-h4\">Elecci\u00f3n de la Comisi\u00f3n Permanente<\/h3>\n\t\t\t\t\t\t\t\t\t<\/div>\n\t\t\t\t\t\t\t\t<\/div>\n\t\t\t\t\t\t\t<\/div>\n\t\t\t\t\t\t<\/a>\n\t\t\t\t\t<\/div>\n\t\t\t\t\t\t<\/div>\n\t<\/div><\/section>\n\n\n\n<section class=\"single-link\" style=\"background-color: #E5E5E5\" aria-label=\"Single link section\">\n\t<div class=\"container\">\n\t\t<div class=\"single-link__inner\">\n\t\t\t\t\t\t\t<div class=\"single-link__title\">\n\t\t\t\t\t<h2>Informes sobre los resultados de la XXXIII Conferencia Internacional<\/h2>\n\t\t\t\t<\/div>\n\t\t\t\t\t\t\t<div class=\"single-link__descr\">\n\t\t\t\t\t<span>Con el fin de poner en evidencia los efectos concretos de los resultados de la Conferencia Internacional e ilustrar el progreso alcanzado en la aplicaci\u00f3n de medidas al respecto, se invita a los miembros de esta a que dan a conocer sus adelantos en ese sentido mediante el mecanismo de rendici\u00f3n de informes en tiempo real y en l\u00ednea. <\/span>\n\t\t\t\t<\/div>\n\t\t\t\t\t\t\t<a href=\"https:\/\/rcrcconference.org\/es\/about\/reporting\/\"\n\t\t\t\t   class=\"button primary\">Ir a la p\u00e1gina<\/a>\n\t\t\t\t\t<\/div>\n\t<\/div>\n<\/section>\n\n\n\n<div style=\"height:63px\" aria-hidden=\"true\" class=\"wp-block-spacer\"><\/div>\n\n\n<section class=\"accordion-block\" style=\"background-color: #8C8C8C; color: #ffffff\" role=\"region\" aria-label=\"Pedges accordion block\">\n\t\t\t<div class=\"accordion-block__title\" role=\"heading\" aria-level=\"3\">\n\t\t\t<h3>Bolet\u00edn diario<\/h3>\n\t\t<\/div>\n\t\t\t\t<ul class=\"accordion\">\n\t\t\t\t\t\t\t<li class=\"accordion__item\">\n\t\t\t\t\t<div class=\"accordion__title\" role=\"button\" aria-expanded=\"false\" aria-label=\"Bolet\u00edn diario\">\n\t\t\t\t\t\t<h3 class=\"accordion__title-h4\">Bolet\u00edn diario<\/h3>\n\t\t\t\t\t<\/div>\n\t\t\t\t\t<div class=\"accordion__content\" role=\"region\" hidden>\n\t\t\t\t\t\t \u2013\u00a0<a rel=\"noreferrer noopener\" aria-label=\"Diciembre 10  (opens in a new tab)\" href=\"https:\/\/mailchi.mp\/7ff3e547335a\/daily-bulletin-10-december-2019#Spanish\" target=\"_blank\"><strong>Diciembre 10<\/strong> <\/a><br>\u2013\u00a0<strong><a rel=\"noreferrer noopener\" aria-label=\"Diciembre 11 (opens in a new tab)\" href=\"https:\/\/mailchi.mp\/373cd939bac9\/daily-bulletin-11-december-1259485#Spanish\" target=\"_blank\">Diciembre 11<\/a><\/strong><a rel=\"noreferrer noopener\" href=\"https:\/\/mailchi.mp\/7ff3e547335a\/daily-bulletin-10-december-2019#Spanish\" target=\"_blank\"> <\/a><br>\u2013\u00a0<a href=\"https:\/\/mailchi.mp\/02b6e9dc7819\/daily-bulletin-12-december-1259493#Spanish\" target=\"_blank\" rel=\"noreferrer noopener\" aria-label=\"Diciembre 12  (opens in a new tab)\"><strong>Diciembre 12<\/strong> <\/a>\t\t\t\t\t<\/div>\n\t\t\t\t<\/li>\n\t\t\t\t\t<\/ul>\n\t<\/section>\n\n\n\n<div style=\"height:40px\" aria-hidden=\"true\" class=\"wp-block-spacer\"><\/div>\n","protected":false},"excerpt":{"rendered":"","protected":false},"author":1,"featured_media":4006,"parent":2017,"menu_order":0,"comment_status":"closed","ping_status":"closed","template":"","meta":{"_acf_changed":false,"footnotes":""},"class_list":["post-507","page","type-page","status-publish","has-post-thumbnail","hentry"],"acf":[],"_links":{"self":[{"href":"https:\/\/rcrcconference.org\/es\/wp-json\/wp\/v2\/pages\/507"}],"collection":[{"href":"https:\/\/rcrcconference.org\/es\/wp-json\/wp\/v2\/pages"}],"about":[{"href":"https:\/\/rcrcconference.org\/es\/wp-json\/wp\/v2\/types\/page"}],"author":[{"embeddable":true,"href":"https:\/\/rcrcconference.org\/es\/wp-json\/wp\/v2\/users\/1"}],"replies":[{"embeddable":true,"href":"https:\/\/rcrcconference.org\/es\/wp-json\/wp\/v2\/comments?post=507"}],"version-history":[{"count":48,"href":"https:\/\/rcrcconference.org\/es\/wp-json\/wp\/v2\/pages\/507\/revisions"}],"predecessor-version":[{"id":31065,"href":"https:\/\/rcrcconference.org\/es\/wp-json\/wp\/v2\/pages\/507\/revisions\/31065"}],"up":[{"embeddable":true,"href":"https:\/\/rcrcconference.org\/es\/wp-json\/wp\/v2\/pages\/2017"}],"wp:featuredmedia":[{"embeddable":true,"href":"https:\/\/rcrcconference.org\/es\/wp-json\/wp\/v2\/media\/4006"}],"wp:attachment":[{"href":"https:\/\/rcrcconference.org\/es\/wp-json\/wp\/v2\/media?parent=507"}],"curies":[{"name":"wp","href":"https:\/\/api.w.org\/{rel}","templated":true}]}}