{"id":4932,"date":"2019-06-03T15:45:54","date_gmt":"2019-06-03T15:45:54","guid":{"rendered":"https:\/\/rcrcconference.org\/home-page\/youth\/"},"modified":"2019-11-22T14:23:40","modified_gmt":"2019-11-22T14:23:40","slug":"youth","status":"publish","type":"page","link":"https:\/\/rcrcconference.org\/es\/home-page\/youth\/","title":{"rendered":"Juventud"},"content":{"rendered":"<section class=\"banner small\" style=\"background-image: url('https:\/\/rcrcconference.org\/app\/uploads\/2019\/05\/23521758455_9f5b59986e_o-1-e1559576081718.jpg');\">\n\t<div class=\"container\">\n\t\t<div class=\"banner__inner\">\n\t\t\t<div class=\"banner__title\">\n\t\t\t\t<h1>Juventud<\/h1>\n\t\t\t<\/div>\n                        \t\t<\/div>\n\t<\/div>\n<\/section>\n\n\n\n<div style=\"height:100px\" aria-hidden=\"true\" class=\"wp-block-spacer\"><\/div>\n\n\n\t<section class=\"banner-article\">\n\t<div class=\"banner-article__pic\">\n\t\t<img decoding=\"async\" src=\"https:\/\/rcrcconference.org\/app\/uploads\/2019\/05\/V-P-SV-E-00260.png\" alt=\"article-pic\">\n\t<\/div>\n\t<div class=\"container\">\n\t\t<div class=\"banner-article__inner\">\n\t\t\t\t\t\t\t<div class=\"banner-article__title\">\n\t\t\t\t\t<h2>La Federaci\u00f3n Internacional y la juventud<\/h2>\n\t\t\t\t<\/div>\n\t\t\t\t\t\t<div class=\"banner-article__content\">\n\t\t\t\tLos j\u00f3venes representan el recurso m\u00e1s valioso de las organizaciones de la Cruz Roja y de la Media Luna Roja, puesto que constituyen m\u00e1s de la mitad de los doce millones de voluntarios activos en el mundo y son un elemento dinamizador de la labor humanitaria en el \u00e1mbito local.\n\nAs\u00ed, la participaci\u00f3n de los j\u00f3venes constituye un instrumento estrat\u00e9gico para alcanzar la excelencia humanitaria y garantizar la continuidad, el avance y la renovaci\u00f3n de las 191 Sociedades Nacionales. En el contexto de r\u00e1pida evoluci\u00f3n del panorama humanitario, los j\u00f3venes contribuyen a una mejor identificaci\u00f3n de las lagunas existentes en la estrategia de participaci\u00f3n comunitaria, promueven la b\u00fasqueda de soluciones a nivel local y, de ese modo, garantizan la pertinencia de las Sociedades Nacionales como agentes locales antes, durante y despu\u00e9s de las crisis humanitarias.\t\t\t<\/div>\n\t\t\t\t\t\t\t\t\t<\/div>\n\t<\/div>\n<\/section>\n\n\n\n<section class=\"wp-block-red-cross-block-red-cross-text-block about\"><div class=\"container\"><div class=\"about__inner\"><div class=\"about__title\"><h3>Segmento sobre la participaci\u00f3n\nsignificativa de la juventud en las reuniones de 2019<\/h3><\/div><div class=\"about__content\">Seg\u00fan se ha demostrado en reuniones estatutarias precedentes, la participaci\u00f3n de los j\u00f3venes dirigentes aporta, sin duda, un imprescindible valor a\u00f1adido en el proceso de adopci\u00f3n de decisiones de las organizaciones de la Cruz Roja y de la Media Luna Roja. Esta inversi\u00f3n en el desarrollo del liderazgo juvenil promueve, junto a la cooperaci\u00f3n intergeneracional, la transferencia de experiencias, la estabilidad y el progreso de las comunidades locales en todo el mundo.<br\/> Motivados por el \u00e9xito de la participaci\u00f3n ciento setenta (170) delegados de la juventud procedentes de ciento veintiuna (121) Sociedades Nacionales en las reuniones estatutarias celebradas en 2017, este a\u00f1o el objetivo es contar con la presencia de delegados de la juventud procedentes de al menos ciento treinta (130) Sociedades Nacionales.<br\/> Las perspectivas de los j\u00f3venes humanitarios valorizan de forma significativa todos los elementos de nuestro trabajo. En concreto, durante las pr\u00f3ximas reuniones estatutarias, sus opiniones resultar\u00e1n especialmente valiosas en los debates sobre las cuestiones de g\u00e9nero, la equidad, el marco estrat\u00e9gico de educaci\u00f3n o las nuevas tendencias en boga que modelar\u00e1n el panorama humanitario en el futuro. Una mayor participaci\u00f3n de los delegados de la juventud <br\/> fortalecer\u00e1 la condici\u00f3n de las Sociedades Nacionales en calidad de asociados predilectos que tienen incidencia local y alcance mundial.<br\/> El centenario de la fundaci\u00f3n de la Federaci\u00f3n Internacional de Sociedades de la Cruz Roja y de la Media Luna Roja (Federaci\u00f3n Internacional) trae a la memoria el recuerdo del joven Henry Dunant y su visi\u00f3n transformadora de aliviar el sufrimiento humano en todas las circunstancias. Durante el XXII periodo de sesiones de la Asamblea General seremos testigos de la materializaci\u00f3n de otra poderosa idea por cuyo conducto se reconoce nuestro empe\u00f1o en la promoci\u00f3n del liderazgo juvenil y la colaboraci\u00f3n intergeneracional, a saber, la elecci\u00f3n de los miembros de la Comisi\u00f3n de la Juventud por sus hom\u00f3logos, los j\u00f3venes dirigentes de las Sociedades Nacionales. <br\/> Mediante la colaboraci\u00f3n antes, durante y despu\u00e9s de las reuniones de los \u00f3rganos supremos de decisi\u00f3n, los altos dirigentes y los delegados de la juventud podr\u00e1n exponer sus motivaciones y aspiraciones a la hora de fortalecer el mandato colectivo de las organizaciones de la Cruz Roja y de la Media Luna Roja y promover las iniciativas humanitarias entre los gobiernos y otros interlocutores. En la pr\u00e1ctica, al fomentar la participaci\u00f3n de los j\u00f3venes y prestarles atenci\u00f3n durante las reuniones estatutarias, seguiremos reduciendo la distancia existente entre las altas instancias de direcci\u00f3n y la realidad de las comunidades beneficiarias. <\/div><\/div><\/div><\/section>\n\n\n\n<section class=\"wp-block-red-cross-block-red-cross-text-block about\"><div class=\"container\"><div class=\"about__inner\"><div class=\"about__title\"><h3>Foro de la juventud de la Federaci\u00f3n Internacional en 2019 <\/h3><\/div><div class=\"about__content\">A fin de facilitar la participaci\u00f3n significativa de los j\u00f3venes delegados y garantizar que su voz resuene a lo largo de las reuniones estatutarias, el Foro de la juventud preceder\u00e1 al inicio del periodo de sesiones de la Asamblea General y tendr\u00e1 lugar los d\u00edas 3 y 4 de diciembre de 2019.<br\/> Los delegados de la juventud celebrar\u00e1n intensos debates sobre cuestiones de fondo tales como el examen de los textos estatutarios de la Federaci\u00f3n Internacional, la Estrategia 2030, la integridad y la rendici\u00f3n de cuentas, la pol\u00edtica de g\u00e9nero y diversidad, la educaci\u00f3n y la elecci\u00f3n de miembros de la Comisi\u00f3n de la Juventud. Por ende, este foro abrir\u00e1 un espacio para que los j\u00f3venes replanteen su idea del Movimiento Internacional de la Cruz Roja y de la Media Luna Roja que imaginar\u00edan y desear\u00edan contribuir a edificar en el futuro. <br\/> En el marco de las reuniones estatutarias, los delegados de la juventud expondr\u00e1n los resultados del foro, que constituir\u00e1n tambi\u00e9n aportes en las deliberaciones sustantivas y contribuir\u00e1n de manera significativa a la conmemoraci\u00f3n del centenario de la Federaci\u00f3n Internacional. Adem\u00e1s, el foro permitir\u00e1 a los j\u00f3venes dirigentes debatir sobre cuestiones relevantes para la promoci\u00f3n de la labor del Movimiento y de la participaci\u00f3n significativa de los j\u00f3venes a nivel regional. Se destacar\u00e1 a ese respecto varios ejemplos de \u00e9xito en las Sociedades Nacionales y, en uno de los momentos culminantes, se presentar\u00e1 la Gu\u00eda de aplicaci\u00f3n de la estrategia para <br\/> la participaci\u00f3n significativa de la juventud, cuyo objetivo es facilitar la puesta en pr\u00e1ctica de la Estrategia para la participaci\u00f3n significativa de la juventud (2013).<\/div><\/div><\/div><\/section>\n\n\n\n<section class=\"wp-block-red-cross-block-red-cross-text-block about\"><div class=\"container\"><div class=\"about__inner\"><div class=\"about__title\"><h3>Aspectos destacados de las reuniones estatutarias<\/h3><\/div><div class=\"about__content\">Tras el Foro de la juventud, los j\u00f3venes delegados se sumar\u00e1n a sus respectivas delegaciones para participar en las reuniones estatutarias y forjar los resultados de estas. Am\u00e9n de los elementos de participaci\u00f3n de la juventud estipulados en los estatutos, entre otros el informe bienal de la Comisi\u00f3n de la Juventud, se rendir\u00e1 homenaje a la contribuci\u00f3n de los j\u00f3venes en la labor y el liderazgo humanitarios de las organizaciones de la Cruz Roja y de la Media Luna Roja en: <br\/>&#8211; la elecci\u00f3n de los miembros de la Comisi\u00f3n de la Juventud para el periodo 2019-2023;<br\/>&#8211; la ceremonia de entrega del premio Juventud en Acci\u00f3n;<br\/>&#8211; el reto de las cien ideas.<br\/> <br\/> Durante las reuniones, se pondr\u00e1n a disposici\u00f3n espacios especiales destinados a garantizar que se escuche la voz de los j\u00f3venes y que estos contribuyan a la adopci\u00f3n colectiva de decisiones. Seg\u00fan la pr\u00e1ctica habitual, al menos en quince (15) ocasiones los j\u00f3venes dirigentes asumir\u00e1n, entre otras, las funciones de miembros del comit\u00e9 de redacci\u00f3n o de relatores de las sesiones plenarias y de las sesiones \u201cen el Candelero\u201d. Asimismo, en sesiones informativas intergeneracionales  diarias, los delegados de la juventud y los altos dirigentes de la Federaci\u00f3n Internacional podr\u00e1n dialogar de manera oficiosa sobre las cuestiones de fondo, los procedimientos, los avances y las medidas que se deriven de las reuniones estatutarias.<br\/><br\/><em> para descargar \u00ab<strong><a href=\"https:\/\/rcrcconference.org\/app\/uploads\/2019\/11\/YE-Segment-2019_-v-Nov-19_Spanish.pdf\" target=\"_blank\" rel=\"noreferrer noopener\" aria-label=\"Foro de la juventud de la federaci\u00f3n internacional (opens in a new tab)\">Foro de la juventud de la federaci\u00f3n internacional<\/a><\/strong>\u00ab<\/em><\/div><\/div><\/div><\/section>\n\n\n\n<hr class=\"wp-block-separator\"\/>\n\n\n<section class=\"banner small\" style=\"background-image: url('https:\/\/rcrcconference.org\/app\/uploads\/2019\/06\/Youth-on-the-Move-Awards.jpg');\">\n\t<div class=\"container\">\n\t\t<div class=\"banner__inner\">\n\t\t\t<div class=\"banner__title\">\n\t\t\t\t<h1>2017 Youth on the Move Awards<\/h1>\n\t\t\t<\/div>\n                            <div class=\"banner__content\">\n                    2017 Youth on the Move Awards                <\/div>\n                        \t\t<\/div>\n\t<\/div>\n<\/section>\n\n\n<section class=\"timeline-block about\">\n\t<div class=\"container-md\">\n\t\t\t\t\t<ul class=\"timeline\">\n\t\t\t\t\t\t\t\t\t<li>\n\t\t\t\t\t\t<div class=\"timeline__inner\">\n\t\t\t\t\t\t\t\t\t\t\t\t\t\t<div class=\"timeline__title\">\n\t\t\t\t\t\t\t\t<h4>Healthy Youth Make a Healthy World<\/h4>\n\t\t\t\t\t\t\t<\/div>\n\t\t\t\t\t\t\t<div class=\"timeline__content\">\n\t\t\t\t\t\t\t\t Winner: Nicaragua Red Cross, Runner-up: Tajikistan Red Crescent Society\t\t\t\t\t\t\t\t\t\t\t\t\t\t\t\t\t<div class=\"icon \"><\/div>\n\t\t\t\t\t\t\t\t\t\t\t\t\t\t\t<\/div>\n\t\t\t\t\t\t<\/div>\n\t\t\t\t\t\t\t\t\t\t\t\t\t\t\t\t\t\t\t\t\t\t\t\t\t\t\t\t\t\t\t<\/li>\n\t\t\t\t\t\t\t\t\t<li>\n\t\t\t\t\t\t<div class=\"timeline__inner\">\n\t\t\t\t\t\t\t\t\t\t\t\t\t\t<div class=\"timeline__title\">\n\t\t\t\t\t\t\t\t<h4>Strengthening Resilient Communities<\/h4>\n\t\t\t\t\t\t\t<\/div>\n\t\t\t\t\t\t\t<div class=\"timeline__content\">\n\t\t\t\t\t\t\t\t Winner: New Zealand Red Cross, Runner-up: Brazil Red Cross\t\t\t\t\t\t\t\t\t\t\t\t\t\t\t\t\t<div class=\"icon \"><\/div>\n\t\t\t\t\t\t\t\t\t\t\t\t\t\t\t<\/div>\n\t\t\t\t\t\t<\/div>\n\t\t\t\t\t\t\t\t\t\t\t\t\t\t\t\t\t\t\t\t\t\t\t\t\t\t\t\t\t\t\t<\/li>\n\t\t\t\t\t\t\t\t\t<li>\n\t\t\t\t\t\t<div class=\"timeline__inner\">\n\t\t\t\t\t\t\t\t\t\t\t\t\t\t<div class=\"timeline__title\">\n\t\t\t\t\t\t\t\t<h4>Promoting Social Inclusion and a Culture of Non-Violence and Peace<\/h4>\n\t\t\t\t\t\t\t<\/div>\n\t\t\t\t\t\t\t<div class=\"timeline__content\">\n\t\t\t\t\t\t\t\t Winner: Colombia Red Cross, Runner-up: Finnish Red Cross\t\t\t\t\t\t\t\t\t\t\t\t\t\t\t\t\t<div class=\"icon \"><\/div>\n\t\t\t\t\t\t\t\t\t\t\t\t\t\t\t<\/div>\n\t\t\t\t\t\t<\/div>\n\t\t\t\t\t\t\t\t\t\t\t\t\t\t\t\t\t\t\t\t\t\t\t\t\t\t\t\t\t\t\t<\/li>\n\t\t\t\t\t\t\t\t\t<li>\n\t\t\t\t\t\t<div class=\"timeline__inner\">\n\t\t\t\t\t\t\t\t\t\t\t\t\t\t<div class=\"timeline__title\">\n\t\t\t\t\t\t\t\t<h4>Use of Technology and Innovation<\/h4>\n\t\t\t\t\t\t\t<\/div>\n\t\t\t\t\t\t\t<div class=\"timeline__content\">\n\t\t\t\t\t\t\t\t Winner: Republic of Korea National Red Cross, Runner-up: Pakistan Red Crescent Society\t\t\t\t\t\t\t\t\t\t\t\t\t\t\t\t\t<div class=\"icon \"><\/div>\n\t\t\t\t\t\t\t\t\t\t\t\t\t\t\t<\/div>\n\t\t\t\t\t\t<\/div>\n\t\t\t\t\t\t\t\t\t\t\t\t\t\t\t\t\t\t\t\t\t\t\t\t\t\t\t\t\t\t\t<\/li>\n\t\t\t\t\t\t\t<\/ul>\n\t\t\t<\/div>\n<\/section>\n","protected":false},"excerpt":{"rendered":"","protected":false},"author":1,"featured_media":964,"parent":255,"menu_order":0,"comment_status":"closed","ping_status":"closed","template":"front-page.php","meta":{"_acf_changed":false,"footnotes":""},"class_list":["post-4932","page","type-page","status-publish","has-post-thumbnail","hentry"],"acf":[],"_links":{"self":[{"href":"https:\/\/rcrcconference.org\/es\/wp-json\/wp\/v2\/pages\/4932"}],"collection":[{"href":"https:\/\/rcrcconference.org\/es\/wp-json\/wp\/v2\/pages"}],"about":[{"href":"https:\/\/rcrcconference.org\/es\/wp-json\/wp\/v2\/types\/page"}],"author":[{"embeddable":true,"href":"https:\/\/rcrcconference.org\/es\/wp-json\/wp\/v2\/users\/1"}],"replies":[{"embeddable":true,"href":"https:\/\/rcrcconference.org\/es\/wp-json\/wp\/v2\/comments?post=4932"}],"version-history":[{"count":5,"href":"https:\/\/rcrcconference.org\/es\/wp-json\/wp\/v2\/pages\/4932\/revisions"}],"predecessor-version":[{"id":12033,"href":"https:\/\/rcrcconference.org\/es\/wp-json\/wp\/v2\/pages\/4932\/revisions\/12033"}],"up":[{"embeddable":true,"href":"https:\/\/rcrcconference.org\/es\/wp-json\/wp\/v2\/pages\/255"}],"wp:featuredmedia":[{"embeddable":true,"href":"https:\/\/rcrcconference.org\/es\/wp-json\/wp\/v2\/media\/964"}],"wp:attachment":[{"href":"https:\/\/rcrcconference.org\/es\/wp-json\/wp\/v2\/media?parent=4932"}],"curies":[{"name":"wp","href":"https:\/\/api.w.org\/{rel}","templated":true}]}}