{"id":4358,"date":"2019-05-07T12:26:38","date_gmt":"2019-05-07T12:26:38","guid":{"rendered":"https:\/\/rcrcconference.org\/22nd-ifrc-general-assembly\/"},"modified":"2019-12-09T10:32:23","modified_gmt":"2019-12-09T10:32:23","slug":"22nd-ifrc-general-assembly","status":"publish","type":"page","link":"https:\/\/rcrcconference.org\/es\/22nd-ifrc-general-assembly\/","title":{"rendered":"La Asamblea General de la Federaci\u00f3n Internacional"},"content":{"rendered":"<section class=\"banner\" style=\"background-image: url('https:\/\/rcrcconference.org\/app\/uploads\/2019\/07\/Solferino19-002-e1562080369917.jpg');\">\n\t<div class=\"container\">\n\t\t<div class=\"banner__inner\">\n\t\t\t<span class=\"banner__subtitle\">Del 5 al 7 de diciembre de 2019 <\/span>\n\t\t\t<div class=\"banner__title\">\n\t\t\t\t<h1>Asamblea General de la Federaci\u00f3n Internacional<\/h1>\n\t\t\t<\/div>\n\t\t\t\t\t<\/div>\n\t<\/div>\n<\/section>\n\n\n\n<div style=\"height:100px\" aria-hidden=\"true\" class=\"wp-block-spacer\"><\/div>\n\n\n<section class=\"accordion-block\" style=\"background-color: #8C8C8C; color: #ffffff\" role=\"region\" aria-label=\"Pedges accordion block\">\n\t\t\t<div class=\"accordion-block__title\" role=\"heading\" aria-level=\"3\">\n\t\t\t<h3>Asamblea General de la Federaci\u00f3n Internacional<\/h3>\n\t\t<\/div>\n\t\t\t\t<ul class=\"accordion\">\n\t\t\t\t\t\t\t<li class=\"accordion__item\">\n\t\t\t\t\t<div class=\"accordion__title\" role=\"button\" aria-expanded=\"false\" aria-label=\"Bolet\u00edn diario\">\n\t\t\t\t\t\t<h3 class=\"accordion__title-h4\">Bolet\u00edn diario<\/h3>\n\t\t\t\t\t<\/div>\n\t\t\t\t\t<div class=\"accordion__content\" role=\"region\" hidden>\n\t\t\t\t\t\t&#8211; <strong><a rel=\"noreferrer noopener\" aria-label=\"Diciembre 5 (opens in a new tab)\" href=\"https:\/\/mailchi.mp\/a471e2a5f403\/daily-bulletin-5-december#Spanish\" target=\"_blank\">Diciembre 5<\/a><\/strong><br>&#8211; <a rel=\"noreferrer noopener\" aria-label=\"Diciembre 6  (opens in a new tab)\" href=\"https:\/\/mailchi.mp\/dfac12de66e5\/daily-bulletin-6-december-1259445#Spanish\" target=\"_blank\"><strong>Diciembre 6<\/strong> <\/a><br>&#8211; <a rel=\"noreferrer noopener\" aria-label=\"Diciembre 7  (opens in a new tab)\" href=\"https:\/\/mailchi.mp\/5c86a42cda35\/daily-bulletin-6-december-1259449?e=9c04224b4d#Spanish\" target=\"_blank\"><strong>Diciembre 7<\/strong> <\/a><br>&#8211; <a rel=\"noreferrer noopener\" aria-label=\"Diciembre 8  (opens in a new tab)\" href=\"https:\/\/mailchi.mp\/839ad82eee30\/daily-bulletin-8-december#Spanish\" target=\"_blank\"><strong>Diciembre 8<\/strong> <\/a><br>&#8211; <a href=\"https:\/\/mailchi.mp\/7206eec6e72d\/daily-bulletin-9-december-1259457?e=9c04224b4d#Spanish\" target=\"_blank\" rel=\"noreferrer noopener\" aria-label=\"Diciembre 9   (opens in a new tab)\"><strong>Diciembre 9<\/strong>  <\/a>\t\t\t\t\t<\/div>\n\t\t\t\t<\/li>\n\t\t\t\t\t<\/ul>\n\t<\/section>\n\n\n\n<div style=\"height:100px\" aria-hidden=\"true\" class=\"wp-block-spacer\"><\/div>\n\n\n\n<figure class=\"wp-block-embed-youtube aligncenter wp-block-embed is-type-video is-provider-youtube wp-embed-aspect-16-9 wp-has-aspect-ratio\"><div class=\"wp-block-embed__wrapper\">\n<iframe loading=\"lazy\" title=\"Joint Opening of the IFRC General Assembly and Red Cross Red Crescent Council of Delegates.\" width=\"500\" height=\"281\" src=\"https:\/\/www.youtube.com\/embed\/Vt_HzlDpLcw?feature=oembed\" frameborder=\"0\" allow=\"accelerometer; autoplay; clipboard-write; encrypted-media; gyroscope; picture-in-picture; web-share\" referrerpolicy=\"strict-origin-when-cross-origin\" allowfullscreen><\/iframe>\n<\/div><\/figure>\n\n\n\n<div class=\"wp-block-image\"><figure class=\"aligncenter\"><img loading=\"lazy\" decoding=\"async\" width=\"1024\" height=\"682\" src=\"https:\/\/rcrcconference.org\/app\/uploads\/2019\/06\/ES-International-conference-cover-004-1024x682.jpg\" alt=\"\" class=\"wp-image-4871\" srcset=\"https:\/\/rcrcconference.org\/app\/uploads\/2019\/06\/ES-International-conference-cover-004.jpg 1024w, https:\/\/rcrcconference.org\/app\/uploads\/2019\/06\/ES-International-conference-cover-004-300x200.jpg 300w, https:\/\/rcrcconference.org\/app\/uploads\/2019\/06\/ES-International-conference-cover-004-768x512.jpg 768w\" sizes=\"(max-width: 1024px) 100vw, 1024px\" \/><figcaption><strong>M\u00e1s informaci\u00f3n est\u00e1 disponible <\/strong><a href=\"https:\/\/future-rcrc.com\/es\/\"><strong>aqu\u00ed<\/strong><\/a><\/figcaption><\/figure><\/div>\n\n\n\n<div class=\"wp-block-image\"><figure class=\"aligncenter size-full\"><a href=\"https:\/\/rcrcconference.org\/app\/uploads\/2019\/12\/ConferenceGuide_27-Nov-CLEAN-ES.pdf\" target=\"_blank\" rel=\"noreferrer noopener\"><img loading=\"lazy\" decoding=\"async\" width=\"1200\" height=\"200\" src=\"https:\/\/rcrcconference.org\/app\/uploads\/2019\/12\/Untitled-1_edited-1.jpg\" alt=\"\" class=\"wp-image-13052\" srcset=\"https:\/\/rcrcconference.org\/app\/uploads\/2019\/12\/Untitled-1_edited-1.jpg 1200w, https:\/\/rcrcconference.org\/app\/uploads\/2019\/12\/Untitled-1_edited-1-300x50.jpg 300w, https:\/\/rcrcconference.org\/app\/uploads\/2019\/12\/Untitled-1_edited-1-1024x171.jpg 1024w, https:\/\/rcrcconference.org\/app\/uploads\/2019\/12\/Untitled-1_edited-1-768x128.jpg 768w\" sizes=\"(max-width: 1200px) 100vw, 1200px\" \/><\/a><\/figure><\/div>\n\n\n<section class=\"accordion-block\" style=\"background-color: #8C8C8C; color: #ffffff\" role=\"region\" aria-label=\"Pedges accordion block\">\n\t\t\t\t<ul class=\"accordion\">\n\t\t\t\t\t\t\t<li class=\"accordion__item\">\n\t\t\t\t\t<div class=\"accordion__title\" role=\"button\" aria-expanded=\"false\" aria-label=\"La Asamblea General de la Federaci\u00f3n Internacional\">\n\t\t\t\t\t\t<h3 class=\"accordion__title-h4\">La Asamblea General de la Federaci\u00f3n Internacional<\/h3>\n\t\t\t\t\t<\/div>\n\t\t\t\t\t<div class=\"accordion__content\" role=\"region\" hidden>\n\t\t\t\t\t\tDe conformidad con los estatutos de la Federaci\u00f3n Internacional, la Asamblea General es el \u00f3rgano de gobierno supremo que determina la visi\u00f3n futura y la estrategia de la organizaci\u00f3n, al igual que las pol\u00edticas generales que rigen a la Federaci\u00f3n Internacional y a las Sociedades Nacionales. Celebra reuniones bienales\u00a0a las que asisten\u00a0los delegados de las 191 Sociedades Nacionales reconocidas de la Cruz Roja y de la Media Luna Roja para determinar la pol\u00edtica general de la organizaci\u00f3n.  \t\t\t\t\t<\/div>\n\t\t\t\t<\/li>\n\t\t\t\t\t\t\t<li class=\"accordion__item\">\n\t\t\t\t\t<div class=\"accordion__title\" role=\"button\" aria-expanded=\"false\" aria-label=\"Prop\u00f3sito de la Asamblea General de 2019\">\n\t\t\t\t\t\t<h3 class=\"accordion__title-h4\">Prop\u00f3sito de la Asamblea General de 2019<\/h3>\n\t\t\t\t\t<\/div>\n\t\t\t\t\t<div class=\"accordion__content\" role=\"region\" hidden>\n\t\t\t\t\t\tEl prop\u00f3sito del XXII periodo de sesiones de la Asamblea General (2019) residir\u00e1 en brindar a las Sociedades Nacionales una plataforma para afirmar su ambici\u00f3n colectiva durante el siguiente decenio;\u00a0suscribir y aprobar la Estrategia 2030, y aportar a las Sociedades Nacionales ideas para la aplicaci\u00f3n de\u00a0esta estrategia.<br>Adem\u00e1s, por primera vez en la historia de la Federaci\u00f3n Internacional, los j\u00f3venes delegados elegir\u00e1n directamente al presidente y a los miembros de la Comisi\u00f3n de la Juventud, siendo el primero tambi\u00e9n un miembro de la Junta de Gobierno.<br> \t\t\t\t\t<\/div>\n\t\t\t\t<\/li>\n\t\t\t\t\t\t\t<li class=\"accordion__item\">\n\t\t\t\t\t<div class=\"accordion__title\" role=\"button\" aria-expanded=\"false\" aria-label=\"Expectativas y aportaciones  \">\n\t\t\t\t\t\t<h3 class=\"accordion__title-h4\">Expectativas y aportaciones  <\/h3>\n\t\t\t\t\t<\/div>\n\t\t\t\t\t<div class=\"accordion__content\" role=\"region\" hidden>\n\t\t\t\t\t\t<strong>Plazos estatutarios<\/strong><br>4 de julio\u00a0de 2019 &#8211; env\u00edo de la convocatoria y del orden del d\u00eda provisional .<br>26 de octubre de\u00a02019 &#8211; env\u00edo de documentos oficiales. <br><strong> Consultas sobre el contenido y calendario<\/strong><br>Enero &#8211;\u00a011 de abril\u00a0de 2019:<br>\u00a0&#8211; consulta sobre el orden del d\u00eda provisional\u00a0<br>\u00a0&#8211; incorporaci\u00f3n por parte del secretario general de comentarios y observaciones remitidos por las Sociedades Nacionales y planteamiento a la Junta de Gobierno con miras a la aprobaci\u00f3n en la reunion que esta celebrar\u00e1 del 1 al 3 de mayo de 2019. \t\t\t\t\t<\/div>\n\t\t\t\t<\/li>\n\t\t\t\t\t\t\t<li class=\"accordion__item\">\n\t\t\t\t\t<div class=\"accordion__title\" role=\"button\" aria-expanded=\"false\" aria-label=\"Participantes\">\n\t\t\t\t\t\t<h3 class=\"accordion__title-h4\">Participantes<\/h3>\n\t\t\t\t\t<\/div>\n\t\t\t\t\t<div class=\"accordion__content\" role=\"region\" hidden>\n\t\t\t\t\t\t\u00danicamente los miembros de la Federaci\u00f3n Internacional, esto es las Sociedades Nacionales de la Cruz Roja y de la Media Luna Roja, asisten a los periodos de sesiones de la Asamblea General. Las delegaciones de los miembros gozan de id\u00e9nticos derechos y cuentan, respectivamente, con un voto.\t\t\t\t\t<\/div>\n\t\t\t\t<\/li>\n\t\t\t\t\t\t\t<li class=\"accordion__item\">\n\t\t\t\t\t<div class=\"accordion__title\" role=\"button\" aria-expanded=\"false\" aria-label=\"Lugar y fecha de la reuni\u00f3n\">\n\t\t\t\t\t\t<h3 class=\"accordion__title-h4\">Lugar y fecha de la reuni\u00f3n<\/h3>\n\t\t\t\t\t<\/div>\n\t\t\t\t\t<div class=\"accordion__content\" role=\"region\" hidden>\n\t\t\t\t\t\tLa Asamblea General se re\u00fane cada dos a\u00f1os. Cuando sus periodos de sesiones coinciden con la celebraci\u00f3n de la Conferencia Internacional de la Cruz Roja y de la Media Luna Roja, estos tienen lugar en Ginebra. Caso contrario, pueden celebrarse en otro lugar, en general acogidos en pa\u00edses de distintas Sociedades Nacionales. \t\t\t\t\t<\/div>\n\t\t\t\t<\/li>\n\t\t\t\t\t<\/ul>\n\t<\/section>\n","protected":false},"excerpt":{"rendered":"","protected":false},"author":1,"featured_media":380,"parent":0,"menu_order":0,"comment_status":"closed","ping_status":"closed","template":"front-page.php","meta":{"_acf_changed":false,"footnotes":""},"class_list":["post-4358","page","type-page","status-publish","has-post-thumbnail","hentry"],"acf":[],"_links":{"self":[{"href":"https:\/\/rcrcconference.org\/es\/wp-json\/wp\/v2\/pages\/4358"}],"collection":[{"href":"https:\/\/rcrcconference.org\/es\/wp-json\/wp\/v2\/pages"}],"about":[{"href":"https:\/\/rcrcconference.org\/es\/wp-json\/wp\/v2\/types\/page"}],"author":[{"embeddable":true,"href":"https:\/\/rcrcconference.org\/es\/wp-json\/wp\/v2\/users\/1"}],"replies":[{"embeddable":true,"href":"https:\/\/rcrcconference.org\/es\/wp-json\/wp\/v2\/comments?post=4358"}],"version-history":[{"count":19,"href":"https:\/\/rcrcconference.org\/es\/wp-json\/wp\/v2\/pages\/4358\/revisions"}],"predecessor-version":[{"id":14143,"href":"https:\/\/rcrcconference.org\/es\/wp-json\/wp\/v2\/pages\/4358\/revisions\/14143"}],"wp:featuredmedia":[{"embeddable":true,"href":"https:\/\/rcrcconference.org\/es\/wp-json\/wp\/v2\/media\/380"}],"wp:attachment":[{"href":"https:\/\/rcrcconference.org\/es\/wp-json\/wp\/v2\/media?parent=4358"}],"curies":[{"name":"wp","href":"https:\/\/api.w.org\/{rel}","templated":true}]}}