{"id":4051,"date":"2019-05-28T07:51:31","date_gmt":"2019-05-28T07:51:31","guid":{"rendered":"https:\/\/rcrcconference.org\/about\/33rd-international-conference\/themes-of-the-33rd-international-conference\/"},"modified":"2019-05-28T08:21:54","modified_gmt":"2019-05-28T08:21:54","slug":"themes-of-the-33rd-international-conference","status":"publish","type":"page","link":"https:\/\/rcrcconference.org\/es\/about\/33rd-international-conference\/themes-of-the-33rd-international-conference\/","title":{"rendered":"Temas principales"},"content":{"rendered":"<section class=\"accordion-block\" style=\"background-color: #8C8C8C; color: #ffffff\" role=\"region\" aria-label=\"Pedges accordion block\">\n\t\t\t\t<ul class=\"accordion\">\n\t\t\t\t\t\t\t<li class=\"accordion__item\">\n\t\t\t\t\t<div class=\"accordion__title\" role=\"button\" aria-expanded=\"false\" aria-label=\"Respeto y aplicaci\u00f3n del derecho internacional humanitario \">\n\t\t\t\t\t\t<h3 class=\"accordion__title-h4\">Respeto y aplicaci\u00f3n del derecho internacional humanitario <\/h3>\n\t\t\t\t\t<\/div>\n\t\t\t\t\t<div class=\"accordion__content\" role=\"region\" hidden>\n\t\t\t\t\t\tLa protecci\u00f3n de las personas afectadas por conflictos armados es un aspecto primordial del derecho internacional humanitario. Tambi\u00e9n constituye uno de los principales elementos de la labor del Movimiento, y es fundamental para salvar vidas. La Conferencia Internacional es el principal foro mundial para abordar los asuntos conexos al derecho internacional humanitario y, a ese t\u00edtulo, se invitar\u00e1 a que examine un plan de acci\u00f3n cuatrienal sobre la aplicaci\u00f3n de ese derecho en el \u00e1mbito nacional, el cual se debatir\u00e1 y se someter\u00e1 a aprobaci\u00f3n mediante una resoluci\u00f3n. La propuesta del plan de acci\u00f3n cuatrienal, que coincide con la conmemoraci\u00f3n del septuag\u00e9simo aniversario de la firma de los Convenios de Ginebra en 1949, aspira a intensificar la protecci\u00f3n de las v\u00edctimas de conflictos armados mediante un mejor cumplimiento de las obligaciones previstas en el derecho internacional humanitario. A tal efecto, este plan de acci\u00f3n tendr\u00e1 presentes los principios y las normas fundamentales del derecho internacional humanitario y propondr\u00e1 la adopci\u00f3n de medidas concretas y pr\u00e1cticas por parte de los Estados y las Sociedades Nacionales para promover la aplicaci\u00f3n de ese derecho (como una ratificaci\u00f3n y aplicaci\u00f3n m\u00e1s amplias de los tratados, una difusi\u00f3n din\u00e1mica, una formaci\u00f3n eficaz y la intensificaci\u00f3n de la labor de los comit\u00e9s nacionales relativos al derecho internacional humanitario).  \t\t\t\t\t<\/div>\n\t\t\t\t<\/li>\n\t\t\t\t\t\t\t<li class=\"accordion__item\">\n\t\t\t\t\t<div class=\"accordion__title\" role=\"button\" aria-expanded=\"false\" aria-label=\"Vulnerabilidades cambiantes\">\n\t\t\t\t\t\t<h3 class=\"accordion__title-h4\">Vulnerabilidades cambiantes<\/h3>\n\t\t\t\t\t<\/div>\n\t\t\t\t\t<div class=\"accordion__content\" role=\"region\" hidden>\n\t\t\t\t\t\t \u00b7\u00a0 <strong>Acceso a los servicios esenciales<\/strong><br> El Movimiento desempe\u00f1a un papel decisivo para favorecer el acceso a los servicios esenciales por parte de toda persona, en cualquier lugar. Por ejemplo, el aprovechamiento del potencial de los voluntarios y agentes de salud comunitaria puede contribuir de manera concreta a mejorar la salud mundial, a reforzar la vigilancia de las pandemias mundiales y los sistemas de control, y a facilitar el acceso a otros servicios sanitarios vitales. En la XXXIII Conferencia Internacional se podr\u00eda analizar cauces para apoyar y promover la labor de estos agentes y voluntarios y, al mismo tiempo, garantizar un nivel adecuado de calidad y rendici\u00f3n de cuentas, en particular, definiendo claramente la funci\u00f3n de las Sociedades Nacionales en calidad de auxiliares de los poderes p\u00fablicos en el \u00e1mbito de la salud p\u00fablica en cada pa\u00eds. Tambi\u00e9n se deber\u00e1 debatir sobre la garant\u00eda de la protecci\u00f3n y la seguridad de las instalaciones y los trabajadores sanitarios, ya que esta constituye una de las principales preocupaciones del Movimiento.<br> <strong>\u00a0<\/strong><br> \u00b7\u00a0\u00a0<strong>Consecuencias humanitarias del cambio clim\u00e1tico<\/strong><br> En la actualidad, se producen cerca de cuatrocientos fen\u00f3menos meteorol\u00f3gicos extremos al a\u00f1o, cifra cuatro veces mayor que en el decenio de 1970. Las personas m\u00e1s vulnerables y sujetas a los mayores peligros son aquellas que sufren en mayor grado la pobreza, est\u00e1n expuestas a los peores riesgos y poseen menos recursos para hacer frente a los <strong>efectos del cambio clim\u00e1tico<\/strong>, en particular aquellas que atraviesan situaciones de conflicto, violencia e inseguridad. Al abordar este tema, se podr\u00eda analizar la mejor manera en que los diversos componentes del Movimiento pueden colaborar, con arreglo a sus mandatos y capacidades, con las poblaciones afectadas y expuestas a riesgos y con otros asociados para atender las necesidades de las comunidades. Las medidas de los componentes del Movimiento podr\u00edan consistir en incluir las consideraciones clim\u00e1ticas en sus an\u00e1lisis y programas; garantizar suficiente financiaci\u00f3n para la adaptaci\u00f3n al cambio clim\u00e1tico; y fortalecer las leyes y las pol\u00edticas pertinentes, todo ello en consonancia con los compromisos adoptados por Conferencia de las Partes en la Convenci\u00f3n Marco de las Naciones Unidas sobre el Cambio Clim\u00e1tico y la Cumbre de las Naciones Unidas sobre el Clima. <br> <strong>\u00a0<\/strong><br> \u00b7\u00a0 <strong>Transformaci\u00f3n digital<\/strong><br> La r\u00e1pida evoluci\u00f3n de la tecnolog\u00eda, y el uso de datos y la digitalizaci\u00f3n que se han observado los \u00faltimos a\u00f1os, han transformado muchos aspectos de la sociedad, y ello ha tenido grandes repercusiones sobre la manera en que las organizaciones de la Cruz Roja y de la Media Luna Roja prestan apoyo a las personas m\u00e1s vulnerables. En la Conferencia Internacional se podr\u00eda abrir un debate para analizar eventuales cauces de colaboraci\u00f3n del Movimiento con los Estados para fomentar los efectos positivos y reducir al m\u00ednimo los efectos negativos de la transformaci\u00f3n digital y de los datos sobre la sociedad, centr\u00e1ndose especialmente en velar por que las personas vulnerables no sigan quedando al margen ni detr\u00e1s. Esta colaboraci\u00f3n podr\u00eda abarcar oportunidades para promover la iniciativa empresarial social, la investigaci\u00f3n y la innovaci\u00f3n en el \u00e1mbito de la transformaci\u00f3n digital. Tambi\u00e9n podr\u00eda ayudar a aprovechar al m\u00e1ximo nuevas oportunidades, en particular favoreciendo una labor para salvar la brecha digital mediante el fortalecimiento de la capacidad, la alfabetizaci\u00f3n digital, la dotaci\u00f3n de infraestructura y otros recursos. Por \u00faltimo, podr\u00eda permitir examinar las particularidades de los riesgos relativos a los datos digitales y los ciberataques en el \u00e1mbito humanitario, por ejemplo, con respecto a la difusi\u00f3n de informaci\u00f3n en algunos de los contextos m\u00e1s delicados del mundo. \t\t\t\t\t<\/div>\n\t\t\t\t<\/li>\n\t\t\t\t\t\t\t<li class=\"accordion__item\">\n\t\t\t\t\t<div class=\"accordion__title\" role=\"button\" aria-expanded=\"false\" aria-label=\"Confianza en la acci\u00f3n humanitaria\">\n\t\t\t\t\t\t<h3 class=\"accordion__title-h4\">Confianza en la acci\u00f3n humanitaria<\/h3>\n\t\t\t\t\t<\/div>\n\t\t\t\t\t<div class=\"accordion__content\" role=\"region\" hidden>\n\t\t\t\t\t\tNo existe recurso m\u00e1s valioso para la labor de las organizaciones de la Cruz Roja y de la Media Luna Roja y sus componentes que la confianza de las personas y las comunidades a las que el Movimiento presta servicios. El acceso, el apoyo y el respeto a la misi\u00f3n del Movimiento depende de esa confianza. El mantenimiento de la confianza en la acci\u00f3n humanitaria requiere los esfuerzos de las propias organizaciones humanitarias y de los Estados, que, desde hace tiempo, reconocen la importancia de la acci\u00f3n humanitaria neutral, independiente e imparcial.<br> En un debate sobre este tema se podr\u00eda analizar la manera de optimizar la colaboraci\u00f3n entre los componentes del Movimiento, los Estados y dem\u00e1s partes interesadas para mantener la confianza en una acci\u00f3n humanitaria basada en principios, haciendo hincapi\u00e9 en la rendici\u00f3n de cuentas y la protecci\u00f3n del espacio humanitario, y los v\u00ednculos existentes entre estas cuestiones.  \t\t\t\t\t<\/div>\n\t\t\t\t<\/li>\n\t\t\t\t\t<\/ul>\n\t<\/section>\n","protected":false},"excerpt":{"rendered":"","protected":false},"author":1,"featured_media":4026,"parent":507,"menu_order":0,"comment_status":"closed","ping_status":"closed","template":"","meta":{"_acf_changed":false,"footnotes":""},"class_list":["post-4051","page","type-page","status-publish","has-post-thumbnail","hentry"],"acf":[],"_links":{"self":[{"href":"https:\/\/rcrcconference.org\/es\/wp-json\/wp\/v2\/pages\/4051"}],"collection":[{"href":"https:\/\/rcrcconference.org\/es\/wp-json\/wp\/v2\/pages"}],"about":[{"href":"https:\/\/rcrcconference.org\/es\/wp-json\/wp\/v2\/types\/page"}],"author":[{"embeddable":true,"href":"https:\/\/rcrcconference.org\/es\/wp-json\/wp\/v2\/users\/1"}],"replies":[{"embeddable":true,"href":"https:\/\/rcrcconference.org\/es\/wp-json\/wp\/v2\/comments?post=4051"}],"version-history":[{"count":2,"href":"https:\/\/rcrcconference.org\/es\/wp-json\/wp\/v2\/pages\/4051\/revisions"}],"predecessor-version":[{"id":4053,"href":"https:\/\/rcrcconference.org\/es\/wp-json\/wp\/v2\/pages\/4051\/revisions\/4053"}],"up":[{"embeddable":true,"href":"https:\/\/rcrcconference.org\/es\/wp-json\/wp\/v2\/pages\/507"}],"wp:featuredmedia":[{"embeddable":true,"href":"https:\/\/rcrcconference.org\/es\/wp-json\/wp\/v2\/media\/4026"}],"wp:attachment":[{"href":"https:\/\/rcrcconference.org\/es\/wp-json\/wp\/v2\/media?parent=4051"}],"curies":[{"name":"wp","href":"https:\/\/api.w.org\/{rel}","templated":true}]}}