{"id":36429,"date":"2026-03-31T11:47:30","date_gmt":"2026-03-31T11:47:30","guid":{"rendered":"https:\/\/rcrcconference.org\/?page_id=36429"},"modified":"2026-04-07T13:28:10","modified_gmt":"2026-04-07T13:28:10","slug":"el-movimiento-hacia-eventos-con-mayor-sostenibilidad-ambiental","status":"publish","type":"page","link":"https:\/\/rcrcconference.org\/es\/el-movimiento-hacia-eventos-con-mayor-sostenibilidad-ambiental\/","title":{"rendered":"El\u00a0Movimiento\u00a0hacia\u00a0eventos\u00a0con\u00a0mayor\u00a0sostenibilidad\u00a0ambiental"},"content":{"rendered":"\n<div style=\"height:55px\" aria-hidden=\"true\" class=\"wp-block-spacer\"><\/div>\n\n\n\n<p>Desde&nbsp;hace&nbsp;d\u00e9cadas, el&nbsp;Movimiento&nbsp;Internacional de la Cruz Roja y&nbsp;de la Media Luna Roja&nbsp;analiza&nbsp;y responde a los&nbsp;riesgos&nbsp;relacionados&nbsp;con&nbsp;la&nbsp;evoluci\u00f3n&nbsp;del&nbsp;medio ambiente y el clima. Por lo tanto, fortalecer la&nbsp;sostenibilidad&nbsp;ambiental no&nbsp;es&nbsp;un&nbsp;compromiso&nbsp;reciente:&nbsp;es&nbsp;la&nbsp;continuaci\u00f3n&nbsp;de la&nbsp;responsabilidad&nbsp;que compartimos&nbsp;en&nbsp;cuanto&nbsp;a&nbsp;reducir&nbsp;nuestra&nbsp;huella&nbsp;de carbono, dar el&nbsp;ejemplo&nbsp;y obrar&nbsp;con&nbsp;integridad&nbsp;hacia&nbsp;las comunidades a las que prestamos&nbsp;asistencia.&nbsp;<\/p>\n\n\n\n<div style=\"height:29px\" aria-hidden=\"true\" class=\"wp-block-spacer\"><\/div>\n\n\n\n<p>Partiendo&nbsp;de&nbsp;ese&nbsp;compromiso&nbsp;de larga&nbsp;trayectoria, el Comit\u00e9 Organizador Conjunto de la Conferencia Internacional de la Cruz Roja y de la Media Luna Roja, integrado por el Comit\u00e9 Internacional de la Cruz Roja (CICR) y la&nbsp;Federaci\u00f3n&nbsp;Internacional, y el&nbsp;Consejo&nbsp;de Delegados&nbsp;del&nbsp;Movimiento&nbsp;Internacional de la Cruz Roja y de la Media Luna Roja&nbsp;elaboraron&nbsp;la&nbsp;<strong>Gu\u00eda&nbsp;para eventos&nbsp;con&nbsp;mayor&nbsp;sostenibilidad&nbsp;ambiental<\/strong>. Se trata de una&nbsp;orientaci\u00f3n&nbsp;con&nbsp;pasos&nbsp;concretos, enfoques de&nbsp;eficacia&nbsp;ya&nbsp;comprobada&nbsp;y&nbsp;herramientas&nbsp;adaptadas a los diversos contextos&nbsp;del&nbsp;Movimiento.&nbsp;<\/p>\n\n\n\n<div style=\"height:60px\" aria-hidden=\"true\" class=\"wp-block-spacer\"><\/div>\n\n\n<div class=\"anchor__menu-title\" role=\"presentation\">\n\t<div class=\"container\">\t\t\t<h2 class=\"anchor__menu-h2\">Por qu\u00e9 es importante <\/h2>\n\t\t<\/div><\/div>\n\n\n\n<p>Cada&nbsp;reuni\u00f3n&nbsp;estatutaria, conferencia o&nbsp;encuentro&nbsp;\u2014ya&nbsp;sea&nbsp;de&nbsp;modalidad&nbsp;presencial, h\u00edbrida o en&nbsp;l\u00ednea&nbsp;\u2014&nbsp;constituye&nbsp;una&nbsp;oportunidad&nbsp;para&nbsp;reducir&nbsp;el impacto ambiental,&nbsp;as\u00ed&nbsp;como para&nbsp;afianzar&nbsp;nuestros&nbsp;valores&nbsp;humanitarios. Las&nbsp;elecciones&nbsp;sostenibles&nbsp;no&nbsp;son&nbsp;simb\u00f3licas;&nbsp;pueden&nbsp;medirse,&nbsp;son&nbsp;significativas y&nbsp;fortalecen&nbsp;al&nbsp;Movimiento.&nbsp;&nbsp;<\/p>\n\n\n\n<div style=\"height:65px\" aria-hidden=\"true\" class=\"wp-block-spacer\"><\/div>\n\n\n<div class=\"anchor__menu-title\" role=\"presentation\">\n\t<div class=\"container\">\t\t\t<h2 class=\"anchor__menu-h2\">Gu\u00eda para eventos con mayor sostenibilidad ambiental <\/h2>\n\t\t<\/div><\/div>\n\n\n\n<figure class=\"wp-block-image size-full\"><img loading=\"lazy\" decoding=\"async\" width=\"1567\" height=\"874\" src=\"https:\/\/rcrcconference.org\/app\/uploads\/2026\/03\/image-3.png\" alt=\"\" class=\"wp-image-36432\"\/><\/figure>\n\n\n\n<div style=\"height:45px\" aria-hidden=\"true\" class=\"wp-block-spacer\"><\/div>\n\n\n<div class=\"anchor__menu-title\" role=\"presentation\">\n\t<div class=\"container\">\t\t\t<h2 class=\"anchor__menu-h2\">Lo que ofrece<\/h2>\n\t\t<\/div><\/div>\n\n\n<section class=\"highlights\">\n\t\t<div class=\"container\">\n\t\t\t\t<div class=\"highlights__inner\">\n\t\t\t<div class=\"highlights__title\">\n\t\t\t\t\t\t\t<\/div>\n\t\t\t<div class=\"highlights__blocks\">\n\t\t\t\t\t\t\t\t\t\t<div class=\"highlights__blocks-block\">\n\t\t\t\t\t\t\t<a href=\"\">\n\t\t\t\t\t\t\t\t<div class=\"highlights__blocks-block-arrow\">\n\t\t\t\t\t\t\t\t\t<svg width=\"24\" height=\"25\" viewBox=\"0 0 24 25\" fill=\"#1A3283\" xmlns=\"http:\/\/www.w3.org\/2000\/svg\">\n\t\t\t\t\t\t\t\t\t\t<path d=\"M14 18.5L12.6 17.05L16.15 13.5H4V11.5H16.15L12.6 7.95L14 6.5L20 12.5L14 18.5Z\"\/>\n\t\t\t\t\t\t\t\t\t<\/svg>\n\t\t\t\t\t\t\t\t<\/div>\n\t\t\t\t\t\t\t\t<div class=\"highlights__blocks-block-content\">\n\t\t\t\t\t\t\t\t\t<h4>Planificaci\u00f3n orientada a la sostenibilidad <\/h4>\n\t\t\t\t\t\t\t\t\t<p>Comprenda el impacto ambiental e integre la sostenibilidad en las fases iniciales del ciclo del evento, en particular, en la elecci\u00f3n de las modalidades, los viajes, la selecci\u00f3n del lugar del encuentro, las adquisiciones y los materiales. <\/p>\n\t\t\t\t\t\t\t\t<\/div>\n\t\t\t\t\t\t\t<\/a>\n\t\t\t\t\t\t<\/div>\n\t\t\t\t\t\t\t\t\t\t\t<div class=\"highlights__blocks-block\">\n\t\t\t\t\t\t\t<a >\n\t\t\t\t\t\t\t\t<div class=\"highlights__blocks-block-arrow\">\n\t\t\t\t\t\t\t\t\t<svg width=\"24\" height=\"25\" viewBox=\"0 0 24 25\" fill=\"#1A3283\" xmlns=\"http:\/\/www.w3.org\/2000\/svg\">\n\t\t\t\t\t\t\t\t\t\t<path d=\"M14 18.5L12.6 17.05L16.15 13.5H4V11.5H16.15L12.6 7.95L14 6.5L20 12.5L14 18.5Z\"\/>\n\t\t\t\t\t\t\t\t\t<\/svg>\n\t\t\t\t\t\t\t\t<\/div>\n\t\t\t\t\t\t\t\t<div class=\"highlights__blocks-block-content\">\n\t\t\t\t\t\t\t\t\t<h4>Implementaci\u00f3n de pr\u00e1cticas m\u00e1s ecol\u00f3gicas para eventos <\/h4>\n\t\t\t\t\t\t\t\t\t<p>Aplique medidas pr\u00e1cticas adaptables a todos los contextos, como eficiencia energ\u00e9tica, catering de bajo impacto, accesibilidad, reutilizaci\u00f3n de materiales, alternativas digitales, proveedores responsables y reducci\u00f3n de residuos. <\/p>\n\t\t\t\t\t\t\t\t<\/div>\n\t\t\t\t\t\t\t<\/a>\n\t\t\t\t\t\t<\/div>\n\t\t\t\t\t\t\t\t\t\t\t<div class=\"highlights__blocks-block\">\n\t\t\t\t\t\t\t<a >\n\t\t\t\t\t\t\t\t<div class=\"highlights__blocks-block-arrow\">\n\t\t\t\t\t\t\t\t\t<svg width=\"24\" height=\"25\" viewBox=\"0 0 24 25\" fill=\"#1A3283\" xmlns=\"http:\/\/www.w3.org\/2000\/svg\">\n\t\t\t\t\t\t\t\t\t\t<path d=\"M14 18.5L12.6 17.05L16.15 13.5H4V11.5H16.15L12.6 7.95L14 6.5L20 12.5L14 18.5Z\"\/>\n\t\t\t\t\t\t\t\t\t<\/svg>\n\t\t\t\t\t\t\t\t<\/div>\n\t\t\t\t\t\t\t\t<div class=\"highlights__blocks-block-content\">\n\t\t\t\t\t\t\t\t\t<h4>Fortalecimiento de la sostenibilidad organizacional <\/h4>\n\t\t\t\t\t\t\t\t\t<p>Aproveche los eventos para afianzar las estrategias y los compromisos ambientales, en vez de concentrarse en un esfuerzo aislado.  <\/p>\n\t\t\t\t\t\t\t\t<\/div>\n\t\t\t\t\t\t\t<\/a>\n\t\t\t\t\t\t<\/div>\n\t\t\t\t\t\t\t\t\t\t\t<div class=\"highlights__blocks-block\">\n\t\t\t\t\t\t\t<a >\n\t\t\t\t\t\t\t\t<div class=\"highlights__blocks-block-arrow\">\n\t\t\t\t\t\t\t\t\t<svg width=\"24\" height=\"25\" viewBox=\"0 0 24 25\" fill=\"#1A3283\" xmlns=\"http:\/\/www.w3.org\/2000\/svg\">\n\t\t\t\t\t\t\t\t\t\t<path d=\"M14 18.5L12.6 17.05L16.15 13.5H4V11.5H16.15L12.6 7.95L14 6.5L20 12.5L14 18.5Z\"\/>\n\t\t\t\t\t\t\t\t\t<\/svg>\n\t\t\t\t\t\t\t\t<\/div>\n\t\t\t\t\t\t\t\t<div class=\"highlights__blocks-block-content\">\n\t\t\t\t\t\t\t\t\t<h4>Medici\u00f3n, aprendizaje, mejora <\/h4>\n\t\t\t\t\t\t\t\t\t<p>Utilice herramientas e indicadores sencillos para identificar los avances y las dificultades, lo que aporta al conocimiento institucional a lo largo del tiempo. <\/p>\n\t\t\t\t\t\t\t\t<\/div>\n\t\t\t\t\t\t\t<\/a>\n\t\t\t\t\t\t<\/div>\n\t\t\t\t\t\t\t\t<\/div>\n\t\t<\/div>\n\t\t\t<\/div>\n<\/section>\n\n\n<div class=\"anchor__menu-title\" role=\"presentation\">\n\t<div class=\"container\">\t\t\t<h2 class=\"anchor__menu-h2\">Destinatarios de esta gu\u00eda <\/h2>\n\t\t<\/div><\/div>\n\n\n\n<figure class=\"wp-block-image size-full\"><img loading=\"lazy\" decoding=\"async\" width=\"1023\" height=\"70\" src=\"https:\/\/rcrcconference.org\/app\/uploads\/2026\/03\/image-4.png\" alt=\"\" class=\"wp-image-36436\"\/><\/figure>\n\n\n\n<div style=\"height:45px\" aria-hidden=\"true\" class=\"wp-block-spacer\"><\/div>\n\n\n<div class=\"anchor__menu-title\" role=\"presentation\">\n\t<div class=\"container\">\t\t\t<h2 class=\"anchor__menu-h2\">Descrubra la gu\u00eda <\/h2>\n\t\t<\/div><\/div>\n\n\n<section class=\"bulletins\">\n\t<div class=\"container\">\t\t<div class=\"bulletins__header\">\n\t\t\t\t\t<\/div>\n\t\t<div class=\"bulletins-blocks\">\n\t\t\t\t\t\t\t\t<div class=\"bulletins-blocks-block\">\n\t\t\t\t\t\t<a href=\"https:\/\/rcrcconference.org\/app\/uploads\/2026\/04\/FINAL_SP_Guidance.pdf\">\n\t\t\t\t\t\t\t<div class=\"bulletins-blocks-block-content\">\n\t\t\t\t\t\t\t\t\t\t\t\t\t\t\t\t\t\t\t\t\t\t\t\t\t\t\t\t\t\t\t\t\t\t\t\t<div class=\"bulletins-blocks-block-img-wrapper\">\n\t\t\t\t\t\t\t\t\t\t\t<div class=\"bulletins-blocks-block-img\" style=\"background-image: url('https:\/\/rcrcconference.org\/app\/uploads\/2026\/01\/Hand_plant-1.jpg')\"><\/div>\n\t\t\t\t\t\t\t\t\t\t<\/div>\n\t\t\t\t\t\t\t\t\t\t\t\t\t\t\t\t\t\t\t\t\t\t\t\t\t<div class=\"bulletins-blocks-block-data\">\n\t\t\t\t\t\t\t\t\t<div class=\"bulletins-blocks-block-arrow\">\n\t\t\t\t\t\t\t\t\t\t<svg width=\"24\" height=\"25\" viewBox=\"0 0 24 25\" fill=\"#1A3283\" xmlns=\"http:\/\/www.w3.org\/2000\/svg\">\n\t\t\t\t\t\t\t\t\t\t\t<path d=\"M14 18.5L12.6 17.05L16.15 13.5H4V11.5H16.15L12.6 7.95L14 6.5L20 12.5L14 18.5Z\"\/>\n\t\t\t\t\t\t\t\t\t\t<\/svg>\n\t\t\t\t\t\t\t\t\t<\/div>\n\t\t\t\t\t\t\t\t\t<div class=\"bulletins-blocks-block-text\">\n\t\t\t\t\t\t\t\t\t\t<span>\n\t\t\t\t\t\t\t\t\t\t\t<svg width=\"25\" height=\"25\" viewBox=\"0 0 25 25\" fill=\"none\" xmlns=\"http:\/\/www.w3.org\/2000\/svg\">\n\t\t\t\t\t\t\t\t\t\t\t\t<path d=\"M15 18.5C14.3 18.5 13.7083 18.2583 13.225 17.775C12.7417 17.2917 12.5 16.7 12.5 16C12.5 15.3 12.7417 14.7083 13.225 14.225C13.7083 13.7417 14.3 13.5 15 13.5C15.7 13.5 16.2917 13.7417 16.775 14.225C17.2583 14.7083 17.5 15.3 17.5 16C17.5 16.7 17.2583 17.2917 16.775 17.775C16.2917 18.2583 15.7 18.5 15 18.5ZM5.5 22.5C4.95 22.5 4.47917 22.3042 4.0875 21.9125C3.69583 21.5208 3.5 21.05 3.5 20.5V6.5C3.5 5.95 3.69583 5.47917 4.0875 5.0875C4.47917 4.69583 4.95 4.5 5.5 4.5H6.5V2.5H8.5V4.5H16.5V2.5H18.5V4.5H19.5C20.05 4.5 20.5208 4.69583 20.9125 5.0875C21.3042 5.47917 21.5 5.95 21.5 6.5V20.5C21.5 21.05 21.3042 21.5208 20.9125 21.9125C20.5208 22.3042 20.05 22.5 19.5 22.5H5.5ZM5.5 20.5H19.5V10.5H5.5V20.5ZM5.5 8.5H19.5V6.5H5.5V8.5Z\" fill=\"#4A5757\"\/>\n\t\t\t\t\t\t\t\t\t\t\t<\/svg>\n\t\t\t\t\t\t\t\t\t\t\t\t\t\t\t\t\t\t\t\t\t<\/span>\n\t\t\t\t\t\t\t\t\t\t<h3 class=\"heading-style-h4\">Orientaci\u00f3n completa <\/h3>\n\t\t\t\t\t\t\t\t\t<\/div>\n\t\t\t\t\t\t\t\t<\/div>\n\t\t\t\t\t\t\t<\/div>\n\t\t\t\t\t\t<\/a>\n\t\t\t\t\t<\/div>\n\t\t\t\t\t\t\t\t\t<div class=\"bulletins-blocks-block\">\n\t\t\t\t\t\t<a href=\"https:\/\/rcrcconference.org\/app\/uploads\/2026\/03\/V5_SP_Guidance_checklist.pdf\">\n\t\t\t\t\t\t\t<div class=\"bulletins-blocks-block-content\">\n\t\t\t\t\t\t\t\t\t\t\t\t\t\t\t\t\t\t\t\t\t\t\t\t\t\t\t\t\t\t\t\t\t\t\t\t<div class=\"bulletins-blocks-block-img-wrapper\">\n\t\t\t\t\t\t\t\t\t\t\t<div class=\"bulletins-blocks-block-img\" style=\"background-image: url('https:\/\/rcrcconference.org\/app\/uploads\/2026\/03\/V-P-CH-E-01482.jpg')\"><\/div>\n\t\t\t\t\t\t\t\t\t\t<\/div>\n\t\t\t\t\t\t\t\t\t\t\t\t\t\t\t\t\t\t\t\t\t\t\t\t\t<div class=\"bulletins-blocks-block-data\">\n\t\t\t\t\t\t\t\t\t<div class=\"bulletins-blocks-block-arrow\">\n\t\t\t\t\t\t\t\t\t\t<svg width=\"24\" height=\"25\" viewBox=\"0 0 24 25\" fill=\"#1A3283\" xmlns=\"http:\/\/www.w3.org\/2000\/svg\">\n\t\t\t\t\t\t\t\t\t\t\t<path d=\"M14 18.5L12.6 17.05L16.15 13.5H4V11.5H16.15L12.6 7.95L14 6.5L20 12.5L14 18.5Z\"\/>\n\t\t\t\t\t\t\t\t\t\t<\/svg>\n\t\t\t\t\t\t\t\t\t<\/div>\n\t\t\t\t\t\t\t\t\t<div class=\"bulletins-blocks-block-text\">\n\t\t\t\t\t\t\t\t\t\t<span>\n\t\t\t\t\t\t\t\t\t\t\t<svg width=\"25\" height=\"25\" viewBox=\"0 0 25 25\" fill=\"none\" xmlns=\"http:\/\/www.w3.org\/2000\/svg\">\n\t\t\t\t\t\t\t\t\t\t\t\t<path d=\"M15 18.5C14.3 18.5 13.7083 18.2583 13.225 17.775C12.7417 17.2917 12.5 16.7 12.5 16C12.5 15.3 12.7417 14.7083 13.225 14.225C13.7083 13.7417 14.3 13.5 15 13.5C15.7 13.5 16.2917 13.7417 16.775 14.225C17.2583 14.7083 17.5 15.3 17.5 16C17.5 16.7 17.2583 17.2917 16.775 17.775C16.2917 18.2583 15.7 18.5 15 18.5ZM5.5 22.5C4.95 22.5 4.47917 22.3042 4.0875 21.9125C3.69583 21.5208 3.5 21.05 3.5 20.5V6.5C3.5 5.95 3.69583 5.47917 4.0875 5.0875C4.47917 4.69583 4.95 4.5 5.5 4.5H6.5V2.5H8.5V4.5H16.5V2.5H18.5V4.5H19.5C20.05 4.5 20.5208 4.69583 20.9125 5.0875C21.3042 5.47917 21.5 5.95 21.5 6.5V20.5C21.5 21.05 21.3042 21.5208 20.9125 21.9125C20.5208 22.3042 20.05 22.5 19.5 22.5H5.5ZM5.5 20.5H19.5V10.5H5.5V20.5ZM5.5 8.5H19.5V6.5H5.5V8.5Z\" fill=\"#4A5757\"\/>\n\t\t\t\t\t\t\t\t\t\t\t<\/svg>\n\t\t\t\t\t\t\t\t\t\t\t\t\t\t\t\t\t\t\t\t\t<\/span>\n\t\t\t\t\t\t\t\t\t\t<h3 class=\"heading-style-h4\">Lista de verificaci\u00f3n <\/h3>\n\t\t\t\t\t\t\t\t\t<\/div>\n\t\t\t\t\t\t\t\t<\/div>\n\t\t\t\t\t\t\t<\/div>\n\t\t\t\t\t\t<\/a>\n\t\t\t\t\t<\/div>\n\t\t\t\t\t\t\t\t\t<div class=\"bulletins-blocks-block\">\n\t\t\t\t\t\t<a href=\"https:\/\/rcrcconference.org\/app\/uploads\/2026\/03\/V5_SP_Guidance_summary-of-the-process.pdf\">\n\t\t\t\t\t\t\t<div class=\"bulletins-blocks-block-content\">\n\t\t\t\t\t\t\t\t\t\t\t\t\t\t\t\t\t\t\t\t\t\t\t\t\t\t\t\t\t\t\t\t\t\t\t\t<div class=\"bulletins-blocks-block-img-wrapper\">\n\t\t\t\t\t\t\t\t\t\t\t<div class=\"bulletins-blocks-block-img\" style=\"background-image: url('https:\/\/rcrcconference.org\/app\/uploads\/2026\/03\/V-P-ZA-E-00068.jpg')\"><\/div>\n\t\t\t\t\t\t\t\t\t\t<\/div>\n\t\t\t\t\t\t\t\t\t\t\t\t\t\t\t\t\t\t\t\t\t\t\t\t\t<div class=\"bulletins-blocks-block-data\">\n\t\t\t\t\t\t\t\t\t<div class=\"bulletins-blocks-block-arrow\">\n\t\t\t\t\t\t\t\t\t\t<svg width=\"24\" height=\"25\" viewBox=\"0 0 24 25\" fill=\"#1A3283\" xmlns=\"http:\/\/www.w3.org\/2000\/svg\">\n\t\t\t\t\t\t\t\t\t\t\t<path d=\"M14 18.5L12.6 17.05L16.15 13.5H4V11.5H16.15L12.6 7.95L14 6.5L20 12.5L14 18.5Z\"\/>\n\t\t\t\t\t\t\t\t\t\t<\/svg>\n\t\t\t\t\t\t\t\t\t<\/div>\n\t\t\t\t\t\t\t\t\t<div class=\"bulletins-blocks-block-text\">\n\t\t\t\t\t\t\t\t\t\t<span>\n\t\t\t\t\t\t\t\t\t\t\t<svg width=\"25\" height=\"25\" viewBox=\"0 0 25 25\" fill=\"none\" xmlns=\"http:\/\/www.w3.org\/2000\/svg\">\n\t\t\t\t\t\t\t\t\t\t\t\t<path d=\"M15 18.5C14.3 18.5 13.7083 18.2583 13.225 17.775C12.7417 17.2917 12.5 16.7 12.5 16C12.5 15.3 12.7417 14.7083 13.225 14.225C13.7083 13.7417 14.3 13.5 15 13.5C15.7 13.5 16.2917 13.7417 16.775 14.225C17.2583 14.7083 17.5 15.3 17.5 16C17.5 16.7 17.2583 17.2917 16.775 17.775C16.2917 18.2583 15.7 18.5 15 18.5ZM5.5 22.5C4.95 22.5 4.47917 22.3042 4.0875 21.9125C3.69583 21.5208 3.5 21.05 3.5 20.5V6.5C3.5 5.95 3.69583 5.47917 4.0875 5.0875C4.47917 4.69583 4.95 4.5 5.5 4.5H6.5V2.5H8.5V4.5H16.5V2.5H18.5V4.5H19.5C20.05 4.5 20.5208 4.69583 20.9125 5.0875C21.3042 5.47917 21.5 5.95 21.5 6.5V20.5C21.5 21.05 21.3042 21.5208 20.9125 21.9125C20.5208 22.3042 20.05 22.5 19.5 22.5H5.5ZM5.5 20.5H19.5V10.5H5.5V20.5ZM5.5 8.5H19.5V6.5H5.5V8.5Z\" fill=\"#4A5757\"\/>\n\t\t\t\t\t\t\t\t\t\t\t<\/svg>\n\t\t\t\t\t\t\t\t\t\t\t\t\t\t\t\t\t\t\t\t\t<\/span>\n\t\t\t\t\t\t\t\t\t\t<h3 class=\"heading-style-h4\">Resumen del proceso <\/h3>\n\t\t\t\t\t\t\t\t\t<\/div>\n\t\t\t\t\t\t\t\t<\/div>\n\t\t\t\t\t\t\t<\/div>\n\t\t\t\t\t\t<\/a>\n\t\t\t\t\t<\/div>\n\t\t\t\t\t\t\t\t\t<div class=\"bulletins-blocks-block\">\n\t\t\t\t\t\t<a href=\"https:\/\/rcrcconference.org\/app\/uploads\/2026\/03\/V5_SP_Guidance_practical-guidance-and-KPIs.pdf\">\n\t\t\t\t\t\t\t<div class=\"bulletins-blocks-block-content\">\n\t\t\t\t\t\t\t\t\t\t\t\t\t\t\t\t\t\t\t\t\t\t\t\t\t\t\t\t\t\t\t\t\t\t\t\t<div class=\"bulletins-blocks-block-img-wrapper\">\n\t\t\t\t\t\t\t\t\t\t\t<div class=\"bulletins-blocks-block-img\" style=\"background-image: url('https:\/\/rcrcconference.org\/app\/uploads\/2026\/03\/V-P-CH-E-01586.jpg')\"><\/div>\n\t\t\t\t\t\t\t\t\t\t<\/div>\n\t\t\t\t\t\t\t\t\t\t\t\t\t\t\t\t\t\t\t\t\t\t\t\t\t<div class=\"bulletins-blocks-block-data\">\n\t\t\t\t\t\t\t\t\t<div class=\"bulletins-blocks-block-arrow\">\n\t\t\t\t\t\t\t\t\t\t<svg width=\"24\" height=\"25\" viewBox=\"0 0 24 25\" fill=\"#1A3283\" xmlns=\"http:\/\/www.w3.org\/2000\/svg\">\n\t\t\t\t\t\t\t\t\t\t\t<path d=\"M14 18.5L12.6 17.05L16.15 13.5H4V11.5H16.15L12.6 7.95L14 6.5L20 12.5L14 18.5Z\"\/>\n\t\t\t\t\t\t\t\t\t\t<\/svg>\n\t\t\t\t\t\t\t\t\t<\/div>\n\t\t\t\t\t\t\t\t\t<div class=\"bulletins-blocks-block-text\">\n\t\t\t\t\t\t\t\t\t\t<span>\n\t\t\t\t\t\t\t\t\t\t\t<svg width=\"25\" height=\"25\" viewBox=\"0 0 25 25\" fill=\"none\" xmlns=\"http:\/\/www.w3.org\/2000\/svg\">\n\t\t\t\t\t\t\t\t\t\t\t\t<path d=\"M15 18.5C14.3 18.5 13.7083 18.2583 13.225 17.775C12.7417 17.2917 12.5 16.7 12.5 16C12.5 15.3 12.7417 14.7083 13.225 14.225C13.7083 13.7417 14.3 13.5 15 13.5C15.7 13.5 16.2917 13.7417 16.775 14.225C17.2583 14.7083 17.5 15.3 17.5 16C17.5 16.7 17.2583 17.2917 16.775 17.775C16.2917 18.2583 15.7 18.5 15 18.5ZM5.5 22.5C4.95 22.5 4.47917 22.3042 4.0875 21.9125C3.69583 21.5208 3.5 21.05 3.5 20.5V6.5C3.5 5.95 3.69583 5.47917 4.0875 5.0875C4.47917 4.69583 4.95 4.5 5.5 4.5H6.5V2.5H8.5V4.5H16.5V2.5H18.5V4.5H19.5C20.05 4.5 20.5208 4.69583 20.9125 5.0875C21.3042 5.47917 21.5 5.95 21.5 6.5V20.5C21.5 21.05 21.3042 21.5208 20.9125 21.9125C20.5208 22.3042 20.05 22.5 19.5 22.5H5.5ZM5.5 20.5H19.5V10.5H5.5V20.5ZM5.5 8.5H19.5V6.5H5.5V8.5Z\" fill=\"#4A5757\"\/>\n\t\t\t\t\t\t\t\t\t\t\t<\/svg>\n\t\t\t\t\t\t\t\t\t\t\t\t\t\t\t\t\t\t\t\t\t<\/span>\n\t\t\t\t\t\t\t\t\t\t<h3 class=\"heading-style-h4\">Gu\u00eda pr\u00e1ctica e indicadores clave de desempe\u00f1o sugeridos <\/h3>\n\t\t\t\t\t\t\t\t\t<\/div>\n\t\t\t\t\t\t\t\t<\/div>\n\t\t\t\t\t\t\t<\/div>\n\t\t\t\t\t\t<\/a>\n\t\t\t\t\t<\/div>\n\t\t\t\t\t\t<\/div>\n\t<\/div><\/section>\n","protected":false},"excerpt":{"rendered":"<p>Desde&nbsp;hace&nbsp;d\u00e9cadas, el&nbsp;Movimiento&nbsp;Internacional de la Cruz Roja y&nbsp;de la Media Luna Roja&nbsp;analiza&nbsp;y responde a los&nbsp;riesgos&nbsp;relacionados&nbsp;con&nbsp;la&nbsp;evoluci\u00f3n&nbsp;del&nbsp;medio ambiente y el clima. Por lo tanto, fortalecer la&nbsp;sostenibilidad&nbsp;ambiental no&nbsp;es&nbsp;un&nbsp;compromiso&nbsp;reciente:&nbsp;es&nbsp;la&nbsp;continuaci\u00f3n&nbsp;de la&nbsp;responsabilidad&nbsp;que compartimos&nbsp;en&nbsp;cuanto&nbsp;a&nbsp;reducir&nbsp;nuestra&nbsp;huella&nbsp;de carbono, dar el&nbsp;ejemplo&nbsp;y obrar&nbsp;con&nbsp;integridad&nbsp;hacia&nbsp;las comunidades a las que prestamos&nbsp;asistencia.&nbsp; Partiendo&nbsp;de&nbsp;ese&nbsp;compromiso&nbsp;de larga&nbsp;trayectoria, el Comit\u00e9 Organizador Conjunto de la Conferencia Internacional de la Cruz Roja y de la Media Luna Roja, [&hellip;]<\/p>\n","protected":false},"author":444,"featured_media":35973,"parent":0,"menu_order":0,"comment_status":"closed","ping_status":"closed","template":"","meta":{"_acf_changed":false,"footnotes":""},"class_list":["post-36429","page","type-page","status-publish","has-post-thumbnail","hentry"],"acf":[],"_links":{"self":[{"href":"https:\/\/rcrcconference.org\/es\/wp-json\/wp\/v2\/pages\/36429"}],"collection":[{"href":"https:\/\/rcrcconference.org\/es\/wp-json\/wp\/v2\/pages"}],"about":[{"href":"https:\/\/rcrcconference.org\/es\/wp-json\/wp\/v2\/types\/page"}],"author":[{"embeddable":true,"href":"https:\/\/rcrcconference.org\/es\/wp-json\/wp\/v2\/users\/444"}],"replies":[{"embeddable":true,"href":"https:\/\/rcrcconference.org\/es\/wp-json\/wp\/v2\/comments?post=36429"}],"version-history":[{"count":7,"href":"https:\/\/rcrcconference.org\/es\/wp-json\/wp\/v2\/pages\/36429\/revisions"}],"predecessor-version":[{"id":36487,"href":"https:\/\/rcrcconference.org\/es\/wp-json\/wp\/v2\/pages\/36429\/revisions\/36487"}],"wp:featuredmedia":[{"embeddable":true,"href":"https:\/\/rcrcconference.org\/es\/wp-json\/wp\/v2\/media\/35973"}],"wp:attachment":[{"href":"https:\/\/rcrcconference.org\/es\/wp-json\/wp\/v2\/media?parent=36429"}],"curies":[{"name":"wp","href":"https:\/\/api.w.org\/{rel}","templated":true}]}}