{"id":34370,"date":"2025-08-08T14:34:33","date_gmt":"2025-08-08T14:34:33","guid":{"rendered":"https:\/\/rcrcconference.org\/test-cod-26\/"},"modified":"2025-10-27T13:35:26","modified_gmt":"2025-10-27T13:35:26","slug":"test-cod-26","status":"publish","type":"page","link":"https:\/\/rcrcconference.org\/es\/about-2\/test-cod-26\/","title":{"rendered":"Consejo de Delegados de 2026, 3 \u2013 4 de diciembre, Ginebra"},"content":{"rendered":"\n<div style=\"height:66px\" aria-hidden=\"true\" class=\"wp-block-spacer\"><\/div>\n\n\n\n<p class=\"has-text-align-center\"><strong><br><br>Unidos por la humanidad<\/strong><br><\/p>\n\n\n\n<p class=\"has-text-align-center\"><em>Un llamado oportuno a fortalecer la cohesi\u00f3n y mejorar la orientaci\u00f3n del Movimiento de la Cruz Roja y de la Media Luna Roja en un entorno complejo, y a movilizarnos para continuar realizando una labor humanitaria eficaz y basada en principios. <\/em><\/p>\n\n\n\n<section class=\"wp-block-red-cross-block-red-cross-text-block about\"><div class=\"container\"><div class=\"about__inner\"><div class=\"about__title\"><h3><\/h3><\/div><div class=\"about__content\">El Consejo de Delegados que se reunir\u00e1 en 2026 se centrar\u00e1 en fortalecer y demostrar la propuesta \u00fanica de valor del Movimiento Internacional de la Cruz Roja y de la Media Luna Roja (el Movimiento). Esa propuesta se basa en la complementariedad de sus funciones y mandatos, su alcance local y la proximidad con las personas afectadas, su influencia a nivel mundial y sus Principios Fundamentales. El objetivo es que contin\u00fae siendo un socio de preferencia confiable y un actor destacado en el dise\u00f1o de normas y pr\u00e1cticas humanitarias.<br\/><br\/>La nota conceptual del Consejo de Delegados de 2026 marca el comienzo de un proceso de consulta progresivo, que depende de la participaci\u00f3n activa de las Sociedades Nacionales. El objetivo de los coorganizadores es la creaci\u00f3n conjunta de un programa que refleje, a trav\u00e9s de ideas, comentarios y reflexiones compartidas, las prioridades de todos los componentes del Movimiento. Se invita a las Sociedades Nacionales a enviar sus comentarios y sugerencias sobre esta nota conceptual <strong>antes del 16 de septiembre de 2025<\/strong> a fin de orientar el desarrollo del programa del Consejo de Delegados.<\/div><\/div><\/div><\/section>\n\n\n<div class=\"wp-block-image\">\n<figure class=\"aligncenter size-full is-resized\"><img loading=\"lazy\" decoding=\"async\" width=\"1008\" height=\"595\" src=\"https:\/\/rcrcconference.org\/app\/uploads\/2025\/08\/ES_timeline.png\" alt=\"\" class=\"wp-image-34387\" style=\"width:768px;height:auto\"\/><\/figure><\/div>\n\n\n<div style=\"height:83px\" aria-hidden=\"true\" class=\"wp-block-spacer\"><\/div>\n\n\n\n<p><\/p>\n\n\n<section class=\"latest_documents\">\n\t<div class=\"latest_documents__inner\">\n\t\t<div class=\"latest_documents__header\" role=\"region\">\n\t\t\t<h2>Documento m\u00e1s reciente<\/h2>\t\t<\/div>\n\t\t<div class=\"latest_documents__blocks\">\n\t\t\t\t\t\t\t\t<div class=\"latest_documents__blocks-block\">\n\t\t\t\t\t\t<a href=\"https:\/\/rcrcconference.org\/app\/uploads\/2025\/08\/Council-of-Delegates-Concept-Note-2026_SPA.pdf\">\n\t\t\t\t\t\t\t<div class=\"latest_documents__blocks-block-arrow\">\n\t\t\t\t\t\t\t\t<svg width=\"24\" height=\"25\" viewBox=\"0 0 24 25\" fill=\"#1A3283\" xmlns=\"http:\/\/www.w3.org\/2000\/svg\">\n\t\t\t\t\t\t\t\t\t<path d=\"M14 18.5L12.6 17.05L16.15 13.5H4V11.5H16.15L12.6 7.95L14 6.5L20 12.5L14 18.5Z\"\/>\n\t\t\t\t\t\t\t\t<\/svg>\n\t\t\t\t\t\t\t<\/div>\n\t\t\t\t\t\t\t<div class=\"latest_documents__blocks-block-content\" role=\"region\" aria-label=\"Latest document\">\n\t\t\t\t\t\t\t\t<svg width=\"23\" height=\"28\" viewBox=\"0 0 23 28\" fill=\"#6C7E7E\" xmlns=\"http:\/\/www.w3.org\/2000\/svg\"><path d=\"M6.16683 22H16.8335V19.3334H6.16683V22ZM6.16683 16.6667H16.8335V14H6.16683V16.6667ZM3.50016 27.3334C2.76683 27.3334 2.13905 27.0722 1.61683 26.55C1.09461 26.0278 0.833496 25.4 0.833496 24.6667V3.33335C0.833496 2.60002 1.09461 1.97224 1.61683 1.45002C2.13905 0.927798 2.76683 0.666687 3.50016 0.666687H14.1668L22.1668 8.66669V24.6667C22.1668 25.4 21.9057 26.0278 21.3835 26.55C20.8613 27.0722 20.2335 27.3334 19.5002 27.3334H3.50016ZM12.8335 10V3.33335H3.50016V24.6667H19.5002V10H12.8335Z\"\/><\/svg>\n\t\t\t\t\t\t\t\t<h3 class=\"latest_documents__blocks-block-content-title-h4\">Nota conceptual del Consejo de Delegados de 2026<\/h3>\n\t\t\t\t\t\t\t\t<p><\/p>\n\t\t\t\t\t\t\t<\/div>\n\t\t\t\t\t\t<\/a>\n\t\t\t\t\t<\/div>\n\t\t\t\t\t\t<\/div>\n\t<\/div>\n<\/section>\n","protected":false},"excerpt":{"rendered":"<p>Unidos por la humanidad Un llamado oportuno a fortalecer la cohesi\u00f3n y mejorar la orientaci\u00f3n del Movimiento de la Cruz Roja y de la Media Luna Roja en un entorno complejo, y a movilizarnos para continuar realizando una labor humanitaria eficaz y basada en principios.<\/p>\n","protected":false},"author":444,"featured_media":34385,"parent":2033,"menu_order":0,"comment_status":"closed","ping_status":"closed","template":"","meta":{"_acf_changed":false,"footnotes":""},"class_list":["post-34370","page","type-page","status-publish","has-post-thumbnail","hentry"],"acf":[],"_links":{"self":[{"href":"https:\/\/rcrcconference.org\/es\/wp-json\/wp\/v2\/pages\/34370"}],"collection":[{"href":"https:\/\/rcrcconference.org\/es\/wp-json\/wp\/v2\/pages"}],"about":[{"href":"https:\/\/rcrcconference.org\/es\/wp-json\/wp\/v2\/types\/page"}],"author":[{"embeddable":true,"href":"https:\/\/rcrcconference.org\/es\/wp-json\/wp\/v2\/users\/444"}],"replies":[{"embeddable":true,"href":"https:\/\/rcrcconference.org\/es\/wp-json\/wp\/v2\/comments?post=34370"}],"version-history":[{"count":7,"href":"https:\/\/rcrcconference.org\/es\/wp-json\/wp\/v2\/pages\/34370\/revisions"}],"predecessor-version":[{"id":35457,"href":"https:\/\/rcrcconference.org\/es\/wp-json\/wp\/v2\/pages\/34370\/revisions\/35457"}],"up":[{"embeddable":true,"href":"https:\/\/rcrcconference.org\/es\/wp-json\/wp\/v2\/pages\/2033"}],"wp:featuredmedia":[{"embeddable":true,"href":"https:\/\/rcrcconference.org\/es\/wp-json\/wp\/v2\/media\/34385"}],"wp:attachment":[{"href":"https:\/\/rcrcconference.org\/es\/wp-json\/wp\/v2\/media?parent=34370"}],"curies":[{"name":"wp","href":"https:\/\/api.w.org\/{rel}","templated":true}]}}