{"id":31668,"date":"2024-10-26T22:18:58","date_gmt":"2024-10-26T22:18:58","guid":{"rendered":"https:\/\/rcrcconference.org\/?page_id=31668"},"modified":"2024-10-26T22:22:53","modified_gmt":"2024-10-26T22:22:53","slug":"declaration-commune","status":"publish","type":"page","link":"https:\/\/rcrcconference.org\/es\/about\/34th-international-conference\/declaration-commune\/","title":{"rendered":"D\u00e9claration Commune"},"content":{"rendered":"\n<h3 class=\"wp-block-heading\"><strong>En su XXXIV Conferencia Internacional, la Cruz Roja y la Media Luna Roja presentan cinco resoluciones para hacer frente a los desaf\u00edos humanitarios mundiales<\/strong><\/h3>\n\n\n\n<div style=\"height:30px\" aria-hidden=\"true\" class=\"wp-block-spacer\"><\/div>\n\n\n\n<div style=\"height:10px\" aria-hidden=\"true\" class=\"wp-block-spacer\"><\/div>\n\n\n\n<p>Ginebra (CICR\/Federaci\u00f3n Internacional) \u2013 La XXXIV Conferencia Internacional de la Cruz Roja y de la Media Luna Roja, que se llevar\u00e1 a cabo entre el 28 y el 31 de octubre, re\u00fane a una de las redes humanitarias m\u00e1s grandes del mundo, con 191 Sociedades Nacionales y 196 Estados Partes en los Convenios de Ginebra. La reuni\u00f3n, que se realiza cada cuatro a\u00f1os, se centrar\u00e1 en cinco resoluciones clave orientadas a promover soluciones humanitarias para desaf\u00edos mundiales.<\/p>\n\n\n\n<div style=\"height:30px\" aria-hidden=\"true\" class=\"wp-block-spacer\"><\/div>\n\n\n\n<p>Para este foro apol\u00edtico y puramente humanitario, la reuni\u00f3n se da en un momento cr\u00edtico, en medio de un sinf\u00edn de titulares sobre desastres y conflictos armados que recrudecen, lo que pone de relieve la urgencia de volver a llevar la atenci\u00f3n mundial a las poblaciones que sobrellevan las crisis de hoy.<\/p>\n\n\n\n<div style=\"height:30px\" aria-hidden=\"true\" class=\"wp-block-spacer\"><\/div>\n\n\n\n<p><strong>Kate Forbes, presidenta de la Federaci\u00f3n Internacional de Sociedades de la Cruz Roja y de la Media Luna Roja (Federaci\u00f3n Internacional),\u00a0afirm\u00f3<\/strong>: \u201cEn un mundo cada vez m\u00e1s polarizado, la Conferencia Internacional subraya la importancia de nuestro Movimiento de alcance planetario para responder a los complejos desaf\u00edos de la actualidad. La Cruza Roja y la Media Luna Roja son un ejemplo de lo mejor de la humanidad en momentos turbulentos\u201d.<p class=\"MsoNormal\" style=\"margin: 0cm; line-height: 15.693334px; font-size: 11pt; font-family: Calibri, sans-serif; white-space: normal; background-image: none; background-position: 0% 0%; background-size: auto; background-repeat: repeat; background-attachment: scroll; background-origin: padding-box; background-clip: border-box;\"><span lang=\"ES-AR\"><\/span><\/p><\/p>\n\n\n\n<div style=\"height:30px\" aria-hidden=\"true\" class=\"wp-block-spacer\"><\/div>\n\n\n\n<p><strong>Mirjana Spoljaric, presidenta del Comit\u00e9 Internacional de la Cruz Roja (CICR), declar\u00f3<\/strong>: \u201cLos intolerables niveles de sufrimiento causados por los conflictos armados actuales exigen acci\u00f3n inmediata. Demasiadas comunidades est\u00e1n quedando destruidas, demasiadas familias se ven separadas en las zonas de guerra de hoy. Es urgente que la comunidad internacional reafirme su compromiso con el derecho internacional humanitario y priorice la protecci\u00f3n de la poblaci\u00f3n civil. Fortalecer ese consenso es esencial para nuestra humanidad compartida\u201d.<p class=\"MsoNormal\" style=\"margin: 0cm; line-height: 15.693334px; font-size: 11pt; font-family: Calibri, sans-serif; white-space: normal; background-image: none; background-position: 0% 0%; background-size: auto; background-repeat: repeat; background-attachment: scroll; background-origin: padding-box; background-clip: border-box;\"><span lang=\"ES-AR\"><\/span><\/p><\/p>\n\n\n\n<div style=\"height:30px\" aria-hidden=\"true\" class=\"wp-block-spacer\"><\/div>\n\n\n\n<p>El programa de la conferencia se centra en cuestiones humanitarias acuciantes, como el cumplimiento del derecho internacional humanitario, la protecci\u00f3n de las personas civiles y los trabajadores humanitarios, los efectos de las tecnolog\u00edas digitales en la guerra y la habilitaci\u00f3n de la acci\u00f3n impulsada a nivel local. Las resoluciones tienen la finalidad de orientar la acci\u00f3n humanitaria mundial y atender nuevos desaf\u00edos, como los siguientes:<\/p>\n\n\n\n<div style=\"height:30px\" aria-hidden=\"true\" class=\"wp-block-spacer\"><\/div>\n\n\n\n<p><strong>La creaci\u00f3n de una cultura universal de cumplimiento del derecho internacional humanitario<\/strong>:\u00a0esta resoluci\u00f3n promueve el derecho internacional humanitario (DIH) alentando su respeto universal entre los Estados, en particular la protecci\u00f3n de la poblaci\u00f3n civil y los trabajadores humanitarios.<p class=\"MsoNormal\" style=\"margin: 0cm; line-height: 15.693334px; font-size: 11pt; font-family: Calibri, sans-serif; white-space: normal; background-image: none; background-position: 0% 0%; background-size: auto; background-repeat: repeat; background-attachment: scroll; background-origin: padding-box; background-clip: border-box;\"><span lang=\"ES-AR\"><\/span><\/p><\/p>\n\n\n\n<div style=\"height:30px\" aria-hidden=\"true\" class=\"wp-block-spacer\"><\/div>\n\n\n\n<p><strong>La protecci\u00f3n de la poblaci\u00f3n civil contra las consecuencias humanitarias del uso de tecnolog\u00edas digitales en conflictos armados<\/strong>:\u00a0en un contexto mundial en el que se intensifica el riesgo de guerra digital, esta resoluci\u00f3n env\u00eda una se\u00f1al clara de que todos los Estados y las Sociedades Nacionales de la Cruz Roja y de la Media Luna Roja reconocen el posible costo humano de las actividades maliciosas relacionadas con las tecnolog\u00edas de la informaci\u00f3n y las comunicaciones, y se comprometen a preservar a la poblaci\u00f3n civil y a la infraestructura esencial contra ataques cibern\u00e9ticos.<p class=\"MsoNormal\" style=\"margin: 0cm; line-height: 15.693334px; font-size: 11pt; font-family: Calibri, sans-serif; white-space: normal; background-image: none; background-position: 0% 0%; background-size: auto; background-repeat: repeat; background-attachment: scroll; background-origin: padding-box; background-clip: border-box;\"><span lang=\"ES-AR\"><\/span><\/p><\/p>\n\n\n\n<div style=\"height:30px\" aria-hidden=\"true\" class=\"wp-block-spacer\"><\/div>\n\n\n\n<p><strong>El fortalecimiento del marco para la gesti\u00f3n del riesgo de desastres<\/strong>:\u00a0esta resoluci\u00f3n llama a establecer marcos jur\u00eddicos integrales para mejorar la gesti\u00f3n del riesgo de desastres y la resiliencia mundial.<p class=\"MsoNormal\" style=\"margin: 0cm; line-height: 15.693334px; font-size: 11pt; font-family: Calibri, sans-serif; white-space: normal; background-image: none; background-position: 0% 0%; background-size: auto; background-repeat: repeat; background-attachment: scroll; background-origin: padding-box; background-clip: border-box;\"><span lang=\"ES-AR\"><\/span><\/p><\/p>\n\n\n\n<div style=\"height:30px\" aria-hidden=\"true\" class=\"wp-block-spacer\"><\/div>\n\n\n\n<p><strong>La protecci\u00f3n de las personas ante las consecuencias humanitarias de fen\u00f3menos clim\u00e1ticos<\/strong>:\u00a0en vista del creciente peligro que representa el cambio clim\u00e1tico, esta resoluci\u00f3n llama a tomar medidas anticipatorias y a promover la cooperaci\u00f3n mundial a fin de mitigar las consecuencias humanitarias de los fen\u00f3menos clim\u00e1ticos extremos para las poblaciones vulnerables.<p class=\"MsoNormal\" style=\"margin: 0cm; line-height: 15.693334px; font-size: 11pt; font-family: Calibri, sans-serif; white-space: normal; background-image: none; background-position: 0% 0%; background-size: auto; background-repeat: repeat; background-attachment: scroll; background-origin: padding-box; background-clip: border-box;\"><span lang=\"ES-AR\"><\/span><\/p><\/p>\n\n\n\n<div style=\"height:30px\" aria-hidden=\"true\" class=\"wp-block-spacer\"><\/div>\n\n\n\n<p><strong>La protecci\u00f3n de las personas ante las consecuencias humanitarias de fen\u00f3menos clim\u00e1ticos<\/strong>:\u00a0en vista del creciente peligro que representa el cambio clim\u00e1tico, esta resoluci\u00f3n llama a tomar medidas anticipatorias y a promover la cooperaci\u00f3n mundial a fin de mitigar las consecuencias humanitarias de los fen\u00f3menos clim\u00e1ticos extremos para las poblaciones vulnerables.<p class=\"MsoNormal\" style=\"margin: 0cm; line-height: 15.693334px; font-size: 11pt; font-family: Calibri, sans-serif; white-space: normal; background-image: none; background-position: 0% 0%; background-size: auto; background-repeat: repeat; background-attachment: scroll; background-origin: padding-box; background-clip: border-box;\"><span lang=\"ES-AR\"><\/span><\/p><\/p>\n\n\n\n<div style=\"height:30px\" aria-hidden=\"true\" class=\"wp-block-spacer\"><\/div>\n\n\n\n<p>El Movimiento Internacional de la Cruz Roja y de la Media Luna Roja tiene una larga trayectoria en la promoci\u00f3n del derecho internacional humanitario y la acci\u00f3n humanitaria neutral e imparcial. Las Conferencias Internacionales anteriores han conducido a avances importantes, como la formulaci\u00f3n de los Convenios de Ginebra de 1949, la definici\u00f3n de los principios humanitarios de la acci\u00f3n humanitaria, de reconocimiento mundial, y el lanzamiento de la campa\u00f1a mundial para la prohibici\u00f3n de las minas terrestres y la adopci\u00f3n de directrices sobre operaciones de socorro. En conferencias recientes, se han discutido temas como la violencia por motivos de g\u00e9nero, la salud mental y la preparaci\u00f3n para pandemias. Las resoluciones de este a\u00f1o reafirman el compromiso del Movimiento de adaptarse y responder a los cambiantes desaf\u00edos para la labor humanitaria.\u00a0<\/p>\n\n\n\n<div style=\"height:30px\" aria-hidden=\"true\" class=\"wp-block-spacer\"><\/div>\n\n\n\n<p>Cada debate que se d\u00e9 en esta Conferencia Internacional ser\u00e1 un paso adelante para aliviar el sufrimiento de las personas afectadas por conflictos armados, desastres y crisis. Reflexionando sobre estos logros y atendiendo los nuevos desaf\u00edos, el Movimiento Internacional de la Cruz Roja y de la Media Luna Roja reafirma la importancia de este espacio apol\u00edtico para promover soluciones que protejan su dignidad y sus derechos.<\/p>\n","protected":false},"excerpt":{"rendered":"<p>En su XXXIV Conferencia Internacional, la Cruz Roja y la Media Luna Roja presentan cinco resoluciones para hacer frente a los desaf\u00edos humanitarios mundiales Ginebra (CICR\/Federaci\u00f3n Internacional) \u2013 La XXXIV Conferencia Internacional de la Cruz Roja y de la Media Luna Roja, que se llevar\u00e1 a cabo entre el 28 y el 31 de octubre, [&hellip;]<\/p>\n","protected":false},"author":452,"featured_media":31654,"parent":23241,"menu_order":0,"comment_status":"closed","ping_status":"closed","template":"","meta":{"_acf_changed":false,"footnotes":""},"class_list":["post-31668","page","type-page","status-publish","has-post-thumbnail","hentry"],"acf":[],"_links":{"self":[{"href":"https:\/\/rcrcconference.org\/es\/wp-json\/wp\/v2\/pages\/31668"}],"collection":[{"href":"https:\/\/rcrcconference.org\/es\/wp-json\/wp\/v2\/pages"}],"about":[{"href":"https:\/\/rcrcconference.org\/es\/wp-json\/wp\/v2\/types\/page"}],"author":[{"embeddable":true,"href":"https:\/\/rcrcconference.org\/es\/wp-json\/wp\/v2\/users\/452"}],"replies":[{"embeddable":true,"href":"https:\/\/rcrcconference.org\/es\/wp-json\/wp\/v2\/comments?post=31668"}],"version-history":[{"count":2,"href":"https:\/\/rcrcconference.org\/es\/wp-json\/wp\/v2\/pages\/31668\/revisions"}],"predecessor-version":[{"id":31671,"href":"https:\/\/rcrcconference.org\/es\/wp-json\/wp\/v2\/pages\/31668\/revisions\/31671"}],"up":[{"embeddable":true,"href":"https:\/\/rcrcconference.org\/es\/wp-json\/wp\/v2\/pages\/23241"}],"wp:featuredmedia":[{"embeddable":true,"href":"https:\/\/rcrcconference.org\/es\/wp-json\/wp\/v2\/media\/31654"}],"wp:attachment":[{"href":"https:\/\/rcrcconference.org\/es\/wp-json\/wp\/v2\/media?parent=31668"}],"curies":[{"name":"wp","href":"https:\/\/api.w.org\/{rel}","templated":true}]}}