{"id":30635,"date":"2024-10-08T14:37:42","date_gmt":"2024-10-08T14:37:42","guid":{"rendered":"https:\/\/rcrcconference.org\/?page_id=30635"},"modified":"2024-10-15T11:23:40","modified_gmt":"2024-10-15T11:23:40","slug":"comisiones-sesiones-tematicas","status":"publish","type":"page","link":"https:\/\/rcrcconference.org\/es\/comisiones-sesiones-tematicas\/","title":{"rendered":"Comisiones &amp; sesiones tem\u00e1ticas"},"content":{"rendered":"<div class=\"anchor__menu-title\" role=\"presentation\">\n\t\t\t\t<h2 class=\"anchor__menu-h2\">COMISI\u00d3N I: Forjar una cultura mundial de respeto del derecho internacional \nhumanitario (DIH)<\/h2>\n\t\t<\/div>\n\n\n\n<p>La comisi\u00f3n I tiene por objetivo movilizar a los Estados, en colaboraci\u00f3n con su respectiva<br>Sociedad Nacional de la Cruz Roja o de la Media Luna Roja (Sociedad Nacional), para que<br>redoblen sus esfuerzos encaminados a aplicar las obligaciones del DIH de buena fe. La<br>sesi\u00f3n plenaria de apertura de la comisi\u00f3n se centrar\u00e1 en el trabajo de prevenci\u00f3n y preparar\u00e1<br>el terreno para los debates que tendr\u00e1n lugar durante las sesiones tem\u00e1ticas. Dado su \u00e9nfasis<br>en el trabajo de prevenci\u00f3n, la comisi\u00f3n aportar\u00e1 una base para la resoluci\u00f3n sobre DIH que<br>se tratar\u00e1 en la Conferencia Internacional. Cada una de las sesiones tem\u00e1ticas apunta a<br>generar conciencia, abrir el intercambio de ideas y alentar a los miembros de la Conferencia<br>Internacional a adoptar promesas de acciones concretas y significativas con miras a fortalecer<br>el respeto del DIH, a partir de cuatro temas clave en relaci\u00f3n con los conflictos armados<br>contempor\u00e1neos.<\/p>\n\n\n<section class=\"accordion-block\" style=\"; \" role=\"region\" aria-label=\"Pedges accordion block\">\n\t\t\t\t<ul class=\"accordion\">\n\t\t\t\t\t\t\t<li class=\"accordion__item\">\n\t\t\t\t\t<div class=\"accordion__title\" role=\"button\" aria-expanded=\"false\" aria-label=\"La guerra en las ciudades\">\n\t\t\t\t\t\t<h3 class=\"accordion__title-h4\">La guerra en las ciudades<\/h3>\n\t\t\t\t\t<\/div>\n\t\t\t\t\t<div class=\"accordion__content\" role=\"region\" hidden>\n\t\t\t\t\t\t<strong>Fecha: <\/strong>Martes 29 de octubre<br><strong>Hora: <\/strong>11.30-13.00<br><strong>Lugar:<\/strong> Sala A-D (CICG)<br><br><strong>Descripci\u00f3n<\/strong><br>Los conflictos armados se libran, cada vez m\u00e1s, en zonas urbanas, con consecuencias complejas y devastadoras para la poblaci\u00f3n civil. En el \u00e1mbito humanitario, los efectos de la guerra urbana son directos e indirectos, inmediatos y a largo plazo, visibles e invisibles. El Movimiento Internacional de la Cruz Roja y de la Media Luna Roja, y otras organizaciones humanitarias contin\u00faan reforzando su capacidad de prevenir y abordar las consecuencias de la guerra en las ciudades, pero la dimensi\u00f3n y la complejidad de las necesidades humanitarias superan las capacidades t\u00e9cnicas, pr\u00e1cticas y financieras que pueden reunirse en una respuesta humanitaria colectiva. La protecci\u00f3n de las personas civiles en combates urbanos comienza por cumplir las normas del DIH de buena fe y por cambiar la manera en la que las fuerzas beligerantes planifican y conducen las hostilidades en zonas pobladas. Esta sesi\u00f3n se ocupar\u00e1 de las consecuencias humanitarias de la guerra urbana, la respuesta que les da el Movimiento, los desaf\u00edos que se presentan y los esfuerzos de los Estados por reducir y dar respuesta a los da\u00f1os civiles.<br><br><strong>Formato<\/strong><br>En esta sesi\u00f3n, los representantes del Movimiento (incluidas las Sociedades Nacionales que trabajan en contextos afectados por combates urbanos) y los representantes de los Estados y de las organizaciones regionales participar\u00e1n en un debate animado en torno a estas cuestiones.<br><br><strong>Oradores<\/strong><br>&#8211; Dr. Myo Nyunt, presidente de la Sociedad de la Cruz Roja de Myanmar<br>&#8211; Aida Elsayed, secretaria general de la Media Luna Roja Sudanesa<br>&#8211; Dr. Younis Al-Khatib, presidente de la Sociedad de la Media Luna Roja Palestina<br>&#8211; Gloria Lombo Kihinga, secretaria general de la Sociedad de la Cruz Roja de la Rep\u00fablica Democr\u00e1tica del Congo<br>&#8211; Anne Bergh, secretaria general de la Cruz Roja Noruega<br>&#8211; Tte. Cnel. Martijn Schippers, Pa\u00edses Bajos<br>&#8211; Embajadora Eugenia Mar\u00eda Guti\u00e9rrez Ruiz, directora adjunta de Pol\u00edtica Exterior, Ministerio de Relaciones Exteriores y Culto, Costa Rica<br>&#8211; Representante de la Uni\u00f3n Africana (pendiente de confirmaci\u00f3n)\t\t\t\t\t<\/div>\n\t\t\t\t<\/li>\n\t\t\t\t\t\t\t<li class=\"accordion__item\">\n\t\t\t\t\t<div class=\"accordion__title\" role=\"button\" aria-expanded=\"false\" aria-label=\"La promoci\u00f3n de interpretaciones y una implementaci\u00f3n del DIH inclusivas en cuanto \na la discapacidad y complementarias a la Convenci\u00f3n sobre los Derechos de las \nPersonas con Discapacidad\">\n\t\t\t\t\t\t<h3 class=\"accordion__title-h4\">La promoci\u00f3n de interpretaciones y una implementaci\u00f3n del DIH inclusivas en cuanto \na la discapacidad y complementarias a la Convenci\u00f3n sobre los Derechos de las \nPersonas con Discapacidad<\/h3>\n\t\t\t\t\t<\/div>\n\t\t\t\t\t<div class=\"accordion__content\" role=\"region\" hidden>\n\t\t\t\t\t\t<strong>Fecha: <\/strong>Martes 29 de octubre<br><strong>Hora: <\/strong>11.30-13.00<br><strong>Lugar:<\/strong> Sala Geneva (CCV)<br><br><strong>Descripci\u00f3n<\/strong><br>Las personas con discapacidad afrontan barreras y riesgos espec\u00edficos propios de las operaciones militares en conflictos armados. Esta sesi\u00f3n tem\u00e1tica tiene por objetivo partir de los esfuerzos previos dirigidos a la sensibilizaci\u00f3n sobre estas barreras y riesgos espec\u00edficos, as\u00ed como a la promoci\u00f3n de recomendaciones que surgieron de la consultas regionales de 2022 en las que participaron personas con discapacidad, organizaciones que las representan y fuerzas armadas, y que estuvieron organizadas por el Comit\u00e9 Internacional de la Cruz Roja (CICR), el Relator Especial sobre los derechos de las personas con discapacidad, la Alianza Internacional de la Discapacidad, el Centro Diakonia de Derecho Internacional Humanitario y el Foro Europeo de la Discapacidad. Debe alentarse a los participantes de la Conferencia Internacional a presentar promesas con miras a promover la inclusi\u00f3n de la cuesti\u00f3n de la discapacidad en la interpretaci\u00f3n y la implementaci\u00f3n del DIH y en la acci\u00f3n humanitaria.<br><br><strong>Formato<\/strong><br>La sesi\u00f3n tem\u00e1tica tendr\u00e1 un formato din\u00e1mico e interactivo. Despu\u00e9s del discurso de apertura pronunciado por el presidente de la Alianza Internacional para la Discapacidad, los participantes trabajar\u00e1n en tres grupos sobre situaciones pr\u00e1cticas en las que analizar\u00e1n lo siguiente: 1) la accesibilidad de las advertencias, las evacuaciones y los refugios; 2) una mayor sensibilizaci\u00f3n de las fuerzas armadas en la conducci\u00f3n de operaciones militares; y 3) la accesibilidad de la asistencia humanitaria. En el \u00faltimo segmento, los participantes podr\u00e1n anunciar sus intenciones en cuanto a la presentaci\u00f3n de promesas sobre DIH y personas con discapacidad.<br><br><strong>Oradores<\/strong><br>&#8211; Nawaf Kabbara, presidente de la Alianza Internacional de la Discapacidad<br>&#8211; Veronica Ngum Ndi, directora ejecutiva de la Asociaci\u00f3n comunitaria para personas vulnerables<br>&#8211; Niklas Sax\u00e9n, asesor superior en asuntos humanitarios, Ministerio de Asuntos Exteriores, Finlandia<br>&#8211; <a href=\"https:\/\/www.edf-feph.org\/profile\/dovile-juodkaite\/\">Dovil\u00e9 Juodkait\u00e9<\/a>, miembro de la junta directiva del Foro Europeo de la Discapacidad\t\t\t\t\t<\/div>\n\t\t\t\t<\/li>\n\t\t\t\t\t\t\t<li class=\"accordion__item\">\n\t\t\t\t\t<div class=\"accordion__title\" role=\"button\" aria-expanded=\"false\" aria-label=\"La protecci\u00f3n del medio ambiente natural en conflictos armados\">\n\t\t\t\t\t\t<h3 class=\"accordion__title-h4\">La protecci\u00f3n del medio ambiente natural en conflictos armados<\/h3>\n\t\t\t\t\t<\/div>\n\t\t\t\t\t<div class=\"accordion__content\" role=\"region\" hidden>\n\t\t\t\t\t\t<strong>Fecha:<\/strong> Martes 29 de octubre<br><strong>Hora:<\/strong> 14.30-16.00<br><strong>Lugar:<\/strong> Sala A-D (CICG)<br><br><strong>Descripci\u00f3n<\/strong><br>Las sociedades afectadas por conflictos armados tienen que afrontar, a la vez, la crisis ambiental y la crisis clim\u00e1tica mundial. Los conflictos armados profundizan estas crisis al provocar m\u00e1s da\u00f1os al medio ambiente y reducir la resiliencia de las personas ante los crecientes riesgos clim\u00e1ticos. Esta sesi\u00f3n pondr\u00e1 de relieve medidas concretas que los Estados, las Sociedades Nacionales y las partes en conflictos armados pueden adoptar para mejorar la protecci\u00f3n del medio ambiente en tiempo de guerra mediante una mejor difusi\u00f3n e implementaci\u00f3n de las normas pertinentes del DIH.<br>Los Estados y las Sociedades Nacionales est\u00e1n invitados a poner en com\u00fan legislaci\u00f3n, pol\u00edticas y pr\u00e1cticas nacionales relacionadas con la protecci\u00f3n del medio ambiente en conflictos armados durante la sesi\u00f3n. Los representantes de los Gobiernos destacaron varios ejemplos pertinentes en la <a href=\"https:\/\/www.icrc.org\/sites\/default\/files\/document_new\/file_list\/chair_s-summary_es_0.pdf\">Reuni\u00f3n de expertos estatales sobre el derecho internacional<br>humanitario:<\/a> <a href=\"https:\/\/www.icrc.org\/sites\/default\/files\/document_new\/file_list\/chair_s-summary_es_0.pdf\">proteger el medio ambiente en los conflictos armados<\/a> celebrada en 2023. Se alienta a los Estados y a las Sociedades Nacionales a <a href=\"https:\/\/rcrcconference.org\/es\/about\/pledges\/\">presentar promesas<\/a> fundamentadas en pr\u00e1cticas id\u00f3neas como estas, a fin de impulsar la implementaci\u00f3n nacional del DIH con miras a fortalecer la protecci\u00f3n del medio ambiente natural en la guerra.<br><br><strong>Formato<\/strong><br>En esta sesi\u00f3n, las presentaciones de apertura detallar\u00e1n los efectos ambientales de la guerra y analizar\u00e1n el marco jur\u00eddico vigente. A continuaci\u00f3n, los Estados y las Sociedades Nacionales se reunir\u00e1n en un panel a debatir las medidas con las que han logrado impulsar la implementaci\u00f3n nacional de normas del DIH que protegen el medio ambiente. Luego se dar\u00e1 la palabra al p\u00fablico para que los Estados, las Sociedades Nacionales y los observadores formulen las declaraciones correspondientes. Est\u00e1 prevista la interpretaci\u00f3n simult\u00e1nea en los idiomas oficiales de la Conferencia Internacional.<br><br><strong>Oradores<\/strong><br>&#8211; Marja Lehto, embajadora (asuntos jur\u00eddicos internacionales), Ministerio de Asuntos Exteriores, Finlandia, miembro de la Comisi\u00f3n de Derecho Internacional de las Naciones Unidas entre 2017 y 2022, y relatora especial sobre el tema \u00abProtecci\u00f3n del medio ambiente en relaci\u00f3n con los conflictos armados\u201d.<br>&#8211; Wim Zwijnenburg, jefe de proyecto, Desarme Humanitario, PAX<br>&#8211; Lourdes Castro Garc\u00eda, consejera presidencial en derechos humanos y derecho internacional humanitario, Consejer\u00eda presidencial para los Derechos Humanos y el Derecho Internacional Humanitario, Colombia<br>&#8211; Gordon Muga, secretario superior adjunto, Departamento de reducci\u00f3n de los riesgos de desastres, Centro nacional de operaciones relativas a desastres, Ministerio del Interior, Kenia<br>&#8211; Representante de la comisi\u00f3n nacional de DIH, Kuwait (por confirmar)<br>&#8211; Solange Devenish, asesora jur\u00eddica, Sociedad de la Cruz Roja de Trinidad y Tobago\t\t\t\t\t<\/div>\n\t\t\t\t<\/li>\n\t\t\t\t\t\t\t<li class=\"accordion__item\">\n\t\t\t\t\t<div class=\"accordion__title\" role=\"button\" aria-expanded=\"false\" aria-label=\"Los sistemas de armas aut\u00f3nomos\">\n\t\t\t\t\t\t<h3 class=\"accordion__title-h4\">Los sistemas de armas aut\u00f3nomos<\/h3>\n\t\t\t\t\t<\/div>\n\t\t\t\t\t<div class=\"accordion__content\" role=\"region\" hidden>\n\t\t\t\t\t\t<strong>Fecha:<\/strong> Martes 29 de octubre<br><strong>Hora<\/strong> 14.30-16.00<br><strong>Lugar: <\/strong>Sala Geneva (CCV)<br><br><strong>Descripci\u00f3n<\/strong><br>Atender los riesgos humanitarios, jur\u00eddicos y \u00e9ticos que conllevan el desarrollo y el uso ilimitados de los sistemas de armas aut\u00f3nomos (SAA) debe ser una prioridad en la agenda humanitaria mundial. La presidenta del CICR y el secretario general de las Naciones Unidas <a href=\"https:\/\/www.icrc.org\/es\/document\/llamamiento-conjunto-naciones-unidas-y-cicr-establecer-prohibiciones-y-restricciones-sistemas-armas-autonomos\">han hecho un llamamiento conjunto a los l\u00edderes pol\u00edticos<\/a> para que negocien con car\u00e1cter urgente las nuevas normas internacionales que establecen prohibiciones y restricciones claras respecto de los SAA para 2026. Esta sesi\u00f3n se constituir\u00e1 como un foro \u00fanico para que los Estados y el Movimiento intercambien perspectivas sobre este tema. Los participantes analizar\u00e1n el potencial costo humano, las preocupaciones de car\u00e1cter \u00e9tico y los desaf\u00edos para el cumplimiento de las normas del DIH que surgen del uso de los SAA en conflictos armados, escuchar\u00e1n acerca de las actualizaciones de parte de los procesos regionales, internacionales y otros, como el <a href=\"https:\/\/meetings.unoda.org\/ccw-\/convention-on-certain-conventional-weapons-group-of-governmental-experts-on-lethal-autonomous-weapons-systems-2024\">Grupo de expertos gubernamentales de la Convenci\u00f3n sobre ciertas armas convencionales<\/a> y el informe del <a href=\"https:\/\/documents.un.org\/doc\/undoc\/gen\/n24\/154\/33\/pdf\/n2415433.pdf\">Secretario General de las Naciones Unidas<\/a>, y debatir\u00e1n acerca de las medidas para el futuro en relaci\u00f3n con el establecimiento de nuevas normas jur\u00eddicamente vinculantes.<br><br><strong>Formato<\/strong><br>La sesi\u00f3n se iniciar\u00e1 con una presentaci\u00f3n audiovisual, un informe t\u00e9cnico sobre el estado actual de la tecnolog\u00eda de los SAA y una actualizaci\u00f3n sobre los procesos diplom\u00e1ticos conexos. Luego de una encuesta interactiva al p\u00fablico para evaluar las actitudes y las preocupaciones, un panel que reunir\u00e1 a Estados, Sociedades Nacionales, el CICR y una experta t\u00e9cnica debatir\u00e1n acerca de los problemas y desaf\u00edos que suponen los SAA y examinar\u00e1n cursos de acci\u00f3n posibles. A continuaci\u00f3n, el debate quedar\u00e1 abierto para que el p\u00fablico formule preguntas y comentarios.<br><br><strong>Oradores<\/strong><br>&#8211; Gregor Schusterschitz, asesor jur\u00eddico principal, Ministerio Federal de Asuntos Europeos e Internacionales, Austria<br>&#8211; Tahir Andrabi, director general, Control de Armas y Desarme, Ministerio de Asuntos Exteriores, Pakist\u00e1n<br>&#8211; Kate Devitt, Centro de Rob\u00f3tica, Universidad Tecnol\u00f3gica de Queensland, Australia<br>&#8211; Richard Lennane, asesor en materia de desarme, CICR\t\t\t\t\t<\/div>\n\t\t\t\t<\/li>\n\t\t\t\t\t<\/ul>\n\t<\/section>\n\n\n<div class=\"anchor__menu-title\" role=\"presentation\">\n\t\t\t\t<h2 class=\"anchor__menu-h2\">COMISI\u00d3N II: Respeto de los Principios Fundamentales en las intervenciones destinadas a atender las necesidades y los riesgos humanitarios<\/h2>\n\t\t<\/div>\n\n\n\n<p>El objetivo general de la Comisi\u00f3n II es reafirmar el valor inmutable de los principios<br>fundamentales y deliberar sobre las amenazas que se ciernen sobre la labor humanitaria que<br>se ejecuta conforme a estos. La comisi\u00f3n tambi\u00e9n analizar\u00e1 el papel de los Estados en el<br>respeto y la garant\u00eda del respeto de la acci\u00f3n humanitaria del Movimiento sustentada en<br>principios. Entre los resultados esperados cabe mencionar los siguientes.<\/p>\n\n\n\n<ul class=\"wp-block-list\">\n<li>Sentido de compromiso renovado con los principios fundamentales y reafirmaci\u00f3n de<br>su pertinencia constante en un mundo en continua transformaci\u00f3n.<\/li>\n\n\n\n<li>Una mayor comprensi\u00f3n entre los Estados participantes de las amenazas que se<br>ciernen sobre la acci\u00f3n humanitaria del Movimiento, basada en principios, y de las<br>consecuencias muy concretas sobre el terreno.<\/li>\n<\/ul>\n\n\n<section class=\"accordion-block\" style=\"; \" role=\"region\" aria-label=\"Pedges accordion block\">\n\t\t\t\t<ul class=\"accordion\">\n\t\t\t\t\t\t\t<li class=\"accordion__item\">\n\t\t\t\t\t<div class=\"accordion__title\" role=\"button\" aria-expanded=\"false\" aria-label=\"Respeto de la acci\u00f3n humanitaria neutral, imparcial e independiente\">\n\t\t\t\t\t\t<h3 class=\"accordion__title-h4\">Respeto de la acci\u00f3n humanitaria neutral, imparcial e independiente<\/h3>\n\t\t\t\t\t<\/div>\n\t\t\t\t\t<div class=\"accordion__content\" role=\"region\" hidden>\n\t\t\t\t\t\t<strong>Fecha: <\/strong>Mi\u00e9rcoles 30 de octubre<br><strong>Hora:<\/strong> 10.30-12.00<br><strong>Lugar: <\/strong>Sala A-D (CICG)\t\t\t\t\t<\/div>\n\t\t\t\t<\/li>\n\t\t\t\t\t\t\t<li class=\"accordion__item\">\n\t\t\t\t\t<div class=\"accordion__title\" role=\"button\" aria-expanded=\"false\" aria-label=\"Aunar esfuerzos para reducir las consecuencias del cambio clim\u00e1tico en las comunidades\">\n\t\t\t\t\t\t<h3 class=\"accordion__title-h4\">Aunar esfuerzos para reducir las consecuencias del cambio clim\u00e1tico en las comunidades<\/h3>\n\t\t\t\t\t<\/div>\n\t\t\t\t\t<div class=\"accordion__content\" role=\"region\" hidden>\n\t\t\t\t\t\t<strong>Fecha: <\/strong>Mi\u00e9rcoles 30 de octubre<br><strong>Hora:<\/strong> 10.30-12.00<br><strong>Lugar: <\/strong>Sala Geneva (CCV)\t\t\t\t\t<\/div>\n\t\t\t\t<\/li>\n\t\t\t\t\t\t\t<li class=\"accordion__item\">\n\t\t\t\t\t<div class=\"accordion__title\" role=\"button\" aria-expanded=\"false\" aria-label=\"Superaci\u00f3n de los desaf\u00edos urgentes en materia de migraci\u00f3n: importancia de un enfoque humanitario sustentado en principios\">\n\t\t\t\t\t\t<h3 class=\"accordion__title-h4\">Superaci\u00f3n de los desaf\u00edos urgentes en materia de migraci\u00f3n: importancia de un enfoque humanitario sustentado en principios<\/h3>\n\t\t\t\t\t<\/div>\n\t\t\t\t\t<div class=\"accordion__content\" role=\"region\" hidden>\n\t\t\t\t\t\t<strong>Fecha: <\/strong>Mi\u00e9rcoles 30 de octubre<br><strong>Hora:<\/strong> 13.30-15.00<br><strong>Lugar: <\/strong>Sala Geneva (CCV)\t\t\t\t\t<\/div>\n\t\t\t\t<\/li>\n\t\t\t\t\t\t\t<li class=\"accordion__item\">\n\t\t\t\t\t<div class=\"accordion__title\" role=\"button\" aria-expanded=\"false\" aria-label=\"Sensibilizaci\u00f3n ante desaf\u00edos emergentes: riesgos en la protecci\u00f3n humanitaria en un mundo cada vez m\u00e1s digitalizado\">\n\t\t\t\t\t\t<h3 class=\"accordion__title-h4\">Sensibilizaci\u00f3n ante desaf\u00edos emergentes: riesgos en la protecci\u00f3n humanitaria en un mundo cada vez m\u00e1s digitalizado<\/h3>\n\t\t\t\t\t<\/div>\n\t\t\t\t\t<div class=\"accordion__content\" role=\"region\" hidden>\n\t\t\t\t\t\t<strong>Fecha: <\/strong>Mi\u00e9rcoles 30 de octubre<br><strong>Hora:<\/strong> 13.30-15.00<br><strong>Lugar: <\/strong>Sala A-D (CICG)\t\t\t\t\t<\/div>\n\t\t\t\t<\/li>\n\t\t\t\t\t<\/ul>\n\t<\/section>\n\n\n<div class=\"anchor__menu-title\" role=\"presentation\">\n\t\t\t\t<h2 class=\"anchor__menu-h2\">COMISI\u00d3N III: Habilitaci\u00f3n de una acci\u00f3n sostenible impulsada a nivel local<\/h2>\n\t\t<\/div>\n\n\n\n<p>La Comisi\u00f3n III reunir\u00e1 a los componentes del Movimiento Internacional de la Cruz Roja y de la Media Luna Roja (el Movimiento) y a los Estados para potenciar la acci\u00f3n impulsada a nivel local y la direcci\u00f3n local en la acci\u00f3n humanitaria y el desarrollo, a fin de atender a las necesidades de sus comunidades en aspectos como los desastres, los conflictos, la adaptaci\u00f3n al cambio clim\u00e1tico, la salud y el bienestar. Examinar\u00e1 formas de fortalecer y aumentar la inversi\u00f3n en la capacidad y la sostenibilidad de los agentes locales, con inclusi\u00f3n de las Sociedades Nacionales de la Cruz Roja y de la Media Luna Roja (las Sociedades Nacionales), aunque sin excluir otros, y destacar\u00e1 la incidencia de su labor a nivel de la comunidad. Investigar\u00e1 diferentes aspectos de la acci\u00f3n impulsada a nivel local, como la funci\u00f3n de las Sociedades Nacionales en calidad de auxiliares de los poderes p\u00fablicos, el papel de los voluntarios, la diversidad de los agentes locales, las asociaciones, la financiaci\u00f3n, la distribuci\u00f3n de los riesgos y la coordinaci\u00f3n.<\/p>\n\n\n\n<p><br>La comisi\u00f3n estudiar\u00e1 las formas en que los Estados y otros agentes internacionales pueden invertir en las capacidades a escala local y nacional y reforzar la funci\u00f3n de las Sociedades Nacionales en calidad de auxiliares de los poderes p\u00fablicos en el \u00e1mbito humanitario, de manera complementaria. Se definir\u00e1 los principales obst\u00e1culos existentes a una acci\u00f3n sostenible impulsada a nivel local y se propondr\u00e1 soluciones y acciones para el futuro.<\/p>\n\n\n<section class=\"accordion-block\" style=\"; \" role=\"region\" aria-label=\"Pedges accordion block\">\n\t\t\t\t<ul class=\"accordion\">\n\t\t\t\t\t\t\t<li class=\"accordion__item\">\n\t\t\t\t\t<div class=\"accordion__title\" role=\"button\" aria-expanded=\"false\" aria-label=\"Importancia fundamental de los voluntarios y los agentes de intervenci\u00f3n comunitaria \nen las redes de protecci\u00f3n social para el fomento de la resiliencia comunitaria\">\n\t\t\t\t\t\t<h3 class=\"accordion__title-h4\">Importancia fundamental de los voluntarios y los agentes de intervenci\u00f3n comunitaria \nen las redes de protecci\u00f3n social para el fomento de la resiliencia comunitaria<\/h3>\n\t\t\t\t\t<\/div>\n\t\t\t\t\t<div class=\"accordion__content\" role=\"region\" hidden>\n\t\t\t\t\t\t<strong>Fecha: <\/strong>Jueves 31 de octubre<br><strong>Hora:<\/strong> 10.30-12.00<br><strong>Lugar: <\/strong>Sala E-F (CICG)\t\t\t\t\t<\/div>\n\t\t\t\t<\/li>\n\t\t\t\t\t\t\t<li class=\"accordion__item\">\n\t\t\t\t\t<div class=\"accordion__title\" role=\"button\" aria-expanded=\"false\" aria-label=\"Colaboraci\u00f3n con los Estados y las autoridades locales para gestionar y fortalecer la \nfunci\u00f3n de las Sociedades Nacionales en calidad de auxiliares a todo nivel\">\n\t\t\t\t\t\t<h3 class=\"accordion__title-h4\">Colaboraci\u00f3n con los Estados y las autoridades locales para gestionar y fortalecer la \nfunci\u00f3n de las Sociedades Nacionales en calidad de auxiliares a todo nivel<\/h3>\n\t\t\t\t\t<\/div>\n\t\t\t\t\t<div class=\"accordion__content\" role=\"region\" hidden>\n\t\t\t\t\t\t<strong>Fecha: <\/strong>Jueves 31 de octubre<br><strong>Hora<\/strong>: 10.30-12.00<br><strong>Lugar: <\/strong>Sala Genevea (CCV)\t\t\t\t\t<\/div>\n\t\t\t\t<\/li>\n\t\t\t\t\t\t\t<li class=\"accordion__item\">\n\t\t\t\t\t<div class=\"accordion__title\" role=\"button\" aria-expanded=\"false\" aria-label=\"Acci\u00f3n comunitaria por la salud y preparaci\u00f3n para la intervenci\u00f3n en primera l\u00ednea: \nforjar el futuro sobre la base de las ense\u00f1anzas del pasado\">\n\t\t\t\t\t\t<h3 class=\"accordion__title-h4\">Acci\u00f3n comunitaria por la salud y preparaci\u00f3n para la intervenci\u00f3n en primera l\u00ednea: \nforjar el futuro sobre la base de las ense\u00f1anzas del pasado<\/h3>\n\t\t\t\t\t<\/div>\n\t\t\t\t\t<div class=\"accordion__content\" role=\"region\" hidden>\n\t\t\t\t\t\t<strong>Fecha: <\/strong>Jueves 31 de octubre<br><strong>Hora<\/strong>: 10.30-12.00<br><strong>Lugar: <\/strong>Sala A-D (CICG)\t\t\t\t\t<\/div>\n\t\t\t\t<\/li>\n\t\t\t\t\t\t\t<li class=\"accordion__item\">\n\t\t\t\t\t<div class=\"accordion__title\" role=\"button\" aria-expanded=\"false\" aria-label=\"Cauces para superar los obst\u00e1culos a la financiaci\u00f3n y la distribuci\u00f3n de los riesgos \npara potenciar la acci\u00f3n impulsada a nivel local\">\n\t\t\t\t\t\t<h3 class=\"accordion__title-h4\">Cauces para superar los obst\u00e1culos a la financiaci\u00f3n y la distribuci\u00f3n de los riesgos \npara potenciar la acci\u00f3n impulsada a nivel local<\/h3>\n\t\t\t\t\t<\/div>\n\t\t\t\t\t<div class=\"accordion__content\" role=\"region\" hidden>\n\t\t\t\t\t\t<strong>Fecha: <\/strong>Jueves 31 de octubre<br><strong>Hora:<\/strong> 10.30-12.00<br><strong>Lugar: <\/strong>Sala 4 (CICG)\t\t\t\t\t<\/div>\n\t\t\t\t<\/li>\n\t\t\t\t\t<\/ul>\n\t<\/section>\n","protected":false},"excerpt":{"rendered":"<p>La comisi\u00f3n I tiene por objetivo movilizar a los Estados, en colaboraci\u00f3n con su respectivaSociedad Nacional de la Cruz Roja o de la Media Luna Roja (Sociedad Nacional), para queredoblen sus esfuerzos encaminados a aplicar las obligaciones del DIH de buena fe. Lasesi\u00f3n plenaria de apertura de la comisi\u00f3n se centrar\u00e1 en el trabajo de [&hellip;]<\/p>\n","protected":false},"author":444,"featured_media":29733,"parent":0,"menu_order":0,"comment_status":"closed","ping_status":"closed","template":"page-anchor-menu.php","meta":{"_acf_changed":false,"footnotes":""},"class_list":["post-30635","page","type-page","status-publish","has-post-thumbnail","hentry"],"acf":[],"_links":{"self":[{"href":"https:\/\/rcrcconference.org\/es\/wp-json\/wp\/v2\/pages\/30635"}],"collection":[{"href":"https:\/\/rcrcconference.org\/es\/wp-json\/wp\/v2\/pages"}],"about":[{"href":"https:\/\/rcrcconference.org\/es\/wp-json\/wp\/v2\/types\/page"}],"author":[{"embeddable":true,"href":"https:\/\/rcrcconference.org\/es\/wp-json\/wp\/v2\/users\/444"}],"replies":[{"embeddable":true,"href":"https:\/\/rcrcconference.org\/es\/wp-json\/wp\/v2\/comments?post=30635"}],"version-history":[{"count":12,"href":"https:\/\/rcrcconference.org\/es\/wp-json\/wp\/v2\/pages\/30635\/revisions"}],"predecessor-version":[{"id":30909,"href":"https:\/\/rcrcconference.org\/es\/wp-json\/wp\/v2\/pages\/30635\/revisions\/30909"}],"wp:featuredmedia":[{"embeddable":true,"href":"https:\/\/rcrcconference.org\/es\/wp-json\/wp\/v2\/media\/29733"}],"wp:attachment":[{"href":"https:\/\/rcrcconference.org\/es\/wp-json\/wp\/v2\/media?parent=30635"}],"curies":[{"name":"wp","href":"https:\/\/api.w.org\/{rel}","templated":true}]}}