{"id":30094,"date":"2024-09-18T21:08:34","date_gmt":"2024-09-18T21:08:34","guid":{"rendered":"https:\/\/rcrcconference.org\/about\/34th-international-conference\/for-the-record-voices-from-the-conference\/"},"modified":"2024-11-12T16:11:46","modified_gmt":"2024-11-12T16:11:46","slug":"for-the-record-voices-from-the-conference","status":"publish","type":"page","link":"https:\/\/rcrcconference.org\/es\/about\/34th-international-conference\/for-the-record-voices-from-the-conference\/","title":{"rendered":"Para la memoria: voces de la Conferencia"},"content":{"rendered":"\n<section class=\"wp-block-red-cross-block-red-cross-text-block about\"><div class=\"container\"><div class=\"about__inner\"><div class=\"about__title\"><h3><\/h3><\/div><div class=\"about__content\">Esta sesi\u00f3n plenaria brinda a los participantes en la Conferencia (Estados, Sociedades Nacionales de la Cruz Roja y de la Media Luna Roja, CICR y Federaci\u00f3n Internacional) y a los observadores la oportunidad de pronunciar declaraciones formales con respecto a los temas de la Conferencia. Habida cuenta de que se trata de una sesi\u00f3n oficial, las declaraciones constar\u00e1n en las actas oficiales de la Conferencia.<br\/><br\/>Se aplicar\u00e1n las normas de las reuniones estatutarias. Los oradores deber\u00e1n abstenerse de toda controversia de orden pol\u00edtico, racial, religioso o ideol\u00f3gico.<\/div><\/div><\/div><\/section>\n","protected":false},"excerpt":{"rendered":"","protected":false},"author":408,"featured_media":29821,"parent":23241,"menu_order":0,"comment_status":"closed","ping_status":"closed","template":"","meta":{"_acf_changed":false,"footnotes":""},"class_list":["post-30094","page","type-page","status-publish","has-post-thumbnail","hentry"],"acf":[],"_links":{"self":[{"href":"https:\/\/rcrcconference.org\/es\/wp-json\/wp\/v2\/pages\/30094"}],"collection":[{"href":"https:\/\/rcrcconference.org\/es\/wp-json\/wp\/v2\/pages"}],"about":[{"href":"https:\/\/rcrcconference.org\/es\/wp-json\/wp\/v2\/types\/page"}],"author":[{"embeddable":true,"href":"https:\/\/rcrcconference.org\/es\/wp-json\/wp\/v2\/users\/408"}],"replies":[{"embeddable":true,"href":"https:\/\/rcrcconference.org\/es\/wp-json\/wp\/v2\/comments?post=30094"}],"version-history":[{"count":4,"href":"https:\/\/rcrcconference.org\/es\/wp-json\/wp\/v2\/pages\/30094\/revisions"}],"predecessor-version":[{"id":32945,"href":"https:\/\/rcrcconference.org\/es\/wp-json\/wp\/v2\/pages\/30094\/revisions\/32945"}],"up":[{"embeddable":true,"href":"https:\/\/rcrcconference.org\/es\/wp-json\/wp\/v2\/pages\/23241"}],"wp:featuredmedia":[{"embeddable":true,"href":"https:\/\/rcrcconference.org\/es\/wp-json\/wp\/v2\/media\/29821"}],"wp:attachment":[{"href":"https:\/\/rcrcconference.org\/es\/wp-json\/wp\/v2\/media?parent=30094"}],"curies":[{"name":"wp","href":"https:\/\/api.w.org\/{rel}","templated":true}]}}