{"id":30054,"date":"2024-09-17T09:49:42","date_gmt":"2024-09-17T09:49:42","guid":{"rendered":"https:\/\/rcrcconference.org\/public-statements\/"},"modified":"2024-09-28T17:32:51","modified_gmt":"2024-09-28T17:32:51","slug":"public-statements","status":"publish","type":"page","link":"https:\/\/rcrcconference.org\/es\/public-statements\/","title":{"rendered":"Public statements"},"content":{"rendered":"\n<section class=\"wp-block-red-cross-block-red-cross-text-block about\"><div class=\"container\"><div class=\"about__inner\"><div class=\"about__title\"><h3>En un mundo polarizado, la XXXIV Conferencia Internacional de la Cruz Roja y de la Media Luna Roja es una plataforma indispensable para la acci\u00f3n humanitaria basada en principios<\/h3><\/div><div class=\"about__content\">La Conferencia Internacional de la Cruz Roja y de la Media Luna Roja (Conferencia Internacional) que se celebrar\u00e1 en Ginebra entre el 28 y el 31 de octubre se presenta como una oportunidad decisiva para centrarse en encontrar soluciones humanitarias concretas a algunos de los desaf\u00edos m\u00e1s apremiantes a nivel mundial. Est\u00e1 organizada conjuntamente por el Comit\u00e9 Internacional de la Cruz Roja (CICR) y la Federaci\u00f3n Internacional de Sociedades de la Cruz Roja y de la Media Luna Roja (Federaci\u00f3n Internacional), y Suiza es el pa\u00eds anfitri\u00f3n. Se trata de un acontecimiento \u00fanico, que re\u00fane a Estados y a los miembros del Movimiento Internacional de la Cruz Roja y de la Media Luna Roja (Movimiento).<br\/>\u00a0<br\/>Estamos ante un presente en el que las divisiones a nivel mundial predominan en los titulares. En contraste, la Conferencia Internacional es una plataforma para la colaboraci\u00f3n y el di\u00e1logo. Su naturaleza apol\u00edtica garantiza la atenci\u00f3n plena en la acci\u00f3n humanitaria y en nuestro compromiso colectivo de salvar vidas y aliviar el sufrimiento. Los debates se dar\u00e1n, principalmente, en torno a los siguientes temas:<br\/><br\/><div class=\"redcross_list-block\"><ul><li>respeto del derecho internacional humanitario;<\/li><li>fortalecimiento de la protecci\u00f3n de las personas civiles y los trabajadores humanitarios;<\/li><li>la promoci\u00f3n de una acci\u00f3n humanitaria sostenible impulsada a nivel local;<\/li><li>anticipaci\u00f3n, preparaci\u00f3n y adaptaci\u00f3n frente al cambio clim\u00e1tico;<\/li><li>la importancia de la normativa en materia de desastres;<\/li><li>los efectos de las tecnolog\u00edas digitales en la guerra. <\/li><\/ul><br\/><br\/>Al reunir una diversidad de voces, como las de los representantes de 191 Sociedades Nacionales de la Cruz Roja y de la Media Luna Roja y de 196 Estados Partes en los Convenios de Ginebra, la Conferencia Internacional se constituye en un espacio vital de convergencia de actores humanitarios y Gobiernos, en el que dejan de lado las diferencias y se concentran en una responsabilidad com\u00fan de brindar ayuda y protecci\u00f3n a quienes las necesitan. La diversidad que se dar\u00e1 cita en la Conferencia Internacional mediante representantes de los Estados y los miembros de nuestro Movimiento, incluidas las Sociedades Nacionales en su funci\u00f3n de auxiliares de sus Gobiernos en el \u00e1mbito humanitario, nos dota de una fuerza profunda y de una multiplicidad de experiencias, aportes y soluciones innovadoras. Esta pluralidad promueve la resiliencia y enriquece nuestros debates orientados a resultados humanitarios significativos.<br\/>\u00a0<br\/>A nivel global, la reuni\u00f3n ser\u00e1 un importante impulsor del cambio. Reflejar\u00e1 nuestra creencia colectiva en el poder del derecho internacional humanitario y la acci\u00f3n humanitaria neutral, imparcial e independiente. Propiciar\u00e1 la formulaci\u00f3n de leyes, pol\u00edticas y est\u00e1ndares para la gesti\u00f3n del riesgo de desastres y la reducci\u00f3n del riesgo de desastres. La Conferencia Internacional ser\u00e1 un testimonio de nuestros esfuerzos conjuntos por defender estos valores y atender las necesidades humanitarias apremiantes presentes y futuras.<br\/>\u00a0<br\/>Estar\u00e1 precedida por otras dos reuniones estatutarias de la Cruz Roja y de la Media Luna Roja. La primera ser\u00e1 la Asamblea General de la Federaci\u00f3n Internacional de Sociedades de la Cruz Roja y de la Media Luna Roja, que tendr\u00e1 lugar entre el 23 y el 25 de octubre. La segunda ser\u00e1 el Consejo de Delegados del Movimiento Internacional de la Cruz Roja y de la Media Luna Roja, el 27 y el 28 de octubre. Adem\u00e1s, el 22 de octubre tendr\u00e1 lugar un Foro Mundial de J\u00f3venes de la Cruz Roja y de la Media Luna Roja. En total, las reuniones \u2014incluida la Conferencia Internacional\u2014 contar\u00e1n con m\u00e1s de mil participantes de pr\u00e1cticamente todos los pa\u00edses del mundo.\u00a0<br\/>\u00a0<br\/>Todos los componentes del Movimiento expresan su agradecimiento al Gobierno suizo por su apoyo en la organizaci\u00f3n de estas reuniones.<\/div><\/div><\/div><\/section>\n","protected":false},"excerpt":{"rendered":"","protected":false},"author":408,"featured_media":29707,"parent":0,"menu_order":0,"comment_status":"closed","ping_status":"closed","template":"","meta":{"_acf_changed":false,"footnotes":""},"class_list":["post-30054","page","type-page","status-publish","has-post-thumbnail","hentry"],"acf":[],"_links":{"self":[{"href":"https:\/\/rcrcconference.org\/es\/wp-json\/wp\/v2\/pages\/30054"}],"collection":[{"href":"https:\/\/rcrcconference.org\/es\/wp-json\/wp\/v2\/pages"}],"about":[{"href":"https:\/\/rcrcconference.org\/es\/wp-json\/wp\/v2\/types\/page"}],"author":[{"embeddable":true,"href":"https:\/\/rcrcconference.org\/es\/wp-json\/wp\/v2\/users\/408"}],"replies":[{"embeddable":true,"href":"https:\/\/rcrcconference.org\/es\/wp-json\/wp\/v2\/comments?post=30054"}],"version-history":[{"count":2,"href":"https:\/\/rcrcconference.org\/es\/wp-json\/wp\/v2\/pages\/30054\/revisions"}],"predecessor-version":[{"id":30072,"href":"https:\/\/rcrcconference.org\/es\/wp-json\/wp\/v2\/pages\/30054\/revisions\/30072"}],"wp:featuredmedia":[{"embeddable":true,"href":"https:\/\/rcrcconference.org\/es\/wp-json\/wp\/v2\/media\/29707"}],"wp:attachment":[{"href":"https:\/\/rcrcconference.org\/es\/wp-json\/wp\/v2\/media?parent=30054"}],"curies":[{"name":"wp","href":"https:\/\/api.w.org\/{rel}","templated":true}]}}