{"id":2579,"date":"2019-05-23T14:55:24","date_gmt":"2019-05-23T14:55:24","guid":{"rendered":"https:\/\/rcrcconference.org\/contact\/"},"modified":"2025-02-20T14:33:08","modified_gmt":"2025-02-20T14:33:08","slug":"contact","status":"publish","type":"page","link":"https:\/\/rcrcconference.org\/es\/contact\/","title":{"rendered":"Contact"},"content":{"rendered":"\n<div class=\"contact-form\">\n\t\t\t<form action=\"\" id=\"acf-form\" method=\"post\" class=\"acf-form\">\n\t\t\t<input type=\"hidden\" name=\"_acf_post_type\" value=\"contact\">\n\t\t\t\t<div id=\"acf-form-data\" class=\"acf-hidden\">\n\t\t<input type=\"hidden\" id=\"_acf_screen\" name=\"_acf_screen\" value=\"acf_form\"\/><input type=\"hidden\" id=\"_acf_post_id\" name=\"_acf_post_id\" value=\"new\"\/><input type=\"hidden\" id=\"_acf_validation\" name=\"_acf_validation\" value=\"1\"\/><input type=\"hidden\" id=\"_acf_form\" name=\"_acf_form\" value=\"NXMwSFptU3RzNE11L2JxbU1mbG1zRWhNZjRLbVFGYzdHdS9UZG1Ra1FlVEhWTVJqczRzMHd0M0llWDM1R1VCeGY3NGxuaHBhZDQ2cjdzdGZNdER4R1g0dVhEL2NDcG5VQ0p1YVZodzBZczI3dFY5R1BpcWdxNWxuaGJvWHp5OVExUWtLbXoxbldxaGlka3ZPZXVvMDJNZ3gxSERqTi9KWnVTR0pjMWs0eWxsTU9oYUJkbjZBaFdOeUpTdGIveW9xeUdnbFB4SlFzVzRpT0QvdUhkcmhabnlnUEU3MkRBb0JpYjRkWEY2K29WZXJEVkswR2dIV0dWajJZU2V5eGZ0SCtGa21ZUHhJUGVpWTBCQVhXNUd5SnUxaWwzVm95a1VaMVYrSUtXbHNOM09kRTZZTGVpRmkzUVJDcFRqNkFNc0tmWW9uSDRSd2dxK3diNlRtMTRMTC95RklwcmdlVjFnck1rWUVQRm5LUEZOWlBPeWRQN2xTQjVXRkNuTzY3b2JzOERxdXdqQWhXTFNHdVlwSGl3bXc5czdlQlM2eGpwTjN4UnZTTmlqSFRzVXZWZEU1RmE3MkFNRVBBZyt5dnNZV0h1bDVEMzZYUWtlR3ZkTzV3NzBBMld5UDdSWTFpN2dQVXd3cVBueW8zcDRRazc1cVVUVVJ6d0RaNjNROXVqNC9ZTnhnN0ZvL1hkK0tFSS9XdXpERWI0UlFkaWdENzNqS3NOczFtbk1aWVI4Q2VCeWtveWtGK3RPeVNma0ZJcWcxblNsWHIxVEJNYnRqaHg5NDNYMnlZckYxcGFzTm5JV1BRZklOUjVYc3VISXVXbVNmU0NPRXNtVmJPTkRBVWxPazlKMlBoNThMRCtnQ1lOVnNSNUNiVUFUWCsxNk4rbmtheTZBVG0vK3FqSzh2OUx6ZkhKRmZSckcvdjN6c3p5enhtYnVWSmRGYUt4U2RFSHRZdzcvdlp3a1Q3L0NGQVZGVnoxcFNoT0UrMDZnRjlGRHZBREdQY2lkSHpFb2plZENITW9rRE5kdXZLTi9OMmhwSGhNWkhlaVVET20xQzZmeFNpa01ZZ0R0azhyNGxEa0IxRXVWRjhCVHNNUCtZc0ZycDg3cGtzVGoxQW9naWFtSjFELzd6L0JLanZsUjlnZ09NWGQ2bkE0ajMrb0c3OVdUVlo0a1RpbE9LRTFJT0NzckZZTjdPVm81RzhaOFpiT01PQm1xa25jQVFBSENLTm51UXBpUXhOcEIxNkVCcG9qYWFLKzlWWWszb2ZHRUloSERqWi9sbXR3RzMwaVlValdaWWpTZkFwWXpscmErNHp3RmpJMmNQNUhQVkJaVlVtVFBmUGpualNSKzQ4akdISUhqWWpCK3NPdHBPNmErbTJOSWNkOVhhYi94SGFsYzhudWdXYXlFWCtiMlM5SVU4WmZ3ZThqQ1haRDZZNHBYbE9mOFBpS2FUdVlqODNmSzd1Szl6emYzWlVGYnlhY3BwTHF1dEJzTVFTUThzdE9tTkVDOEswMkpWcnN0bDVOWXlqV2ZjRDdsbUxDVVA5T0JiSkZZVDI3ZmdXSVFnOHVhZkNhenlPWHlndDdCWEFKeUEraWdMYk51SjdBZE0xTmMwbXFjd3ZKWVlFbHI3d0FiVmJiYkk4d2VRM0EzODdGRTZwKzNPbGpTQmJlRjFGOGd2SmROdUJteEorY3V2TWdEbTJtdU1QV01SZnpNUU1GRnV0V0ovT29xS0xRPT06OuH1dheiHfbQ+kVXS4TYAAo=\"\/><input type=\"hidden\" id=\"_acf_nonce\" name=\"_acf_nonce\" value=\"0d2e48f786\"\/><input type=\"hidden\" id=\"_acf_changed\" name=\"_acf_changed\" value=\"0\"\/><input type=\"hidden\" id=\"_acf_location[post_id]\" name=\"_acf_location[post_id]\" value=\"2579\"\/>\t<\/div>\n\t\t\t\t<div class=\"acf-fields acf-form-fields -top\">\n\t\t\t\t\t\t\t\t<div class=\"acf-field acf-field-taxonomy acf-field-cf-field-event is-required\" data-name=\"event\" data-type=\"taxonomy\" data-key=\"cf_field_event\" data-required=\"1\">\n<div class=\"acf-label\">\n<label for=\"acf-cf_field_event\">Edici\u00f3n de la conferencia: <span class=\"acf-required\">*<\/span><\/label><\/div>\n<div class=\"acf-input\">\n<div class=\"acf-taxonomy-field\" data-save=\"1\" data-ftype=\"select\" data-taxonomy=\"contact_event\" data-allow_null=\"0\" data-nonce=\"1f28b81e64\">\n\t\t\t<input type=\"hidden\" id=\"acf-cf_field_event-input\" name=\"acf[cf_field_event]\"\/><select id=\"acf-cf_field_event\" class=\"\" name=\"acf[cf_field_event]\" data-ui=\"1\" data-ajax=\"1\" data-multiple=\"0\" data-placeholder=\"Seleccionar\" data-allow_null=\"0\" data-nonce=\"1f28b81e64\"><\/select><\/div>\n\t\t\t<\/div>\n<\/div>\n<div class=\"acf-field acf-field-text acf-field-cf-field-name\" data-name=\"name\" data-type=\"text\" data-key=\"cf_field_name\">\n<div class=\"acf-label\">\n<label for=\"acf-cf_field_name\">Nombre de la persona que solicita la inscripci\u00f3n<\/label><\/div>\n<div class=\"acf-input\">\n<div class=\"acf-input-wrap\"><input type=\"text\" id=\"acf-cf_field_name\" name=\"acf[cf_field_name]\" placeholder=\"Escriba aqu\u00ed su nombre completo\"\/><\/div><\/div>\n<\/div>\n<div class=\"acf-field acf-field-text acf-field-cf-field-name-of-organization\" data-name=\"name_of_organization\" data-type=\"text\" data-key=\"cf_field_name_of_organization\">\n<div class=\"acf-label\">\n<label for=\"acf-cf_field_name_of_organization\">Nombre de la organizaci\u00f3n:<\/label><\/div>\n<div class=\"acf-input\">\n<div class=\"acf-input-wrap\"><input type=\"text\" id=\"acf-cf_field_name_of_organization\" name=\"acf[cf_field_name_of_organization]\" placeholder=\"Escriba aqu\u00ed el nombre de su organizaci\u00f3n\"\/><\/div><\/div>\n<\/div>\n<div class=\"acf-field acf-field-text acf-field-cf-field-function-at-organization\" data-name=\"function_at_organization\" data-type=\"text\" data-key=\"cf_field_function_at_organization\">\n<div class=\"acf-label\">\n<label for=\"acf-cf_field_function_at_organization\">Su funci\u00f3n en la organizaci\u00f3n<\/label><\/div>\n<div class=\"acf-input\">\n<div class=\"acf-input-wrap\"><input type=\"text\" id=\"acf-cf_field_function_at_organization\" name=\"acf[cf_field_function_at_organization]\" placeholder=\"Escriba aqu\u00ed su funci\u00f3n\"\/><\/div><\/div>\n<\/div>\n<div class=\"acf-field acf-field-email acf-field-cf-field-email is-required\" data-name=\"your_email\" data-type=\"email\" data-key=\"cf_field_email\" data-required=\"1\">\n<div class=\"acf-label\">\n<label for=\"acf-cf_field_email\">Direcci\u00f3n de correo electr\u00f3nico de la persona que solicita la inscripci\u00f3n  <span class=\"acf-required\">*<\/span><\/label><\/div>\n<div class=\"acf-input\">\n<div class=\"acf-input-wrap\"><input type=\"email\" id=\"acf-cf_field_email\" name=\"acf[cf_field_email]\" placeholder=\"Escriba aqu\u00ed su direcci\u00f3n de correo electr\u00f3nico\" required=\"required\"\/><\/div><\/div>\n<\/div>\n<div class=\"acf-field acf-field-text acf-field-cf-field-subject is-required\" data-name=\"subject\" data-type=\"text\" data-key=\"cf_field_subject\" data-required=\"1\">\n<div class=\"acf-label\">\n<label for=\"acf-cf_field_subject\">Asunto <span class=\"acf-required\">*<\/span><\/label><\/div>\n<div class=\"acf-input\">\n<div class=\"acf-input-wrap\"><input type=\"text\" id=\"acf-cf_field_subject\" name=\"acf[cf_field_subject]\" placeholder=\"Escriba aqu\u00ed el asunto del mensaje\" required=\"required\"\/><\/div><\/div>\n<\/div>\n<div class=\"acf-field acf-field-textarea acf-field-cf-field-message is-required\" data-name=\"message\" data-type=\"textarea\" data-key=\"cf_field_message\" data-required=\"1\">\n<div class=\"acf-label\">\n<label for=\"acf-cf_field_message\">Su mensaje <span class=\"acf-required\">*<\/span><\/label><\/div>\n<div class=\"acf-input\">\n<textarea id=\"acf-cf_field_message\" name=\"acf[cf_field_message]\" placeholder=\"Escriba aqu\u00ed su mensaje\" rows=\"5\" required=\"required\"><\/textarea><\/div>\n<\/div>\n\n\t\t<style type=\"text\/css\">\n\t\t\tlabel[for=\"acf-field_684fb98e0dbd6\"] {display: none !important;}\n\t\t<\/style><div class=\"acf-field acf-field-acfe-hcaptcha acf-field-684fb98e0dbd6 is-required\" data-name=\"hcaptcha\" data-type=\"acfe_hcaptcha\" data-key=\"field_684fb98e0dbd6\" data-required=\"1\">\n<div class=\"acf-label\">\n<label for=\"acf-field_684fb98e0dbd6\">hCaptcha <span class=\"acf-required\">*<\/span><\/label><\/div>\n<div class=\"acf-input\">\n<div class=\"acfe-hcaptcha-wrapper\" data-callback=\"acfeHcaptchaSuccess_acf-field_684fb98e0dbd6\"><div class=\"h-captcha\"\n            data-sitekey=\"79ec8e6a-8b80-4778-8396-8fd2b08a5e42\"\n            data-theme=\"light\"\n            data-size=\"normal\"\n            data-callback=\"acfeHcaptchaSuccess_acf-field_684fb98e0dbd6\"><\/div><input type=\"hidden\"\n            id=\"acf-field_684fb98e0dbd6\"\n            name=\"acf[field_684fb98e0dbd6]\"\n            class=\"acfe-hcaptcha-token\" \/><\/div><\/div>\n<\/div>\n<div class=\"acf-field acf-field-text acf-field--validate-email\" style=\"display:none !important;\" data-name=\"_validate_email\" data-type=\"text\" data-key=\"_validate_email\">\n<div class=\"acf-label\">\n<label for=\"acf-_validate_email\">Validate Email<\/label><\/div>\n<div class=\"acf-input\">\n<div class=\"acf-input-wrap\"><input type=\"text\" id=\"acf-_validate_email\" name=\"acf[_validate_email]\"\/><\/div><\/div>\n<\/div>\n\t\t\t\t\t\t\t<\/div>\n\t\t\t\t\t\t<div class=\"acf-form-submit\">\n\t\t\t\t<button type=\"submit\" class=\"acf-button button secondary\">\n\t\t\t\t\tEnviar\t\t\t\t<\/button>\n\t\t\t\t<span class=\"acf-spinner\"><\/span>\n\t\t\t<\/div>\n\t\t<\/form>\n\t<\/div>\n","protected":false},"excerpt":{"rendered":"","protected":false},"author":1,"featured_media":2245,"parent":0,"menu_order":0,"comment_status":"closed","ping_status":"closed","template":"","meta":{"_acf_changed":false,"footnotes":""},"class_list":["post-2579","page","type-page","status-publish","has-post-thumbnail","hentry"],"acf":[],"_links":{"self":[{"href":"https:\/\/rcrcconference.org\/es\/wp-json\/wp\/v2\/pages\/2579"}],"collection":[{"href":"https:\/\/rcrcconference.org\/es\/wp-json\/wp\/v2\/pages"}],"about":[{"href":"https:\/\/rcrcconference.org\/es\/wp-json\/wp\/v2\/types\/page"}],"author":[{"embeddable":true,"href":"https:\/\/rcrcconference.org\/es\/wp-json\/wp\/v2\/users\/1"}],"replies":[{"embeddable":true,"href":"https:\/\/rcrcconference.org\/es\/wp-json\/wp\/v2\/comments?post=2579"}],"version-history":[{"count":7,"href":"https:\/\/rcrcconference.org\/es\/wp-json\/wp\/v2\/pages\/2579\/revisions"}],"predecessor-version":[{"id":33460,"href":"https:\/\/rcrcconference.org\/es\/wp-json\/wp\/v2\/pages\/2579\/revisions\/33460"}],"wp:featuredmedia":[{"embeddable":true,"href":"https:\/\/rcrcconference.org\/es\/wp-json\/wp\/v2\/media\/2245"}],"wp:attachment":[{"href":"https:\/\/rcrcconference.org\/es\/wp-json\/wp\/v2\/media?parent=2579"}],"curies":[{"name":"wp","href":"https:\/\/api.w.org\/{rel}","templated":true}]}}