{"id":25074,"date":"2025-12-15T09:34:01","date_gmt":"2025-12-15T09:34:01","guid":{"rendered":"https:\/\/rcrcconference.org\/?page_id=25074"},"modified":"2025-12-15T18:08:51","modified_gmt":"2025-12-15T18:08:51","slug":"documents-2026-council-of-delegates","status":"publish","type":"page","link":"https:\/\/rcrcconference.org\/es\/about-2\/test-cod-26\/documents-2026-council-of-delegates\/","title":{"rendered":"Documentos &#8211; Consejo de Delegados de 2026"},"content":{"rendered":"<section class=\"about\" style=\"; \">\n\t<div class=\"container\">\n\t\t<div class=\"about__inner\">\n\t\t\t\t\t\t\t<div class=\"about__title\">\n\t\t\t\t\t<h3>Consultas<\/h3>\n\t\t\t\t<\/div>\n\t\t\t\t\t\t\t\t\t\t<ul class=\"accordion\">\n\t\t\t\t\t\t\t\t\t\t\t<li class=\"accordion__item\">\n\t\t\t\t\t\t\t<div class=\"accordion__title\">\n\t\t\t\t\t\t\t\t<h4>Elementos preliminares de las resoluciones de las resoluciones propuestas<\/h4>\n\t\t\t\t\t\t\t<\/div>\n\t\t\t\t\t\t\t<div class=\"accordion__content\">\n\t\t\t\t\t\t\t\t<em>(Las Sociedades Nacionales tendr\u00e1n tiempo hasta el<strong> 6 de febrero de 2026<\/strong> para enviar sus comentarios sobre los elementos preliminares de las resoluciones propuestas.)<br><br><\/em><strong><\/strong> <strong><a class=\"redcross_document_link-block\" href=\"https:\/\/rcrcconference.org\/app\/uploads\/2025\/12\/CoD26-HAT-Draft-elements-ES.pdf\" data-type=\"link\" data-id=\"https:\/\/rcrcconference.org\/app\/uploads\/2025\/12\/CoD26-HAT-Draft-elements-ES.pdf\" target=\"_blank\" rel=\"noreferrer noopener\">El sector humanitario y la rendici\u00f3n de cuentas en el<br>\u00e1mbito tecnol\u00f3gico: Procurar que los principios humanitarios rijan nuestro uso<br>de las tecnolog\u00edas de la informaci\u00f3n y las comunicaciones<\/a> <br> <a class=\"redcross_document_link-block\" href=\"https:\/\/rcrcconference.org\/app\/uploads\/2025\/12\/CoD26_Urban_Resilience_Draft-elements-resolution-ES.pdf\" target=\"_blank\" rel=\"noreferrer noopener\">Fortalecimiento de la resiliencia de las comunidades urbanas: principios para la acci\u00f3n<\/a> <br> <a class=\"redcross_document_link-block\" href=\"https:\/\/rcrcconference.org\/app\/uploads\/2025\/12\/CoD26-Harmful-information-Draft-elements-ES.pdf\" data-type=\"link\" data-id=\"https:\/\/rcrcconference.org\/app\/uploads\/2025\/12\/CoD26-Harmful-information-Draft-elements-ES.pdf\" target=\"_blank\" rel=\"noreferrer noopener\">Fortalecer la preparaci\u00f3n estrat\u00e9gica y operacional del Movimiento para responder a la difusi\u00f3n de informaci\u00f3n da\u00f1ina en contextos humanitarios<\/a> <\/strong>\t\t\t\t\t\t\t<\/div>\n\t\t\t\t\t\t<\/li>\n\t\t\t\t\t\t\t\t\t<\/ul>\n\t\t\t\t\t<\/div>\n\t<\/div>\n<\/section>\n\n\n\n<div style=\"height:100px\" aria-hidden=\"true\" class=\"wp-block-spacer\"><\/div>\n\n\n\n<div style=\"height:100px\" aria-hidden=\"true\" class=\"wp-block-spacer\"><\/div>\n","protected":false},"excerpt":{"rendered":"","protected":false},"author":1,"featured_media":23358,"parent":34370,"menu_order":0,"comment_status":"closed","ping_status":"closed","template":"page-anchor-menu.php","meta":{"_acf_changed":false,"footnotes":""},"class_list":["post-25074","page","type-page","status-publish","has-post-thumbnail","hentry"],"acf":[],"_links":{"self":[{"href":"https:\/\/rcrcconference.org\/es\/wp-json\/wp\/v2\/pages\/25074"}],"collection":[{"href":"https:\/\/rcrcconference.org\/es\/wp-json\/wp\/v2\/pages"}],"about":[{"href":"https:\/\/rcrcconference.org\/es\/wp-json\/wp\/v2\/types\/page"}],"author":[{"embeddable":true,"href":"https:\/\/rcrcconference.org\/es\/wp-json\/wp\/v2\/users\/1"}],"replies":[{"embeddable":true,"href":"https:\/\/rcrcconference.org\/es\/wp-json\/wp\/v2\/comments?post=25074"}],"version-history":[{"count":7,"href":"https:\/\/rcrcconference.org\/es\/wp-json\/wp\/v2\/pages\/25074\/revisions"}],"predecessor-version":[{"id":35787,"href":"https:\/\/rcrcconference.org\/es\/wp-json\/wp\/v2\/pages\/25074\/revisions\/35787"}],"up":[{"embeddable":true,"href":"https:\/\/rcrcconference.org\/es\/wp-json\/wp\/v2\/pages\/34370"}],"wp:featuredmedia":[{"embeddable":true,"href":"https:\/\/rcrcconference.org\/es\/wp-json\/wp\/v2\/media\/23358"}],"wp:attachment":[{"href":"https:\/\/rcrcconference.org\/es\/wp-json\/wp\/v2\/media?parent=25074"}],"curies":[{"name":"wp","href":"https:\/\/api.w.org\/{rel}","templated":true}]}}