{"id":2503,"date":"2019-05-23T09:43:31","date_gmt":"2019-05-23T09:43:31","guid":{"rendered":"https:\/\/rcrcconference.org\/previous-council-of-delegates\/"},"modified":"2024-08-25T14:29:28","modified_gmt":"2024-08-25T14:29:28","slug":"previous-council-of-delegates","status":"publish","type":"page","link":"https:\/\/rcrcconference.org\/es\/about-2\/previous-council-of-delegates\/","title":{"rendered":"Consejos de Delegados previos"},"content":{"rendered":"\n<div style=\"height:100px\" aria-hidden=\"true\" class=\"wp-block-spacer\"><\/div>\n\n\n<section class=\"bulletins\">\n\t<div class=\"container\">\t\t<div class=\"bulletins__header\">\n\t\t\t\t\t<\/div>\n\t\t<div class=\"bulletins-blocks\">\n\t\t\t\t\t\t\t\t<div class=\"bulletins-blocks-block\">\n\t\t\t\t\t\t<a href=\"https:\/\/rcrcconference.org\/es\/about-2\/2019-council-of-delegates\/documents-of-council-of-delegates\/\">\n\t\t\t\t\t\t\t<div class=\"bulletins-blocks-block-content\">\n\t\t\t\t\t\t\t\t\t\t\t\t\t\t\t\t\t\t\t\t\t\t\t\t\t\t\t\t\t\t\t\t\t\t\t\t<div class=\"bulletins-blocks-block-img-wrapper\">\n\t\t\t\t\t\t\t\t\t\t\t<div class=\"bulletins-blocks-block-img\" style=\"background-image: url('https:\/\/rcrcconference.org\/app\/uploads\/2019\/05\/28704055483_fb0ce28082_o.jpg')\"><\/div>\n\t\t\t\t\t\t\t\t\t\t<\/div>\n\t\t\t\t\t\t\t\t\t\t\t\t\t\t\t\t\t\t\t\t\t\t\t\t\t<div class=\"bulletins-blocks-block-data\">\n\t\t\t\t\t\t\t\t\t<div class=\"bulletins-blocks-block-arrow\">\n\t\t\t\t\t\t\t\t\t\t<svg width=\"24\" height=\"25\" viewBox=\"0 0 24 25\" fill=\"#1A3283\" xmlns=\"http:\/\/www.w3.org\/2000\/svg\">\n\t\t\t\t\t\t\t\t\t\t\t<path d=\"M14 18.5L12.6 17.05L16.15 13.5H4V11.5H16.15L12.6 7.95L14 6.5L20 12.5L14 18.5Z\"\/>\n\t\t\t\t\t\t\t\t\t\t<\/svg>\n\t\t\t\t\t\t\t\t\t<\/div>\n\t\t\t\t\t\t\t\t\t<div class=\"bulletins-blocks-block-text\">\n\t\t\t\t\t\t\t\t\t\t<span>\n\t\t\t\t\t\t\t\t\t\t\t<svg width=\"25\" height=\"25\" viewBox=\"0 0 25 25\" fill=\"none\" xmlns=\"http:\/\/www.w3.org\/2000\/svg\">\n\t\t\t\t\t\t\t\t\t\t\t\t<path d=\"M15 18.5C14.3 18.5 13.7083 18.2583 13.225 17.775C12.7417 17.2917 12.5 16.7 12.5 16C12.5 15.3 12.7417 14.7083 13.225 14.225C13.7083 13.7417 14.3 13.5 15 13.5C15.7 13.5 16.2917 13.7417 16.775 14.225C17.2583 14.7083 17.5 15.3 17.5 16C17.5 16.7 17.2583 17.2917 16.775 17.775C16.2917 18.2583 15.7 18.5 15 18.5ZM5.5 22.5C4.95 22.5 4.47917 22.3042 4.0875 21.9125C3.69583 21.5208 3.5 21.05 3.5 20.5V6.5C3.5 5.95 3.69583 5.47917 4.0875 5.0875C4.47917 4.69583 4.95 4.5 5.5 4.5H6.5V2.5H8.5V4.5H16.5V2.5H18.5V4.5H19.5C20.05 4.5 20.5208 4.69583 20.9125 5.0875C21.3042 5.47917 21.5 5.95 21.5 6.5V20.5C21.5 21.05 21.3042 21.5208 20.9125 21.9125C20.5208 22.3042 20.05 22.5 19.5 22.5H5.5ZM5.5 20.5H19.5V10.5H5.5V20.5ZM5.5 8.5H19.5V6.5H5.5V8.5Z\" fill=\"#4A5757\"\/>\n\t\t\t\t\t\t\t\t\t\t\t<\/svg>\n\t\t\t\t\t\t\t\t\t\t\t\t\t\t\t\t\t\t\t\t\t<\/span>\n\t\t\t\t\t\t\t\t\t\t<h3 class=\"heading-style-h4\">Consejo de Delegados 2019<\/h3>\n\t\t\t\t\t\t\t\t\t<\/div>\n\t\t\t\t\t\t\t\t<\/div>\n\t\t\t\t\t\t\t<\/div>\n\t\t\t\t\t\t<\/a>\n\t\t\t\t\t<\/div>\n\t\t\t\t\t\t\t\t\t<div class=\"bulletins-blocks-block\">\n\t\t\t\t\t\t<a href=\"https:\/\/rcrcconference.org\/es\/about-2\/previous-council-of-delegates\/2017-council-of-delegates\/\">\n\t\t\t\t\t\t\t<div class=\"bulletins-blocks-block-content\">\n\t\t\t\t\t\t\t\t\t\t\t\t\t\t\t\t\t\t\t\t\t\t\t\t\t\t\t\t\t\t\t\t\t\t\t\t<div class=\"bulletins-blocks-block-img-wrapper\">\n\t\t\t\t\t\t\t\t\t\t\t<div class=\"bulletins-blocks-block-img\" style=\"background-image: url('https:\/\/rcrcconference.org\/app\/uploads\/2019\/05\/12754447075_e1e3528b90_o.jpg')\"><\/div>\n\t\t\t\t\t\t\t\t\t\t<\/div>\n\t\t\t\t\t\t\t\t\t\t\t\t\t\t\t\t\t\t\t\t\t\t\t\t\t<div class=\"bulletins-blocks-block-data\">\n\t\t\t\t\t\t\t\t\t<div class=\"bulletins-blocks-block-arrow\">\n\t\t\t\t\t\t\t\t\t\t<svg width=\"24\" height=\"25\" viewBox=\"0 0 24 25\" fill=\"#1A3283\" xmlns=\"http:\/\/www.w3.org\/2000\/svg\">\n\t\t\t\t\t\t\t\t\t\t\t<path d=\"M14 18.5L12.6 17.05L16.15 13.5H4V11.5H16.15L12.6 7.95L14 6.5L20 12.5L14 18.5Z\"\/>\n\t\t\t\t\t\t\t\t\t\t<\/svg>\n\t\t\t\t\t\t\t\t\t<\/div>\n\t\t\t\t\t\t\t\t\t<div class=\"bulletins-blocks-block-text\">\n\t\t\t\t\t\t\t\t\t\t<span>\n\t\t\t\t\t\t\t\t\t\t\t<svg width=\"25\" height=\"25\" viewBox=\"0 0 25 25\" fill=\"none\" xmlns=\"http:\/\/www.w3.org\/2000\/svg\">\n\t\t\t\t\t\t\t\t\t\t\t\t<path d=\"M15 18.5C14.3 18.5 13.7083 18.2583 13.225 17.775C12.7417 17.2917 12.5 16.7 12.5 16C12.5 15.3 12.7417 14.7083 13.225 14.225C13.7083 13.7417 14.3 13.5 15 13.5C15.7 13.5 16.2917 13.7417 16.775 14.225C17.2583 14.7083 17.5 15.3 17.5 16C17.5 16.7 17.2583 17.2917 16.775 17.775C16.2917 18.2583 15.7 18.5 15 18.5ZM5.5 22.5C4.95 22.5 4.47917 22.3042 4.0875 21.9125C3.69583 21.5208 3.5 21.05 3.5 20.5V6.5C3.5 5.95 3.69583 5.47917 4.0875 5.0875C4.47917 4.69583 4.95 4.5 5.5 4.5H6.5V2.5H8.5V4.5H16.5V2.5H18.5V4.5H19.5C20.05 4.5 20.5208 4.69583 20.9125 5.0875C21.3042 5.47917 21.5 5.95 21.5 6.5V20.5C21.5 21.05 21.3042 21.5208 20.9125 21.9125C20.5208 22.3042 20.05 22.5 19.5 22.5H5.5ZM5.5 20.5H19.5V10.5H5.5V20.5ZM5.5 8.5H19.5V6.5H5.5V8.5Z\" fill=\"#4A5757\"\/>\n\t\t\t\t\t\t\t\t\t\t\t<\/svg>\n\t\t\t\t\t\t\t\t\t\t\t\t\t\t\t\t\t\t\t\t\t<\/span>\n\t\t\t\t\t\t\t\t\t\t<h3 class=\"heading-style-h4\">Consejo de Delegados 2017<\/h3>\n\t\t\t\t\t\t\t\t\t<\/div>\n\t\t\t\t\t\t\t\t<\/div>\n\t\t\t\t\t\t\t<\/div>\n\t\t\t\t\t\t<\/a>\n\t\t\t\t\t<\/div>\n\t\t\t\t\t\t\t\t\t<div class=\"bulletins-blocks-block\">\n\t\t\t\t\t\t<a href=\"https:\/\/rcrcconference.org\/es\/about-2\/previous-council-of-delegates\/2015-council-of-delegates\/\">\n\t\t\t\t\t\t\t<div class=\"bulletins-blocks-block-content\">\n\t\t\t\t\t\t\t\t\t\t\t\t\t\t\t\t\t\t\t\t\t\t\t\t\t\t\t\t\t\t\t\t\t\t\t\t<div class=\"bulletins-blocks-block-img-wrapper\">\n\t\t\t\t\t\t\t\t\t\t\t<div class=\"bulletins-blocks-block-img\" style=\"background-image: url('https:\/\/rcrcconference.org\/app\/uploads\/2019\/05\/V-P-MM-E-00316.jpg')\"><\/div>\n\t\t\t\t\t\t\t\t\t\t<\/div>\n\t\t\t\t\t\t\t\t\t\t\t\t\t\t\t\t\t\t\t\t\t\t\t\t\t<div class=\"bulletins-blocks-block-data\">\n\t\t\t\t\t\t\t\t\t<div class=\"bulletins-blocks-block-arrow\">\n\t\t\t\t\t\t\t\t\t\t<svg width=\"24\" height=\"25\" viewBox=\"0 0 24 25\" fill=\"#1A3283\" xmlns=\"http:\/\/www.w3.org\/2000\/svg\">\n\t\t\t\t\t\t\t\t\t\t\t<path d=\"M14 18.5L12.6 17.05L16.15 13.5H4V11.5H16.15L12.6 7.95L14 6.5L20 12.5L14 18.5Z\"\/>\n\t\t\t\t\t\t\t\t\t\t<\/svg>\n\t\t\t\t\t\t\t\t\t<\/div>\n\t\t\t\t\t\t\t\t\t<div class=\"bulletins-blocks-block-text\">\n\t\t\t\t\t\t\t\t\t\t<span>\n\t\t\t\t\t\t\t\t\t\t\t<svg width=\"25\" height=\"25\" viewBox=\"0 0 25 25\" fill=\"none\" xmlns=\"http:\/\/www.w3.org\/2000\/svg\">\n\t\t\t\t\t\t\t\t\t\t\t\t<path d=\"M15 18.5C14.3 18.5 13.7083 18.2583 13.225 17.775C12.7417 17.2917 12.5 16.7 12.5 16C12.5 15.3 12.7417 14.7083 13.225 14.225C13.7083 13.7417 14.3 13.5 15 13.5C15.7 13.5 16.2917 13.7417 16.775 14.225C17.2583 14.7083 17.5 15.3 17.5 16C17.5 16.7 17.2583 17.2917 16.775 17.775C16.2917 18.2583 15.7 18.5 15 18.5ZM5.5 22.5C4.95 22.5 4.47917 22.3042 4.0875 21.9125C3.69583 21.5208 3.5 21.05 3.5 20.5V6.5C3.5 5.95 3.69583 5.47917 4.0875 5.0875C4.47917 4.69583 4.95 4.5 5.5 4.5H6.5V2.5H8.5V4.5H16.5V2.5H18.5V4.5H19.5C20.05 4.5 20.5208 4.69583 20.9125 5.0875C21.3042 5.47917 21.5 5.95 21.5 6.5V20.5C21.5 21.05 21.3042 21.5208 20.9125 21.9125C20.5208 22.3042 20.05 22.5 19.5 22.5H5.5ZM5.5 20.5H19.5V10.5H5.5V20.5ZM5.5 8.5H19.5V6.5H5.5V8.5Z\" fill=\"#4A5757\"\/>\n\t\t\t\t\t\t\t\t\t\t\t<\/svg>\n\t\t\t\t\t\t\t\t\t\t\t\t\t\t\t\t\t\t\t\t\t<\/span>\n\t\t\t\t\t\t\t\t\t\t<h3 class=\"heading-style-h4\">Consejo de Delegados 2015<\/h3>\n\t\t\t\t\t\t\t\t\t<\/div>\n\t\t\t\t\t\t\t\t<\/div>\n\t\t\t\t\t\t\t<\/div>\n\t\t\t\t\t\t<\/a>\n\t\t\t\t\t<\/div>\n\t\t\t\t\t\t\t\t\t<div class=\"bulletins-blocks-block\">\n\t\t\t\t\t\t<a href=\"https:\/\/rcrcconference.org\/es\/about-2\/previous-council-of-delegates\/2013-council-of-delegates\/\">\n\t\t\t\t\t\t\t<div class=\"bulletins-blocks-block-content\">\n\t\t\t\t\t\t\t\t\t\t\t\t\t\t\t\t\t\t\t\t\t\t\t\t\t\t\t\t\t\t\t\t\t\t\t\t<div class=\"bulletins-blocks-block-img-wrapper\">\n\t\t\t\t\t\t\t\t\t\t\t<div class=\"bulletins-blocks-block-img\" style=\"background-image: url('https:\/\/rcrcconference.org\/app\/uploads\/2019\/05\/13163858713_f206748e07_o.jpg')\"><\/div>\n\t\t\t\t\t\t\t\t\t\t<\/div>\n\t\t\t\t\t\t\t\t\t\t\t\t\t\t\t\t\t\t\t\t\t\t\t\t\t<div class=\"bulletins-blocks-block-data\">\n\t\t\t\t\t\t\t\t\t<div class=\"bulletins-blocks-block-arrow\">\n\t\t\t\t\t\t\t\t\t\t<svg width=\"24\" height=\"25\" viewBox=\"0 0 24 25\" fill=\"#1A3283\" xmlns=\"http:\/\/www.w3.org\/2000\/svg\">\n\t\t\t\t\t\t\t\t\t\t\t<path d=\"M14 18.5L12.6 17.05L16.15 13.5H4V11.5H16.15L12.6 7.95L14 6.5L20 12.5L14 18.5Z\"\/>\n\t\t\t\t\t\t\t\t\t\t<\/svg>\n\t\t\t\t\t\t\t\t\t<\/div>\n\t\t\t\t\t\t\t\t\t<div class=\"bulletins-blocks-block-text\">\n\t\t\t\t\t\t\t\t\t\t<span>\n\t\t\t\t\t\t\t\t\t\t\t<svg width=\"25\" height=\"25\" viewBox=\"0 0 25 25\" fill=\"none\" xmlns=\"http:\/\/www.w3.org\/2000\/svg\">\n\t\t\t\t\t\t\t\t\t\t\t\t<path d=\"M15 18.5C14.3 18.5 13.7083 18.2583 13.225 17.775C12.7417 17.2917 12.5 16.7 12.5 16C12.5 15.3 12.7417 14.7083 13.225 14.225C13.7083 13.7417 14.3 13.5 15 13.5C15.7 13.5 16.2917 13.7417 16.775 14.225C17.2583 14.7083 17.5 15.3 17.5 16C17.5 16.7 17.2583 17.2917 16.775 17.775C16.2917 18.2583 15.7 18.5 15 18.5ZM5.5 22.5C4.95 22.5 4.47917 22.3042 4.0875 21.9125C3.69583 21.5208 3.5 21.05 3.5 20.5V6.5C3.5 5.95 3.69583 5.47917 4.0875 5.0875C4.47917 4.69583 4.95 4.5 5.5 4.5H6.5V2.5H8.5V4.5H16.5V2.5H18.5V4.5H19.5C20.05 4.5 20.5208 4.69583 20.9125 5.0875C21.3042 5.47917 21.5 5.95 21.5 6.5V20.5C21.5 21.05 21.3042 21.5208 20.9125 21.9125C20.5208 22.3042 20.05 22.5 19.5 22.5H5.5ZM5.5 20.5H19.5V10.5H5.5V20.5ZM5.5 8.5H19.5V6.5H5.5V8.5Z\" fill=\"#4A5757\"\/>\n\t\t\t\t\t\t\t\t\t\t\t<\/svg>\n\t\t\t\t\t\t\t\t\t\t\t\t\t\t\t\t\t\t\t\t\t<\/span>\n\t\t\t\t\t\t\t\t\t\t<h3 class=\"heading-style-h4\">Consejo de Delegados 2013<\/h3>\n\t\t\t\t\t\t\t\t\t<\/div>\n\t\t\t\t\t\t\t\t<\/div>\n\t\t\t\t\t\t\t<\/div>\n\t\t\t\t\t\t<\/a>\n\t\t\t\t\t<\/div>\n\t\t\t\t\t\t<\/div>\n\t<\/div><\/section>\n\n\n\n<div style=\"height:100px\" aria-hidden=\"true\" class=\"wp-block-spacer\"><\/div>\n\n\n<section class=\"accordion-block\" style=\"background-color: #ffffff; color: #000000\" role=\"region\" aria-label=\"Pedges accordion block\">\n\t\t\t<div class=\"accordion-block__title\" role=\"heading\" aria-level=\"3\">\n\t\t\t<h3>Reuniones estatutarias previas \u2013 Documentos disponibles en l\u00ednea <\/h3>\n\t\t<\/div>\n\t\t\t\t<ul class=\"accordion\">\n\t\t\t\t\t\t\t<li class=\"accordion__item\">\n\t\t\t\t\t<div class=\"accordion__title\" role=\"button\" aria-expanded=\"false\" aria-label=\"Reuniones estatutarias previas \u2013 Documentos disponibles en l\u00ednea \">\n\t\t\t\t\t\t<h3 class=\"accordion__title-h4\">Reuniones estatutarias previas \u2013 Documentos disponibles en l\u00ednea <\/h3>\n\t\t\t\t\t<\/div>\n\t\t\t\t\t<div class=\"accordion__content\" role=\"region\" hidden>\n\t\t\t\t\t\tLas actas, los informes y las resoluciones de las Conferencias Internacionales y de los Consejos de Delegados celebrados desde 1863 est\u00e1n disponibles en <a rel=\"noreferrer noopener\" aria-label=\"www.icrc.org\/international-conferences (opens in a new tab)\" href=\"http:\/\/www.icrc.org\/international-conferences\" target=\"_blank\"><strong>www.icrc.org\/international-conferences<\/strong><\/a>. <br> Para m\u00e1s informaci\u00f3n sobre la importante contribuci\u00f3n de las reuniones estatutarias a la historia del Movimiento y a la acci\u00f3n humanitaria, <a href=\"https:\/\/cdn.knightlab.com\/libs\/timeline3\/latest\/embed\/index.html?source=1G3644RrKN4e6n9T2XWetSXYtFz2gGLiGKeJcANfP9Gw&amp;font=Default&amp;lang=en&amp;initial_zoom=2&amp;height=650\" target=\"_blank\" rel=\"noreferrer noopener\" aria-label=\"consulte esta cronolog\u00eda interactiva. (opens in a new tab)\"><strong>consulte esta cronolog\u00eda interactiva<\/strong>.<\/a> \t\t\t\t\t<\/div>\n\t\t\t\t<\/li>\n\t\t\t\t\t<\/ul>\n\t<\/section>\n","protected":false},"excerpt":{"rendered":"","protected":false},"author":1,"featured_media":1808,"parent":2033,"menu_order":0,"comment_status":"closed","ping_status":"closed","template":"","meta":{"_acf_changed":false,"footnotes":""},"class_list":["post-2503","page","type-page","status-publish","has-post-thumbnail","hentry"],"acf":[],"_links":{"self":[{"href":"https:\/\/rcrcconference.org\/es\/wp-json\/wp\/v2\/pages\/2503"}],"collection":[{"href":"https:\/\/rcrcconference.org\/es\/wp-json\/wp\/v2\/pages"}],"about":[{"href":"https:\/\/rcrcconference.org\/es\/wp-json\/wp\/v2\/types\/page"}],"author":[{"embeddable":true,"href":"https:\/\/rcrcconference.org\/es\/wp-json\/wp\/v2\/users\/1"}],"replies":[{"embeddable":true,"href":"https:\/\/rcrcconference.org\/es\/wp-json\/wp\/v2\/comments?post=2503"}],"version-history":[{"count":8,"href":"https:\/\/rcrcconference.org\/es\/wp-json\/wp\/v2\/pages\/2503\/revisions"}],"predecessor-version":[{"id":35503,"href":"https:\/\/rcrcconference.org\/es\/wp-json\/wp\/v2\/pages\/2503\/revisions\/35503"}],"up":[{"embeddable":true,"href":"https:\/\/rcrcconference.org\/es\/wp-json\/wp\/v2\/pages\/2033"}],"wp:featuredmedia":[{"embeddable":true,"href":"https:\/\/rcrcconference.org\/es\/wp-json\/wp\/v2\/media\/1808"}],"wp:attachment":[{"href":"https:\/\/rcrcconference.org\/es\/wp-json\/wp\/v2\/media?parent=2503"}],"curies":[{"name":"wp","href":"https:\/\/api.w.org\/{rel}","templated":true}]}}