{"id":24862,"date":"2023-07-27T12:42:03","date_gmt":"2023-07-27T12:42:03","guid":{"rendered":"https:\/\/rcrcconference.org\/?page_id=24862"},"modified":"2026-03-24T13:45:53","modified_gmt":"2026-03-24T13:45:53","slug":"documentos-consejo-de-delegados-de-2024","status":"publish","type":"page","link":"https:\/\/rcrcconference.org\/es\/about-2\/consejo-de-delegados-2024\/documentos-consejo-de-delegados-de-2024\/","title":{"rendered":"Documentos &#8211; Consejo de Delegados de 2024"},"content":{"rendered":"\n<div style=\"height:33px\" aria-hidden=\"true\" class=\"wp-block-spacer\"><\/div>\n\n\n<div class=\"anchor__menu-title\" role=\"presentation\">\n\t<div class=\"container\">\t\t\t<h2 class=\"anchor__menu-h2\">Documentos oficiales<\/h2>\n\t\t<\/div><\/div>\n\n\n<section class=\"accordion-block\" style=\"background-color: #ffffff; color: #000000\" role=\"region\" aria-label=\"Pedges accordion block\">\n\t\t\t\t<ul class=\"accordion\">\n\t\t\t\t\t\t\t<li class=\"accordion__item\">\n\t\t\t\t\t<div class=\"accordion__title\" role=\"button\" aria-expanded=\"false\" aria-label=\"Orden del d\u00eda y programa\">\n\t\t\t\t\t\t<h3 class=\"accordion__title-h4\">Orden del d\u00eda y programa<\/h3>\n\t\t\t\t\t<\/div>\n\t\t\t\t\t<div class=\"accordion__content\" role=\"region\" hidden>\n\t\t\t\t\t\t<a class=\"redcross_document_link-block\" href=\"https:\/\/rcrcconference.org\/app\/uploads\/2025\/08\/CoD24_03-adoopted-agenda-Programme-ES-1.pdf\" target=\"_blank\" rel=\"noreferrer noopener\">Orden del d\u00eda y programa del Consejo de Delegados 2024 (CD\/24\/3).<\/a>\t\t\t\t\t<\/div>\n\t\t\t\t<\/li>\n\t\t\t\t\t\t\t<li class=\"accordion__item\">\n\t\t\t\t\t<div class=\"accordion__title\" role=\"button\" aria-expanded=\"false\" aria-label=\"Resoluci\u00f3nes aprobadas\">\n\t\t\t\t\t\t<h3 class=\"accordion__title-h4\">Resoluci\u00f3nes aprobadas<\/h3>\n\t\t\t\t\t<\/div>\n\t\t\t\t\t<div class=\"accordion__content\" role=\"region\" hidden>\n\t\t\t\t\t\t<strong>Actividades de protecci\u00f3n en el Movimiento: mejorar nuestra incidencia colectiva en la protecci\u00f3n de las personas<\/strong>\u00a0<br><a class=\"redcross_document_link-block\" href=\"https:\/\/rcrcconference.org\/app\/uploads\/2024\/10\/CoD24_R1-Res-Protection-ES.pdf\" target=\"_blank\" rel=\"noreferrer noopener\">Resoluci\u00f3n aprobada(CD\/24\/R1)<\/a><br><a class=\"redcross_document_link-block\" href=\"https:\/\/rcrcconference.org\/app\/uploads\/2024\/09\/CoD24_4-Background-Doc-Protection-ES.pdf\" target=\"_blank\" rel=\"noreferrer noopener\">Documento de referencia(CD\/24\/4)<\/a><br><br><strong>Estrategia para el Movimiento Internacional de la Cruz Roja y de la Media Luna Roja en materia de migraci\u00f3n (2024-2030)<\/strong>\u00a0<a class=\"redcross_document_link-block\" href=\"https:\/\/rcrcconference.org\/app\/uploads\/2024\/10\/CoD24_R2-Res-Migration-ES.pdf\" target=\"_blank\" rel=\"noreferrer noopener\">Resoluci\u00f3n aprobada(CD\/24\/R2)<\/a><br><a class=\"redcross_document_link-block\" href=\"https:\/\/rcrcconference.org\/app\/uploads\/2024\/09\/CoD24_5-Migration-Background-document-ES.pdf\" target=\"_blank\" rel=\"noreferrer noopener\">Documento de referencia(CD\/24\/5)<\/a><br><br><strong>Armas y derecho internacional humanitario<\/strong>\u00a0<br><a class=\"redcross_document_link-block\" href=\"https:\/\/rcrcconference.org\/app\/uploads\/2024\/10\/CoD24_R3-Res-Weapons-and-IHL-ES.pdf\" target=\"_blank\" rel=\"noreferrer noopener\">Resoluci\u00f3n aprobada(CD\/24\/R3)<\/a><br><a class=\"redcross_document_link-block\" href=\"https:\/\/rcrcconference.org\/app\/uploads\/2024\/09\/CoD24_6-Background-Doc-Weapons-and-IHL-ES.pdf\" target=\"_blank\" rel=\"noreferrer noopener\">Documento de referencia(CD\/24\/6)<\/a><br><br><strong>Aplicaci\u00f3n del Memorando de entendimiento y del Acuerdo de disposiciones operativas suscritos el 28 de noviembre de 2005 entre el Magen David Adom en Israel y la Media Luna Roja Palestina<\/strong>\u00a0<br><a class=\"redcross_document_link-block\" href=\"https:\/\/rcrcconference.org\/app\/uploads\/2024\/10\/CoD24_R4-Res-MoU-ES.pdf\" target=\"_blank\" rel=\"noreferrer noopener\">Resoluci\u00f3n aprobada(CD\/24\/R4)<\/a><br><a class=\"redcross_document_link-block\" href=\"https:\/\/rcrcconference.org\/app\/uploads\/2024\/10\/CoD24_11-Report-MoU-ES.pdf\" target=\"_blank\" rel=\"noreferrer noopener\">Informe<\/a><br><br><strong>Llamamiento a respetar y apoyar la acci\u00f3n humanitaria basada en principios<\/strong>\u00a0\u00a0<a class=\"redcross_document_link-block\" href=\"https:\/\/rcrcconference.org\/app\/uploads\/2024\/10\/CoD24_R5-Res-NIIHA-es.pdf\" target=\"_blank\" rel=\"noreferrer noopener\">Resoluci\u00f3n aprobada(CD\/24\/R5)<\/a><br><a class=\"redcross_document_link-block\" href=\"https:\/\/rcrcconference.org\/app\/uploads\/2024\/09\/CoD24_8-Background-doc-NIIHA-ES.pdf\" target=\"_blank\" rel=\"noreferrer noopener\">Documento de referencia(CD\/24\/8)<\/a>\u00a0<br><br><strong>Extensi\u00f3n hasta 2030 de la Estrategia de restablecimiento del contacto entre familiares para el Movimiento Internacional de la Cruz Roja y de la Media Luna Roja (2020-2025)<\/strong><a class=\"redcross_document_link-block\" href=\"https:\/\/rcrcconference.org\/app\/uploads\/2024\/10\/CoD24_R6-Res-RFL-ES.pdf\" target=\"_blank\" rel=\"noreferrer noopener\">Resoluci\u00f3n aprobada(CD\/24\/R6)<\/a><br><a class=\"redcross_document_link-block\" href=\"https:\/\/rcrcconference.org\/app\/uploads\/2024\/09\/CoD24_9-Background-Doc-RFL-ES.pdf\" target=\"_blank\" rel=\"noreferrer noopener\">Documento de referencia(CD\/24\/9)<\/a><br><br><strong>Reafirmaci\u00f3n de la funci\u00f3n del Movimiento como factor de paz<\/strong>\u00a0<a class=\"redcross_document_link-block\" href=\"https:\/\/rcrcconference.org\/app\/uploads\/2024\/10\/CoD24_R7-Res-Peace-ES.pdf\" target=\"_blank\" rel=\"noreferrer noopener\">Resoluci\u00f3n aprobada(CD\/24\/R7)<\/a><br><a class=\"redcross_document_link-block\" href=\"https:\/\/rcrcconference.org\/app\/uploads\/2024\/09\/CoD24_10-Peace-and-resilience-Background-document-ES.pdf\" target=\"_blank\" rel=\"noreferrer noopener\">Documento de referencia(CD\/24\/10)<\/a><br><br><strong>La guerra en las ciudades: llamamiento solemne del Movimiento Internacional de la Cruz Roja y de la Media Luna Roja<\/strong><br><a class=\"redcross_document_link-block\" href=\"https:\/\/rcrcconference.org\/app\/uploads\/2024\/10\/CoD24_R8-Res-War-in-Cities-ES.pdf\" target=\"_blank\" rel=\"noreferrer noopener\">Resoluci\u00f3n aprobada(CD\/24\/R8)<\/a><br><a class=\"redcross_document_link-block\" href=\"https:\/\/rcrcconference.org\/app\/uploads\/2024\/09\/CoD24_7-Background-Doc-War-in-cities-ES.pdf\" target=\"_blank\" rel=\"noreferrer noopener\">Documento de referencia(CD\/24\/7)<\/a><br><br><strong>Labor de la Comisi\u00f3n Permanente de la Cruz Roja y de la Media Luna Roja<\/strong><br><a class=\"redcross_document_link-block\" href=\"https:\/\/rcrcconference.org\/app\/uploads\/2024\/10\/CoD24-R9-Res-Work-of-the-SC-ES.pdf\" target=\"_blank\" rel=\"noreferrer noopener\">Resoluci\u00f3n aprobada(CD\/24\/R9)<\/a><br><a class=\"redcross_document_link-block\" href=\"https:\/\/rcrcconference.org\/app\/uploads\/2024\/09\/CoD24_12-Progress-Report-SC-ES.pdf\" target=\"_blank\" rel=\"noreferrer noopener\">Informe sobre los progresos alcanzados(CD\/24\/12)<\/a>\t\t\t\t\t<\/div>\n\t\t\t\t<\/li>\n\t\t\t\t\t\t\t<li class=\"accordion__item\">\n\t\t\t\t\t<div class=\"accordion__title\" role=\"button\" aria-expanded=\"false\" aria-label=\"Informes de seguimiento y progreso\">\n\t\t\t\t\t\t<h3 class=\"accordion__title-h4\">Informes de seguimiento y progreso<\/h3>\n\t\t\t\t\t<\/div>\n\t\t\t\t\t<div class=\"accordion__content\" role=\"region\" hidden>\n\t\t\t\t\t\t<a class=\"redcross_document_link-block\" href=\"https:\/\/rcrcconference.org\/app\/uploads\/2024\/09\/CoD24-Progress-report-SA2.0-ES.pdf\" target=\"_blank\" rel=\"noreferrer noopener\">Informe relativo a la resoluci\u00f3n 8 aprobada por el Consejo de Delegados en 2022: \u201cAcuerdo de coordinaci\u00f3n en el Movimiento para una mejor incidencia colectiva (Acuerdo de Sevilla 2.0)\u201d (CD\/24\/13).<\/a>         <a class=\"redcross_document_link-block\" href=\"https:\/\/rcrcconference.org\/app\/uploads\/2024\/09\/CoD24-Progress-Report-SA2.0-Annex-ES.pdf\">Anexo<\/a>  <br><br>\u00a0<br><a class=\"redcross_document_link-block\" href=\"https:\/\/rcrcconference.org\/app\/uploads\/2024\/09\/CoD24_15-Anticipatory-action-progress-report-ES.pdf\" target=\"_blank\" rel=\"noreferrer noopener\">Informe relativo a la resoluci\u00f3n 2 aprobada por el Consejo de Delegados en 2022: \u201cFortalecimiento de la acci\u00f3n humanitaria anticipada en el Movimiento: el sendero futuro\u201d (CD\/24\/15).<\/a><br>\u00a0<br><a class=\"redcross_document_link-block\" href=\"https:\/\/rcrcconference.org\/app\/uploads\/2026\/03\/CoD24_16-Progress-Report-War-in-Cities-ES.pdf\" data-type=\"link\" data-id=\"https:\/\/rcrcconference.org\/app\/uploads\/2026\/03\/CoD24_16-Progress-Report-War-in-Cities-ES.pdf\" target=\"_blank\" rel=\"noreferrer noopener\">Informe relativo a la resoluci\u00f3n 6 aprobada por el Consejo de Delegados en 2022: \u201cLa guerra en las ciudades\u201d (CD\/24\/16).<\/a><br>\u00a0<br><a class=\"redcross_document_link-block\" href=\"https:\/\/rcrcconference.org\/app\/uploads\/2024\/09\/CoD24_17-Progress-report-nuclear-weapons-ES.pdf\" target=\"_blank\" rel=\"noreferrer noopener\">Informe relativo a la resoluci\u00f3n 7 aprobada por el Consejo de Delegados en 2022: \u201cHacia la eliminaci\u00f3n de las armas nucleares: plan de acci\u00f3n para el periodo 2022-2027\u201d (CD\/24\/17).<\/a><br>\u00a0<br><a class=\"redcross_document_link-block\" href=\"https:\/\/rcrcconference.org\/app\/uploads\/2024\/09\/CoD24_18-Urban-resilience-progress-report-ES.pdf\" target=\"_blank\" rel=\"noreferrer noopener\">Informe relativo a la resoluci\u00f3n 11 aprobada por el Consejo de Delegados en 2022: \u201cFortalecimiento de la resiliencia de las comunidades urbanas: el sendero futuro\u201d (CD\/24\/18).<\/a><br>\u00a0<br><a class=\"redcross_document_link-block\" href=\"https:\/\/rcrcconference.org\/app\/uploads\/2024\/09\/CoD24_19-Progress-report-Humanitarian-data-ES.pdf\" target=\"_blank\" rel=\"noreferrer noopener\">Informe relativo a la resoluci\u00f3n 12 aprobada por el Consejo de Delegados en 2022: \u201cSalvaguardar los datos humanitarios\u201d (CD\/24\/19).<\/a><br>\u00a0<br><a class=\"redcross_document_link-block\" href=\"https:\/\/rcrcconference.org\/app\/uploads\/2024\/09\/CoD24_20-Progress-Report-Resource-Mob-ES.pdf\" target=\"_blank\" rel=\"noreferrer noopener\">Informe relativo a la resoluci\u00f3n 2 aprobada por el Consejo de Delegados en 2017: \u201cPrincipios relativos a la movilizaci\u00f3n de recursos aplicables a todo el Movimiento\u201d (CD\/24\/20).<\/a><br>\u00a0<br><a class=\"redcross_document_link-block\" href=\"https:\/\/rcrcconference.org\/app\/uploads\/2024\/09\/CoD24_21-SMCC-progress-report-ES.pdf\" target=\"_blank\" rel=\"noreferrer noopener\">Informe final relativo al \u201cFortalecimiento de la coordinaci\u00f3n y la cooperaci\u00f3n en el Movimiento &#8211; versi\u00f3n 2.0\u201d) (CD\/24\/21).<\/a><br>\u00a0<br><a class=\"redcross_document_link-block\" href=\"https:\/\/rcrcconference.org\/app\/uploads\/2024\/09\/CoD24_22-Integrity-Statement-report-ES.pdf\" target=\"_blank\" rel=\"noreferrer noopener\">Informe relativo a la resoluci\u00f3n 2 aprobada por el Consejo de Delegados en 2019: \u201cDeclaraci\u00f3n del Movimiento Internacional de la Cruz Roja y de la Media Luna Roja sobre integridad\u201d (CD\/24\/22).<\/a><br>\u00a0<br><a class=\"redcross_document_link-block\" href=\"https:\/\/rcrcconference.org\/app\/uploads\/2024\/09\/CoD24_23-Progress-Report-RFL-ES.pdf\" target=\"_blank\" rel=\"noreferrer noopener\">Informe sobre el progreso en la aplicaci\u00f3n de la resoluci\u00f3n 6 aprobada por el Consejo de Delegados en 2019: \u201cRestablecimiento del contacto entre familiares: Estrategia para el Movimiento Internacional de la Cruz Roja y de la Media Luna Roja (2020-2025)\u201d (CD\/24\/23).<\/a><br>\u00a0<br><a class=\"redcross_document_link-block\" href=\"https:\/\/rcrcconference.org\/app\/uploads\/2025\/08\/CoD24_24-EmpressShokenFund-report-with-annexs-ES.pdf\" target=\"_blank\" rel=\"noreferrer noopener\">Informe de la Comisi\u00f3n Paritaria del Fondo de la Emperatriz Sh\u00f4ken (CD\/24\/24).<\/a><br>\u00a0<br><a class=\"redcross_document_link-block\" href=\"https:\/\/rcrcconference.org\/app\/uploads\/2024\/09\/CoD24_25-JSC-report-ES.pdf\" target=\"_blank\" rel=\"noreferrer noopener\">Informe relativo a la resoluci\u00f3n 3 aprobada por el Consejo de Delegados en 2019: \u201cEnfoque del Movimiento Internacional de la Cruz Roja y de la Media Luna Roja para el fortalecimiento de la base jur\u00eddica y estatutaria y los marcos complementarios de las Sociedades Nacionales\u201d (CD\/24\/25).<\/a>\t\t\t\t\t<\/div>\n\t\t\t\t<\/li>\n\t\t\t\t\t<\/ul>\n\t<\/section>\n\n\n\n<div style=\"height:65px\" aria-hidden=\"true\" class=\"wp-block-spacer\"><\/div>\n","protected":false},"excerpt":{"rendered":"","protected":false},"author":1,"featured_media":1895,"parent":24852,"menu_order":0,"comment_status":"closed","ping_status":"closed","template":"page-anchor-menu.php","meta":{"_acf_changed":false,"footnotes":""},"class_list":["post-24862","page","type-page","status-publish","has-post-thumbnail","hentry"],"acf":[],"_links":{"self":[{"href":"https:\/\/rcrcconference.org\/es\/wp-json\/wp\/v2\/pages\/24862"}],"collection":[{"href":"https:\/\/rcrcconference.org\/es\/wp-json\/wp\/v2\/pages"}],"about":[{"href":"https:\/\/rcrcconference.org\/es\/wp-json\/wp\/v2\/types\/page"}],"author":[{"embeddable":true,"href":"https:\/\/rcrcconference.org\/es\/wp-json\/wp\/v2\/users\/1"}],"replies":[{"embeddable":true,"href":"https:\/\/rcrcconference.org\/es\/wp-json\/wp\/v2\/comments?post=24862"}],"version-history":[{"count":47,"href":"https:\/\/rcrcconference.org\/es\/wp-json\/wp\/v2\/pages\/24862\/revisions"}],"predecessor-version":[{"id":36358,"href":"https:\/\/rcrcconference.org\/es\/wp-json\/wp\/v2\/pages\/24862\/revisions\/36358"}],"up":[{"embeddable":true,"href":"https:\/\/rcrcconference.org\/es\/wp-json\/wp\/v2\/pages\/24852"}],"wp:featuredmedia":[{"embeddable":true,"href":"https:\/\/rcrcconference.org\/es\/wp-json\/wp\/v2\/media\/1895"}],"wp:attachment":[{"href":"https:\/\/rcrcconference.org\/es\/wp-json\/wp\/v2\/media?parent=24862"}],"curies":[{"name":"wp","href":"https:\/\/api.w.org\/{rel}","templated":true}]}}